{"id":3071,"date":"2024-10-10T06:57:36","date_gmt":"2024-10-10T06:57:36","guid":{"rendered":"https:\/\/speedxperts.com\/product\/delphi-ds150e-multi-brand-diagnostic-tool-2\/"},"modified":"2026-05-07T07:26:43","modified_gmt":"2026-05-07T06:26:43","slug":"delphi-ds150e-multi-brand-diagnostic-tool-2","status":"publish","type":"product","link":"https:\/\/speedxperts.com\/da\/product\/delphi-ds150e-multi-brand-diagnostic-tool-2\/","title":{"rendered":"Delfi DS150e 2PCB | Diagnosev\u00e6rkt\u00f8j til flere m\u00e6rker"},"content":{"rendered":"<p><strong>Inkluderer software til biler og lastbiler 2021<\/strong>: Softwaren er inkluderet og giver fuld diagnostisk kapacitet til biler og lastbiler. Du f\u00e5r en installationsvejledning og <strong>download-link <\/strong>i PDF-fil efter k\u00f8b.<\/p>\n<hr \/>\n<h4>Vigtige funktioner:<\/h4>\n<ul>\n<li><strong>Alternativ af h\u00f8j kvalitet<\/strong>: Dette er et h\u00f8jkvalitetsalternativ til DS150-scanneren, der leverer de samme avancerede diagnostiske funktioner til en mere overkommelig pris.<\/li>\n<li><strong>Dobbelt PCB-version: <\/strong>Diagnosev\u00e6rkt\u00f8jet er bygget med to kredsl\u00f8bskort af h\u00f8j kvalitet for bedre stabilitet, bedre varmeafledning og mere p\u00e5lidelig k\u00f8ret\u00f8jskommunikation.<\/li>\n<li><strong>Bluetooth-version:<\/strong> Brug dit v\u00e6rkt\u00f8j uden kabler til din computer.<\/li>\n<li><strong>St\u00f8tte til flere brands<\/strong>: Underst\u00f8tter en lang r\u00e6kke bil- og lastbilm\u00e6rker, hvilket g\u00f8r den til en alt-i-en-l\u00f8sning til b\u00e5de privat og professionel brug.<\/li>\n<li><strong>2021 Cars and Trucks-software inkluderet<\/strong>: Leveres med 2021-versionen af Cars &amp; Trucks-software, der d\u00e6kker de fleste bilm\u00e6rker og -modeller.<\/li>\n<li><strong>Omfattende diagnostik<\/strong>: L\u00e6ser og rydder diagnostiske fejlkoder, udf\u00f8rer sensortjek og tilbyder avancerede funktioner som komponentaktivering, ECU-programmering og meget mere.<\/li>\n<li><strong>OBD2-underst\u00f8ttelse<\/strong>: Kompatibel med OBD2 til biler og lastbiler, hvilket sikrer bred d\u00e6kning af moderne k\u00f8ret\u00f8jer.<\/li>\n<li><strong>Detaljeret installationsvejledning<\/strong>: Der medf\u00f8lger en trin-for-trin installationsvejledning til softwaren, som g\u00f8r den nem at s\u00e6tte op og bruge.<\/li>\n<\/ul>\n<hr \/>\n<h4>Underst\u00f8ttede k\u00f8ret\u00f8jer:<\/h4>\n<ul>\n<li><strong>Biler<\/strong>: Underst\u00f8tter de fleste europ\u00e6iske, amerikanske og asiatiske k\u00f8ret\u00f8jer fra 1996 og frem.<\/li>\n<li><strong>Lastbiler<\/strong>: Underst\u00f8tter ogs\u00e5 diagnosticering af de fleste lastbiler, herunder tunge k\u00f8ret\u00f8jer.<\/li>\n<\/ul>\n<p><strong>Bem\u00e6rk: Nogle biler og lastbiler underst\u00f8ttes muligvis ikke af dette v\u00e6rkt\u00f8j. Is\u00e6r biler op til 2002 MY og BMW E-, F- og G-serier. For maksimal kompatibilitet skal du k\u00f8be <a href=\"https:\/\/speedxperts.com\/da\/product\/wurth-wow-snooper-premium-tool-1pcb-version-multi-brand-diagnostic-tool\/\">1PCB Premium-v\u00e6rkt\u00f8j<\/a>.<\/strong><\/p>\n<hr \/>\n<h4>Pakken indeholder:<\/h4>\n<ul>\n<li>1 x <strong>Delfi DS150 Bluetooth Multibrand Scanner (Klon af h\u00f8j kvalitet)<\/strong><\/li>\n<li>1 x <strong>USB-kabel<\/strong><\/li>\n<li>1 x <strong>Biler og lastbiler 2021 Software Download Link<\/strong><\/li>\n<li>1 x <strong>Detaljeret installationsvejledning<\/strong><\/li>\n<\/ul>\n<p><strong>Kombination af 8 bilkabler:\u00a0<\/strong><\/p>\n<ul>\n<li data-start=\"67\" data-end=\"175\"><strong data-start=\"70\" data-end=\"90\">PSA 30-PIN kabel<\/strong> \u2192 For <strong data-start=\"97\" data-end=\"108\">Peugeot<\/strong> og <strong data-start=\"113\" data-end=\"124\" data-is-only-node=\"\">Citro\u00ebn<\/strong> k\u00f8ret\u00f8jer med en <strong data-start=\"141\" data-end=\"151\">30-pin<\/strong> diagnostisk stik.<\/li>\n<li data-start=\"176\" data-end=\"286\"><strong data-start=\"179\" data-end=\"198\">PSA 2-PIN kabel<\/strong> \u2192 For <strong data-start=\"205\" data-end=\"216\">Peugeot<\/strong> og <strong data-start=\"221\" data-end=\"232\" data-is-only-node=\"\">Citro\u00ebn<\/strong> \u00e6ldre modeller med en <strong data-start=\"253\" data-end=\"262\">2-pin<\/strong> diagnostisk stik.<\/li>\n<li data-start=\"287\" data-end=\"390\"><strong data-start=\"290\" data-end=\"318\">Audi 2-PIN + 2-PIN kabel<\/strong> \u2192 For <strong data-start=\"325\" data-end=\"339\">\u00e6ldre Audi<\/strong> k\u00f8ret\u00f8jer, der bruger en <strong data-start=\"357\" data-end=\"371\" data-is-only-node=\"\">dobbelt 2-pin<\/strong> ops\u00e6tning af stik.<\/li>\n<li data-start=\"391\" data-end=\"503\"><strong data-start=\"394\" data-end=\"424\">Mercedes-Benz 38-PIN kabel<\/strong> \u2192 For <strong data-start=\"431\" data-end=\"448\">Mercedes-Benz<\/strong> modeller med en <strong data-start=\"463\" data-end=\"479\" data-is-only-node=\"\">38-pin rund<\/strong> diagnostisk stik.<\/li>\n<li data-start=\"504\" data-end=\"620\"><strong data-start=\"507\" data-end=\"527\">BMW 20-PIN kabel<\/strong> \u2192 For <strong data-start=\"534\" data-end=\"541\">BMW<\/strong> k\u00f8ret\u00f8jer med en <strong data-start=\"558\" data-end=\"574\" data-is-only-node=\"\">20-pin rund<\/strong> diagnostisk port, typisk modeller fra f\u00f8r 2001.<\/li>\n<li data-start=\"621\" data-end=\"711\"><strong data-start=\"624\" data-end=\"645\">Opel 10-PIN kabel<\/strong> \u2192 For <strong data-start=\"652\" data-end=\"660\">Opel<\/strong> k\u00f8ret\u00f8jer med en <strong data-start=\"677\" data-end=\"687\" data-is-only-node=\"\">10-pin<\/strong> diagnostisk stik.<\/li>\n<li data-start=\"712\" data-end=\"827\"><strong data-start=\"715\" data-end=\"735\">Fiat 3-PIN kabel<\/strong> \u2192 For <strong data-start=\"742\" data-end=\"750\">Fiat<\/strong> k\u00f8ret\u00f8jer med en <strong data-start=\"767\" data-end=\"776\" data-is-only-node=\"\">3-pin<\/strong> diagnostisk port, som ofte findes i \u00e6ldre modeller<\/li>\n<li data-start=\"712\" data-end=\"827\"><strong>Str\u00f8mkabel<\/strong><\/li>\n<\/ul>\n<p><strong>8 Truck Cables Combo:<\/strong><\/p>\n<ul>\n<li data-start=\"56\" data-end=\"139\"><strong data-start=\"59\" data-end=\"94\">Knorr-Wabco 7-PIN anh\u00e6ngerkabel<\/strong> \u2192 For <strong data-start=\"101\" data-end=\"116\">Knorr-Wabco<\/strong> Trailerdiagnostik.<\/li>\n<li data-start=\"140\" data-end=\"226\"><strong data-start=\"143\" data-end=\"163\">MAN 12-PIN kabel<\/strong> \u2192 For <strong data-start=\"170\" data-end=\"177\">MAN<\/strong> lastbiler med en <strong data-start=\"192\" data-end=\"202\" data-is-only-node=\"\">12-pin<\/strong> diagnostisk stik.<\/li>\n<li data-start=\"227\" data-end=\"313\"><strong data-start=\"230\" data-end=\"250\">MAN 37-PIN kabel<\/strong> \u2192 For <strong data-start=\"257\" data-end=\"264\">MAN<\/strong> lastbiler med en <strong data-start=\"279\" data-end=\"289\" data-is-only-node=\"\">37-pin<\/strong> diagnostisk stik.<\/li>\n<li data-start=\"314\" data-end=\"406\"><strong data-start=\"317\" data-end=\"339\">IVECO 30-PIN kabel<\/strong> \u2192 For <strong data-start=\"346\" data-end=\"355\">IVECO<\/strong> k\u00f8ret\u00f8jer med en <strong data-start=\"372\" data-end=\"382\" data-is-only-node=\"\">30-pin<\/strong> diagnostisk stik.<\/li>\n<li data-start=\"407\" data-end=\"499\"><strong data-start=\"410\" data-end=\"433\">Scania 16-PIN kabel<\/strong> \u2192 For <strong data-start=\"440\" data-end=\"450\">Sk\u00e5ne<\/strong> lastbiler med en <strong data-start=\"465\" data-end=\"475\" data-is-only-node=\"\">16-pin<\/strong> diagnostisk stik.<\/li>\n<li data-start=\"500\" data-end=\"606\"><strong data-start=\"503\" data-end=\"533\">Mercedes-Benz 14-PIN kabel<\/strong> \u2192 For <strong data-start=\"540\" data-end=\"557\">Mercedes-Benz<\/strong> lastbiler med en <strong data-start=\"572\" data-end=\"582\" data-is-only-node=\"\">14-pin<\/strong> diagnostisk stik.<\/li>\n<li data-start=\"607\" data-end=\"701\"><strong data-start=\"610\" data-end=\"634\">Renault 12-PIN kabel<\/strong> \u2192 For <strong data-start=\"641\" data-end=\"652\">Renault<\/strong> lastbiler med en <strong data-start=\"667\" data-end=\"677\" data-is-only-node=\"\">12-pin<\/strong> diagnostisk stik.<\/li>\n<li data-start=\"702\" data-end=\"791\"><strong data-start=\"705\" data-end=\"726\">Volvo 8-PIN kabel<\/strong> \u2192 For <strong data-start=\"733\" data-end=\"742\">Volvo<\/strong> lastbiler med en <strong data-start=\"758\" data-end=\"767\" data-is-only-node=\"\">8-pin<\/strong> diagnostisk stik.<\/li>\n<\/ul>\n<h4>Videoinstallationsvejledning medf\u00f8lger!<\/h4>","protected":false},"excerpt":{"rendered":"<div class=\"flex-shrink-0 flex flex-col relative items-end\">\n<div>\n<div class=\"pt-0\">\n<div class=\"gizmo-bot-avatar flex h-8 w-8 items-center justify-center overflow-hidden rounded-full\"><span style=\"font-size: 16px;\">Med dette v\u00e6rkt\u00f8j kan du l\u00e6se og slette b\u00e5de generelle og producentspecifikke fejlkoder, s\u00e5 du f\u00e5r en pr\u00e6cis diagnose. Det viser sensordata i realtid og underst\u00f8tter ECU-programmering for udvalgte modeller. Du kan nulstille olie, bremser m.m. og aktivere komponenter som br\u00e6ndstofinjektorer, pumper og ventilatorer til test.<\/span><\/div>\n<\/div>\n<\/div>\n<\/div>","protected":false},"featured_media":6914,"comment_status":"open","ping_status":"closed","template":"","meta":{"_uag_custom_page_level_css":"","site-sidebar-layout":"default","site-content-layout":"","ast-site-content-layout":"default","site-content-style":"default","site-sidebar-style":"default","ast-global-header-display":"","ast-banner-title-visibility":"","ast-main-header-display":"","ast-hfb-above-header-display":"","ast-hfb-below-header-display":"","ast-hfb-mobile-header-display":"","site-post-title":"","ast-breadcrumbs-content":"","ast-featured-img":"","footer-sml-layout":"","ast-disable-related-posts":"","theme-transparent-header-meta":"default","adv-header-id-meta":"","stick-header-meta":"","header-above-stick-meta":"","header-main-stick-meta":"","header-below-stick-meta":"","astra-migrate-meta-layouts":"set","ast-page-background-enabled":"default","ast-page-background-meta":{"desktop":{"background-color":"","background-image":"","background-repeat":"repeat","background-position":"center center","background-size":"auto","background-attachment":"scroll","background-type":"","background-media":"","overlay-type":"","overlay-color":"","overlay-opacity":"","overlay-gradient":""},"tablet":{"background-color":"","background-image":"","background-repeat":"repeat","background-position":"center center","background-size":"auto","background-attachment":"scroll","background-type":"","background-media":"","overlay-type":"","overlay-color":"","overlay-opacity":"","overlay-gradient":""},"mobile":{"background-color":"","background-image":"","background-repeat":"repeat","background-position":"center center","background-size":"auto","background-attachment":"scroll","background-type":"","background-media":"","overlay-type":"","overlay-color":"","overlay-opacity":"","overlay-gradient":""}},"ast-content-background-meta":{"desktop":{"background-color":"var(--ast-global-color-5)","background-image":"","background-repeat":"repeat","background-position":"center center","background-size":"auto","background-attachment":"scroll","background-type":"","background-media":"","overlay-type":"","overlay-color":"","overlay-opacity":"","overlay-gradient":""},"tablet":{"background-color":"var(--ast-global-color-5)","background-image":"","background-repeat":"repeat","background-position":"center center","background-size":"auto","background-attachment":"scroll","background-type":"","background-media":"","overlay-type":"","overlay-color":"","overlay-opacity":"","overlay-gradient":""},"mobile":{"background-color":"var(--ast-global-color-5)","background-image":"","background-repeat":"repeat","background-position":"center center","background-size":"auto","background-attachment":"scroll","background-type":"","background-media":"","overlay-type":"","overlay-color":"","overlay-opacity":"","overlay-gradient":""}}},"product_brand":[],"product_cat":[70],"product_tag":[],"class_list":{"0":"post-3071","1":"product","2":"type-product","3":"status-publish","4":"has-post-thumbnail","6":"product_cat-diagnostic-tools","7":"desktop-align-left","8":"tablet-align-left","9":"mobile-align-left","10":"ast-product-gallery-layout-horizontal-slider","11":"ast-product-single-variable","12":"ast-product-tabs-layout-horizontal","14":"first","15":"instock","16":"sale","17":"shipping-taxable","18":"purchasable","19":"product-type-variable","20":"has-default-attributes"},"aioseo_notices":[],"uagb_featured_image_src":{"full":["https:\/\/speedxperts.com\/wp-content\/uploads\/2025\/08\/Diag-Main-Photo-1.png",1080,1080,false],"thumbnail":["https:\/\/speedxperts.com\/wp-content\/uploads\/2025\/08\/Diag-Main-Photo-1-150x150.png",150,150,true],"medium":["https:\/\/speedxperts.com\/wp-content\/uploads\/2025\/08\/Diag-Main-Photo-1-300x300.png",300,300,true],"medium_large":["https:\/\/speedxperts.com\/wp-content\/uploads\/2025\/08\/Diag-Main-Photo-1-768x768.png",768,768,true],"large":["https:\/\/speedxperts.com\/wp-content\/uploads\/2025\/08\/Diag-Main-Photo-1-1024x1024.png",1024,1024,true],"1536x1536":["https:\/\/speedxperts.com\/wp-content\/uploads\/2025\/08\/Diag-Main-Photo-1.png",1080,1080,false],"2048x2048":["https:\/\/speedxperts.com\/wp-content\/uploads\/2025\/08\/Diag-Main-Photo-1.png",1080,1080,false],"trp-custom-language-flag":["https:\/\/speedxperts.com\/wp-content\/uploads\/2025\/08\/Diag-Main-Photo-1-12x12.png",12,12,true],"woocommerce_thumbnail":["https:\/\/speedxperts.com\/wp-content\/uploads\/2025\/08\/Diag-Main-Photo-1-300x300.png",300,300,true],"woocommerce_single":["https:\/\/speedxperts.com\/wp-content\/uploads\/2025\/08\/Diag-Main-Photo-1-600x600.png",600,600,true],"woocommerce_gallery_thumbnail":["https:\/\/speedxperts.com\/wp-content\/uploads\/2025\/08\/Diag-Main-Photo-1-100x100.png",100,100,true]},"uagb_author_info":{"display_name":"Sebastian","author_link":"https:\/\/speedxperts.com\/da\/author\/"},"uagb_comment_info":14,"uagb_excerpt":"This tool allows you to read and clear both general and manufacturer-specific fault codes, providing accurate diagnostics. It displays real-time sensor data and supports ECU programming for select models. You can perform service resets for oil, brakes, and more, and also activate components like fuel injectors, pumps, and fans for testing.","jetpack_sharing_enabled":true,"_links":{"self":[{"href":"https:\/\/speedxperts.com\/da\/wp-json\/wp\/v2\/product\/3071","targetHints":{"allow":["GET"]}}],"collection":[{"href":"https:\/\/speedxperts.com\/da\/wp-json\/wp\/v2\/product"}],"about":[{"href":"https:\/\/speedxperts.com\/da\/wp-json\/wp\/v2\/types\/product"}],"replies":[{"embeddable":true,"href":"https:\/\/speedxperts.com\/da\/wp-json\/wp\/v2\/comments?post=3071"}],"wp:featuredmedia":[{"embeddable":true,"href":"https:\/\/speedxperts.com\/da\/wp-json\/wp\/v2\/media\/6914"}],"wp:attachment":[{"href":"https:\/\/speedxperts.com\/da\/wp-json\/wp\/v2\/media?parent=3071"}],"wp:term":[{"taxonomy":"product_brand","embeddable":true,"href":"https:\/\/speedxperts.com\/da\/wp-json\/wp\/v2\/product_brand?post=3071"},{"taxonomy":"product_cat","embeddable":true,"href":"https:\/\/speedxperts.com\/da\/wp-json\/wp\/v2\/product_cat?post=3071"},{"taxonomy":"product_tag","embeddable":true,"href":"https:\/\/speedxperts.com\/da\/wp-json\/wp\/v2\/product_tag?post=3071"}],"curies":[{"name":"wp","href":"https:\/\/api.w.org\/{rel}","templated":true}]}}