{"id":3521,"date":"2024-11-13T11:10:10","date_gmt":"2024-11-13T10:10:10","guid":{"rendered":"https:\/\/speedxperts.com\/product\/winter-car-shovel-and-ice-scraper-tool\/"},"modified":"2025-01-31T11:28:38","modified_gmt":"2025-01-31T10:28:38","slug":"vinterskovl-og-isskraber-til-bilen","status":"publish","type":"product","link":"https:\/\/speedxperts.com\/da\/product\/vinterskovl-og-isskraber-til-bilen\/","title":{"rendered":"Vinterskovl og isskraber til bilen"},"content":{"rendered":"<h3>Vigtige funktioner:<\/h3>\n<p><strong>1. B\u00f8rstning med h\u00f8j effektivitet<\/strong><\/p>\n<ul>\n<li>Udstyret med 4 r\u00e6kker t\u00e6tte PP-kr\u00f8llede b\u00f8rsteh\u00e5r, specielt poleret til grundig snerydning med minimal indsats. Reng\u00f8r din bil mere effektivt, og spar tid p\u00e5 de frostklare morgener.<\/li>\n<\/ul>\n<p><strong>2. Alsidigt og aftageligt design<\/strong><\/p>\n<ul>\n<li>Skovlen har et separat design for ultimativ bekvemmelighed. Brug b\u00f8rsten og isskraberen sammen, eller tag dem af for at f\u00e5 en fleksibel og m\u00e5lrettet brug.<\/li>\n<\/ul>\n<p><strong>3. Ergonomisk h\u00e5ndtag af EVA-skum<\/strong><\/p>\n<ul>\n<li>Nyd et behageligt, skridsikkert greb med skumh\u00e5ndtaget, der er designet med tanke p\u00e5 ergonomi. Sikrer maksimal kontrol og brugervenlighed, selv med handsker p\u00e5.<\/li>\n<\/ul>\n<p><strong>4. Bygget til holdbarhed<\/strong><\/p>\n<ul>\n<li>Denne sneskovl er konstrueret af robuste ABS- og slidst\u00e6rke EVA-materialer og er bygget til at holde. Sneristen \u00f8ger effektiviteten og g\u00f8r processen mere arbejdsbesparende.<\/li>\n<\/ul>\n<h3>Specifikationer:<\/h3>\n<ul>\n<li><strong>Farvemuligheder<\/strong>: R\u00f8d, gul<\/li>\n<li><strong>Materiale<\/strong>: ABS + slidst\u00e6rk EVA + PP-b\u00f8rsteh\u00e5r<\/li>\n<li><strong>Dimensioner<\/strong>: 660<em>105 mm (25,98<\/em>4,13 tommer)<\/li>\n<li><strong>Anvendelser<\/strong>: Afisning, sneskovling, snerydning, frostskrabning<\/li>\n<\/ul>\n<h3>Hvorfor v\u00e6lge denne sneskovl?<\/h3>\n<p>G\u00f8r vinterens bilpleje hurtig og nem med dette alt-i-et-v\u00e6rkt\u00f8j. Uanset om du skal rydde sne, skrabe frost eller fjerne is fra forruden, er denne udtr\u00e6kkelige og aftagelige sneskovl den perfekte l\u00f8sning. Ideel til alle, der er p\u00e5 udkig efter et holdbart, effektivt og brugervenligt vintertilbeh\u00f8r til bilen.<\/p>\n<p><strong>Bem\u00e6rk<\/strong>: P\u00e5 grund af variationer i sk\u00e6rme og belysning kan den faktiske farve p\u00e5 varen afvige lidt fra de viste billeder. Tillad venligst 1-3 cm afvigelse for manuelle m\u00e5linger.<\/p>\n<p>&nbsp;<\/p>","protected":false},"excerpt":{"rendered":"<p>V\u00e6r forberedt denne vinter med vores alsidige, <strong>Aftagelig vinterskovl til biler med EVA-skumh\u00e5ndtag<\/strong> - det essentielle biltilbeh\u00f8r til at tackle sne, frost og is p\u00e5 dit k\u00f8ret\u00f8j. Dette udtr\u00e6kkelige sne- og isfjernelsesv\u00e6rkt\u00f8j er designet til at g\u00f8re dine vintermorgener problemfri.<\/p>","protected":false},"featured_media":3503,"comment_status":"open","ping_status":"closed","template":"","meta":{"_uag_custom_page_level_css":"","site-sidebar-layout":"default","site-content-layout":"","ast-site-content-layout":"default","site-content-style":"default","site-sidebar-style":"default","ast-global-header-display":"","ast-banner-title-visibility":"","ast-main-header-display":"","ast-hfb-above-header-display":"","ast-hfb-below-header-display":"","ast-hfb-mobile-header-display":"","site-post-title":"","ast-breadcrumbs-content":"","ast-featured-img":"","footer-sml-layout":"","theme-transparent-header-meta":"default","adv-header-id-meta":"","stick-header-meta":"","header-above-stick-meta":"","header-main-stick-meta":"","header-below-stick-meta":"","astra-migrate-meta-layouts":"set","ast-page-background-enabled":"default","ast-page-background-meta":{"desktop":{"background-color":"","background-image":"","background-repeat":"repeat","background-position":"center center","background-size":"auto","background-attachment":"scroll","background-type":"","background-media":"","overlay-type":"","overlay-color":"","overlay-opacity":"","overlay-gradient":""},"tablet":{"background-color":"","background-image":"","background-repeat":"repeat","background-position":"center center","background-size":"auto","background-attachment":"scroll","background-type":"","background-media":"","overlay-type":"","overlay-color":"","overlay-opacity":"","overlay-gradient":""},"mobile":{"background-color":"","background-image":"","background-repeat":"repeat","background-position":"center center","background-size":"auto","background-attachment":"scroll","background-type":"","background-media":"","overlay-type":"","overlay-color":"","overlay-opacity":"","overlay-gradient":""}},"ast-content-background-meta":{"desktop":{"background-color":"var(--ast-global-color-5)","background-image":"","background-repeat":"repeat","background-position":"center center","background-size":"auto","background-attachment":"scroll","background-type":"","background-media":"","overlay-type":"","overlay-color":"","overlay-opacity":"","overlay-gradient":""},"tablet":{"background-color":"var(--ast-global-color-5)","background-image":"","background-repeat":"repeat","background-position":"center center","background-size":"auto","background-attachment":"scroll","background-type":"","background-media":"","overlay-type":"","overlay-color":"","overlay-opacity":"","overlay-gradient":""},"mobile":{"background-color":"var(--ast-global-color-5)","background-image":"","background-repeat":"repeat","background-position":"center center","background-size":"auto","background-attachment":"scroll","background-type":"","background-media":"","overlay-type":"","overlay-color":"","overlay-opacity":"","overlay-gradient":""}}},"product_brand":[],"product_cat":[227],"product_tag":[],"class_list":{"0":"post-3521","1":"product","2":"type-product","3":"status-publish","4":"has-post-thumbnail","6":"product_cat-winter-accessories","7":"desktop-align-left","8":"tablet-align-left","9":"mobile-align-left","10":"ast-product-gallery-layout-horizontal-slider","11":"ast-product-single-variable","12":"ast-product-tabs-layout-horizontal","14":"first","15":"instock","16":"sale","17":"shipping-taxable","18":"purchasable","19":"product-type-variable","20":"has-default-attributes"},"aioseo_notices":[],"uagb_featured_image_src":{"full":["https:\/\/speedxperts.com\/wp-content\/uploads\/2024\/11\/S20044379ec1947159aeefe24b4f46d521.webp",800,800,false],"thumbnail":["https:\/\/speedxperts.com\/wp-content\/uploads\/2024\/11\/S20044379ec1947159aeefe24b4f46d521-150x150.webp",150,150,true],"medium":["https:\/\/speedxperts.com\/wp-content\/uploads\/2024\/11\/S20044379ec1947159aeefe24b4f46d521-300x300.webp",300,300,true],"medium_large":["https:\/\/speedxperts.com\/wp-content\/uploads\/2024\/11\/S20044379ec1947159aeefe24b4f46d521-768x768.webp",768,768,true],"large":["https:\/\/speedxperts.com\/wp-content\/uploads\/2024\/11\/S20044379ec1947159aeefe24b4f46d521.webp",800,800,false],"1536x1536":["https:\/\/speedxperts.com\/wp-content\/uploads\/2024\/11\/S20044379ec1947159aeefe24b4f46d521.webp",800,800,false],"2048x2048":["https:\/\/speedxperts.com\/wp-content\/uploads\/2024\/11\/S20044379ec1947159aeefe24b4f46d521.webp",800,800,false],"trp-custom-language-flag":["https:\/\/speedxperts.com\/wp-content\/uploads\/2024\/11\/S20044379ec1947159aeefe24b4f46d521-12x12.webp",12,12,true],"woocommerce_thumbnail":["https:\/\/speedxperts.com\/wp-content\/uploads\/2024\/11\/S20044379ec1947159aeefe24b4f46d521-300x300.webp",300,300,true],"woocommerce_single":["https:\/\/speedxperts.com\/wp-content\/uploads\/2024\/11\/S20044379ec1947159aeefe24b4f46d521-600x600.webp",600,600,true],"woocommerce_gallery_thumbnail":["https:\/\/speedxperts.com\/wp-content\/uploads\/2024\/11\/S20044379ec1947159aeefe24b4f46d521-100x100.webp",100,100,true]},"uagb_author_info":{"display_name":"Sebastian","author_link":"https:\/\/speedxperts.com\/da\/author\/"},"uagb_comment_info":0,"uagb_excerpt":"Stay prepared this winter with our versatile, Winter Detachable Car Snow Sweeping Shovel with EVA Foam Handle \u2013 the essential car accessory for tackling snow, frost, and ice on your vehicle. This extendable snow and ice removal tool is designed to make your winter mornings hassle-free.","jetpack_sharing_enabled":true,"_links":{"self":[{"href":"https:\/\/speedxperts.com\/da\/wp-json\/wp\/v2\/product\/3521","targetHints":{"allow":["GET"]}}],"collection":[{"href":"https:\/\/speedxperts.com\/da\/wp-json\/wp\/v2\/product"}],"about":[{"href":"https:\/\/speedxperts.com\/da\/wp-json\/wp\/v2\/types\/product"}],"replies":[{"embeddable":true,"href":"https:\/\/speedxperts.com\/da\/wp-json\/wp\/v2\/comments?post=3521"}],"wp:featuredmedia":[{"embeddable":true,"href":"https:\/\/speedxperts.com\/da\/wp-json\/wp\/v2\/media\/3503"}],"wp:attachment":[{"href":"https:\/\/speedxperts.com\/da\/wp-json\/wp\/v2\/media?parent=3521"}],"wp:term":[{"taxonomy":"product_brand","embeddable":true,"href":"https:\/\/speedxperts.com\/da\/wp-json\/wp\/v2\/product_brand?post=3521"},{"taxonomy":"product_cat","embeddable":true,"href":"https:\/\/speedxperts.com\/da\/wp-json\/wp\/v2\/product_cat?post=3521"},{"taxonomy":"product_tag","embeddable":true,"href":"https:\/\/speedxperts.com\/da\/wp-json\/wp\/v2\/product_tag?post=3521"}],"curies":[{"name":"wp","href":"https:\/\/api.w.org\/{rel}","templated":true}]}}