{"id":3910,"date":"2025-01-04T18:11:27","date_gmt":"2025-01-04T17:11:27","guid":{"rendered":"https:\/\/speedxperts.com\/?post_type=product&#038;p=3910"},"modified":"2025-02-04T15:23:25","modified_gmt":"2025-02-04T14:23:25","slug":"universal-oppustelig-seng-til-bilrejser-175x130cm","status":"publish","type":"product","link":"https:\/\/speedxperts.com\/da\/product\/universal-oppustelig-seng-til-bilrejser-175x130cm\/","title":{"rendered":"Universel oppustelig seng til bilrejser - 175x130 cm"},"content":{"rendered":"<p>Opgrader din rejseoplevelse med <strong>Universel oppustelig seng til bilrejser<\/strong>Designet til ultimativ komfort og bekvemmelighed. Denne alsidige luftmadras passer til de fleste biler, SUV'er og autocampere, hvilket g\u00f8r den ideel til bilture, familieudflugter, camping og overnatninger.<\/p>\n<h3><strong>Vigtige funktioner:<\/strong><\/h3>\n<p>\u2705 <strong>F\u00f8rsteklasses st\u00f8rrelse og komfort<\/strong>:<\/p>\n<ul>\n<li>Dimensioner: <strong>175x130 cm (68,9\u00d751,2 tommer)<\/strong><\/li>\n<li>Rummeligt og st\u00f8ttende design, der sikrer en afslappende s\u00f8vn for to voksne.<\/li>\n<\/ul>\n<p>\u2705 <strong>Seks uafh\u00e6ngige luftkamre<\/strong>:<\/p>\n<ul>\n<li>Underst\u00f8tter separat oppustning for at tilpasse fasthed og pasform til din bils bags\u00e6de eller bagagerum.<\/li>\n<li>Sammenklappelig i ikke-oppustet tilstand for nem opbevaring.<\/li>\n<\/ul>\n<p>\u2705 <strong>Materiale af h\u00f8j kvalitet<\/strong>:<\/p>\n<ul>\n<li>Fremstillet af <strong>flokket PVC<\/strong> for holdbarhed, smidighed og komfort.<\/li>\n<li>Honeycombed design sikrer bedre trykfordeling for ekstra st\u00f8tte.<\/li>\n<\/ul>\n<p>\u2705 <strong>L\u00e6kagesikkert design<\/strong>:<\/p>\n<ul>\n<li>Dobbeltradet s\u00f8mkantteknologi og <strong>L\u00e6kagesikre ventiler i 3 lag<\/strong> forhindre luftl\u00e6kage.<\/li>\n<\/ul>\n<p>\u2705 <strong>Hurtig og nem ops\u00e6tning<\/strong>:<\/p>\n<ul>\n<li>Leveres med en <strong>12V luftpumpe<\/strong> for hurtig oppustning p\u00e5 f\u00e5 minutter. (<em>Pumpen er IKKE kompatibel med d\u00e6k, yogabolde eller sv\u00f8mmeringe.<\/em>)<\/li>\n<\/ul>\n<p>\u2705 <strong>Praktisk og b\u00e6rbar<\/strong>:<\/p>\n<ul>\n<li>Indeholder en <strong>Opbevaringspose<\/strong> for kompakt b\u00e6rbarhed og en st\u00f8tte til bilens bags\u00e6de, der holder sengen stabil under brug.<\/li>\n<\/ul>\n<p>\u2705 <strong>Multifunktionel brug<\/strong>:<\/p>\n<ul>\n<li>Perfekt til <strong>camping, bilrejser, picnic, pauser p\u00e5 kontoret og g\u00e6stesenge<\/strong> derhjemme.<\/li>\n<li>Kompatibel med <strong>SUV'er, autocampere, minibusser og sedaner<\/strong>.<\/li>\n<\/ul>\n<hr \/>\n<h3><strong>Pakken indeholder<\/strong>:<\/h3>\n<ul>\n<li>1 x oppustelig madras til bilen<\/li>\n<li>1 x pude<\/li>\n<li>1 x luftpumpe (12V bilkompatibel)<\/li>\n<li>1 x opbevaringstaske<\/li>\n<li>1 x Sengest\u00f8tte til bilens bags\u00e6de<\/li>\n<\/ul>\n<hr \/>\n<h3><strong>Specifikationer<\/strong>:<\/h3>\n<ul>\n<li><strong>Materiale<\/strong>: PVC + flokstof af h\u00f8j kvalitet<\/li>\n<li><strong>Oppustet st\u00f8rrelse<\/strong>: 175x130cm \/ 68,9\u00d751,2 tommer<\/li>\n<li><strong>V\u00e6gt<\/strong>: Ca. 2,5 kg<\/li>\n<li><strong>Luftpumpe<\/strong>: 12V bilkompatibel<\/li>\n<\/ul>\n<p><strong>Bem\u00e6rk<\/strong>: Brug altid den medf\u00f8lgende pumpe til sikker og effektiv oppumpning.<\/p>\n<p>&nbsp;<\/p>","protected":false},"excerpt":{"rendered":"<p><strong>Hvorfor v\u00e6lge denne oppustelige seng til bilen?<\/strong><br \/>\n\u2714 <strong>B\u00e6rbar og let<\/strong> - Let at b\u00e6re og opbevare.<br \/>\n\u2714 <strong>Komfort p\u00e5 farten<\/strong> - Perfekt til bilture, camping eller en hurtig lur under lange k\u00f8reture.<br \/>\n\u2714 <strong>Universel pasform<\/strong> - Passer til mere end 90% biler og SUV'er.<\/p>\n<p><strong>Opgrader dine rejser med uovertruffen komfort og bekvemmelighed. Bestil din oppustelige Universal Car Travel-seng i dag!<\/strong><\/p>","protected":false},"featured_media":3885,"comment_status":"open","ping_status":"closed","template":"","meta":{"_uag_custom_page_level_css":"","site-sidebar-layout":"default","site-content-layout":"","ast-site-content-layout":"default","site-content-style":"default","site-sidebar-style":"default","ast-global-header-display":"","ast-banner-title-visibility":"","ast-main-header-display":"","ast-hfb-above-header-display":"","ast-hfb-below-header-display":"","ast-hfb-mobile-header-display":"","site-post-title":"","ast-breadcrumbs-content":"","ast-featured-img":"","footer-sml-layout":"","theme-transparent-header-meta":"default","adv-header-id-meta":"","stick-header-meta":"","header-above-stick-meta":"","header-main-stick-meta":"","header-below-stick-meta":"","astra-migrate-meta-layouts":"set","ast-page-background-enabled":"default","ast-page-background-meta":{"desktop":{"background-color":"","background-image":"","background-repeat":"repeat","background-position":"center center","background-size":"auto","background-attachment":"scroll","background-type":"","background-media":"","overlay-type":"","overlay-color":"","overlay-opacity":"","overlay-gradient":""},"tablet":{"background-color":"","background-image":"","background-repeat":"repeat","background-position":"center center","background-size":"auto","background-attachment":"scroll","background-type":"","background-media":"","overlay-type":"","overlay-color":"","overlay-opacity":"","overlay-gradient":""},"mobile":{"background-color":"","background-image":"","background-repeat":"repeat","background-position":"center center","background-size":"auto","background-attachment":"scroll","background-type":"","background-media":"","overlay-type":"","overlay-color":"","overlay-opacity":"","overlay-gradient":""}},"ast-content-background-meta":{"desktop":{"background-color":"var(--ast-global-color-5)","background-image":"","background-repeat":"repeat","background-position":"center center","background-size":"auto","background-attachment":"scroll","background-type":"","background-media":"","overlay-type":"","overlay-color":"","overlay-opacity":"","overlay-gradient":""},"tablet":{"background-color":"var(--ast-global-color-5)","background-image":"","background-repeat":"repeat","background-position":"center center","background-size":"auto","background-attachment":"scroll","background-type":"","background-media":"","overlay-type":"","overlay-color":"","overlay-opacity":"","overlay-gradient":""},"mobile":{"background-color":"var(--ast-global-color-5)","background-image":"","background-repeat":"repeat","background-position":"center center","background-size":"auto","background-attachment":"scroll","background-type":"","background-media":"","overlay-type":"","overlay-color":"","overlay-opacity":"","overlay-gradient":""}}},"product_brand":[],"product_cat":[72],"product_tag":[],"class_list":{"0":"post-3910","1":"product","2":"type-product","3":"status-publish","4":"has-post-thumbnail","6":"product_cat-interior-accessories","7":"desktop-align-left","8":"tablet-align-left","9":"mobile-align-left","10":"ast-product-gallery-layout-horizontal-slider","11":"ast-product-single-variable","12":"ast-product-tabs-layout-horizontal","14":"first","15":"instock","16":"shipping-taxable","17":"purchasable","18":"product-type-variable"},"aioseo_notices":[],"uagb_featured_image_src":{"full":["https:\/\/speedxperts.com\/wp-content\/uploads\/2025\/01\/S9437f98f663b4d7db4b40ac2774de330K.webp",1000,1000,false],"thumbnail":["https:\/\/speedxperts.com\/wp-content\/uploads\/2025\/01\/S9437f98f663b4d7db4b40ac2774de330K-150x150.webp",150,150,true],"medium":["https:\/\/speedxperts.com\/wp-content\/uploads\/2025\/01\/S9437f98f663b4d7db4b40ac2774de330K-300x300.webp",300,300,true],"medium_large":["https:\/\/speedxperts.com\/wp-content\/uploads\/2025\/01\/S9437f98f663b4d7db4b40ac2774de330K-768x768.webp",768,768,true],"large":["https:\/\/speedxperts.com\/wp-content\/uploads\/2025\/01\/S9437f98f663b4d7db4b40ac2774de330K.webp",1000,1000,false],"1536x1536":["https:\/\/speedxperts.com\/wp-content\/uploads\/2025\/01\/S9437f98f663b4d7db4b40ac2774de330K.webp",1000,1000,false],"2048x2048":["https:\/\/speedxperts.com\/wp-content\/uploads\/2025\/01\/S9437f98f663b4d7db4b40ac2774de330K.webp",1000,1000,false],"trp-custom-language-flag":["https:\/\/speedxperts.com\/wp-content\/uploads\/2025\/01\/S9437f98f663b4d7db4b40ac2774de330K-12x12.webp",12,12,true],"woocommerce_thumbnail":["https:\/\/speedxperts.com\/wp-content\/uploads\/2025\/01\/S9437f98f663b4d7db4b40ac2774de330K-300x300.webp",300,300,true],"woocommerce_single":["https:\/\/speedxperts.com\/wp-content\/uploads\/2025\/01\/S9437f98f663b4d7db4b40ac2774de330K-600x600.webp",600,600,true],"woocommerce_gallery_thumbnail":["https:\/\/speedxperts.com\/wp-content\/uploads\/2025\/01\/S9437f98f663b4d7db4b40ac2774de330K-100x100.webp",100,100,true]},"uagb_author_info":{"display_name":"Sebastian","author_link":"https:\/\/speedxperts.com\/da\/author\/"},"uagb_comment_info":0,"uagb_excerpt":"Why Choose This Car Inflatable Bed? \u2714 Portable and Lightweight \u2013 Easy to carry and store. \u2714 Comfort on the Go \u2013 Perfect for road trips, camping, or a quick nap during long drives. \u2714 Universal Fit \u2013 Suitable for more than 90% of cars and SUVs. Upgrade your travels with unmatched comfort and convenience.&hellip;","jetpack_sharing_enabled":true,"_links":{"self":[{"href":"https:\/\/speedxperts.com\/da\/wp-json\/wp\/v2\/product\/3910","targetHints":{"allow":["GET"]}}],"collection":[{"href":"https:\/\/speedxperts.com\/da\/wp-json\/wp\/v2\/product"}],"about":[{"href":"https:\/\/speedxperts.com\/da\/wp-json\/wp\/v2\/types\/product"}],"replies":[{"embeddable":true,"href":"https:\/\/speedxperts.com\/da\/wp-json\/wp\/v2\/comments?post=3910"}],"wp:featuredmedia":[{"embeddable":true,"href":"https:\/\/speedxperts.com\/da\/wp-json\/wp\/v2\/media\/3885"}],"wp:attachment":[{"href":"https:\/\/speedxperts.com\/da\/wp-json\/wp\/v2\/media?parent=3910"}],"wp:term":[{"taxonomy":"product_brand","embeddable":true,"href":"https:\/\/speedxperts.com\/da\/wp-json\/wp\/v2\/product_brand?post=3910"},{"taxonomy":"product_cat","embeddable":true,"href":"https:\/\/speedxperts.com\/da\/wp-json\/wp\/v2\/product_cat?post=3910"},{"taxonomy":"product_tag","embeddable":true,"href":"https:\/\/speedxperts.com\/da\/wp-json\/wp\/v2\/product_tag?post=3910"}],"curies":[{"name":"wp","href":"https:\/\/api.w.org\/{rel}","templated":true}]}}