{"id":3915,"date":"2025-01-04T18:11:34","date_gmt":"2025-01-04T17:11:34","guid":{"rendered":"https:\/\/speedxperts.com\/?post_type=product&#038;p=3915"},"modified":"2025-02-04T15:23:18","modified_gmt":"2025-02-04T14:23:18","slug":"universel-oppustelig-seng-til-bilens-bagsaede-80x130-cm","status":"publish","type":"product","link":"https:\/\/speedxperts.com\/da\/product\/universel-oppustelig-seng-til-bilens-bagsaede-80x130-cm\/","title":{"rendered":"Universel oppustelig seng til bags\u00e6det i bilen 80x130 cm"},"content":{"rendered":"<p>G\u00f8r hver rejse mere komfortabel med <strong>Universel oppustelig seng til bilrejser<\/strong>designet til alsidighed og bekvemmelighed. Uanset om du er p\u00e5 camping, bilferie eller har g\u00e6ster derhjemme, sikrer denne oppustelige seng en afslappende s\u00f8vn, uanset hvor du er.<\/p>\n<p>Vigtige funktioner:<\/p>\n<ul>\n<li><strong>B\u00e6rbar og let<\/strong>:<br \/>\nLeveres med en stofpose til nem transport og kompakt opbevaring. Perfekt til rejser og familieudflugter.<\/li>\n<li><strong>Hurtig automatisk oppustning<\/strong>:<br \/>\nPustes ubesv\u00e6ret op med den indbyggede luftdyse. Madrassen pustes automatisk op, mens puderne og sidevingerne kr\u00e6ver minimal manuel oppustning.<\/li>\n<li><strong>F\u00f8rsteklasses komfort<\/strong>:<br \/>\nMadrassen er lavet af milj\u00f8venligt polyester pongee-stof og er glat, slidst\u00e6rk, vandt\u00e6t og \u00e5ndbar. Den elastiske bomuldskerne af h\u00f8j kvalitet og den t\u00e6tte svamp giver fremragende st\u00f8tte og komfort.<\/li>\n<li><strong>Holdbar og p\u00e5lidelig<\/strong>:<br \/>\nFremstillet af bl\u00f8dt, men robust PVC-materiale med t\u00e6tte s\u00f8mme for holdbarhed og en luftt\u00e6t forsegling, der sikrer langvarig brug.<\/li>\n<li><strong>Alsidige anvendelsesmuligheder<\/strong>:<br \/>\nVelegnet til forskellige milj\u00f8er:<\/p>\n<ul>\n<li><strong>Bil<\/strong>: Passer til de fleste SUV'er, autocampere og minibusser for komfort p\u00e5 farten.<\/li>\n<li><strong>Camping<\/strong>: Ideel til udend\u00f8rs eventyr.<\/li>\n<li><strong>Hjem<\/strong>: N\u00f8dg\u00e6stemadras eller en pauseseng til kontoret.<\/li>\n<li><strong>Picnic og rejser<\/strong>: Sikrer komfort, uanset hvor du g\u00e5r.<\/li>\n<\/ul>\n<\/li>\n<\/ul>\n<p>Specifikationer:<\/p>\n<ul>\n<li><strong>Materiale<\/strong>: Slidst\u00e6rkt PVC- og polyester-pongee-stof<\/li>\n<li><strong>Dimensioner<\/strong>: 80x130cm<\/li>\n<li><strong>Funktioner<\/strong>: Vandt\u00e6t, slidst\u00e6rk og \u00e5ndbar<\/li>\n<li><strong>Inflationstid<\/strong>: Pustes op p\u00e5 f\u00e5 minutter med justerbar fasthed<\/li>\n<\/ul>\n<p>Pakken indeholder:<\/p>\n<ul>\n<li><strong>1 x oppustelig madras<\/strong><\/li>\n<li><strong>1 x pude<\/strong><\/li>\n<li><strong>1 x luftpumpe<\/strong> (Bem\u00e6rk: Pumpen er ikke kompatibel med oppumpning af d\u00e6k, sv\u00f8mmeringe, yogabolde osv.)<\/li>\n<li><strong>1 x opbevaringstaske<\/strong><\/li>\n<\/ul>\n<p>Hvorfor v\u00e6lge den oppustelige Universal Car Travel-seng?<\/p>\n<p>Denne madras tilbyder den perfekte blanding af bekvemmelighed, holdbarhed og komfort, hvilket g\u00f8r den til et fremragende valg for alle, der s\u00e6tter pris p\u00e5 afslappende s\u00f8vn p\u00e5 farten. Dens kompakte design og brede anvendelsesmuligheder sikrer, at du altid er forberedt p\u00e5 enhver rejse eller g\u00e6steovernatning.<\/p>\n<p>Opgrader din rejse- og campingoplevelse med <strong>Universel oppustelig seng til bilrejser<\/strong> - din ultimative b\u00e6rbare komfortl\u00f8sning!<\/p>\n<p>&nbsp;<\/p>","protected":false},"excerpt":{"rendered":"<p><strong>Hvorfor v\u00e6lge denne oppustelige seng til bilen?<\/strong><br \/>\n\u2714 <strong>B\u00e6rbar og let<\/strong> - Let at b\u00e6re og opbevare.<br \/>\n\u2714 <strong>Komfort p\u00e5 farten<\/strong> - Perfekt til bilture, camping eller en hurtig lur under lange k\u00f8reture.<br \/>\n\u2714 <strong>Universel pasform<\/strong> - Passer til mere end 90% biler og SUV'er.<\/p>\n<p><strong>Opgrader dine rejser med uovertruffen komfort og bekvemmelighed. Bestil din oppustelige Universal Car Travel-seng i dag!<\/strong><\/p>","protected":false},"featured_media":3892,"comment_status":"open","ping_status":"closed","template":"","meta":{"_uag_custom_page_level_css":"","site-sidebar-layout":"default","site-content-layout":"","ast-site-content-layout":"default","site-content-style":"default","site-sidebar-style":"default","ast-global-header-display":"","ast-banner-title-visibility":"","ast-main-header-display":"","ast-hfb-above-header-display":"","ast-hfb-below-header-display":"","ast-hfb-mobile-header-display":"","site-post-title":"","ast-breadcrumbs-content":"","ast-featured-img":"","footer-sml-layout":"","ast-disable-related-posts":"","theme-transparent-header-meta":"default","adv-header-id-meta":"","stick-header-meta":"","header-above-stick-meta":"","header-main-stick-meta":"","header-below-stick-meta":"","astra-migrate-meta-layouts":"set","ast-page-background-enabled":"default","ast-page-background-meta":{"desktop":{"background-color":"","background-image":"","background-repeat":"repeat","background-position":"center center","background-size":"auto","background-attachment":"scroll","background-type":"","background-media":"","overlay-type":"","overlay-color":"","overlay-opacity":"","overlay-gradient":""},"tablet":{"background-color":"","background-image":"","background-repeat":"repeat","background-position":"center center","background-size":"auto","background-attachment":"scroll","background-type":"","background-media":"","overlay-type":"","overlay-color":"","overlay-opacity":"","overlay-gradient":""},"mobile":{"background-color":"","background-image":"","background-repeat":"repeat","background-position":"center center","background-size":"auto","background-attachment":"scroll","background-type":"","background-media":"","overlay-type":"","overlay-color":"","overlay-opacity":"","overlay-gradient":""}},"ast-content-background-meta":{"desktop":{"background-color":"var(--ast-global-color-5)","background-image":"","background-repeat":"repeat","background-position":"center center","background-size":"auto","background-attachment":"scroll","background-type":"","background-media":"","overlay-type":"","overlay-color":"","overlay-opacity":"","overlay-gradient":""},"tablet":{"background-color":"var(--ast-global-color-5)","background-image":"","background-repeat":"repeat","background-position":"center center","background-size":"auto","background-attachment":"scroll","background-type":"","background-media":"","overlay-type":"","overlay-color":"","overlay-opacity":"","overlay-gradient":""},"mobile":{"background-color":"var(--ast-global-color-5)","background-image":"","background-repeat":"repeat","background-position":"center center","background-size":"auto","background-attachment":"scroll","background-type":"","background-media":"","overlay-type":"","overlay-color":"","overlay-opacity":"","overlay-gradient":""}}},"product_brand":[],"product_cat":[72],"product_tag":[],"class_list":{"0":"post-3915","1":"product","2":"type-product","3":"status-publish","4":"has-post-thumbnail","6":"product_cat-interior-accessories","7":"desktop-align-left","8":"tablet-align-left","9":"mobile-align-left","10":"ast-product-gallery-layout-horizontal-slider","11":"ast-product-single-variable","12":"ast-product-tabs-layout-horizontal","14":"first","15":"instock","16":"shipping-taxable","17":"purchasable","18":"product-type-variable"},"aioseo_notices":[],"uagb_featured_image_src":{"full":["https:\/\/speedxperts.com\/wp-content\/uploads\/2025\/01\/Se42f7cff8e614fd8bcc1fea401405680O.webp",1000,1000,false],"thumbnail":["https:\/\/speedxperts.com\/wp-content\/uploads\/2025\/01\/Se42f7cff8e614fd8bcc1fea401405680O-150x150.webp",150,150,true],"medium":["https:\/\/speedxperts.com\/wp-content\/uploads\/2025\/01\/Se42f7cff8e614fd8bcc1fea401405680O-300x300.webp",300,300,true],"medium_large":["https:\/\/speedxperts.com\/wp-content\/uploads\/2025\/01\/Se42f7cff8e614fd8bcc1fea401405680O-768x768.webp",768,768,true],"large":["https:\/\/speedxperts.com\/wp-content\/uploads\/2025\/01\/Se42f7cff8e614fd8bcc1fea401405680O.webp",1000,1000,false],"1536x1536":["https:\/\/speedxperts.com\/wp-content\/uploads\/2025\/01\/Se42f7cff8e614fd8bcc1fea401405680O.webp",1000,1000,false],"2048x2048":["https:\/\/speedxperts.com\/wp-content\/uploads\/2025\/01\/Se42f7cff8e614fd8bcc1fea401405680O.webp",1000,1000,false],"trp-custom-language-flag":["https:\/\/speedxperts.com\/wp-content\/uploads\/2025\/01\/Se42f7cff8e614fd8bcc1fea401405680O-12x12.webp",12,12,true],"woocommerce_thumbnail":["https:\/\/speedxperts.com\/wp-content\/uploads\/2025\/01\/Se42f7cff8e614fd8bcc1fea401405680O-300x300.webp",300,300,true],"woocommerce_single":["https:\/\/speedxperts.com\/wp-content\/uploads\/2025\/01\/Se42f7cff8e614fd8bcc1fea401405680O-600x600.webp",600,600,true],"woocommerce_gallery_thumbnail":["https:\/\/speedxperts.com\/wp-content\/uploads\/2025\/01\/Se42f7cff8e614fd8bcc1fea401405680O-100x100.webp",100,100,true]},"uagb_author_info":{"display_name":"Sebastian","author_link":"https:\/\/speedxperts.com\/da\/author\/"},"uagb_comment_info":0,"uagb_excerpt":"Why Choose This Car Inflatable Bed? \u2714 Portable and Lightweight \u2013 Easy to carry and store. \u2714 Comfort on the Go \u2013 Perfect for road trips, camping, or a quick nap during long drives. \u2714 Universal Fit \u2013 Suitable for more than 90% of cars and SUVs. Upgrade your travels with unmatched comfort and convenience.&hellip;","jetpack_sharing_enabled":true,"_links":{"self":[{"href":"https:\/\/speedxperts.com\/da\/wp-json\/wp\/v2\/product\/3915","targetHints":{"allow":["GET"]}}],"collection":[{"href":"https:\/\/speedxperts.com\/da\/wp-json\/wp\/v2\/product"}],"about":[{"href":"https:\/\/speedxperts.com\/da\/wp-json\/wp\/v2\/types\/product"}],"replies":[{"embeddable":true,"href":"https:\/\/speedxperts.com\/da\/wp-json\/wp\/v2\/comments?post=3915"}],"wp:featuredmedia":[{"embeddable":true,"href":"https:\/\/speedxperts.com\/da\/wp-json\/wp\/v2\/media\/3892"}],"wp:attachment":[{"href":"https:\/\/speedxperts.com\/da\/wp-json\/wp\/v2\/media?parent=3915"}],"wp:term":[{"taxonomy":"product_brand","embeddable":true,"href":"https:\/\/speedxperts.com\/da\/wp-json\/wp\/v2\/product_brand?post=3915"},{"taxonomy":"product_cat","embeddable":true,"href":"https:\/\/speedxperts.com\/da\/wp-json\/wp\/v2\/product_cat?post=3915"},{"taxonomy":"product_tag","embeddable":true,"href":"https:\/\/speedxperts.com\/da\/wp-json\/wp\/v2\/product_tag?post=3915"}],"curies":[{"name":"wp","href":"https:\/\/api.w.org\/{rel}","templated":true}]}}