{"id":4867,"date":"2025-05-07T14:37:32","date_gmt":"2025-05-07T13:37:32","guid":{"rendered":"https:\/\/speedxperts.com\/?post_type=product&#038;p=4867"},"modified":"2026-01-17T21:02:31","modified_gmt":"2026-01-17T20:02:31","slug":"bluetooth-adapter-til-comand-aps-audio-20-30-50","status":"publish","type":"product","link":"https:\/\/speedxperts.com\/da\/product\/bluetooth-adapter-til-comand-aps-audio-20-30-50\/","title":{"rendered":"Bluetooth-adapter til COMAND APS &amp; Audio 20\/30\/50"},"content":{"rendered":"<h3>\u2705 N\u00f8glefunktioner:<\/h3>\n<ul>\n<li>\ud83c\udfa7 <strong>H\u00e5ndfri opkald og musikstreaming:<\/strong> Med den integrerede mikrofon kan du tage imod opkald direkte gennem bilens h\u00f8jttalere.<\/li>\n<li>\ud83d\udcf1 <strong>Tr\u00e5dl\u00f8s lyd via Bluetooth:<\/strong> Par nemt din smartphone eller tablet for at afspille musik.<\/li>\n<li>\ud83d\udd04 <strong>OEM-kompatibel integration:<\/strong> Designet til at passe problemfrit ind i Mercedes-Benz' fabriksmonterede lydsystemer uden at p\u00e5virke den eksisterende funktionalitet.<\/li>\n<li>\ud83d\udda4 <strong>Elegant sort design:<\/strong> Kompakt, diskret og passer ind i dit interi\u00f8r.<\/li>\n<li>\ud83d\udccf <strong>Kompakt st\u00f8rrelse:<\/strong> Samlet l\u00e6ngde ca. 18,5 cm \/ 7,28 inches.<\/li>\n<\/ul>\n<hr \/>\n<h3>\ud83d\ude98 Udstyr til k\u00f8ret\u00f8jer:<\/h3>\n<p><strong>Kompatibel med Mercedes-Benz modeller udstyret med:<\/strong><\/p>\n<ul>\n<li>Lyd 20<\/li>\n<li>Lyd 30<\/li>\n<li>Audio 50 APS<\/li>\n<li>COMAND APS (kun NTG2)<\/li>\n<\/ul>\n<p><strong>Specifik modelkompatibilitet:<\/strong><\/p>\n<ul>\n<li>A-Klasse W169<\/li>\n<li>B-Klasse W245<\/li>\n<li>C-Klasse W203<\/li>\n<li>CLK-Klasse W209 (fra 04\/2004)<\/li>\n<li>M-Klasse W164<\/li>\n<li>GL-Klasse X164<\/li>\n<li>R-Klasse W251<\/li>\n<li>S-Klasse W221<\/li>\n<li>SL-klasse R230<\/li>\n<li>CL-Klasse (2004-2006)<\/li>\n<\/ul>\n<p>\ud83d\udd27 Ideel til fabriksradioer, der underst\u00f8tter indgange til ekstraudstyr eller cd-skifter.<\/p>\n<hr \/>\n<h3>\ud83d\udce6 Pakken indeholder:<\/h3>\n<ul>\n<li>1\u00d7 Audio Bluetooth-adapter<\/li>\n<li>1\u00d7 Mikrofon<\/li>\n<\/ul>","protected":false},"excerpt":{"rendered":"<p>Opgrader dit Mercedes-Benz infotainmentsystem med denne Bluetooth-mikrofon og AUX-lydadapter. Den er designet til forskellige modeller udstyret med Audio 20, 30, 50 APS eller COMAND APS (NTG2) og muligg\u00f8r h\u00e5ndfri opkald og tr\u00e5dl\u00f8s musikstreaming.<\/p>","protected":false},"featured_media":4863,"comment_status":"open","ping_status":"closed","template":"","meta":{"_uag_custom_page_level_css":"","site-sidebar-layout":"default","site-content-layout":"","ast-site-content-layout":"default","site-content-style":"default","site-sidebar-style":"default","ast-global-header-display":"","ast-banner-title-visibility":"","ast-main-header-display":"","ast-hfb-above-header-display":"","ast-hfb-below-header-display":"","ast-hfb-mobile-header-display":"","site-post-title":"","ast-breadcrumbs-content":"","ast-featured-img":"","footer-sml-layout":"","ast-disable-related-posts":"","theme-transparent-header-meta":"default","adv-header-id-meta":"","stick-header-meta":"","header-above-stick-meta":"","header-main-stick-meta":"","header-below-stick-meta":"","astra-migrate-meta-layouts":"set","ast-page-background-enabled":"default","ast-page-background-meta":{"desktop":{"background-color":"","background-image":"","background-repeat":"repeat","background-position":"center center","background-size":"auto","background-attachment":"scroll","background-type":"","background-media":"","overlay-type":"","overlay-color":"","overlay-opacity":"","overlay-gradient":""},"tablet":{"background-color":"","background-image":"","background-repeat":"repeat","background-position":"center center","background-size":"auto","background-attachment":"scroll","background-type":"","background-media":"","overlay-type":"","overlay-color":"","overlay-opacity":"","overlay-gradient":""},"mobile":{"background-color":"","background-image":"","background-repeat":"repeat","background-position":"center center","background-size":"auto","background-attachment":"scroll","background-type":"","background-media":"","overlay-type":"","overlay-color":"","overlay-opacity":"","overlay-gradient":""}},"ast-content-background-meta":{"desktop":{"background-color":"var(--ast-global-color-5)","background-image":"","background-repeat":"repeat","background-position":"center center","background-size":"auto","background-attachment":"scroll","background-type":"","background-media":"","overlay-type":"","overlay-color":"","overlay-opacity":"","overlay-gradient":""},"tablet":{"background-color":"var(--ast-global-color-5)","background-image":"","background-repeat":"repeat","background-position":"center center","background-size":"auto","background-attachment":"scroll","background-type":"","background-media":"","overlay-type":"","overlay-color":"","overlay-opacity":"","overlay-gradient":""},"mobile":{"background-color":"var(--ast-global-color-5)","background-image":"","background-repeat":"repeat","background-position":"center center","background-size":"auto","background-attachment":"scroll","background-type":"","background-media":"","overlay-type":"","overlay-color":"","overlay-opacity":"","overlay-gradient":""}}},"product_brand":[],"product_cat":[226],"product_tag":[],"class_list":{"0":"post-4867","1":"product","2":"type-product","3":"status-publish","4":"has-post-thumbnail","6":"product_cat-electronics","7":"desktop-align-left","8":"tablet-align-left","9":"mobile-align-left","10":"ast-product-gallery-layout-horizontal-slider","11":"ast-product-tabs-layout-horizontal","13":"first","14":"instock","15":"shipping-taxable","16":"purchasable","17":"product-type-simple"},"aioseo_notices":[],"uagb_featured_image_src":{"full":["https:\/\/speedxperts.com\/wp-content\/uploads\/2025\/05\/S32b598db18684309b1e7ade1ba4a8e8fj.webp",1000,1000,false],"thumbnail":["https:\/\/speedxperts.com\/wp-content\/uploads\/2025\/05\/S32b598db18684309b1e7ade1ba4a8e8fj-150x150.webp",150,150,true],"medium":["https:\/\/speedxperts.com\/wp-content\/uploads\/2025\/05\/S32b598db18684309b1e7ade1ba4a8e8fj-300x300.webp",300,300,true],"medium_large":["https:\/\/speedxperts.com\/wp-content\/uploads\/2025\/05\/S32b598db18684309b1e7ade1ba4a8e8fj-768x768.webp",768,768,true],"large":["https:\/\/speedxperts.com\/wp-content\/uploads\/2025\/05\/S32b598db18684309b1e7ade1ba4a8e8fj.webp",1000,1000,false],"1536x1536":["https:\/\/speedxperts.com\/wp-content\/uploads\/2025\/05\/S32b598db18684309b1e7ade1ba4a8e8fj.webp",1000,1000,false],"2048x2048":["https:\/\/speedxperts.com\/wp-content\/uploads\/2025\/05\/S32b598db18684309b1e7ade1ba4a8e8fj.webp",1000,1000,false],"trp-custom-language-flag":["https:\/\/speedxperts.com\/wp-content\/uploads\/2025\/05\/S32b598db18684309b1e7ade1ba4a8e8fj-12x12.webp",12,12,true],"woocommerce_thumbnail":["https:\/\/speedxperts.com\/wp-content\/uploads\/2025\/05\/S32b598db18684309b1e7ade1ba4a8e8fj-300x300.webp",300,300,true],"woocommerce_single":["https:\/\/speedxperts.com\/wp-content\/uploads\/2025\/05\/S32b598db18684309b1e7ade1ba4a8e8fj-600x600.webp",600,600,true],"woocommerce_gallery_thumbnail":["https:\/\/speedxperts.com\/wp-content\/uploads\/2025\/05\/S32b598db18684309b1e7ade1ba4a8e8fj-100x100.webp",100,100,true]},"uagb_author_info":{"display_name":"Sebastian","author_link":"https:\/\/speedxperts.com\/da\/author\/"},"uagb_comment_info":0,"uagb_excerpt":"Upgrade your Mercedes-Benz infotainment system with this Bluetooth microphone and AUX audio adapter. Designed for various models equipped with Audio 20, 30, 50 APS, or COMAND APS (NTG2), it enables hands-free calling and wireless music streaming.","jetpack_sharing_enabled":true,"_links":{"self":[{"href":"https:\/\/speedxperts.com\/da\/wp-json\/wp\/v2\/product\/4867","targetHints":{"allow":["GET"]}}],"collection":[{"href":"https:\/\/speedxperts.com\/da\/wp-json\/wp\/v2\/product"}],"about":[{"href":"https:\/\/speedxperts.com\/da\/wp-json\/wp\/v2\/types\/product"}],"replies":[{"embeddable":true,"href":"https:\/\/speedxperts.com\/da\/wp-json\/wp\/v2\/comments?post=4867"}],"wp:featuredmedia":[{"embeddable":true,"href":"https:\/\/speedxperts.com\/da\/wp-json\/wp\/v2\/media\/4863"}],"wp:attachment":[{"href":"https:\/\/speedxperts.com\/da\/wp-json\/wp\/v2\/media?parent=4867"}],"wp:term":[{"taxonomy":"product_brand","embeddable":true,"href":"https:\/\/speedxperts.com\/da\/wp-json\/wp\/v2\/product_brand?post=4867"},{"taxonomy":"product_cat","embeddable":true,"href":"https:\/\/speedxperts.com\/da\/wp-json\/wp\/v2\/product_cat?post=4867"},{"taxonomy":"product_tag","embeddable":true,"href":"https:\/\/speedxperts.com\/da\/wp-json\/wp\/v2\/product_tag?post=4867"}],"curies":[{"name":"wp","href":"https:\/\/api.w.org\/{rel}","templated":true}]}}