{"id":4912,"date":"2025-05-13T08:13:11","date_gmt":"2025-05-13T07:13:11","guid":{"rendered":"https:\/\/speedxperts.com\/?post_type=product&#038;p=4912"},"modified":"2025-10-22T13:02:25","modified_gmt":"2025-10-22T12:02:25","slug":"vevor-5-tons-hydraulisk-bildonkraft-med-indbygget-oppustelig-pumpe","status":"publish","type":"product","link":"https:\/\/speedxperts.com\/da\/product\/vevor-5-tons-hydraulisk-bildonkraft-med-indbygget-oppustelig-pumpe\/","title":{"rendered":"VEVOR 5 ton hydraulisk donkraft til biler med indbygget oppustelig pumpe"},"content":{"rendered":"<h4>\u2705 Funktioner og detaljer<\/h4>\n<p><strong>\ud83d\udd0b Dobbelte opladningsmuligheder - Plug &amp; Go:<\/strong><br \/>\nBrug din 12V-bil <strong>Cigarett\u00e6nderstik<\/strong> eller forbind direkte til <strong>Bilens batteri<\/strong>. Leveres med en <strong>4 m (13 fod) str\u00f8mkabel<\/strong>Det giver nem adgang til alle d\u00e6k.<\/p>\n<p><strong>\ud83d\udee0\ufe0f L\u00f8ft op til 5 tons uden besv\u00e6r:<\/strong><\/p>\n<ul>\n<li>L\u00f8ftekapacitet: <strong>5,0 tons \/ 11.023 lbs<\/strong><\/li>\n<li>L\u00f8fteomr\u00e5de: <strong>155 - 450 mm (6,1\u2033 - 17,7\u2033)<\/strong><\/li>\n<li>Automatisk stopfunktion, n\u00e5r den maksimale h\u00f8jde er n\u00e5et, for ekstra sikkerhed<br \/>\nIdeel til sedaner, SUV'er, lastbiler eller andre k\u00f8ret\u00f8jer i denne v\u00e6gtklasse.<\/li>\n<\/ul>\n<p><strong>\u23f1\ufe0f Hurtig og nem betjening:<\/strong><br \/>\nIkke mere manuelt krumtaparbejde. L\u00f8ft din bil p\u00e5 bare <strong>2 minutter<\/strong>! Perfekt til n\u00f8dsituationer p\u00e5 vejen eller til brug i garagen.<\/p>\n<p><strong>\ud83d\udca8 Indbygget d\u00e6kpumpe med trykm\u00e5ler:<\/strong><br \/>\nIndeholder en <strong>D\u00e6kpumpe<\/strong> med trykvisning og opbevaret tilbeh\u00f8r (oppustningsslange + dyser) til hurtig n\u00f8doppustning. Hold alting organiseret i skjulte sidelommer.<\/p>\n<p><strong>\ud83d\udd12 Sikker og stabil:<\/strong><\/p>\n<ul>\n<li>Skridsikker <strong>st\u00f8ttehoved med tv\u00e6rg\u00e5ende riller<\/strong><\/li>\n<li><strong>LED-lys<\/strong> til brug om natten<\/li>\n<li><strong>Hydraulisk t\u00e6tningssystem<\/strong> for at forhindre oliel\u00e6kager<\/li>\n<li><strong>Manuel s\u00e6nkeventil<\/strong> i tilf\u00e6lde af str\u00f8msvigt<\/li>\n<li>Inkluderer <strong>3 sikringer af h\u00f8j kvalitet<\/strong> (T\u00dcV-certificeret)<\/li>\n<\/ul>\n<hr \/>\n<h4>\ud83d\udce6 Pakken indeholder:<\/h4>\n<ul>\n<li>1\u00d7 5-tons elektrisk donkraft til biler med d\u00e6kpumpe<\/li>\n<li>1\u00d7 str\u00f8mkabel (13 fod)<\/li>\n<li>1\u00d7 batteriklemmekabel<\/li>\n<li>3\u00d7 ekstra sikringer<\/li>\n<li>1\u00d7 brugervejledning<\/li>\n<li>1\u00d7 tilbeh\u00f8r til oppustning (luftslange + dyser)<\/li>\n<\/ul>\n<hr \/>\n<h4>\ud83e\uddf0 S\u00e5dan bruges det:<\/h4>\n<ol>\n<li>S\u00e6t stikket i <strong>Cigarett\u00e6nder til bil<\/strong> eller opret forbindelse til <strong>Bilens batteri<\/strong>.<\/li>\n<li>Placer donkraften under k\u00f8ret\u00f8jet p\u00e5 et <strong>flad overflade<\/strong>.<\/li>\n<li>Tryk p\u00e5 l\u00f8fteknappen, og vent ca. <strong>2 minutter<\/strong>.<\/li>\n<li>For at pumpe et d\u00e6k op skal du tilslutte slangen og overv\u00e5ge <strong>Tryk i realtid<\/strong> p\u00e5 displayet.<\/li>\n<\/ol>","protected":false},"excerpt":{"rendered":"<p>L\u00f8ft og reparer dit k\u00f8ret\u00f8j n\u00e5r som helst og hvor som helst med denne kraftfulde 5-tons elektriske bildonkraft. Med indbygget d\u00e6kpumpe, dobbelte opladningsmuligheder og et design med h\u00f8j styrke er dette alt-i-et n\u00f8dv\u00e6rkt\u00f8j perfekt til sedaner, SUV'er og lastbiler.<\/p>","protected":false},"featured_media":4905,"comment_status":"open","ping_status":"closed","template":"","meta":{"_uag_custom_page_level_css":"","site-sidebar-layout":"default","site-content-layout":"","ast-site-content-layout":"default","site-content-style":"default","site-sidebar-style":"default","ast-global-header-display":"","ast-banner-title-visibility":"","ast-main-header-display":"","ast-hfb-above-header-display":"","ast-hfb-below-header-display":"","ast-hfb-mobile-header-display":"","site-post-title":"","ast-breadcrumbs-content":"","ast-featured-img":"","footer-sml-layout":"","ast-disable-related-posts":"","theme-transparent-header-meta":"default","adv-header-id-meta":"","stick-header-meta":"","header-above-stick-meta":"","header-main-stick-meta":"","header-below-stick-meta":"","astra-migrate-meta-layouts":"set","ast-page-background-enabled":"default","ast-page-background-meta":{"desktop":{"background-color":"","background-image":"","background-repeat":"repeat","background-position":"center center","background-size":"auto","background-attachment":"scroll","background-type":"","background-media":"","overlay-type":"","overlay-color":"","overlay-opacity":"","overlay-gradient":""},"tablet":{"background-color":"","background-image":"","background-repeat":"repeat","background-position":"center center","background-size":"auto","background-attachment":"scroll","background-type":"","background-media":"","overlay-type":"","overlay-color":"","overlay-opacity":"","overlay-gradient":""},"mobile":{"background-color":"","background-image":"","background-repeat":"repeat","background-position":"center center","background-size":"auto","background-attachment":"scroll","background-type":"","background-media":"","overlay-type":"","overlay-color":"","overlay-opacity":"","overlay-gradient":""}},"ast-content-background-meta":{"desktop":{"background-color":"var(--ast-global-color-5)","background-image":"","background-repeat":"repeat","background-position":"center center","background-size":"auto","background-attachment":"scroll","background-type":"","background-media":"","overlay-type":"","overlay-color":"","overlay-opacity":"","overlay-gradient":""},"tablet":{"background-color":"var(--ast-global-color-5)","background-image":"","background-repeat":"repeat","background-position":"center center","background-size":"auto","background-attachment":"scroll","background-type":"","background-media":"","overlay-type":"","overlay-color":"","overlay-opacity":"","overlay-gradient":""},"mobile":{"background-color":"var(--ast-global-color-5)","background-image":"","background-repeat":"repeat","background-position":"center center","background-size":"auto","background-attachment":"scroll","background-type":"","background-media":"","overlay-type":"","overlay-color":"","overlay-opacity":"","overlay-gradient":""}}},"product_brand":[],"product_cat":[226],"product_tag":[],"class_list":{"0":"post-4912","1":"product","2":"type-product","3":"status-publish","4":"has-post-thumbnail","6":"product_cat-electronics","7":"desktop-align-left","8":"tablet-align-left","9":"mobile-align-left","10":"ast-product-gallery-layout-horizontal-slider","11":"ast-product-single-variable","12":"ast-product-tabs-layout-horizontal","14":"first","15":"instock","16":"shipping-taxable","17":"purchasable","18":"product-type-variable"},"aioseo_notices":[],"uagb_featured_image_src":{"full":["https:\/\/speedxperts.com\/wp-content\/uploads\/2025\/05\/S04a5559ad314418590fe0a6d590b2bc4r.webp",1600,1600,false],"thumbnail":["https:\/\/speedxperts.com\/wp-content\/uploads\/2025\/05\/S04a5559ad314418590fe0a6d590b2bc4r-150x150.webp",150,150,true],"medium":["https:\/\/speedxperts.com\/wp-content\/uploads\/2025\/05\/S04a5559ad314418590fe0a6d590b2bc4r-300x300.webp",300,300,true],"medium_large":["https:\/\/speedxperts.com\/wp-content\/uploads\/2025\/05\/S04a5559ad314418590fe0a6d590b2bc4r-768x768.webp",768,768,true],"large":["https:\/\/speedxperts.com\/wp-content\/uploads\/2025\/05\/S04a5559ad314418590fe0a6d590b2bc4r-1024x1024.webp",1024,1024,true],"1536x1536":["https:\/\/speedxperts.com\/wp-content\/uploads\/2025\/05\/S04a5559ad314418590fe0a6d590b2bc4r-1536x1536.webp",1536,1536,true],"2048x2048":["https:\/\/speedxperts.com\/wp-content\/uploads\/2025\/05\/S04a5559ad314418590fe0a6d590b2bc4r.webp",1600,1600,false],"trp-custom-language-flag":["https:\/\/speedxperts.com\/wp-content\/uploads\/2025\/05\/S04a5559ad314418590fe0a6d590b2bc4r-12x12.webp",12,12,true],"woocommerce_thumbnail":["https:\/\/speedxperts.com\/wp-content\/uploads\/2025\/05\/S04a5559ad314418590fe0a6d590b2bc4r-300x300.webp",300,300,true],"woocommerce_single":["https:\/\/speedxperts.com\/wp-content\/uploads\/2025\/05\/S04a5559ad314418590fe0a6d590b2bc4r-600x600.webp",600,600,true],"woocommerce_gallery_thumbnail":["https:\/\/speedxperts.com\/wp-content\/uploads\/2025\/05\/S04a5559ad314418590fe0a6d590b2bc4r-100x100.webp",100,100,true]},"uagb_author_info":{"display_name":"Sebastian","author_link":"https:\/\/speedxperts.com\/da\/author\/"},"uagb_comment_info":9,"uagb_excerpt":"Lift and repair your vehicle anytime, anywhere with this powerful 5-ton electric car jack. With a built-in tire inflator, dual charging options, and a high-strength design, this all-in-one emergency tool is perfect for sedans, SUVs, and trucks.","jetpack_sharing_enabled":true,"_links":{"self":[{"href":"https:\/\/speedxperts.com\/da\/wp-json\/wp\/v2\/product\/4912","targetHints":{"allow":["GET"]}}],"collection":[{"href":"https:\/\/speedxperts.com\/da\/wp-json\/wp\/v2\/product"}],"about":[{"href":"https:\/\/speedxperts.com\/da\/wp-json\/wp\/v2\/types\/product"}],"replies":[{"embeddable":true,"href":"https:\/\/speedxperts.com\/da\/wp-json\/wp\/v2\/comments?post=4912"}],"wp:featuredmedia":[{"embeddable":true,"href":"https:\/\/speedxperts.com\/da\/wp-json\/wp\/v2\/media\/4905"}],"wp:attachment":[{"href":"https:\/\/speedxperts.com\/da\/wp-json\/wp\/v2\/media?parent=4912"}],"wp:term":[{"taxonomy":"product_brand","embeddable":true,"href":"https:\/\/speedxperts.com\/da\/wp-json\/wp\/v2\/product_brand?post=4912"},{"taxonomy":"product_cat","embeddable":true,"href":"https:\/\/speedxperts.com\/da\/wp-json\/wp\/v2\/product_cat?post=4912"},{"taxonomy":"product_tag","embeddable":true,"href":"https:\/\/speedxperts.com\/da\/wp-json\/wp\/v2\/product_tag?post=4912"}],"curies":[{"name":"wp","href":"https:\/\/api.w.org\/{rel}","templated":true}]}}