{"id":5031,"date":"2025-06-06T11:30:50","date_gmt":"2025-06-06T10:30:50","guid":{"rendered":"https:\/\/speedxperts.com\/?post_type=product&#038;p=5031"},"modified":"2025-06-06T11:44:12","modified_gmt":"2025-06-06T10:44:12","slug":"vevor-3-ton-elektrisk-sakseloftersaet-kraftigt-loft-til-nodsituationer-i-vejkanten","status":"publish","type":"product","link":"https:\/\/speedxperts.com\/da\/product\/vevor-3-ton-elektrisk-sakseloftersaet-kraftigt-loft-til-nodsituationer-i-vejkanten\/","title":{"rendered":"VEVOR 3-tons elektrisk sakses\u00e6t - kraftfulde l\u00f8ft til n\u00f8dsituationer i vejkanten"},"content":{"rendered":"<h3>\u2699\ufe0f Funktioner og detaljer<\/h3>\n<p>\u2705 <strong>Elektrisk saksedonkraft (3 ton \/ 6600 lbs kapacitet)<\/strong><\/p>\n<ul>\n<li><strong>L\u00f8fteomr\u00e5de (kort hoved):<\/strong> 130-370 mm (5,1\u2033-14,6\u2033)<\/li>\n<li><strong>L\u00f8fteomr\u00e5de (langt hoved):<\/strong> 170-420 mm (6,7\u2033-16,5\u2033)<\/li>\n<li>Perfekt til <strong>Limousiner, SUV'er, varevogne<\/strong>og andre 12V-k\u00f8ret\u00f8jer inden for v\u00e6gtgr\u00e6nserne.<\/li>\n<li><strong>Ideel til n\u00f8dsituationer eller garagereparationer<\/strong><\/li>\n<\/ul>\n<p>\u26a1 <strong>L\u00f8ftet p\u00e5 f\u00e5 minutter<\/strong><\/p>\n<ul>\n<li>N\u00e5 fuld h\u00f8jde p\u00e5 bare <strong>2 minutter<\/strong><\/li>\n<li><strong>Ingen manuel igangs\u00e6tning<\/strong> - s\u00e6t stikket i, tryk p\u00e5 knappen, og l\u00f8ft<\/li>\n<li>Skal bruges p\u00e5 <strong>Flade, stabile overflader<\/strong><\/li>\n<li>Placer donkraften <strong>parallel<\/strong> til din bils stel<\/li>\n<\/ul>\n<p>\ud83d\udd27 <strong>Valgfri h\u00f8jeffektiv slagn\u00f8gle (medf\u00f8lger ikke i denne model)<\/strong><\/p>\n<blockquote><p><em>BEM\u00c6RK: Denne liste er for versionen <strong>uden<\/strong> en elektrisk skruen\u00f8gle.<\/em><\/p><\/blockquote>\n<hr \/>\n<h3>\ud83d\udd0c <strong>S\u00e5dan bruges - 2 opladningsmetoder<\/strong><\/h3>\n<ol>\n<li><strong>12V stik til cigarett\u00e6nder i bilen<\/strong><\/li>\n<li><strong>Direkte batteriforbindelse med medf\u00f8lgende clips<\/strong><\/li>\n<\/ol>\n<blockquote><p>Leveres med en <strong>11,5 fod str\u00f8mledning<\/strong> - let at n\u00e5 for- eller baghjul.<\/p><\/blockquote>\n<p>Inkluderer <strong>3 ekstra sikringer<\/strong> (T\u00dcV-certificeret) for ekstra p\u00e5lidelighed.<\/p>\n<hr \/>\n<h3>\ud83c\udf92 <strong>Hvad er der i b\u00e6retasken?<\/strong><\/h3>\n<p>Alt er pakket i en robust, organiseret v\u00e6rkt\u00f8jskasse, der ogs\u00e5 fungerer som en <strong>Advarselstrekant<\/strong> i vejkanten.<\/p>\n<ul>\n<li>1\u00d7 Elektrisk saksedonkraft<\/li>\n<li>2\u00d7 sadler (korte og lange)<\/li>\n<li>3\u00d7 ekstra sikringer<\/li>\n<li>1\u00d7 Par arbejdshandsker<\/li>\n<li>1\u00d7 batteriklemmekabel<\/li>\n<li>1\u00d7 str\u00f8mkabel til cigarett\u00e6nder<\/li>\n<li>1\u00d7 Kraftig b\u00e6retaske med reflekterende trekant<\/li>\n<\/ul>\n<hr \/>\n<h3>\ud83d\udce6 Hvad er IKKE inkluderet:<\/h3>\n<p>Denne version <strong>inkluderer IKKE den elektriske slagn\u00f8gle.<\/strong><\/p>\n<hr \/>\n<h3>\ud83d\udd10 Hvorfor v\u00e6lge dette elektriske donkrafts\u00e6t?<\/h3>\n<ul>\n<li>Sikre, hurtige og praktiske d\u00e6kskift<\/li>\n<li>Dobbelt opladningsmetode giver fleksibilitet<\/li>\n<li>Alt-i-en-l\u00f8sning til vejhj\u00e6lp<\/li>\n<li>Perfekt gave eller v\u00e6rkt\u00f8j til bilejere, offroadere eller roadtrippere<\/li>\n<\/ul>\n<p>&nbsp;<\/p>","protected":false},"excerpt":{"rendered":"<p><strong>Hurtige, sikre og nemme d\u00e6kskift - ingen manuel indsats n\u00f8dvendig.<\/strong><br \/>\nL\u00f8ft dit k\u00f8ret\u00f8j og skift d\u00e6k p\u00e5 f\u00e5 minutter, uanset hvor du er.<\/p>","protected":false},"featured_media":5021,"comment_status":"open","ping_status":"closed","template":"","meta":{"_uag_custom_page_level_css":"","site-sidebar-layout":"default","site-content-layout":"","ast-site-content-layout":"default","site-content-style":"default","site-sidebar-style":"default","ast-global-header-display":"","ast-banner-title-visibility":"","ast-main-header-display":"","ast-hfb-above-header-display":"","ast-hfb-below-header-display":"","ast-hfb-mobile-header-display":"","site-post-title":"","ast-breadcrumbs-content":"","ast-featured-img":"","footer-sml-layout":"","theme-transparent-header-meta":"default","adv-header-id-meta":"","stick-header-meta":"","header-above-stick-meta":"","header-main-stick-meta":"","header-below-stick-meta":"","astra-migrate-meta-layouts":"set","ast-page-background-enabled":"default","ast-page-background-meta":{"desktop":{"background-color":"","background-image":"","background-repeat":"repeat","background-position":"center center","background-size":"auto","background-attachment":"scroll","background-type":"","background-media":"","overlay-type":"","overlay-color":"","overlay-opacity":"","overlay-gradient":""},"tablet":{"background-color":"","background-image":"","background-repeat":"repeat","background-position":"center center","background-size":"auto","background-attachment":"scroll","background-type":"","background-media":"","overlay-type":"","overlay-color":"","overlay-opacity":"","overlay-gradient":""},"mobile":{"background-color":"","background-image":"","background-repeat":"repeat","background-position":"center center","background-size":"auto","background-attachment":"scroll","background-type":"","background-media":"","overlay-type":"","overlay-color":"","overlay-opacity":"","overlay-gradient":""}},"ast-content-background-meta":{"desktop":{"background-color":"var(--ast-global-color-5)","background-image":"","background-repeat":"repeat","background-position":"center center","background-size":"auto","background-attachment":"scroll","background-type":"","background-media":"","overlay-type":"","overlay-color":"","overlay-opacity":"","overlay-gradient":""},"tablet":{"background-color":"var(--ast-global-color-5)","background-image":"","background-repeat":"repeat","background-position":"center center","background-size":"auto","background-attachment":"scroll","background-type":"","background-media":"","overlay-type":"","overlay-color":"","overlay-opacity":"","overlay-gradient":""},"mobile":{"background-color":"var(--ast-global-color-5)","background-image":"","background-repeat":"repeat","background-position":"center center","background-size":"auto","background-attachment":"scroll","background-type":"","background-media":"","overlay-type":"","overlay-color":"","overlay-opacity":"","overlay-gradient":""}}},"product_brand":[],"product_cat":[226],"product_tag":[],"class_list":{"0":"post-5031","1":"product","2":"type-product","3":"status-publish","4":"has-post-thumbnail","6":"product_cat-electronics","7":"desktop-align-left","8":"tablet-align-left","9":"mobile-align-left","10":"ast-product-gallery-layout-horizontal-slider","11":"ast-product-tabs-layout-horizontal","13":"first","14":"instock","15":"shipping-taxable","16":"purchasable","17":"product-type-simple"},"aioseo_notices":[],"uagb_featured_image_src":{"full":["https:\/\/speedxperts.com\/wp-content\/uploads\/2025\/06\/Sb5c5850544434c04bb902fd8f7576e57i.webp",1600,1600,false],"thumbnail":["https:\/\/speedxperts.com\/wp-content\/uploads\/2025\/06\/Sb5c5850544434c04bb902fd8f7576e57i-150x150.webp",150,150,true],"medium":["https:\/\/speedxperts.com\/wp-content\/uploads\/2025\/06\/Sb5c5850544434c04bb902fd8f7576e57i-300x300.webp",300,300,true],"medium_large":["https:\/\/speedxperts.com\/wp-content\/uploads\/2025\/06\/Sb5c5850544434c04bb902fd8f7576e57i-768x768.webp",768,768,true],"large":["https:\/\/speedxperts.com\/wp-content\/uploads\/2025\/06\/Sb5c5850544434c04bb902fd8f7576e57i-1024x1024.webp",1024,1024,true],"1536x1536":["https:\/\/speedxperts.com\/wp-content\/uploads\/2025\/06\/Sb5c5850544434c04bb902fd8f7576e57i-1536x1536.webp",1536,1536,true],"2048x2048":["https:\/\/speedxperts.com\/wp-content\/uploads\/2025\/06\/Sb5c5850544434c04bb902fd8f7576e57i.webp",1600,1600,false],"trp-custom-language-flag":["https:\/\/speedxperts.com\/wp-content\/uploads\/2025\/06\/Sb5c5850544434c04bb902fd8f7576e57i-12x12.webp",12,12,true],"woocommerce_thumbnail":["https:\/\/speedxperts.com\/wp-content\/uploads\/2025\/06\/Sb5c5850544434c04bb902fd8f7576e57i-300x300.webp",300,300,true],"woocommerce_single":["https:\/\/speedxperts.com\/wp-content\/uploads\/2025\/06\/Sb5c5850544434c04bb902fd8f7576e57i-600x600.webp",600,600,true],"woocommerce_gallery_thumbnail":["https:\/\/speedxperts.com\/wp-content\/uploads\/2025\/06\/Sb5c5850544434c04bb902fd8f7576e57i-100x100.webp",100,100,true]},"uagb_author_info":{"display_name":"Sebastian","author_link":"https:\/\/speedxperts.com\/da\/author\/"},"uagb_comment_info":0,"uagb_excerpt":"Fast, safe, and easy tire changes \u2013 no manual effort needed. Lift your vehicle and change tires within minutes, wherever you are.","jetpack_sharing_enabled":true,"_links":{"self":[{"href":"https:\/\/speedxperts.com\/da\/wp-json\/wp\/v2\/product\/5031","targetHints":{"allow":["GET"]}}],"collection":[{"href":"https:\/\/speedxperts.com\/da\/wp-json\/wp\/v2\/product"}],"about":[{"href":"https:\/\/speedxperts.com\/da\/wp-json\/wp\/v2\/types\/product"}],"replies":[{"embeddable":true,"href":"https:\/\/speedxperts.com\/da\/wp-json\/wp\/v2\/comments?post=5031"}],"wp:featuredmedia":[{"embeddable":true,"href":"https:\/\/speedxperts.com\/da\/wp-json\/wp\/v2\/media\/5021"}],"wp:attachment":[{"href":"https:\/\/speedxperts.com\/da\/wp-json\/wp\/v2\/media?parent=5031"}],"wp:term":[{"taxonomy":"product_brand","embeddable":true,"href":"https:\/\/speedxperts.com\/da\/wp-json\/wp\/v2\/product_brand?post=5031"},{"taxonomy":"product_cat","embeddable":true,"href":"https:\/\/speedxperts.com\/da\/wp-json\/wp\/v2\/product_cat?post=5031"},{"taxonomy":"product_tag","embeddable":true,"href":"https:\/\/speedxperts.com\/da\/wp-json\/wp\/v2\/product_tag?post=5031"}],"curies":[{"name":"wp","href":"https:\/\/api.w.org\/{rel}","templated":true}]}}