{"id":5057,"date":"2025-06-06T11:31:15","date_gmt":"2025-06-06T10:31:15","guid":{"rendered":"https:\/\/speedxperts.com\/?post_type=product&#038;p=5057"},"modified":"2026-03-23T14:40:43","modified_gmt":"2026-03-23T13:40:43","slug":"vgate-icar-pro-2s-elm327-bluetooth-5-3-obd2-diagnosticeringsvaerktoj-til-android-ios-pc-understotter-evs-hybrider","status":"publish","type":"product","link":"https:\/\/speedxperts.com\/da\/product\/vgate-icar-pro-2s-elm327-bluetooth-5-3-obd2-diagnosticeringsvaerktoj-til-android-ios-pc-understotter-evs-hybrider\/","title":{"rendered":"Vgate iCar Pro 2S ELM327 Bluetooth 5.3 - OBD2-diagnosev\u00e6rkt\u00f8j til Android, iOS &amp; PC | Underst\u00f8tter elbiler og hybridbiler"},"content":{"rendered":"<h3>\u2705 N\u00f8glefunktioner<\/h3>\n<p><strong>\ud83c\udd95 Opgraderet fra iCar Pro:<\/strong><\/p>\n<ul>\n<li>Ny <strong>Bluetooth 5.3<\/strong> version -. <strong>hurtigere parring og stabil forbindelse<\/strong><\/li>\n<li>Underst\u00f8tter <strong>Android, iOS og Windows PC<\/strong><\/li>\n<li>Underst\u00f8tter nu <strong>Hybrid- og elk\u00f8ret\u00f8jer (EV'er)<\/strong><\/li>\n<li>Nyt bl\u00e5t LED-ringlys giver et moderne look<\/li>\n<\/ul>\n<p><strong>\ud83d\udd27 Diagnostik i professionel kvalitet:<\/strong><\/p>\n<ul>\n<li>L\u00e6s og fjern producentspecifikke og generiske fejlkoder (DTC'er)<\/li>\n<li>F\u00e5 adgang til live ECU-sensordata: Omdrejningstal, br\u00e6ndstoftryk, k\u00f8lev\u00e6sketemperatur, O2-sensorer osv.<\/li>\n<li>Over 200+ parametre kan ses via tredjepartsapps<\/li>\n<li>Indbyggede filtre til pass\/block\/flow-kontrol (op til 208 grupper)<\/li>\n<\/ul>\n<p><strong>\u26a1\ufe0f Low Power Mode + Auto Sleep\/Wake:<\/strong><\/p>\n<ul>\n<li>Arbejder ved kun 34 mA<\/li>\n<li>Auto-sleep ved 3 mA for at beskytte dit batteri<\/li>\n<li>Indeholder nu <strong>Automatisk opv\u00e5gning for elbiler og hybrider<\/strong><\/li>\n<\/ul>\n<p><strong>\ud83d\udee1\ufe0f Smart sikkerhed og kompatibilitet:<\/strong><\/p>\n<ul>\n<li>Beskyttelse mod oversp\u00e6nding, overstr\u00f8m og overtemperatur<\/li>\n<li>Underst\u00f8tter fuldt ud alle 12V OBD2\/EOBD-protokoller<\/li>\n<li>Kompatibel med benzinbiler (2001+ EU), dieselbiler (2003\/2004+ EU) og modeller fra USA\/Canada (1996+)<\/li>\n<\/ul>\n<p><strong>\ud83d\udcf1 Fungerer med popul\u00e6re OBD-apps:<\/strong><\/p>\n<ul>\n<li>Drejningsmoment<\/li>\n<li>Bilscanner<\/li>\n<li>OBD Fusion<\/li>\n<li>Dr. Prius<\/li>\n<li>Auto Doctor<\/li>\n<li>Og mange flere!<\/li>\n<\/ul>\n<hr \/>\n<h3>\ud83d\udd17 Guide til nem tilslutning:<\/h3>\n<p><strong>Til Android:<\/strong><\/p>\n<ol>\n<li>T\u00e6nd for Bluetooth<\/li>\n<li>S\u00f8g efter <strong>Android-Vlink<\/strong><\/li>\n<li>Indtast parringskode: <strong>1234<\/strong><\/li>\n<li>\u00c5bn appen, og opret forbindelse<\/li>\n<\/ol>\n<p><strong>Til iOS:<\/strong><\/p>\n<ul>\n<li>Bare t\u00e6nd for Bluetooth og opret forbindelse via app (ingen manuel parring n\u00f8dvendig)<\/li>\n<\/ul>\n<p><strong>Til Windows-pc:<\/strong><\/p>\n<ul>\n<li>Samme som Android: s\u00f8gning <strong>Android-Vlink<\/strong>, par med kode <strong>1234<\/strong>og opret derefter forbindelse i appen<\/li>\n<\/ul>\n<hr \/>\n<h3>\u2699\ufe0f Specifikationer:<\/h3>\n<ul>\n<li><strong>Bluetooth-version:<\/strong> 5.3<\/li>\n<li><strong>Str\u00f8mforsyning:<\/strong> 12V k\u00f8ret\u00f8jer (benzin\/diesel\/hybrid\/EV)<\/li>\n<li><strong>Driftsstr\u00f8m:<\/strong> 34 mA (aktiv), 3 mA (tomgang)<\/li>\n<li><strong>Underst\u00f8ttede protokoller:<\/strong> Alle OBD2- og EOBD-standarder<\/li>\n<li><strong>Operativsystemer:<\/strong> Android \/ iOS \/ Windows<\/li>\n<li><strong>Driftstemp:<\/strong> -40\u00b0C til +85\u00b0C<\/li>\n<li><strong>Ydre ring Lysfarve:<\/strong> Bl\u00e5<\/li>\n<\/ul>\n<hr \/>\n<h3>\ud83d\udce6 Hvad er der i \u00e6sken?<\/h3>\n<ul>\n<li>1 \u00d7 Vgate iCar Pro 2S OBDII-adapter<\/li>\n<li>1 \u00d7 Brugervejledning<\/li>\n<\/ul>\n<hr \/>\n<h3>\ud83d\udd0d SEO-n\u00f8gleord:<\/h3>\n<p><em>Vgate iCar Pro 2S<\/em>, <em>ELM327 Bluetooth 5.3 OBD2-scanner<\/em>, <em>Bildiagnosticeringsv\u00e6rkt\u00f8j til EV-hybrid iOS Android PC<\/em>, <em>Vgate Bluetooth OBDII-adapter<\/em>, <em>iCar Pro 2S autoscanner<\/em>, <em>Bluetooth 5.3 OBDII-dongle til Android iPhone<\/em><\/p>","protected":false},"excerpt":{"rendered":"<p>Opgrader din diagnostik med <strong>Vgate iCar Pro 2S<\/strong> - en n\u00e6ste generations <strong>Bluetooth 5.3 OBD2-scanner<\/strong> designet til <strong>Android, iOS og Windows PC<\/strong>. Dette h\u00f8jtydende v\u00e6rkt\u00f8j tilbyder <strong>hurtigere forbindelse<\/strong>, <strong>lavt str\u00f8mforbrug<\/strong>og underst\u00f8tter endda <strong>Hybrid- og elbiler<\/strong>. Uanset om du er bilentusiast eller professionel mekaniker, giver denne kompakte, men kraftfulde scanner dig p\u00e5lidelig indsigt i bilens tilstand i realtid.<\/p>","protected":false},"featured_media":5052,"comment_status":"open","ping_status":"closed","template":"","meta":{"_uag_custom_page_level_css":"","site-sidebar-layout":"default","site-content-layout":"","ast-site-content-layout":"default","site-content-style":"default","site-sidebar-style":"default","ast-global-header-display":"","ast-banner-title-visibility":"","ast-main-header-display":"","ast-hfb-above-header-display":"","ast-hfb-below-header-display":"","ast-hfb-mobile-header-display":"","site-post-title":"","ast-breadcrumbs-content":"","ast-featured-img":"","footer-sml-layout":"","theme-transparent-header-meta":"default","adv-header-id-meta":"","stick-header-meta":"","header-above-stick-meta":"","header-main-stick-meta":"","header-below-stick-meta":"","astra-migrate-meta-layouts":"set","ast-page-background-enabled":"default","ast-page-background-meta":{"desktop":{"background-color":"","background-image":"","background-repeat":"repeat","background-position":"center center","background-size":"auto","background-attachment":"scroll","background-type":"","background-media":"","overlay-type":"","overlay-color":"","overlay-opacity":"","overlay-gradient":""},"tablet":{"background-color":"","background-image":"","background-repeat":"repeat","background-position":"center center","background-size":"auto","background-attachment":"scroll","background-type":"","background-media":"","overlay-type":"","overlay-color":"","overlay-opacity":"","overlay-gradient":""},"mobile":{"background-color":"","background-image":"","background-repeat":"repeat","background-position":"center center","background-size":"auto","background-attachment":"scroll","background-type":"","background-media":"","overlay-type":"","overlay-color":"","overlay-opacity":"","overlay-gradient":""}},"ast-content-background-meta":{"desktop":{"background-color":"var(--ast-global-color-5)","background-image":"","background-repeat":"repeat","background-position":"center center","background-size":"auto","background-attachment":"scroll","background-type":"","background-media":"","overlay-type":"","overlay-color":"","overlay-opacity":"","overlay-gradient":""},"tablet":{"background-color":"var(--ast-global-color-5)","background-image":"","background-repeat":"repeat","background-position":"center center","background-size":"auto","background-attachment":"scroll","background-type":"","background-media":"","overlay-type":"","overlay-color":"","overlay-opacity":"","overlay-gradient":""},"mobile":{"background-color":"var(--ast-global-color-5)","background-image":"","background-repeat":"repeat","background-position":"center center","background-size":"auto","background-attachment":"scroll","background-type":"","background-media":"","overlay-type":"","overlay-color":"","overlay-opacity":"","overlay-gradient":""}}},"product_brand":[],"product_cat":[70],"product_tag":[],"class_list":{"0":"post-5057","1":"product","2":"type-product","3":"status-publish","4":"has-post-thumbnail","6":"product_cat-diagnostic-tools","7":"desktop-align-left","8":"tablet-align-left","9":"mobile-align-left","10":"ast-product-gallery-layout-horizontal-slider","11":"ast-product-tabs-layout-horizontal","13":"first","14":"instock","15":"shipping-taxable","16":"purchasable","17":"product-type-simple"},"aioseo_notices":[],"uagb_featured_image_src":{"full":["https:\/\/speedxperts.com\/wp-content\/uploads\/2025\/06\/Se1f61ba09f4d4279a10ea4d689f1623f8.webp",1000,1000,false],"thumbnail":["https:\/\/speedxperts.com\/wp-content\/uploads\/2025\/06\/Se1f61ba09f4d4279a10ea4d689f1623f8-150x150.webp",150,150,true],"medium":["https:\/\/speedxperts.com\/wp-content\/uploads\/2025\/06\/Se1f61ba09f4d4279a10ea4d689f1623f8-300x300.webp",300,300,true],"medium_large":["https:\/\/speedxperts.com\/wp-content\/uploads\/2025\/06\/Se1f61ba09f4d4279a10ea4d689f1623f8-768x768.webp",768,768,true],"large":["https:\/\/speedxperts.com\/wp-content\/uploads\/2025\/06\/Se1f61ba09f4d4279a10ea4d689f1623f8.webp",1000,1000,false],"1536x1536":["https:\/\/speedxperts.com\/wp-content\/uploads\/2025\/06\/Se1f61ba09f4d4279a10ea4d689f1623f8.webp",1000,1000,false],"2048x2048":["https:\/\/speedxperts.com\/wp-content\/uploads\/2025\/06\/Se1f61ba09f4d4279a10ea4d689f1623f8.webp",1000,1000,false],"trp-custom-language-flag":["https:\/\/speedxperts.com\/wp-content\/uploads\/2025\/06\/Se1f61ba09f4d4279a10ea4d689f1623f8-12x12.webp",12,12,true],"woocommerce_thumbnail":["https:\/\/speedxperts.com\/wp-content\/uploads\/2025\/06\/Se1f61ba09f4d4279a10ea4d689f1623f8-300x300.webp",300,300,true],"woocommerce_single":["https:\/\/speedxperts.com\/wp-content\/uploads\/2025\/06\/Se1f61ba09f4d4279a10ea4d689f1623f8-600x600.webp",600,600,true],"woocommerce_gallery_thumbnail":["https:\/\/speedxperts.com\/wp-content\/uploads\/2025\/06\/Se1f61ba09f4d4279a10ea4d689f1623f8-100x100.webp",100,100,true]},"uagb_author_info":{"display_name":"Sebastian","author_link":"https:\/\/speedxperts.com\/da\/author\/"},"uagb_comment_info":1,"uagb_excerpt":"Upgrade your diagnostics with the Vgate iCar Pro 2S \u2013 a next-gen Bluetooth 5.3 OBD2 scanner designed for Android, iOS, and Windows PC. This high-performance tool offers faster connection, low power consumption, and even supports hybrid and electric vehicles. Whether you\u2019re a car enthusiast or a professional mechanic, this compact yet powerful scanner gives you&hellip;","jetpack_sharing_enabled":true,"_links":{"self":[{"href":"https:\/\/speedxperts.com\/da\/wp-json\/wp\/v2\/product\/5057","targetHints":{"allow":["GET"]}}],"collection":[{"href":"https:\/\/speedxperts.com\/da\/wp-json\/wp\/v2\/product"}],"about":[{"href":"https:\/\/speedxperts.com\/da\/wp-json\/wp\/v2\/types\/product"}],"replies":[{"embeddable":true,"href":"https:\/\/speedxperts.com\/da\/wp-json\/wp\/v2\/comments?post=5057"}],"wp:featuredmedia":[{"embeddable":true,"href":"https:\/\/speedxperts.com\/da\/wp-json\/wp\/v2\/media\/5052"}],"wp:attachment":[{"href":"https:\/\/speedxperts.com\/da\/wp-json\/wp\/v2\/media?parent=5057"}],"wp:term":[{"taxonomy":"product_brand","embeddable":true,"href":"https:\/\/speedxperts.com\/da\/wp-json\/wp\/v2\/product_brand?post=5057"},{"taxonomy":"product_cat","embeddable":true,"href":"https:\/\/speedxperts.com\/da\/wp-json\/wp\/v2\/product_cat?post=5057"},{"taxonomy":"product_tag","embeddable":true,"href":"https:\/\/speedxperts.com\/da\/wp-json\/wp\/v2\/product_tag?post=5057"}],"curies":[{"name":"wp","href":"https:\/\/api.w.org\/{rel}","templated":true}]}}