{"id":5249,"date":"2025-07-15T12:46:43","date_gmt":"2025-07-15T11:46:43","guid":{"rendered":"https:\/\/speedxperts.com\/?post_type=product&#038;p=5249"},"modified":"2025-09-27T09:11:57","modified_gmt":"2025-09-27T08:11:57","slug":"universal-12v-24v-relaetester-til-biler","status":"publish","type":"product","link":"https:\/\/speedxperts.com\/da\/product\/universal-12v-24v-relaetester-til-biler\/","title":{"rendered":"Universal 12V\/24V rel\u00e6-tester til biler"},"content":{"rendered":"<p><strong>Universal 12V\/24V rel\u00e6tester til biler: Dit uundv\u00e6rlige diagnosev\u00e6rkt\u00f8j<\/strong><\/p>\n<p>Universal Automotive Relay Tester er designet til at hj\u00e6lpe dig med effektivt at diagnosticere og teste bilrel\u00e6er, som er afg\u00f8rende for driften af forskellige bilsystemer, herunder lys, vinduesviskere, startere, klimaanl\u00e6g og meget mere. Dette p\u00e5lidelige v\u00e6rkt\u00f8j sikrer, at dine rel\u00e6er fungerer korrekt, og forhindrer systemfejl, der kan f\u00f8re til, at k\u00f8ret\u00f8jet ikke fungerer.<\/p>\n<p><strong>Vigtige funktioner:<\/strong><\/p>\n<ul>\n<li><strong>Omfattende test af rel\u00e6er<\/strong>: Testeren tilsluttes direkte til bilens batteri (11V-15V) for at kontrollere rel\u00e6spolen og vurdere rel\u00e6kontakternes funktionalitet og sikre, at de fungerer korrekt.<\/li>\n<li><strong>LED-indikatorer<\/strong>: Testeren har tydelige LED-indikatorer - r\u00f8d for unormal drift og gr\u00f8n for normal drift - som giver mulighed for hurtig visuel bekr\u00e6ftelse af rel\u00e6ets status.<\/li>\n<li><strong>Brugervenlig betjening<\/strong>: Testeren er designet til at v\u00e6re nem at bruge og giver dig mulighed for at v\u00e6lge mellem 4-pin og 5-pin rel\u00e6er, hvilket g\u00f8r den alsidig til forskellige anvendelser i bilindustrien.<\/li>\n<li><strong>Holdbar og b\u00e6rbar<\/strong>: Denne tester er bygget af materialer af h\u00f8j kvalitet og er b\u00e5de holdbar og let at b\u00e6re, hvilket g\u00f8r den til en praktisk tilf\u00f8jelse til enhver mekanikers v\u00e6rkt\u00f8jss\u00e6t.<\/li>\n<li><strong>Detaljeret testproces<\/strong>: Testeren udf\u00f8rer en r\u00e6kke kontroller, herunder kontaktens lukketid og rel\u00e6ets inerti, for at sikre en omfattende evaluering af rel\u00e6ets ydeevne.<\/li>\n<\/ul>\n<p><strong>S\u00e5dan bruger du v\u00e6rkt\u00f8jet<\/strong>:<\/p>\n<ol>\n<li>Tilslut str\u00f8mkablerne til bilens batteri: sort krokodillen\u00e6b til minuspolen og r\u00f8dt krokodillen\u00e6b til pluspolen.<\/li>\n<li>Testeren t\u00e6ndes, og den r\u00f8de LED lyser.<\/li>\n<li>V\u00e6lg den relevante rel\u00e6type (4-pin eller 5-pin) p\u00e5 testeren.<\/li>\n<li>S\u00e6t rel\u00e6et i en af de tre stikkontakter.<\/li>\n<li>Tryk p\u00e5 knappen \"TEST\" for at starte evalueringen.<\/li>\n<li>Testeren kontrollerer pin-konfigurationen og t\u00e6nder den r\u00f8de LED, hvis rel\u00e6et er unormalt.<\/li>\n<li>Den vil \u00e5bne og lukke rel\u00e6et 10 gange og m\u00e5le tiden for kontaktlukning og -\u00e5bning.<\/li>\n<li>Den gr\u00f8nne LED vil lyse, hvis rel\u00e6et best\u00e5r testen, ellers vil den r\u00f8de LED indikere en fejl.<\/li>\n<li>Afbryd str\u00f8mledningerne, og fjern rel\u00e6et efter testen.<\/li>\n<\/ol>\n<hr \/>\n<p><strong>S\u00f8rg for, at dit k\u00f8ret\u00f8js elektriske systemer er p\u00e5lidelige med Universal 12V\/24V Automotive Relay Tester. Dette vigtige v\u00e6rkt\u00f8j forenkler rel\u00e6diagnostik og hj\u00e6lper dig med at opretholde k\u00f8ret\u00f8jets optimale ydeevne og sikkerhed.<\/strong><\/p>","protected":false},"excerpt":{"rendered":"<p>Vi pr\u00e6senterer Universal 12V\/24V Automotive Relay Tester, et vigtigt v\u00e6rkt\u00f8j til at kontrollere funktionaliteten af bilens rel\u00e6er. Denne kompakte og holdbare tester giver dig mulighed for hurtigt at diagnosticere rel\u00e6problemer i bilsystemer og sikre p\u00e5lidelig drift af lys, vinduesviskere, startere og meget mere. Med nem betjening og tydelige LED-indikatorer er den et vigtigt tilbeh\u00f8r for enhver biltekniker.<\/p>","protected":false},"featured_media":5244,"comment_status":"open","ping_status":"closed","template":"","meta":{"_uag_custom_page_level_css":"","site-sidebar-layout":"default","site-content-layout":"","ast-site-content-layout":"default","site-content-style":"default","site-sidebar-style":"default","ast-global-header-display":"","ast-banner-title-visibility":"","ast-main-header-display":"","ast-hfb-above-header-display":"","ast-hfb-below-header-display":"","ast-hfb-mobile-header-display":"","site-post-title":"","ast-breadcrumbs-content":"","ast-featured-img":"","footer-sml-layout":"","theme-transparent-header-meta":"default","adv-header-id-meta":"","stick-header-meta":"","header-above-stick-meta":"","header-main-stick-meta":"","header-below-stick-meta":"","astra-migrate-meta-layouts":"set","ast-page-background-enabled":"default","ast-page-background-meta":{"desktop":{"background-color":"","background-image":"","background-repeat":"repeat","background-position":"center center","background-size":"auto","background-attachment":"scroll","background-type":"","background-media":"","overlay-type":"","overlay-color":"","overlay-opacity":"","overlay-gradient":""},"tablet":{"background-color":"","background-image":"","background-repeat":"repeat","background-position":"center center","background-size":"auto","background-attachment":"scroll","background-type":"","background-media":"","overlay-type":"","overlay-color":"","overlay-opacity":"","overlay-gradient":""},"mobile":{"background-color":"","background-image":"","background-repeat":"repeat","background-position":"center center","background-size":"auto","background-attachment":"scroll","background-type":"","background-media":"","overlay-type":"","overlay-color":"","overlay-opacity":"","overlay-gradient":""}},"ast-content-background-meta":{"desktop":{"background-color":"var(--ast-global-color-5)","background-image":"","background-repeat":"repeat","background-position":"center center","background-size":"auto","background-attachment":"scroll","background-type":"","background-media":"","overlay-type":"","overlay-color":"","overlay-opacity":"","overlay-gradient":""},"tablet":{"background-color":"var(--ast-global-color-5)","background-image":"","background-repeat":"repeat","background-position":"center center","background-size":"auto","background-attachment":"scroll","background-type":"","background-media":"","overlay-type":"","overlay-color":"","overlay-opacity":"","overlay-gradient":""},"mobile":{"background-color":"var(--ast-global-color-5)","background-image":"","background-repeat":"repeat","background-position":"center center","background-size":"auto","background-attachment":"scroll","background-type":"","background-media":"","overlay-type":"","overlay-color":"","overlay-opacity":"","overlay-gradient":""}}},"product_brand":[],"product_cat":[226],"product_tag":[],"class_list":{"0":"post-5249","1":"product","2":"type-product","3":"status-publish","4":"has-post-thumbnail","6":"product_cat-electronics","7":"desktop-align-left","8":"tablet-align-left","9":"mobile-align-left","10":"ast-product-gallery-layout-horizontal-slider","11":"ast-product-tabs-layout-horizontal","13":"first","14":"instock","15":"shipping-taxable","16":"purchasable","17":"product-type-simple"},"aioseo_notices":[],"uagb_featured_image_src":{"full":["https:\/\/speedxperts.com\/wp-content\/uploads\/2025\/07\/Ae7d7668eade242e9950753096bdab93bl.webp",1000,1000,false],"thumbnail":["https:\/\/speedxperts.com\/wp-content\/uploads\/2025\/07\/Ae7d7668eade242e9950753096bdab93bl-150x150.webp",150,150,true],"medium":["https:\/\/speedxperts.com\/wp-content\/uploads\/2025\/07\/Ae7d7668eade242e9950753096bdab93bl-300x300.webp",300,300,true],"medium_large":["https:\/\/speedxperts.com\/wp-content\/uploads\/2025\/07\/Ae7d7668eade242e9950753096bdab93bl-768x768.webp",768,768,true],"large":["https:\/\/speedxperts.com\/wp-content\/uploads\/2025\/07\/Ae7d7668eade242e9950753096bdab93bl.webp",1000,1000,false],"1536x1536":["https:\/\/speedxperts.com\/wp-content\/uploads\/2025\/07\/Ae7d7668eade242e9950753096bdab93bl.webp",1000,1000,false],"2048x2048":["https:\/\/speedxperts.com\/wp-content\/uploads\/2025\/07\/Ae7d7668eade242e9950753096bdab93bl.webp",1000,1000,false],"trp-custom-language-flag":["https:\/\/speedxperts.com\/wp-content\/uploads\/2025\/07\/Ae7d7668eade242e9950753096bdab93bl-12x12.webp",12,12,true],"woocommerce_thumbnail":["https:\/\/speedxperts.com\/wp-content\/uploads\/2025\/07\/Ae7d7668eade242e9950753096bdab93bl-300x300.webp",300,300,true],"woocommerce_single":["https:\/\/speedxperts.com\/wp-content\/uploads\/2025\/07\/Ae7d7668eade242e9950753096bdab93bl-600x600.webp",600,600,true],"woocommerce_gallery_thumbnail":["https:\/\/speedxperts.com\/wp-content\/uploads\/2025\/07\/Ae7d7668eade242e9950753096bdab93bl-100x100.webp",100,100,true]},"uagb_author_info":{"display_name":"Sebastian","author_link":"https:\/\/speedxperts.com\/da\/author\/"},"uagb_comment_info":0,"uagb_excerpt":"Introducing the Universal 12V\/24V Automotive Relay Tester, a vital tool for checking the functionality of automotive relays. This compact and durable tester allows you to quickly diagnose relay issues in car systems, ensuring reliable operation of lights, wipers, starters, and more. With easy operation and clear LED indicators, it\u2019s an essential accessory for any automotive&hellip;","jetpack_sharing_enabled":true,"_links":{"self":[{"href":"https:\/\/speedxperts.com\/da\/wp-json\/wp\/v2\/product\/5249","targetHints":{"allow":["GET"]}}],"collection":[{"href":"https:\/\/speedxperts.com\/da\/wp-json\/wp\/v2\/product"}],"about":[{"href":"https:\/\/speedxperts.com\/da\/wp-json\/wp\/v2\/types\/product"}],"replies":[{"embeddable":true,"href":"https:\/\/speedxperts.com\/da\/wp-json\/wp\/v2\/comments?post=5249"}],"wp:featuredmedia":[{"embeddable":true,"href":"https:\/\/speedxperts.com\/da\/wp-json\/wp\/v2\/media\/5244"}],"wp:attachment":[{"href":"https:\/\/speedxperts.com\/da\/wp-json\/wp\/v2\/media?parent=5249"}],"wp:term":[{"taxonomy":"product_brand","embeddable":true,"href":"https:\/\/speedxperts.com\/da\/wp-json\/wp\/v2\/product_brand?post=5249"},{"taxonomy":"product_cat","embeddable":true,"href":"https:\/\/speedxperts.com\/da\/wp-json\/wp\/v2\/product_cat?post=5249"},{"taxonomy":"product_tag","embeddable":true,"href":"https:\/\/speedxperts.com\/da\/wp-json\/wp\/v2\/product_tag?post=5249"}],"curies":[{"name":"wp","href":"https:\/\/api.w.org\/{rel}","templated":true}]}}