{"id":5259,"date":"2025-07-15T12:46:59","date_gmt":"2025-07-15T11:46:59","guid":{"rendered":"https:\/\/speedxperts.com\/?post_type=product&#038;p=5259"},"modified":"2025-07-15T13:01:23","modified_gmt":"2025-07-15T12:01:23","slug":"ancel-bd310-obd2-scanner","status":"publish","type":"product","link":"https:\/\/speedxperts.com\/da\/product\/ancel-bd310-obd2-scanner\/","title":{"rendered":"ANCEL BD310 OBD2-scanner"},"content":{"rendered":"<p><strong>L\u00e5s op for kraften i dit k\u00f8ret\u00f8j med ANCEL BD310 h\u00e5ndholdt og Bluetooth OBD2-scanner<\/strong><\/p>\n<p>ANCEL BD310 er ikke bare en almindelig OBD2-scanner; det er et omfattende diagnosev\u00e6rkt\u00f8j, der er designet til b\u00e5de bilentusiaster og almindelige bilister. Med indbygget Bluetooth 3.0+EDR og BLE 5.0-teknologi kan du nemt skifte mellem h\u00e5ndholdt og tr\u00e5dl\u00f8s tilstand, hvilket giver dig fleksibilitet til at diagnosticere dit k\u00f8ret\u00f8j hvor som helst.<\/p>\n<p><strong>Vigtige funktioner:<\/strong><\/p>\n<ul>\n<li><strong>Eksklusiv app<\/strong>: I mods\u00e6tning til andre tr\u00e5dl\u00f8se k\u00f8ret\u00f8jsoverv\u00e5gningsenheder, der er afh\u00e6ngige af tredjepartsapps, leveres BD310 med en propriet\u00e6r app, der er udviklet internt. Denne app l\u00e5ser op for alle avancerede funktioner uden skjulte gebyrer og sikrer en levetid med gratis opdateringer og problemfri funktionalitet.<\/li>\n<li><strong>Omfattende OBD2-funktioner<\/strong>: BD310 underst\u00f8tter alle v\u00e6sentlige OBD2-funktioner, herunder l\u00e6sning og sletning af fejlkoder, udf\u00f8relse af DTC-s\u00f8gninger, O2-sensortest, I\/M-parathedstjek og generering af detaljerede diagnoserapporter. Det er din alt-i-en-l\u00f8sning til k\u00f8ret\u00f8jsdiagnostik.<\/li>\n<li><strong>Test af ydeevne og trip-analyse<\/strong>: Overv\u00e5g din bils ydeevne i realtid med funktioner som live datastreaming, registrering af k\u00f8restatus og stemmeadvarsler for kritiske parametre som hastighed og temperatur. Det hj\u00e6lper dig med at identificere og korrigere d\u00e5rlige k\u00f8revaner.<\/li>\n<li><strong>Underst\u00f8ttelse af flere sprog<\/strong>: BD310 underst\u00f8tter otte sprog, herunder engelsk, fransk, tysk, spansk, italiensk, finsk og hollandsk, hvilket g\u00f8r den tilg\u00e6ngelig for et globalt publikum.<\/li>\n<li><strong>Livstids gratis opdateringer<\/strong>: Nyd livstids gratis opdateringer via Windows PC (kun Windows 7\/8\/10). Bem\u00e6rk, at opdateringer ikke underst\u00f8ttes p\u00e5 MAC eller Windows XP.<\/li>\n<li><strong>Brugervenligt design<\/strong>: BD310 har en magnetisk bilholder til nem montering, et 56-tommers kabel til udvidet r\u00e6kkevidde og et redigerbart dashboard, der giver dig mulighed for at tilpasse din sk\u00e6rm efter dine pr\u00e6ferencer.<\/li>\n<\/ul>\n<p><strong>Hvorfor v\u00e6lge ANCEL BD310?<\/strong><\/p>\n<ol>\n<li><strong>Omkostningseffektiv l\u00f8sning<\/strong>: F\u00e5 en h\u00e5ndholdt scanner, et Bluetooth-scanningsv\u00e6rkt\u00f8j, en batteritester og en HUD-m\u00e5ler i \u00e9n og samme enhed, s\u00e5 du sparer penge og plads.<\/li>\n<li><strong>Overv\u00e5gning i realtid<\/strong>: Hold styr p\u00e5 vigtige motorparametre som k\u00f8lev\u00e6sketemperatur, omdrejningstal og br\u00e6ndstofforbrug og s\u00f8rg for, at din bil k\u00f8rer problemfrit.<\/li>\n<li><strong>Automatisk sk\u00e6rmbillede-funktion<\/strong>: Optag kritiske data automatisk, n\u00e5r visse t\u00e6rskler overskrides, hvilket giver mulighed for rettidig diagnosticering og analyse.<\/li>\n<li><strong>Praktisk HUD-sk\u00e6rm<\/strong>: Brug din smartphone som head-up display til at se vigtige data under k\u00f8rslen, hvilket \u00f8ger sikkerheden og komforten.<\/li>\n<li><strong>Let at bruge<\/strong>: Uden m\u00e5nedlige abonnementsgebyrer eller skjulte omkostninger er BD310 designet til problemfri betjening, hvilket g\u00f8r den perfekt til b\u00e5de begyndere og erfarne brugere.<\/li>\n<\/ol>\n<p><strong>St\u00f8tte til forskellige biltyper<\/strong>: ANCEL BD310 er kompatibel med en lang r\u00e6kke k\u00f8ret\u00f8jer, hvilket g\u00f8r den til et uundv\u00e6rligt v\u00e6rkt\u00f8j for enhver bilejer.<\/p>\n<p>&nbsp;<\/p>","protected":false},"excerpt":{"rendered":"<p>Oplev ANCEL BD310 h\u00e5ndholdt og Bluetooth OBD2-scanner, et alsidigt diagnosev\u00e6rkt\u00f8j, der kombinerer h\u00e5ndholdt bekvemmelighed med Bluetooth-forbindelse. Dette multifunktionelle scanningsv\u00e6rkt\u00f8j har en eksklusiv app til realtidsoverv\u00e5gning, batteritest og ydelsesanalyse og er kompatibelt med iPhone, iPad og Android-enheder. Opgrader din k\u00f8ret\u00f8jsdiagnostik i dag!<\/p>","protected":false},"featured_media":5252,"comment_status":"open","ping_status":"closed","template":"","meta":{"_uag_custom_page_level_css":"","site-sidebar-layout":"default","site-content-layout":"","ast-site-content-layout":"default","site-content-style":"default","site-sidebar-style":"default","ast-global-header-display":"","ast-banner-title-visibility":"","ast-main-header-display":"","ast-hfb-above-header-display":"","ast-hfb-below-header-display":"","ast-hfb-mobile-header-display":"","site-post-title":"","ast-breadcrumbs-content":"","ast-featured-img":"","footer-sml-layout":"","ast-disable-related-posts":"","theme-transparent-header-meta":"default","adv-header-id-meta":"","stick-header-meta":"","header-above-stick-meta":"","header-main-stick-meta":"","header-below-stick-meta":"","astra-migrate-meta-layouts":"set","ast-page-background-enabled":"default","ast-page-background-meta":{"desktop":{"background-color":"","background-image":"","background-repeat":"repeat","background-position":"center center","background-size":"auto","background-attachment":"scroll","background-type":"","background-media":"","overlay-type":"","overlay-color":"","overlay-opacity":"","overlay-gradient":""},"tablet":{"background-color":"","background-image":"","background-repeat":"repeat","background-position":"center center","background-size":"auto","background-attachment":"scroll","background-type":"","background-media":"","overlay-type":"","overlay-color":"","overlay-opacity":"","overlay-gradient":""},"mobile":{"background-color":"","background-image":"","background-repeat":"repeat","background-position":"center center","background-size":"auto","background-attachment":"scroll","background-type":"","background-media":"","overlay-type":"","overlay-color":"","overlay-opacity":"","overlay-gradient":""}},"ast-content-background-meta":{"desktop":{"background-color":"var(--ast-global-color-5)","background-image":"","background-repeat":"repeat","background-position":"center center","background-size":"auto","background-attachment":"scroll","background-type":"","background-media":"","overlay-type":"","overlay-color":"","overlay-opacity":"","overlay-gradient":""},"tablet":{"background-color":"var(--ast-global-color-5)","background-image":"","background-repeat":"repeat","background-position":"center center","background-size":"auto","background-attachment":"scroll","background-type":"","background-media":"","overlay-type":"","overlay-color":"","overlay-opacity":"","overlay-gradient":""},"mobile":{"background-color":"var(--ast-global-color-5)","background-image":"","background-repeat":"repeat","background-position":"center center","background-size":"auto","background-attachment":"scroll","background-type":"","background-media":"","overlay-type":"","overlay-color":"","overlay-opacity":"","overlay-gradient":""}}},"product_brand":[],"product_cat":[70],"product_tag":[],"class_list":{"0":"post-5259","1":"product","2":"type-product","3":"status-publish","4":"has-post-thumbnail","6":"product_cat-diagnostic-tools","7":"desktop-align-left","8":"tablet-align-left","9":"mobile-align-left","10":"ast-product-gallery-layout-horizontal-slider","11":"ast-product-tabs-layout-horizontal","13":"first","14":"instock","15":"shipping-taxable","16":"purchasable","17":"product-type-simple"},"aioseo_notices":[],"uagb_featured_image_src":{"full":["https:\/\/speedxperts.com\/wp-content\/uploads\/2025\/07\/a1590003-f0ea-45cb-a25f-6b1c16859666730096.png",1000,1000,false],"thumbnail":["https:\/\/speedxperts.com\/wp-content\/uploads\/2025\/07\/a1590003-f0ea-45cb-a25f-6b1c16859666730096-150x150.png",150,150,true],"medium":["https:\/\/speedxperts.com\/wp-content\/uploads\/2025\/07\/a1590003-f0ea-45cb-a25f-6b1c16859666730096-300x300.png",300,300,true],"medium_large":["https:\/\/speedxperts.com\/wp-content\/uploads\/2025\/07\/a1590003-f0ea-45cb-a25f-6b1c16859666730096-768x768.png",768,768,true],"large":["https:\/\/speedxperts.com\/wp-content\/uploads\/2025\/07\/a1590003-f0ea-45cb-a25f-6b1c16859666730096.png",1000,1000,false],"1536x1536":["https:\/\/speedxperts.com\/wp-content\/uploads\/2025\/07\/a1590003-f0ea-45cb-a25f-6b1c16859666730096.png",1000,1000,false],"2048x2048":["https:\/\/speedxperts.com\/wp-content\/uploads\/2025\/07\/a1590003-f0ea-45cb-a25f-6b1c16859666730096.png",1000,1000,false],"trp-custom-language-flag":["https:\/\/speedxperts.com\/wp-content\/uploads\/2025\/07\/a1590003-f0ea-45cb-a25f-6b1c16859666730096-12x12.png",12,12,true],"woocommerce_thumbnail":["https:\/\/speedxperts.com\/wp-content\/uploads\/2025\/07\/a1590003-f0ea-45cb-a25f-6b1c16859666730096-300x300.png",300,300,true],"woocommerce_single":["https:\/\/speedxperts.com\/wp-content\/uploads\/2025\/07\/a1590003-f0ea-45cb-a25f-6b1c16859666730096-600x600.png",600,600,true],"woocommerce_gallery_thumbnail":["https:\/\/speedxperts.com\/wp-content\/uploads\/2025\/07\/a1590003-f0ea-45cb-a25f-6b1c16859666730096-100x100.png",100,100,true]},"uagb_author_info":{"display_name":"Sebastian","author_link":"https:\/\/speedxperts.com\/da\/author\/"},"uagb_comment_info":0,"uagb_excerpt":"Discover the ANCEL BD310 Handheld &amp; Bluetooth OBD2 Scanner, a versatile diagnostic tool that combines handheld convenience with Bluetooth connectivity. Featuring an exclusive app for real-time monitoring, battery testing, and performance analysis, this multi-function scan tool is compatible with iPhone, iPad, and Android devices. Upgrade your vehicle diagnostics today!","jetpack_sharing_enabled":true,"_links":{"self":[{"href":"https:\/\/speedxperts.com\/da\/wp-json\/wp\/v2\/product\/5259","targetHints":{"allow":["GET"]}}],"collection":[{"href":"https:\/\/speedxperts.com\/da\/wp-json\/wp\/v2\/product"}],"about":[{"href":"https:\/\/speedxperts.com\/da\/wp-json\/wp\/v2\/types\/product"}],"replies":[{"embeddable":true,"href":"https:\/\/speedxperts.com\/da\/wp-json\/wp\/v2\/comments?post=5259"}],"wp:featuredmedia":[{"embeddable":true,"href":"https:\/\/speedxperts.com\/da\/wp-json\/wp\/v2\/media\/5252"}],"wp:attachment":[{"href":"https:\/\/speedxperts.com\/da\/wp-json\/wp\/v2\/media?parent=5259"}],"wp:term":[{"taxonomy":"product_brand","embeddable":true,"href":"https:\/\/speedxperts.com\/da\/wp-json\/wp\/v2\/product_brand?post=5259"},{"taxonomy":"product_cat","embeddable":true,"href":"https:\/\/speedxperts.com\/da\/wp-json\/wp\/v2\/product_cat?post=5259"},{"taxonomy":"product_tag","embeddable":true,"href":"https:\/\/speedxperts.com\/da\/wp-json\/wp\/v2\/product_tag?post=5259"}],"curies":[{"name":"wp","href":"https:\/\/api.w.org\/{rel}","templated":true}]}}