{"id":6778,"date":"2025-11-26T09:06:37","date_gmt":"2025-11-26T08:06:37","guid":{"rendered":"https:\/\/speedxperts.com\/product\/heated-car-seat-cover-with-graphene-black\/"},"modified":"2025-11-26T09:10:36","modified_gmt":"2025-11-26T08:10:36","slug":"opvarmet-bilsaedeovertraek-med-grafen-sort","status":"publish","type":"product","link":"https:\/\/speedxperts.com\/da\/product\/opvarmet-bilsaedeovertraek-med-grafen-sort\/","title":{"rendered":"Opvarmet bils\u00e6deovertr\u00e6k med Graphene - sort"},"content":{"rendered":"<p>Nyd \u00f8jeblikkelig varme og bl\u00f8d komfort hele vinteren med denne <strong>Opvarmet betr\u00e6k til bils\u00e6der af grafen<\/strong>. Den er lavet af bl\u00f8d, varm fleece og drives af avancerede varmelag af grafen og leverer hurtig, j\u00e6vn varme, samtidig med at den beskytter dit s\u00e6de. Kompatibel med b\u00e5de <strong>12 V og 24 V<\/strong> er den ideel til biler, SUV'er, varevogne og lastbiler.<\/p>\n<p>Vigtige funktioner<\/p>\n<ul>\n<li>\n<p><strong>30 sekunders hurtig opvarmning<\/strong><br \/>\n\tT\u00e6nder i <strong>h\u00f8j tilstand som standard<\/strong>, s\u00e5 du f\u00f8ler varme i ca. <strong>30 sekunder<\/strong>-perfekt til koldstart og lange pendlerture.<\/p>\n<\/li>\n<li>\n<p><strong>Intelligent temperaturkontrol<\/strong><\/p>\n<ul>\n<li>Begynder p\u00e5 <strong>H\u00f8j (\u224825 W)<\/strong>, og skifter derefter automatisk til <strong>Medium (\u224820 W)<\/strong> efter ca. <strong>10 minutter<\/strong> for komfort.<\/li>\n<li>Tre niveauer: <strong>H\u00f8j \/ Mellem \/ Lav (\u224813 W)<\/strong> med en digital, intelligent controller.<\/li>\n<li>Indbygget <strong>50-minutters timer<\/strong> for en sikkerheds skyld, hvis du glemmer at slukke for den.<\/li>\n<\/ul>\n<\/li>\n<li>\n<p><strong>Teknologi til opvarmning af grafenlag<\/strong><\/p>\n<ul>\n<li>To varmelag af grafen til <strong>hurtig, ensartet opvarmning<\/strong>.<\/li>\n<li>Energieffektiv, fleksibel og modstandsdygtig over for h\u00f8je temperaturer og gentagne foldninger.<\/li>\n<\/ul>\n<\/li>\n<li>\n<p><strong>Bl\u00f8d og varm fleeceoverflade<\/strong><\/p>\n<ul>\n<li>Plys, granuleret fl\u00f8jl giver et hyggeligt, bl\u00f8dt touch, selv n\u00e5r varmen er slukket.<\/li>\n<li>Komfortabel til hverdagsk\u00f8rsel om efter\u00e5ret og vinteren.<\/li>\n<\/ul>\n<\/li>\n<li>\n<p><strong>Sikker og nem at bruge<\/strong><\/p>\n<ul>\n<li><strong>Flammeh\u00e6mmende<\/strong> 12V\/24V cigarett\u00e6nderstik.<\/li>\n<li>Kortslutningsbeskyttelse og sikker str\u00f8mtilslutning.<\/li>\n<li>Justerbare sp\u00e6nder hj\u00e6lper puden med at passe til de fleste s\u00e6der og blive p\u00e5 plads.<\/li>\n<\/ul>\n<\/li>\n<li>\n<p><strong>Universal 12V \/ 24V-kompatibilitet<\/strong><\/p>\n<ul>\n<li>Passer til de fleste personbiler, SUV'er og mange lastbiler med <strong>12V eller 24V udtag<\/strong>.<\/li>\n<\/ul>\n<\/li>\n<\/ul>\n<p>Specifikationer<\/p>\n<ul>\n<li>Produkt: Opvarmet bils\u00e6deovertr\u00e6k \/ s\u00e6devarmem\u00e5tte<\/li>\n<li>Materiale: Varm fleece<\/li>\n<li>Farver: <strong>Sort, gr\u00e5, orange<\/strong><\/li>\n<li>St\u00f8rrelse: ca. <strong>104 \u00d7 52 cm<\/strong><\/li>\n<li>Indgangssp\u00e6nding: <strong>12\/24 V<\/strong><\/li>\n<li>Effektniveauer:\n<ul>\n<li>H\u00f8j: <strong>25 W<\/strong><\/li>\n<li>Medium: <strong>20 W<\/strong><\/li>\n<li>Lavt: <strong>13 W<\/strong><\/li>\n<\/ul>\n<\/li>\n<\/ul>\n<p>Opgrader din vinterk\u00f8rsel med en <strong>grafen-drevet, plysopvarmet s\u00e6depude<\/strong> der kombinerer hurtig opvarmning, intelligent styring og bl\u00f8d komfort i et universelt cover.<\/p>\n<p>&nbsp;<\/p>","protected":false},"excerpt":{"rendered":"<p>Enjoy instant warmth and soft comfort all winter with this Graphene Heated Car Seat Cover. Made from plush, warm fleece and powered by advanced graphene heating layers, it delivers fast, even heat while protecting your seat. Compatible with both 12V and 24V vehicles, it&rsquo;s ideal for cars, SUVs, vans, and trucks. Key Features 30\u2011Second Fast [&hellip;]<\/p>","protected":false},"featured_media":6771,"comment_status":"open","ping_status":"closed","template":"","meta":{"_uag_custom_page_level_css":"","site-sidebar-layout":"default","site-content-layout":"","ast-site-content-layout":"default","site-content-style":"default","site-sidebar-style":"default","ast-global-header-display":"","ast-banner-title-visibility":"","ast-main-header-display":"","ast-hfb-above-header-display":"","ast-hfb-below-header-display":"","ast-hfb-mobile-header-display":"","site-post-title":"","ast-breadcrumbs-content":"","ast-featured-img":"","footer-sml-layout":"","theme-transparent-header-meta":"","adv-header-id-meta":"","stick-header-meta":"","header-above-stick-meta":"","header-main-stick-meta":"","header-below-stick-meta":"","astra-migrate-meta-layouts":"default","ast-page-background-enabled":"default","ast-page-background-meta":{"desktop":{"background-color":"","background-image":"","background-repeat":"repeat","background-position":"center center","background-size":"auto","background-attachment":"scroll","background-type":"","background-media":"","overlay-type":"","overlay-color":"","overlay-opacity":"","overlay-gradient":""},"tablet":{"background-color":"","background-image":"","background-repeat":"repeat","background-position":"center center","background-size":"auto","background-attachment":"scroll","background-type":"","background-media":"","overlay-type":"","overlay-color":"","overlay-opacity":"","overlay-gradient":""},"mobile":{"background-color":"","background-image":"","background-repeat":"repeat","background-position":"center center","background-size":"auto","background-attachment":"scroll","background-type":"","background-media":"","overlay-type":"","overlay-color":"","overlay-opacity":"","overlay-gradient":""}},"ast-content-background-meta":{"desktop":{"background-color":"var(--ast-global-color-5)","background-image":"","background-repeat":"repeat","background-position":"center center","background-size":"auto","background-attachment":"scroll","background-type":"","background-media":"","overlay-type":"","overlay-color":"","overlay-opacity":"","overlay-gradient":""},"tablet":{"background-color":"var(--ast-global-color-5)","background-image":"","background-repeat":"repeat","background-position":"center center","background-size":"auto","background-attachment":"scroll","background-type":"","background-media":"","overlay-type":"","overlay-color":"","overlay-opacity":"","overlay-gradient":""},"mobile":{"background-color":"var(--ast-global-color-5)","background-image":"","background-repeat":"repeat","background-position":"center center","background-size":"auto","background-attachment":"scroll","background-type":"","background-media":"","overlay-type":"","overlay-color":"","overlay-opacity":"","overlay-gradient":""}}},"product_brand":[],"product_cat":[1074,72,227],"product_tag":[],"class_list":{"0":"post-6778","1":"product","2":"type-product","3":"status-publish","4":"has-post-thumbnail","6":"product_cat-heated-seat-covers","7":"product_cat-interior-accessories","8":"product_cat-winter-accessories","9":"desktop-align-left","10":"tablet-align-left","11":"mobile-align-left","12":"ast-product-gallery-layout-horizontal-slider","13":"ast-product-single-variable","14":"ast-product-tabs-layout-horizontal","16":"first","17":"instock","18":"shipping-taxable","19":"purchasable","20":"product-type-variable"},"aioseo_notices":[],"uagb_featured_image_src":{"full":["https:\/\/speedxperts.com\/wp-content\/uploads\/2025\/11\/S7739fb8f44814f9cb053f4f69d3e3e62U.webp",800,800,false],"thumbnail":["https:\/\/speedxperts.com\/wp-content\/uploads\/2025\/11\/S7739fb8f44814f9cb053f4f69d3e3e62U-150x150.webp",150,150,true],"medium":["https:\/\/speedxperts.com\/wp-content\/uploads\/2025\/11\/S7739fb8f44814f9cb053f4f69d3e3e62U-300x300.webp",300,300,true],"medium_large":["https:\/\/speedxperts.com\/wp-content\/uploads\/2025\/11\/S7739fb8f44814f9cb053f4f69d3e3e62U-768x768.webp",768,768,true],"large":["https:\/\/speedxperts.com\/wp-content\/uploads\/2025\/11\/S7739fb8f44814f9cb053f4f69d3e3e62U.webp",800,800,false],"1536x1536":["https:\/\/speedxperts.com\/wp-content\/uploads\/2025\/11\/S7739fb8f44814f9cb053f4f69d3e3e62U.webp",800,800,false],"2048x2048":["https:\/\/speedxperts.com\/wp-content\/uploads\/2025\/11\/S7739fb8f44814f9cb053f4f69d3e3e62U.webp",800,800,false],"trp-custom-language-flag":["https:\/\/speedxperts.com\/wp-content\/uploads\/2025\/11\/S7739fb8f44814f9cb053f4f69d3e3e62U-12x12.webp",12,12,true],"woocommerce_thumbnail":["https:\/\/speedxperts.com\/wp-content\/uploads\/2025\/11\/S7739fb8f44814f9cb053f4f69d3e3e62U-300x300.webp",300,300,true],"woocommerce_single":["https:\/\/speedxperts.com\/wp-content\/uploads\/2025\/11\/S7739fb8f44814f9cb053f4f69d3e3e62U-600x600.webp",600,600,true],"woocommerce_gallery_thumbnail":["https:\/\/speedxperts.com\/wp-content\/uploads\/2025\/11\/S7739fb8f44814f9cb053f4f69d3e3e62U-100x100.webp",100,100,true]},"uagb_author_info":{"display_name":"Sebastian","author_link":"https:\/\/speedxperts.com\/da\/author\/"},"uagb_comment_info":0,"uagb_excerpt":"Enjoy instant warmth and soft comfort all winter with this Graphene Heated Car Seat Cover. Made from plush, warm fleece and powered by advanced graphene heating layers, it delivers fast, even heat while protecting your seat. Compatible with both 12V and 24V vehicles, it&rsquo;s ideal for cars, SUVs, vans, and trucks. Key Features 30\u2011Second Fast&hellip;","jetpack_sharing_enabled":true,"_links":{"self":[{"href":"https:\/\/speedxperts.com\/da\/wp-json\/wp\/v2\/product\/6778","targetHints":{"allow":["GET"]}}],"collection":[{"href":"https:\/\/speedxperts.com\/da\/wp-json\/wp\/v2\/product"}],"about":[{"href":"https:\/\/speedxperts.com\/da\/wp-json\/wp\/v2\/types\/product"}],"replies":[{"embeddable":true,"href":"https:\/\/speedxperts.com\/da\/wp-json\/wp\/v2\/comments?post=6778"}],"wp:featuredmedia":[{"embeddable":true,"href":"https:\/\/speedxperts.com\/da\/wp-json\/wp\/v2\/media\/6771"}],"wp:attachment":[{"href":"https:\/\/speedxperts.com\/da\/wp-json\/wp\/v2\/media?parent=6778"}],"wp:term":[{"taxonomy":"product_brand","embeddable":true,"href":"https:\/\/speedxperts.com\/da\/wp-json\/wp\/v2\/product_brand?post=6778"},{"taxonomy":"product_cat","embeddable":true,"href":"https:\/\/speedxperts.com\/da\/wp-json\/wp\/v2\/product_cat?post=6778"},{"taxonomy":"product_tag","embeddable":true,"href":"https:\/\/speedxperts.com\/da\/wp-json\/wp\/v2\/product_tag?post=6778"}],"curies":[{"name":"wp","href":"https:\/\/api.w.org\/{rel}","templated":true}]}}