{"id":59,"date":"2024-09-26T10:47:21","date_gmt":"2024-09-26T10:47:21","guid":{"rendered":"https:\/\/speedxperts.com\/about\/"},"modified":"2025-01-30T14:15:52","modified_gmt":"2025-01-30T13:15:52","slug":"uber","status":"publish","type":"page","link":"https:\/\/speedxperts.com\/de\/uber\/","title":{"rendered":"\u00dcber uns"},"content":{"rendered":"<div class=\"wp-block-uagb-container uagb-block-1b3539fb alignfull uagb-is-root-container\"><div class=\"uagb-container-inner-blocks-wrap\">\n<div class=\"wp-block-uagb-advanced-heading uagb-block-1e9f933f\"><h1 class=\"uagb-heading-text\">\u00dcber uns<\/h1><\/div>\n<\/div><\/div>\n\n\n\n<div class=\"wp-block-uagb-container uagb-block-a26a8cee alignfull uagb-is-root-container\">\n<div class=\"wp-block-uagb-container uagb-layout-grid uagb-block-bcab295c\">\n<div class=\"wp-block-uagb-info-box uagb-block-5ba8c1e6 uagb-infobox__content-wrap  uagb-infobox-icon-above-title uagb-infobox-image-valign-top\"><div class=\"uagb-ifb-content\"><div class=\"uagb-ifb-title-wrap\"><div class=\"uagb-ifb-separator\"><\/div><h2 class=\"uagb-ifb-title\">Wer wir sind<\/h2><\/div><p class=\"uagb-ifb-desc\">Wir von SpeedXperts sind ein leidenschaftliches Team von Automobil-Enthusiasten, das sich daf\u00fcr einsetzt, Ihnen das Beste an Autozubeh\u00f6r und Diagnosewerkzeugen zu bieten. Unsere Liebe zu Autos treibt uns an, die neuesten Innovationen und Produkte zu erforschen, die Leistung, Stil und Funktionalit\u00e4t verbessern.<br><br>Dank unserer langj\u00e4hrigen Erfahrung in der Automobilbranche kennen wir die Bed\u00fcrfnisse der Autofahrer und sind bestrebt, erstklassige Produkte anzubieten, die die Erwartungen \u00fcbertreffen. Unser Engagement f\u00fcr Qualit\u00e4t und Kundenzufriedenheit zeichnet uns aus und macht uns zu Ihrem zuverl\u00e4ssigen Partner in Sachen Automobil.<\/p><\/div><\/div>\n\n\n\n<div class=\"wp-block-uagb-image uagb-block-f00e7286 wp-block-uagb-image--layout-default wp-block-uagb-image--effect-static wp-block-uagb-image--align-none\"><figure class=\"wp-block-uagb-image__figure\"><img decoding=\"async\" srcset=\"https:\/\/speedxperts.com\/wp-content\/uploads\/2024\/09\/Se86a39af99d542afaddacb8d9cf64758Z.jpg ,https:\/\/speedxperts.com\/wp-content\/uploads\/2024\/09\/Se86a39af99d542afaddacb8d9cf64758Z.jpg 780w, https:\/\/speedxperts.com\/wp-content\/uploads\/2024\/09\/Se86a39af99d542afaddacb8d9cf64758Z.jpg 360w\" sizes=\"auto, (max-width: 480px) 150px\" src=\"https:\/\/speedxperts.com\/wp-content\/uploads\/2024\/09\/Se86a39af99d542afaddacb8d9cf64758Z.jpg\" alt=\"\" class=\"uag-image-2817\" width=\"776\" height=\"436\" title=\"Se86a39af99d542afaddacb8d9cf64758Z\" loading=\"lazy\" role=\"img\"\/><\/figure><\/div>\n<\/div>\n<\/div>\n\n\n\n<div class=\"wp-block-uagb-info-box uagb-block-3a2a356e uagb-infobox__content-wrap  uagb-infobox-icon-above-title uagb-infobox-image-valign-top\"><div class=\"uagb-ifb-content\"><div class=\"uagb-ifb-separator\"><\/div><div class=\"uagb-ifb-title-wrap\"><h4 class=\"uagb-ifb-title-prefix\">Ein paar Worte \u00fcber<\/h4><h2 class=\"uagb-ifb-title\">Unser Team<\/h2><\/div><p class=\"uagb-ifb-desc\">Wir bei SpeedXperts wissen, dass jeder Autoliebhaber nur das Beste f\u00fcr sein Fahrzeug m\u00f6chte. Deshalb haben wir unsere Auswahl sorgf\u00e4ltig zusammengestellt, um nur das zuverl\u00e4ssigste und effektivste Zubeh\u00f6r auf dem Markt anzubieten. Von fortschrittlichen Diagnosewerkzeugen bis hin zu stilvollen Upgrades - unsere Produkte sind so konzipiert, dass sie die unterschiedlichen Bed\u00fcrfnisse aller Fahrer erf\u00fcllen, egal ob Sie ein Gelegenheitsfahrer oder ein erfahrener Autoexperte sind.<br><br>Wir sind stolz auf unseren au\u00dfergew\u00f6hnlichen Kundenservice und stellen sicher, dass jede Interaktion mit unserem Team positiv und hilfreich ist. Unsere fachkundigen Mitarbeiter helfen Ihnen gerne dabei, die perfekten Produkte f\u00fcr Ihre speziellen Anforderungen zu finden.<br><br>Mit weltweitem Versand, schnellen Lieferoptionen und einer Verpflichtung zu Qualit\u00e4t, hat sich SpeedXperts dem Ziel verschrieben, Ihr Auto zum Gl\u00e4nzen zu bringen und die beste Leistung zu erbringen. Danke, dass Sie sich f\u00fcr uns entschieden haben, um Teil Ihrer automobilen Reise zu sein!<\/p><\/div><\/div>\n\n\n\n<div class=\"wp-block-uagb-container uagb-block-c21e87fc alignfull uagb-is-root-container\"><div class=\"uagb-container-inner-blocks-wrap\">\n<div class=\"wp-block-uagb-container uagb-block-5c5a1f0a\">\n<figure class=\"wp-block-image aligncenter size-full\"><img loading=\"lazy\" decoding=\"async\" width=\"1000\" height=\"561\" src=\"https:\/\/speedxperts.com\/wp-content\/uploads\/2024\/09\/S117dd1829c7445c3a3394762853143bby.jpg\" alt=\"\" class=\"wp-image-2816\" srcset=\"https:\/\/speedxperts.com\/wp-content\/uploads\/2024\/09\/S117dd1829c7445c3a3394762853143bby.jpg 1000w, https:\/\/speedxperts.com\/wp-content\/uploads\/2024\/09\/S117dd1829c7445c3a3394762853143bby-300x168.jpg 300w, https:\/\/speedxperts.com\/wp-content\/uploads\/2024\/09\/S117dd1829c7445c3a3394762853143bby-768x431.jpg 768w, https:\/\/speedxperts.com\/wp-content\/uploads\/2024\/09\/S117dd1829c7445c3a3394762853143bby-600x337.jpg 600w\" sizes=\"auto, (max-width: 1000px) 100vw, 1000px\" \/><\/figure>\n<\/div>\n\n\n\n<div class=\"wp-block-uagb-info-box uagb-block-d4fd1b3d uagb-infobox__content-wrap  uagb-infobox-icon-above-title uagb-infobox-image-valign-top\"><div class=\"uagb-ifb-content\"><div class=\"uagb-ifb-separator\"><\/div><div class=\"uagb-ifb-title-wrap\"><h4 class=\"uagb-ifb-title-prefix\">Warum w\u00e4hlen<\/h4><h2 class=\"uagb-ifb-title\">speedXperts<\/h2><\/div><p class=\"uagb-ifb-desc\">Warum SpeedXperts w\u00e4hlen? Unsere Produktauswahl wurde sorgf\u00e4ltig zusammengestellt, um die h\u00f6chsten Standards in Bezug auf Leistung und Zuverl\u00e4ssigkeit zu erf\u00fcllen. Au\u00dferdem ist unser Team immer bereit, Sie pers\u00f6nlich zu unterst\u00fctzen, damit Sie die richtigen Produkte f\u00fcr Ihre speziellen Anforderungen finden. Mit sicheren Transaktionen, schneller Lieferung und einer Zufriedenheitsgarantie gehen wir noch einen Schritt weiter, um Ihren Einkauf so reibungslos wie m\u00f6glich zu gestalten.<\/p><\/div><\/div>\n<\/div><\/div>\n\n\n\n<div class=\"wp-block-uagb-container uagb-block-c905cc36 alignfull uagb-is-root-container\"><div class=\"uagb-container-inner-blocks-wrap\">\n<div class=\"wp-block-uagb-container uagb-block-b400cc24\">\n<div class=\"wp-block-uagb-info-box uagb-block-f948c7b8 uagb-infobox__content-wrap  uagb-infobox-icon-above-title uagb-infobox-image-valign-top\"><div class=\"uagb-ifb-content\"><div class=\"uagb-ifb-title-wrap\"><div class=\"uagb-ifb-separator\"><\/div><h2 class=\"uagb-ifb-title\">Folgen Sie uns<\/h2><\/div><\/div><\/div>\n\n\n\n<div class=\"wp-block-uagb-social-share uagb-social-share__outer-wrap uagb-social-share__layout-horizontal uagb-block-b80ea331\">\n<div class=\"wp-block-uagb-social-share-child uagb-ss-repeater uagb-ss__wrapper uagb-block-1fc986a2\"><span class=\"uagb-ss__link\" data-href=\"https:\/\/www.facebook.com\/sharer.php?u=\" tabindex=\"0\" role=\"button\" aria-label=\"facebook\"><span class=\"uagb-ss__source-wrap\"><span class=\"uagb-ss__source-icon\"><svg xmlns=\"https:\/\/www.w3.org\/2000\/svg\" viewbox=\"0 0 320 512\"><path d=\"M279.1 288l14.22-92.66h-88.91v-60.13c0-25.35 12.42-50.06 52.24-50.06h40.42V6.26S260.4 0 225.4 0c-73.22 0-121.1 44.38-121.1 124.7v70.62H22.89V288h81.39v224h100.2V288z\"><\/path><\/svg><\/span><\/span><\/span><\/div>\n\n\n\n<div class=\"wp-block-uagb-social-share-child uagb-ss-repeater uagb-ss__wrapper uagb-block-93f76d47\"><span class=\"uagb-ss__link\" data-href=\"https:\/\/pinterest.com\/pin\/create\/link\/?url=\" tabindex=\"0\" role=\"button\" aria-label=\"pinterest\"><span class=\"uagb-ss__source-wrap\"><span class=\"uagb-ss__source-icon\"><svg xmlns=\"https:\/\/www.w3.org\/2000\/svg\" viewbox=\"0 0 448 512\"><path d=\"M224.1 141c-63.6 0-114.9 51.3-114.9 114.9s51.3 114.9 114.9 114.9S339 319.5 339 255.9 287.7 141 224.1 141zm0 189.6c-41.1 0-74.7-33.5-74.7-74.7s33.5-74.7 74.7-74.7 74.7 33.5 74.7 74.7-33.6 74.7-74.7 74.7zm146.4-194.3c0 14.9-12 26.8-26.8 26.8-14.9 0-26.8-12-26.8-26.8s12-26.8 26.8-26.8 26.8 12 26.8 26.8zm76.1 27.2c-1.7-35.9-9.9-67.7-36.2-93.9-26.2-26.2-58-34.4-93.9-36.2-37-2.1-147.9-2.1-184.9 0-35.8 1.7-67.6 9.9-93.9 36.1s-34.4 58-36.2 93.9c-2.1 37-2.1 147.9 0 184.9 1.7 35.9 9.9 67.7 36.2 93.9s58 34.4 93.9 36.2c37 2.1 147.9 2.1 184.9 0 35.9-1.7 67.7-9.9 93.9-36.2 26.2-26.2 34.4-58 36.2-93.9 2.1-37 2.1-147.8 0-184.8zM398.8 388c-7.8 19.6-22.9 34.7-42.6 42.6-29.5 11.7-99.5 9-132.1 9s-102.7 2.6-132.1-9c-19.6-7.8-34.7-22.9-42.6-42.6-11.7-29.5-9-99.5-9-132.1s-2.6-102.7 9-132.1c7.8-19.6 22.9-34.7 42.6-42.6 29.5-11.7 99.5-9 132.1-9s102.7-2.6 132.1 9c19.6 7.8 34.7 22.9 42.6 42.6 11.7 29.5 9 99.5 9 132.1s2.7 102.7-9 132.1z\"><\/path><\/svg><\/span><\/span><\/span><\/div>\n\n\n\n<div class=\"wp-block-uagb-social-share-child uagb-ss-repeater uagb-ss__wrapper uagb-block-b75621db\"><span class=\"uagb-ss__link\" data-href=\"https:\/\/telegram.me\/share\/url?url=\" tabindex=\"0\" role=\"button\" aria-label=\"Telegramm\"><span class=\"uagb-ss__source-wrap\"><span class=\"uagb-ss__source-icon\"><svg xmlns=\"https:\/\/www.w3.org\/2000\/svg\" viewbox=\"0 0 496 512\"><path d=\"M248 8C111 8 0 119 0 256S111 504 248 504 496 392.1 496 256 384.1 8 248 8zM362.1 176.7c-3.732 39.22-19.88 134.4-28.1 178.3-3.476 18.58-10.32 24.82-16.95 25.42-14.4 1.326-25.34-9.517-39.29-18.66-21.83-14.31-34.16-23.22-55.35-37.18-24.49-16.14-8.612-25 5.342-39.5 3.652-3.793 67.11-61.51 68.33-66.75 .153-.655 .3-3.1-1.154-4.384s-3.59-.849-5.135-.5q-3.283 .746-104.6 69.14-14.85 10.19-26.89 9.934c-8.855-.191-25.89-5.006-38.55-9.123-15.53-5.048-27.88-7.717-26.8-16.29q.84-6.7 18.45-13.7 108.4-47.25 144.6-62.3c68.87-28.65 83.18-33.62 92.51-33.79 2.052-.034 6.639 .474 9.61 2.885a10.45 10.45 0 0 1 3.53 6.716A43.76 43.76 0 0 1 362.1 176.7z\"><\/path><\/svg><\/span><\/span><\/span><\/div>\n<\/div>\n<\/div>\n<\/div><\/div>","protected":false},"excerpt":{"rendered":"<p>\u00dcber uns<\/p>","protected":false},"author":71,"featured_media":0,"parent":0,"menu_order":0,"comment_status":"closed","ping_status":"closed","template":"","meta":{"_uag_custom_page_level_css":"","site-sidebar-layout":"no-sidebar","site-content-layout":"plain-container","ast-site-content-layout":"full-width-container","site-content-style":"default","site-sidebar-style":"default","ast-global-header-display":"","ast-banner-title-visibility":"","ast-main-header-display":"","ast-hfb-above-header-display":"","ast-hfb-below-header-display":"","ast-hfb-mobile-header-display":"","site-post-title":"disabled","ast-breadcrumbs-content":"","ast-featured-img":"","footer-sml-layout":"","ast-disable-related-posts":"","theme-transparent-header-meta":"disabled","adv-header-id-meta":"","stick-header-meta":"","header-above-stick-meta":"","header-main-stick-meta":"","header-below-stick-meta":"","astra-migrate-meta-layouts":"set","ast-page-background-enabled":"default","ast-page-background-meta":{"desktop":{"background-color":"","background-image":"","background-repeat":"repeat","background-position":"center center","background-size":"auto","background-attachment":"scroll","background-type":"","background-media":"","overlay-type":"","overlay-color":"","overlay-opacity":"","overlay-gradient":""},"tablet":{"background-color":"","background-image":"","background-repeat":"repeat","background-position":"center center","background-size":"auto","background-attachment":"scroll","background-type":"","background-media":"","overlay-type":"","overlay-color":"","overlay-opacity":"","overlay-gradient":""},"mobile":{"background-color":"","background-image":"","background-repeat":"repeat","background-position":"center center","background-size":"auto","background-attachment":"scroll","background-type":"","background-media":"","overlay-type":"","overlay-color":"","overlay-opacity":"","overlay-gradient":""}},"ast-content-background-meta":{"desktop":{"background-color":"var(--ast-global-color-5)","background-image":"","background-repeat":"repeat","background-position":"center center","background-size":"auto","background-attachment":"scroll","background-type":"","background-media":"","overlay-type":"","overlay-color":"","overlay-opacity":"","overlay-gradient":""},"tablet":{"background-color":"var(--ast-global-color-5)","background-image":"","background-repeat":"repeat","background-position":"center center","background-size":"auto","background-attachment":"scroll","background-type":"","background-media":"","overlay-type":"","overlay-color":"","overlay-opacity":"","overlay-gradient":""},"mobile":{"background-color":"var(--ast-global-color-5)","background-image":"","background-repeat":"repeat","background-position":"center center","background-size":"auto","background-attachment":"scroll","background-type":"","background-media":"","overlay-type":"","overlay-color":"","overlay-opacity":"","overlay-gradient":""}},"footnotes":""},"class_list":["post-59","page","type-page","status-publish","hentry"],"aioseo_notices":[],"uagb_featured_image_src":{"full":false,"thumbnail":false,"medium":false,"medium_large":false,"large":false,"1536x1536":false,"2048x2048":false,"trp-custom-language-flag":false,"woocommerce_thumbnail":false,"woocommerce_single":false,"woocommerce_gallery_thumbnail":false},"uagb_author_info":{"display_name":"Sebastian","author_link":"https:\/\/speedxperts.com\/de\/author\/sebastian\/"},"uagb_comment_info":0,"uagb_excerpt":"About Us","jetpack_sharing_enabled":true,"_links":{"self":[{"href":"https:\/\/speedxperts.com\/de\/wp-json\/wp\/v2\/pages\/59","targetHints":{"allow":["GET"]}}],"collection":[{"href":"https:\/\/speedxperts.com\/de\/wp-json\/wp\/v2\/pages"}],"about":[{"href":"https:\/\/speedxperts.com\/de\/wp-json\/wp\/v2\/types\/page"}],"author":[{"embeddable":true,"href":"https:\/\/speedxperts.com\/de\/wp-json\/wp\/v2\/users\/71"}],"replies":[{"embeddable":true,"href":"https:\/\/speedxperts.com\/de\/wp-json\/wp\/v2\/comments?post=59"}],"version-history":[{"count":0,"href":"https:\/\/speedxperts.com\/de\/wp-json\/wp\/v2\/pages\/59\/revisions"}],"wp:attachment":[{"href":"https:\/\/speedxperts.com\/de\/wp-json\/wp\/v2\/media?parent=59"}],"curies":[{"name":"wp","href":"https:\/\/api.w.org\/{rel}","templated":true}]}}