{"id":3392,"date":"2024-10-23T12:16:00","date_gmt":"2024-10-23T12:16:00","guid":{"rendered":"https:\/\/speedxperts.com\/product\/professional-renolink-1-99-obd2-cable-for-renault\/"},"modified":"2026-04-24T11:31:43","modified_gmt":"2026-04-24T10:31:43","slug":"professionelles-renolink-1-99-obd2-kabel-fur-renault","status":"publish","type":"product","link":"https:\/\/speedxperts.com\/de\/product\/professionelles-renolink-1-99-obd2-kabel-fur-renault\/","title":{"rendered":"Profi Renolink 1.99 OBD2 Kabel f\u00fcr Renault"},"content":{"rendered":"<p>Hinweis: Renolink 1.99 Software ist enthalten. Sie erhalten den Download-Link nach dem Kauf. Die Software ist geknackt, daher sollten Sie die Antiviren-Software vor der Installation deaktivieren.<\/p>\n<p><strong>Wesentliche Merkmale:<\/strong><\/p>\n<ul>\n<li>Neueste Version: Renolink V1.99<\/li>\n<li>Unterst\u00fctzt Fahrzeuge von Renault und Dacia<\/li>\n<li>Klare Crash-Daten f\u00fcr Airbag-Systeme<\/li>\n<li>EEPROM, ECM und UCH lesen\/schreiben<\/li>\n<li>Codierung, L\u00f6schung und Programmierung von Schl\u00fcsseln<\/li>\n<li>Funktioniert \u00fcber den OBD-Stecker<\/li>\n<\/ul>\n<p><strong>Neu in Version 1.99:<\/strong><\/p>\n<ul>\n<li>Zus\u00e4tzliche Crash-Clear-Optionen f\u00fcr Renault Clio 5 und mehr<\/li>\n<li>Entschl\u00fcsselung der Servolenkung f\u00fcr Megane 4 und Clio 5<\/li>\n<li>EPS-Verst\u00e4rker f\u00fcr verschiedene Renault-Modelle<\/li>\n<li>Automatische Codierung bei der ersten Z\u00fcndung<\/li>\n<\/ul>\n<p>Das Tool ist einfach zu bedienen und alle Funktionen werden \u00fcber den OBD-Stecker ausgef\u00fchrt, was es zu einem unverzichtbaren Ger\u00e4t f\u00fcr die Programmierung von Renault und Dacia ECU macht.<\/p>\n<p>&nbsp;<\/p>","protected":false},"excerpt":{"rendered":"<p>Das Renolink OBD2 ist ein professionelles Werkzeug f\u00fcr die Programmierung von elektronischen Steuerger\u00e4ten (ECUs) in Fahrzeugen von Renault und Dacia, einschlie\u00dflich der neuesten Modelle. Mit Funktionen wie UCH-Abgleich, Airbag-Programmierung, Schl\u00fcsselcodierung, Motorsteuerger\u00e4teprogrammierung und mehr bietet es umfassende Unterst\u00fctzung bei der Fahrzeugdiagnose und -programmierung.<\/p>","protected":false},"featured_media":3386,"comment_status":"open","ping_status":"closed","template":"","meta":{"_uag_custom_page_level_css":"","site-sidebar-layout":"default","site-content-layout":"","ast-site-content-layout":"default","site-content-style":"default","site-sidebar-style":"default","ast-global-header-display":"","ast-banner-title-visibility":"","ast-main-header-display":"","ast-hfb-above-header-display":"","ast-hfb-below-header-display":"","ast-hfb-mobile-header-display":"","site-post-title":"","ast-breadcrumbs-content":"","ast-featured-img":"","footer-sml-layout":"","theme-transparent-header-meta":"default","adv-header-id-meta":"","stick-header-meta":"","header-above-stick-meta":"","header-main-stick-meta":"","header-below-stick-meta":"","astra-migrate-meta-layouts":"set","ast-page-background-enabled":"default","ast-page-background-meta":{"desktop":{"background-color":"","background-image":"","background-repeat":"repeat","background-position":"center center","background-size":"auto","background-attachment":"scroll","background-type":"","background-media":"","overlay-type":"","overlay-color":"","overlay-opacity":"","overlay-gradient":""},"tablet":{"background-color":"","background-image":"","background-repeat":"repeat","background-position":"center center","background-size":"auto","background-attachment":"scroll","background-type":"","background-media":"","overlay-type":"","overlay-color":"","overlay-opacity":"","overlay-gradient":""},"mobile":{"background-color":"","background-image":"","background-repeat":"repeat","background-position":"center center","background-size":"auto","background-attachment":"scroll","background-type":"","background-media":"","overlay-type":"","overlay-color":"","overlay-opacity":"","overlay-gradient":""}},"ast-content-background-meta":{"desktop":{"background-color":"var(--ast-global-color-5)","background-image":"","background-repeat":"repeat","background-position":"center center","background-size":"auto","background-attachment":"scroll","background-type":"","background-media":"","overlay-type":"","overlay-color":"","overlay-opacity":"","overlay-gradient":""},"tablet":{"background-color":"var(--ast-global-color-5)","background-image":"","background-repeat":"repeat","background-position":"center center","background-size":"auto","background-attachment":"scroll","background-type":"","background-media":"","overlay-type":"","overlay-color":"","overlay-opacity":"","overlay-gradient":""},"mobile":{"background-color":"var(--ast-global-color-5)","background-image":"","background-repeat":"repeat","background-position":"center center","background-size":"auto","background-attachment":"scroll","background-type":"","background-media":"","overlay-type":"","overlay-color":"","overlay-opacity":"","overlay-gradient":""}}},"product_brand":[],"product_cat":[70],"product_tag":[83],"class_list":{"0":"post-3392","1":"product","2":"type-product","3":"status-publish","4":"has-post-thumbnail","6":"product_cat-diagnostic-tools","7":"product_tag-renault","8":"desktop-align-left","9":"tablet-align-left","10":"mobile-align-left","11":"ast-product-gallery-layout-horizontal-slider","12":"ast-product-tabs-layout-horizontal","14":"first","15":"instock","16":"shipping-taxable","17":"purchasable","18":"product-type-simple"},"aioseo_notices":[],"uagb_featured_image_src":{"full":["https:\/\/speedxperts.com\/wp-content\/uploads\/2024\/10\/Heb60fae6649049bdac50549a0e5538caO.webp",800,800,false],"thumbnail":["https:\/\/speedxperts.com\/wp-content\/uploads\/2024\/10\/Heb60fae6649049bdac50549a0e5538caO-150x150.webp",150,150,true],"medium":["https:\/\/speedxperts.com\/wp-content\/uploads\/2024\/10\/Heb60fae6649049bdac50549a0e5538caO-300x300.webp",300,300,true],"medium_large":["https:\/\/speedxperts.com\/wp-content\/uploads\/2024\/10\/Heb60fae6649049bdac50549a0e5538caO-768x768.webp",768,768,true],"large":["https:\/\/speedxperts.com\/wp-content\/uploads\/2024\/10\/Heb60fae6649049bdac50549a0e5538caO.webp",800,800,false],"1536x1536":["https:\/\/speedxperts.com\/wp-content\/uploads\/2024\/10\/Heb60fae6649049bdac50549a0e5538caO.webp",800,800,false],"2048x2048":["https:\/\/speedxperts.com\/wp-content\/uploads\/2024\/10\/Heb60fae6649049bdac50549a0e5538caO.webp",800,800,false],"trp-custom-language-flag":["https:\/\/speedxperts.com\/wp-content\/uploads\/2024\/10\/Heb60fae6649049bdac50549a0e5538caO-12x12.webp",12,12,true],"woocommerce_thumbnail":["https:\/\/speedxperts.com\/wp-content\/uploads\/2024\/10\/Heb60fae6649049bdac50549a0e5538caO-300x300.webp",300,300,true],"woocommerce_single":["https:\/\/speedxperts.com\/wp-content\/uploads\/2024\/10\/Heb60fae6649049bdac50549a0e5538caO-600x600.webp",600,600,true],"woocommerce_gallery_thumbnail":["https:\/\/speedxperts.com\/wp-content\/uploads\/2024\/10\/Heb60fae6649049bdac50549a0e5538caO-100x100.webp",100,100,true]},"uagb_author_info":{"display_name":"Sebastian","author_link":"https:\/\/speedxperts.com\/de\/author\/"},"uagb_comment_info":0,"uagb_excerpt":"The Renolink OBD2 is a professional tool for programming electronic control units (ECUs) in Renault and Dacia vehicles, including the latest models. With features like UCH matching, airbag programming, key coding, engine ECU programming, and more, it offers comprehensive support for vehicle diagnostics and programming.","jetpack_sharing_enabled":true,"_links":{"self":[{"href":"https:\/\/speedxperts.com\/de\/wp-json\/wp\/v2\/product\/3392","targetHints":{"allow":["GET"]}}],"collection":[{"href":"https:\/\/speedxperts.com\/de\/wp-json\/wp\/v2\/product"}],"about":[{"href":"https:\/\/speedxperts.com\/de\/wp-json\/wp\/v2\/types\/product"}],"replies":[{"embeddable":true,"href":"https:\/\/speedxperts.com\/de\/wp-json\/wp\/v2\/comments?post=3392"}],"wp:featuredmedia":[{"embeddable":true,"href":"https:\/\/speedxperts.com\/de\/wp-json\/wp\/v2\/media\/3386"}],"wp:attachment":[{"href":"https:\/\/speedxperts.com\/de\/wp-json\/wp\/v2\/media?parent=3392"}],"wp:term":[{"taxonomy":"product_brand","embeddable":true,"href":"https:\/\/speedxperts.com\/de\/wp-json\/wp\/v2\/product_brand?post=3392"},{"taxonomy":"product_cat","embeddable":true,"href":"https:\/\/speedxperts.com\/de\/wp-json\/wp\/v2\/product_cat?post=3392"},{"taxonomy":"product_tag","embeddable":true,"href":"https:\/\/speedxperts.com\/de\/wp-json\/wp\/v2\/product_tag?post=3392"}],"curies":[{"name":"wp","href":"https:\/\/api.w.org\/{rel}","templated":true}]}}