{"id":3539,"date":"2024-11-13T11:26:53","date_gmt":"2024-11-13T10:26:53","guid":{"rendered":"https:\/\/speedxperts.com\/product\/car-windshield-snow-cover-2\/"},"modified":"2025-01-31T11:40:47","modified_gmt":"2025-01-31T10:40:47","slug":"auto-windschutzscheibe-schnee-abdeckung-2","status":"publish","type":"product","link":"https:\/\/speedxperts.com\/de\/product\/auto-windschutzscheibe-schnee-abdeckung-2\/","title":{"rendered":"Auto Windschutzscheibe Schnee Abdeckung"},"content":{"rendered":"<p><strong>Spezifikationen:<\/strong><\/p>\n<ul>\n<li><strong>Art:<\/strong> Sonnenschirm &amp; Schneeschutz<\/li>\n<li><strong>Material:<\/strong> Wasserdichtes Gewebe<\/li>\n<li><strong>Magnetisches Design:<\/strong> Sorgt f\u00fcr einen festen Halt<\/li>\n<li><strong>Passen:<\/strong> Geeignet f\u00fcr die meisten Windschutzscheiben von Autos<\/li>\n<li><strong>Funktion:<\/strong> Sch\u00fctzt vor Schnee, Frost, Eis und sch\u00e4dlichen UV-Strahlen<\/li>\n<\/ul>\n<p><strong>Wesentliche Merkmale:<\/strong><\/p>\n<ul>\n<li><strong>Wasserdicht und langlebig:<\/strong> Widersteht Wasser-, Schnee- und Sonnensch\u00e4den.<\/li>\n<li><strong>Magnetische R\u00e4nder:<\/strong> L\u00e4sst sich ohne Werkzeug leicht am Auto befestigen.<\/li>\n<li><strong>Ganzj\u00e4hrig einsetzbar:<\/strong> H\u00e4lt Ihr Auto im Sommer k\u00fchl und sch\u00fctzt es im Winter vor Schnee.<\/li>\n<li><strong>Universell einsetzbar:<\/strong> Kompatibel mit den meisten Automodellen.<\/li>\n<\/ul>\n<p>Sorgen Sie daf\u00fcr, dass Ihr Auto zu jeder Jahreszeit gesch\u00fctzt ist - mit dieser einfach zu bedienenden, robusten Windschutzscheibenabdeckung!<\/p>\n<p>&nbsp;<\/p>","protected":false},"excerpt":{"rendered":"<p>Sch\u00fctzen Sie Ihr Auto vor den Elementen mit dieser multifunktionalen Sonnen- und Schneeabdeckung. Sie wurde entwickelt, um Ihre Windschutzscheibe vor Schnee, Eis und UV-Strahlen zu sch\u00fctzen, und bietet das ganze Jahr \u00fcber Schutz mit einfacher Installation durch magnetische Kanten f\u00fcr einen sicheren Sitz.<\/p>","protected":false},"featured_media":3532,"comment_status":"open","ping_status":"closed","template":"","meta":{"_uag_custom_page_level_css":"","site-sidebar-layout":"default","site-content-layout":"","ast-site-content-layout":"default","site-content-style":"default","site-sidebar-style":"default","ast-global-header-display":"","ast-banner-title-visibility":"","ast-main-header-display":"","ast-hfb-above-header-display":"","ast-hfb-below-header-display":"","ast-hfb-mobile-header-display":"","site-post-title":"","ast-breadcrumbs-content":"","ast-featured-img":"","footer-sml-layout":"","theme-transparent-header-meta":"default","adv-header-id-meta":"","stick-header-meta":"","header-above-stick-meta":"","header-main-stick-meta":"","header-below-stick-meta":"","astra-migrate-meta-layouts":"set","ast-page-background-enabled":"default","ast-page-background-meta":{"desktop":{"background-color":"","background-image":"","background-repeat":"repeat","background-position":"center center","background-size":"auto","background-attachment":"scroll","background-type":"","background-media":"","overlay-type":"","overlay-color":"","overlay-opacity":"","overlay-gradient":""},"tablet":{"background-color":"","background-image":"","background-repeat":"repeat","background-position":"center center","background-size":"auto","background-attachment":"scroll","background-type":"","background-media":"","overlay-type":"","overlay-color":"","overlay-opacity":"","overlay-gradient":""},"mobile":{"background-color":"","background-image":"","background-repeat":"repeat","background-position":"center center","background-size":"auto","background-attachment":"scroll","background-type":"","background-media":"","overlay-type":"","overlay-color":"","overlay-opacity":"","overlay-gradient":""}},"ast-content-background-meta":{"desktop":{"background-color":"var(--ast-global-color-5)","background-image":"","background-repeat":"repeat","background-position":"center center","background-size":"auto","background-attachment":"scroll","background-type":"","background-media":"","overlay-type":"","overlay-color":"","overlay-opacity":"","overlay-gradient":""},"tablet":{"background-color":"var(--ast-global-color-5)","background-image":"","background-repeat":"repeat","background-position":"center center","background-size":"auto","background-attachment":"scroll","background-type":"","background-media":"","overlay-type":"","overlay-color":"","overlay-opacity":"","overlay-gradient":""},"mobile":{"background-color":"var(--ast-global-color-5)","background-image":"","background-repeat":"repeat","background-position":"center center","background-size":"auto","background-attachment":"scroll","background-type":"","background-media":"","overlay-type":"","overlay-color":"","overlay-opacity":"","overlay-gradient":""}}},"product_brand":[],"product_cat":[227],"product_tag":[],"class_list":{"0":"post-3539","1":"product","2":"type-product","3":"status-publish","4":"has-post-thumbnail","6":"product_cat-winter-accessories","7":"desktop-align-left","8":"tablet-align-left","9":"mobile-align-left","10":"ast-product-gallery-layout-horizontal-slider","11":"ast-product-tabs-layout-horizontal","13":"first","14":"instock","15":"shipping-taxable","16":"purchasable","17":"product-type-simple"},"aioseo_notices":[],"uagb_featured_image_src":{"full":["https:\/\/speedxperts.com\/wp-content\/uploads\/2024\/11\/S82620d9576b54b22b3e7d9197c657bbbS.webp",800,800,false],"thumbnail":["https:\/\/speedxperts.com\/wp-content\/uploads\/2024\/11\/S82620d9576b54b22b3e7d9197c657bbbS-150x150.webp",150,150,true],"medium":["https:\/\/speedxperts.com\/wp-content\/uploads\/2024\/11\/S82620d9576b54b22b3e7d9197c657bbbS-300x300.webp",300,300,true],"medium_large":["https:\/\/speedxperts.com\/wp-content\/uploads\/2024\/11\/S82620d9576b54b22b3e7d9197c657bbbS-768x768.webp",768,768,true],"large":["https:\/\/speedxperts.com\/wp-content\/uploads\/2024\/11\/S82620d9576b54b22b3e7d9197c657bbbS.webp",800,800,false],"1536x1536":["https:\/\/speedxperts.com\/wp-content\/uploads\/2024\/11\/S82620d9576b54b22b3e7d9197c657bbbS.webp",800,800,false],"2048x2048":["https:\/\/speedxperts.com\/wp-content\/uploads\/2024\/11\/S82620d9576b54b22b3e7d9197c657bbbS.webp",800,800,false],"trp-custom-language-flag":["https:\/\/speedxperts.com\/wp-content\/uploads\/2024\/11\/S82620d9576b54b22b3e7d9197c657bbbS-12x12.webp",12,12,true],"woocommerce_thumbnail":["https:\/\/speedxperts.com\/wp-content\/uploads\/2024\/11\/S82620d9576b54b22b3e7d9197c657bbbS-300x300.webp",300,300,true],"woocommerce_single":["https:\/\/speedxperts.com\/wp-content\/uploads\/2024\/11\/S82620d9576b54b22b3e7d9197c657bbbS-600x600.webp",600,600,true],"woocommerce_gallery_thumbnail":["https:\/\/speedxperts.com\/wp-content\/uploads\/2024\/11\/S82620d9576b54b22b3e7d9197c657bbbS-100x100.webp",100,100,true]},"uagb_author_info":{"display_name":"Sebastian","author_link":"https:\/\/speedxperts.com\/de\/author\/"},"uagb_comment_info":0,"uagb_excerpt":"Protect your car from the elements with this multifunctional sunshade and snow cover. Designed to shield your windshield from snow, ice, and UV rays, it offers year-round protection with ease of installation using magnetic edges for a secure fit.","jetpack_sharing_enabled":true,"_links":{"self":[{"href":"https:\/\/speedxperts.com\/de\/wp-json\/wp\/v2\/product\/3539","targetHints":{"allow":["GET"]}}],"collection":[{"href":"https:\/\/speedxperts.com\/de\/wp-json\/wp\/v2\/product"}],"about":[{"href":"https:\/\/speedxperts.com\/de\/wp-json\/wp\/v2\/types\/product"}],"replies":[{"embeddable":true,"href":"https:\/\/speedxperts.com\/de\/wp-json\/wp\/v2\/comments?post=3539"}],"wp:featuredmedia":[{"embeddable":true,"href":"https:\/\/speedxperts.com\/de\/wp-json\/wp\/v2\/media\/3532"}],"wp:attachment":[{"href":"https:\/\/speedxperts.com\/de\/wp-json\/wp\/v2\/media?parent=3539"}],"wp:term":[{"taxonomy":"product_brand","embeddable":true,"href":"https:\/\/speedxperts.com\/de\/wp-json\/wp\/v2\/product_brand?post=3539"},{"taxonomy":"product_cat","embeddable":true,"href":"https:\/\/speedxperts.com\/de\/wp-json\/wp\/v2\/product_cat?post=3539"},{"taxonomy":"product_tag","embeddable":true,"href":"https:\/\/speedxperts.com\/de\/wp-json\/wp\/v2\/product_tag?post=3539"}],"curies":[{"name":"wp","href":"https:\/\/api.w.org\/{rel}","templated":true}]}}