{"id":4850,"date":"2025-05-07T14:25:58","date_gmt":"2025-05-07T13:25:58","guid":{"rendered":"https:\/\/speedxperts.com\/?post_type=product&#038;p=4850"},"modified":"2026-05-02T22:45:11","modified_gmt":"2026-05-02T21:45:11","slug":"opcom-v5-diagnosegerat-fur-opel","status":"publish","type":"product","link":"https:\/\/speedxperts.com\/de\/product\/opcom-v5-diagnosegerat-fur-opel\/","title":{"rendered":"OPCOM-Diagnoseger\u00e4t f\u00fcr Opel"},"content":{"rendered":"<h3>\u2705 Hauptmerkmale - OPCOM PIC18F458 CAN-BUS OBD2 f\u00fcr Opel:<\/h3>\n<ul>\n<li>\ud83d\udd27 <strong>Unterst\u00fctzt Opel-Fahrzeuge mit CAN-BUS:<\/strong> Funktioniert mit den meisten Opel-Modellen, einschlie\u00dflich Astra-H, Zafira-B, Vectra-C und mehr.<\/li>\n<li>\u2699\ufe0f <strong>Firmware Version V1.70:<\/strong> Erm\u00f6glicht <strong>Flash-Firmware-Updates<\/strong>im Gegensatz zu V1.99-Tools.<\/li>\n<li>\ud83d\udca1 <strong>Live-Daten\u00fcberwachung und Ausgabepr\u00fcfung:<\/strong> Zeigen Sie 8 Parameter auf einmal an und pr\u00fcfen Sie Fahrzeugkomponenten in Echtzeit.<\/li>\n<li>\ud83d\udee0\ufe0f <strong>Vollst\u00e4ndige OBD2-Diagnosef\u00e4higkeiten:<\/strong> Lesen\/L\u00f6schen von Fehlercodes mit vollst\u00e4ndigem Status (vorhanden, intermittierend), Anzeige von Messbl\u00f6cken und Durchf\u00fchrung erweiterter Diagnosen.<\/li>\n<li>\ud83d\udd10 <strong>Programmierung von Schl\u00fcssel und Wegfahrsperre:<\/strong> Lernen Sie Schl\u00fcssel und Fernbedienungen ein, setzen Sie Wegfahrsperren zur\u00fcck (ECM, BCM, IPC) und codieren Sie Airbags (SAB6, SAB8).<\/li>\n<li>\ud83d\udcbb <strong>Windows-Kompatibilit\u00e4t:<\/strong> Beste Leistung am <strong>Windows XP\/7 32-Bit<\/strong>. Arbeitet an <strong>Windows 10\/11<\/strong> bei ausgeschalteter Windows-Sicherheit.<\/li>\n<li>\ud83d\udeab <strong>Nicht online aktualisieren:<\/strong> Andernfalls wird die Schnittstelle besch\u00e4digt.<\/li>\n<\/ul>\n<hr \/>\n<h3>\ud83e\udde0 Technische Daten:<\/h3>\n<ul>\n<li><strong>Software-Version:<\/strong> OPCOM 2021 (200603a), V2014, V2012<\/li>\n<li><strong>Firmware-Version:<\/strong> V1.70<\/li>\n<li><strong>Hauptchips:<\/strong> FTDI FT232RL\/FT232RQ + PIC18F458<\/li>\n<li><strong>Software-Sprache:<\/strong> Englisch (2021); Mehrsprachigkeit in der Version 2010 verf\u00fcgbar<\/li>\n<li><strong>Unterst\u00fctzte Protokolle:<\/strong> ISO9141, KWP2000, CAN-BUS<\/li>\n<li><strong>OBD-II-Pin-Multiplexing:<\/strong> PIN3, PIN7, PIN8, PIN12 f\u00fcr genaue Kommunikation\\<\/li>\n<li><strong>Software 2021<\/strong> unterst\u00fctzt Autos 2011-2021<\/li>\n<\/ul>\n<hr \/>\n<h3>\ud83d\udca1 Zus\u00e4tzliche Funktionen:<\/h3>\n<ul>\n<li>Service-Intervalle zur\u00fccksetzen (Astra-G, Zafira, Corsa-C, Meriva)<\/li>\n<li>Unterst\u00fctzt erweiterte Module: Motor, ABS, Airbag, Getriebe, Kombiinstrument, Body Control und mehr<\/li>\n<li>USB-basierte Schnittstelle gew\u00e4hrleistet stabile Hochgeschwindigkeitskommunikation (500kbps f\u00fcr CAN-BUS)<\/li>\n<li>Kein Seriell-zu-USB-Konverter erforderlich<\/li>\n<\/ul>\n<hr \/>\n<h3>\ud83d\udce6 Was ist in der Box:<\/h3>\n<ul>\n<li>1\u00d7 OPCOM-Diagnoseschnittstelle<\/li>\n<li>1\u00d7 USB-Kabel<\/li>\n<li>1\u00d7 CD mit Treibern und Software<\/li>\n<\/ul>\n<hr \/>\n<h3>\ud83d\udce5 Software &amp; Support:<\/h3>\n<ul>\n<li>\ud83c\udf81 <strong>OPCOM 2021 Software verf\u00fcgbar<\/strong> - Sie erhalten die Anleitung und den Link nach dem Kauf.<\/li>\n<li>\ud83c\udf9e\ufe0f Umfasst <strong>Installationsvideo<\/strong> und umfassende technische Unterst\u00fctzung<\/li>\n<li>\ud83d\udcc2 Treiber werden mitgeliefert; Windows-Sicherheit f\u00fcr die Installation auf modernen Betriebssystemen deaktivieren<\/li>\n<\/ul>","protected":false},"excerpt":{"rendered":"<p>Das OPCOM V5 ist ein professionelles OBD2-Diagnoseger\u00e4t, das speziell f\u00fcr Opel-Fahrzeuge entwickelt wurde. Mit V1.70-Firmware, FTDI-Chip und Unterst\u00fctzung f\u00fcr die neueste 2021-Software erm\u00f6glicht es Fehlercode-Lesen, ECU-Programmierung, Live-Daten\u00fcberwachung, Schl\u00fcsselprogrammierung und mehr. Ideal sowohl f\u00fcr Kfz-Techniker als auch f\u00fcr Opel-Besitzer.<\/p>","protected":false},"featured_media":4846,"comment_status":"open","ping_status":"closed","template":"","meta":{"_uag_custom_page_level_css":"","site-sidebar-layout":"default","site-content-layout":"","ast-site-content-layout":"default","site-content-style":"default","site-sidebar-style":"default","ast-global-header-display":"","ast-banner-title-visibility":"","ast-main-header-display":"","ast-hfb-above-header-display":"","ast-hfb-below-header-display":"","ast-hfb-mobile-header-display":"","site-post-title":"","ast-breadcrumbs-content":"","ast-featured-img":"","footer-sml-layout":"","theme-transparent-header-meta":"default","adv-header-id-meta":"","stick-header-meta":"","header-above-stick-meta":"","header-main-stick-meta":"","header-below-stick-meta":"","astra-migrate-meta-layouts":"set","ast-page-background-enabled":"default","ast-page-background-meta":{"desktop":{"background-color":"","background-image":"","background-repeat":"repeat","background-position":"center center","background-size":"auto","background-attachment":"scroll","background-type":"","background-media":"","overlay-type":"","overlay-color":"","overlay-opacity":"","overlay-gradient":""},"tablet":{"background-color":"","background-image":"","background-repeat":"repeat","background-position":"center center","background-size":"auto","background-attachment":"scroll","background-type":"","background-media":"","overlay-type":"","overlay-color":"","overlay-opacity":"","overlay-gradient":""},"mobile":{"background-color":"","background-image":"","background-repeat":"repeat","background-position":"center center","background-size":"auto","background-attachment":"scroll","background-type":"","background-media":"","overlay-type":"","overlay-color":"","overlay-opacity":"","overlay-gradient":""}},"ast-content-background-meta":{"desktop":{"background-color":"var(--ast-global-color-5)","background-image":"","background-repeat":"repeat","background-position":"center center","background-size":"auto","background-attachment":"scroll","background-type":"","background-media":"","overlay-type":"","overlay-color":"","overlay-opacity":"","overlay-gradient":""},"tablet":{"background-color":"var(--ast-global-color-5)","background-image":"","background-repeat":"repeat","background-position":"center center","background-size":"auto","background-attachment":"scroll","background-type":"","background-media":"","overlay-type":"","overlay-color":"","overlay-opacity":"","overlay-gradient":""},"mobile":{"background-color":"var(--ast-global-color-5)","background-image":"","background-repeat":"repeat","background-position":"center center","background-size":"auto","background-attachment":"scroll","background-type":"","background-media":"","overlay-type":"","overlay-color":"","overlay-opacity":"","overlay-gradient":""}}},"product_brand":[],"product_cat":[70],"product_tag":[],"class_list":{"0":"post-4850","1":"product","2":"type-product","3":"status-publish","4":"has-post-thumbnail","6":"product_cat-diagnostic-tools","7":"desktop-align-left","8":"tablet-align-left","9":"mobile-align-left","10":"ast-product-gallery-layout-horizontal-slider","11":"ast-product-tabs-layout-horizontal","13":"first","14":"instock","15":"shipping-taxable","16":"purchasable","17":"product-type-simple"},"aioseo_notices":[],"uagb_featured_image_src":{"full":["https:\/\/speedxperts.com\/wp-content\/uploads\/2025\/05\/S948a979bdfca4516a0a06f61ce1ad36f2.webp",1000,1000,false],"thumbnail":["https:\/\/speedxperts.com\/wp-content\/uploads\/2025\/05\/S948a979bdfca4516a0a06f61ce1ad36f2-150x150.webp",150,150,true],"medium":["https:\/\/speedxperts.com\/wp-content\/uploads\/2025\/05\/S948a979bdfca4516a0a06f61ce1ad36f2-300x300.webp",300,300,true],"medium_large":["https:\/\/speedxperts.com\/wp-content\/uploads\/2025\/05\/S948a979bdfca4516a0a06f61ce1ad36f2-768x768.webp",768,768,true],"large":["https:\/\/speedxperts.com\/wp-content\/uploads\/2025\/05\/S948a979bdfca4516a0a06f61ce1ad36f2.webp",1000,1000,false],"1536x1536":["https:\/\/speedxperts.com\/wp-content\/uploads\/2025\/05\/S948a979bdfca4516a0a06f61ce1ad36f2.webp",1000,1000,false],"2048x2048":["https:\/\/speedxperts.com\/wp-content\/uploads\/2025\/05\/S948a979bdfca4516a0a06f61ce1ad36f2.webp",1000,1000,false],"trp-custom-language-flag":["https:\/\/speedxperts.com\/wp-content\/uploads\/2025\/05\/S948a979bdfca4516a0a06f61ce1ad36f2-12x12.webp",12,12,true],"woocommerce_thumbnail":["https:\/\/speedxperts.com\/wp-content\/uploads\/2025\/05\/S948a979bdfca4516a0a06f61ce1ad36f2-300x300.webp",300,300,true],"woocommerce_single":["https:\/\/speedxperts.com\/wp-content\/uploads\/2025\/05\/S948a979bdfca4516a0a06f61ce1ad36f2-600x600.webp",600,600,true],"woocommerce_gallery_thumbnail":["https:\/\/speedxperts.com\/wp-content\/uploads\/2025\/05\/S948a979bdfca4516a0a06f61ce1ad36f2-100x100.webp",100,100,true]},"uagb_author_info":{"display_name":"Sebastian","author_link":"https:\/\/speedxperts.com\/de\/author\/"},"uagb_comment_info":0,"uagb_excerpt":"The OPCOM V5 is a professional OBD2 diagnostic tool designed specifically for Opel vehicles. Featuring V1.70 firmware, FTDI chip, and support for the latest 2021 software, it enables fault code reading, ECU programming, live data monitoring, key programming, and more. Ideal for both automotive technicians and DIY Opel owners.","jetpack_sharing_enabled":true,"_links":{"self":[{"href":"https:\/\/speedxperts.com\/de\/wp-json\/wp\/v2\/product\/4850","targetHints":{"allow":["GET"]}}],"collection":[{"href":"https:\/\/speedxperts.com\/de\/wp-json\/wp\/v2\/product"}],"about":[{"href":"https:\/\/speedxperts.com\/de\/wp-json\/wp\/v2\/types\/product"}],"replies":[{"embeddable":true,"href":"https:\/\/speedxperts.com\/de\/wp-json\/wp\/v2\/comments?post=4850"}],"wp:featuredmedia":[{"embeddable":true,"href":"https:\/\/speedxperts.com\/de\/wp-json\/wp\/v2\/media\/4846"}],"wp:attachment":[{"href":"https:\/\/speedxperts.com\/de\/wp-json\/wp\/v2\/media?parent=4850"}],"wp:term":[{"taxonomy":"product_brand","embeddable":true,"href":"https:\/\/speedxperts.com\/de\/wp-json\/wp\/v2\/product_brand?post=4850"},{"taxonomy":"product_cat","embeddable":true,"href":"https:\/\/speedxperts.com\/de\/wp-json\/wp\/v2\/product_cat?post=4850"},{"taxonomy":"product_tag","embeddable":true,"href":"https:\/\/speedxperts.com\/de\/wp-json\/wp\/v2\/product_tag?post=4850"}],"curies":[{"name":"wp","href":"https:\/\/api.w.org\/{rel}","templated":true}]}}