{"id":6673,"date":"2025-11-26T08:47:44","date_gmt":"2025-11-26T07:47:44","guid":{"rendered":"https:\/\/speedxperts.com\/product\/heated-car-seat-cover-with-graphene-grey\/"},"modified":"2025-11-26T09:10:46","modified_gmt":"2025-11-26T08:10:46","slug":"beheizter-autositzbezug-mit-graphen-grau","status":"publish","type":"product","link":"https:\/\/speedxperts.com\/de\/product\/beheizter-autositzbezug-mit-graphen-grau\/","title":{"rendered":"Beheizter Autositzbezug mit Graphen - Grau"},"content":{"rendered":"<p>Genie\u00dfen Sie den ganzen Winter \u00fcber sofortige W\u00e4rme und weichen Komfort mit diesem <strong>Graphen Beheizter Autositzbezug<\/strong>. Aus pl\u00fcschigem, warmem Fleece gefertigt und mit fortschrittlichen Graphene-Heizschichten ausgestattet, liefert er schnelle, gleichm\u00e4\u00dfige W\u00e4rme und sch\u00fctzt Ihren Sitz. Kompatibel sowohl mit <strong>12V und 24V<\/strong> Fahrzeugen ist es ideal f\u00fcr Autos, SUVs, Lieferwagen und Lastwagen.<\/p>\n<p>Wesentliche Merkmale<\/p>\n<ul>\n<li>\n<p><strong>30-Sekunden-Schnellerw\u00e4rmung<\/strong><br \/>\n\tSchaltet sich ein in <strong>standardm\u00e4\u00dfig hoher Modus<\/strong>, so dass Sie die W\u00e4rme in etwa <strong>30 Sekunden<\/strong>-perfekt f\u00fcr Kaltstarts und lange Fahrten.<\/p>\n<\/li>\n<li>\n<p><strong>Intelligente Temperaturregelung<\/strong><\/p>\n<ul>\n<li>Beginnt am <strong>Hoch (\u224825 W)<\/strong>, und wechselt dann automatisch zu <strong>Mittel (\u224820 W)<\/strong> nach etwa <strong>10 Minuten<\/strong> f\u00fcr Komfort.<\/li>\n<li>Drei Stufen: <strong>Hoch \/ Mittel \/ Niedrig (\u224813 W)<\/strong> mit einer digitalen intelligenten Steuerung.<\/li>\n<li>Eingebaut <strong>50-Minuten-Timer<\/strong> zur Sicherheit, falls Sie vergessen, es auszuschalten.<\/li>\n<\/ul>\n<\/li>\n<li>\n<p><strong>Graphen-Heizschicht-Technologie<\/strong><\/p>\n<ul>\n<li>Zwei Graphen-Heizschichten f\u00fcr <strong>schnelle, gleichm\u00e4\u00dfige Erw\u00e4rmung<\/strong>.<\/li>\n<li>Energieeffizient, flexibel und best\u00e4ndig gegen hohe Temperaturen und wiederholtes Falten.<\/li>\n<\/ul>\n<\/li>\n<li>\n<p><strong>Weiche, warme Vliesoberfl\u00e4che<\/strong><\/p>\n<ul>\n<li>Pl\u00fcschiger, k\u00f6rniger Samt sorgt f\u00fcr ein kuscheliges, weiches Gef\u00fchl, auch wenn die Heizung ausgeschaltet ist.<\/li>\n<li>Komfortabel f\u00fcr den t\u00e4glichen Gebrauch im Herbst und Winter.<\/li>\n<\/ul>\n<\/li>\n<li>\n<p><strong>Sicher und einfach in der Anwendung<\/strong><\/p>\n<ul>\n<li><strong>Flammenhemmend<\/strong> 12V\/24V Zigarettenanz\u00fcnder-Stecker.<\/li>\n<li>Kurzschlussschutz und sicherer Stromanschluss.<\/li>\n<li>Dank der verstellbaren Schnallenriemen passt das Kissen auf die meisten Sitze und bleibt an Ort und Stelle.<\/li>\n<\/ul>\n<\/li>\n<li>\n<p><strong>Universelle 12V \/ 24V Kompatibilit\u00e4t<\/strong><\/p>\n<ul>\n<li>Passt in die meisten Pkw, SUVs und viele Lkw mit <strong>12V oder 24V Steckdosen<\/strong>.<\/li>\n<\/ul>\n<\/li>\n<\/ul>\n<p>Spezifikationen<\/p>\n<ul>\n<li>Produkt: Beheizter Autositzbezug \/ Sitzheizungsmatte<\/li>\n<li>Material: Warmes Vlies<\/li>\n<li>Farben: <strong>Schwarz, Grau, Orange<\/strong><\/li>\n<li>Gr\u00f6\u00dfe: ca. <strong>104 \u00d7 52 cm<\/strong><\/li>\n<li>Eingangsspannung: <strong>12\/24 V<\/strong><\/li>\n<li>Leistungsstufen:\n<ul>\n<li>Hoch: <strong>25 W<\/strong><\/li>\n<li>Medium: <strong>20 W<\/strong><\/li>\n<li>Niedrig: <strong>13 W<\/strong><\/li>\n<\/ul>\n<\/li>\n<\/ul>\n<p>Verbessern Sie Ihr Fahrverhalten im Winter mit einem <strong>Graphen-betriebenes, pl\u00fcschiges, beheiztes Sitzkissen<\/strong> die schnelles Aufheizen, intelligente Steuerung und weichen Komfort in einem Universalbezug vereint.<\/p>\n<p>&nbsp;<\/p>","protected":false},"excerpt":{"rendered":"<p>Enjoy instant warmth and soft comfort all winter with this Graphene Heated Car Seat Cover. Made from plush, warm fleece and powered by advanced graphene heating layers, it delivers fast, even heat while protecting your seat. Compatible with both 12V and 24V vehicles, it&rsquo;s ideal for cars, SUVs, vans, and trucks. Key Features 30\u2011Second Fast [&hellip;]<\/p>","protected":false},"featured_media":6667,"comment_status":"open","ping_status":"closed","template":"","meta":{"_uag_custom_page_level_css":"","site-sidebar-layout":"default","site-content-layout":"","ast-site-content-layout":"default","site-content-style":"default","site-sidebar-style":"default","ast-global-header-display":"","ast-banner-title-visibility":"","ast-main-header-display":"","ast-hfb-above-header-display":"","ast-hfb-below-header-display":"","ast-hfb-mobile-header-display":"","site-post-title":"","ast-breadcrumbs-content":"","ast-featured-img":"","footer-sml-layout":"","ast-disable-related-posts":"","theme-transparent-header-meta":"","adv-header-id-meta":"","stick-header-meta":"","header-above-stick-meta":"","header-main-stick-meta":"","header-below-stick-meta":"","astra-migrate-meta-layouts":"default","ast-page-background-enabled":"default","ast-page-background-meta":{"desktop":{"background-color":"","background-image":"","background-repeat":"repeat","background-position":"center center","background-size":"auto","background-attachment":"scroll","background-type":"","background-media":"","overlay-type":"","overlay-color":"","overlay-opacity":"","overlay-gradient":""},"tablet":{"background-color":"","background-image":"","background-repeat":"repeat","background-position":"center center","background-size":"auto","background-attachment":"scroll","background-type":"","background-media":"","overlay-type":"","overlay-color":"","overlay-opacity":"","overlay-gradient":""},"mobile":{"background-color":"","background-image":"","background-repeat":"repeat","background-position":"center center","background-size":"auto","background-attachment":"scroll","background-type":"","background-media":"","overlay-type":"","overlay-color":"","overlay-opacity":"","overlay-gradient":""}},"ast-content-background-meta":{"desktop":{"background-color":"var(--ast-global-color-5)","background-image":"","background-repeat":"repeat","background-position":"center center","background-size":"auto","background-attachment":"scroll","background-type":"","background-media":"","overlay-type":"","overlay-color":"","overlay-opacity":"","overlay-gradient":""},"tablet":{"background-color":"var(--ast-global-color-5)","background-image":"","background-repeat":"repeat","background-position":"center center","background-size":"auto","background-attachment":"scroll","background-type":"","background-media":"","overlay-type":"","overlay-color":"","overlay-opacity":"","overlay-gradient":""},"mobile":{"background-color":"var(--ast-global-color-5)","background-image":"","background-repeat":"repeat","background-position":"center center","background-size":"auto","background-attachment":"scroll","background-type":"","background-media":"","overlay-type":"","overlay-color":"","overlay-opacity":"","overlay-gradient":""}}},"product_brand":[],"product_cat":[1074,72,227],"product_tag":[],"class_list":{"0":"post-6673","1":"product","2":"type-product","3":"status-publish","4":"has-post-thumbnail","6":"product_cat-heated-seat-covers","7":"product_cat-interior-accessories","8":"product_cat-winter-accessories","9":"desktop-align-left","10":"tablet-align-left","11":"mobile-align-left","12":"ast-product-gallery-layout-horizontal-slider","13":"ast-product-single-variable","14":"ast-product-tabs-layout-horizontal","16":"first","17":"instock","18":"shipping-taxable","19":"purchasable","20":"product-type-variable"},"aioseo_notices":[],"uagb_featured_image_src":{"full":["https:\/\/speedxperts.com\/wp-content\/uploads\/2025\/11\/Sedd78e2693984b42afe7bfcc849630666.webp",800,800,false],"thumbnail":["https:\/\/speedxperts.com\/wp-content\/uploads\/2025\/11\/Sedd78e2693984b42afe7bfcc849630666-150x150.webp",150,150,true],"medium":["https:\/\/speedxperts.com\/wp-content\/uploads\/2025\/11\/Sedd78e2693984b42afe7bfcc849630666-300x300.webp",300,300,true],"medium_large":["https:\/\/speedxperts.com\/wp-content\/uploads\/2025\/11\/Sedd78e2693984b42afe7bfcc849630666-768x768.webp",768,768,true],"large":["https:\/\/speedxperts.com\/wp-content\/uploads\/2025\/11\/Sedd78e2693984b42afe7bfcc849630666.webp",800,800,false],"1536x1536":["https:\/\/speedxperts.com\/wp-content\/uploads\/2025\/11\/Sedd78e2693984b42afe7bfcc849630666.webp",800,800,false],"2048x2048":["https:\/\/speedxperts.com\/wp-content\/uploads\/2025\/11\/Sedd78e2693984b42afe7bfcc849630666.webp",800,800,false],"trp-custom-language-flag":["https:\/\/speedxperts.com\/wp-content\/uploads\/2025\/11\/Sedd78e2693984b42afe7bfcc849630666-12x12.webp",12,12,true],"woocommerce_thumbnail":["https:\/\/speedxperts.com\/wp-content\/uploads\/2025\/11\/Sedd78e2693984b42afe7bfcc849630666-300x300.webp",300,300,true],"woocommerce_single":["https:\/\/speedxperts.com\/wp-content\/uploads\/2025\/11\/Sedd78e2693984b42afe7bfcc849630666-600x600.webp",600,600,true],"woocommerce_gallery_thumbnail":["https:\/\/speedxperts.com\/wp-content\/uploads\/2025\/11\/Sedd78e2693984b42afe7bfcc849630666-100x100.webp",100,100,true]},"uagb_author_info":{"display_name":"Sebastian","author_link":"https:\/\/speedxperts.com\/de\/author\/"},"uagb_comment_info":0,"uagb_excerpt":"Enjoy instant warmth and soft comfort all winter with this Graphene Heated Car Seat Cover. Made from plush, warm fleece and powered by advanced graphene heating layers, it delivers fast, even heat while protecting your seat. Compatible with both 12V and 24V vehicles, it&rsquo;s ideal for cars, SUVs, vans, and trucks. Key Features 30\u2011Second Fast&hellip;","jetpack_sharing_enabled":true,"_links":{"self":[{"href":"https:\/\/speedxperts.com\/de\/wp-json\/wp\/v2\/product\/6673","targetHints":{"allow":["GET"]}}],"collection":[{"href":"https:\/\/speedxperts.com\/de\/wp-json\/wp\/v2\/product"}],"about":[{"href":"https:\/\/speedxperts.com\/de\/wp-json\/wp\/v2\/types\/product"}],"replies":[{"embeddable":true,"href":"https:\/\/speedxperts.com\/de\/wp-json\/wp\/v2\/comments?post=6673"}],"wp:featuredmedia":[{"embeddable":true,"href":"https:\/\/speedxperts.com\/de\/wp-json\/wp\/v2\/media\/6667"}],"wp:attachment":[{"href":"https:\/\/speedxperts.com\/de\/wp-json\/wp\/v2\/media?parent=6673"}],"wp:term":[{"taxonomy":"product_brand","embeddable":true,"href":"https:\/\/speedxperts.com\/de\/wp-json\/wp\/v2\/product_brand?post=6673"},{"taxonomy":"product_cat","embeddable":true,"href":"https:\/\/speedxperts.com\/de\/wp-json\/wp\/v2\/product_cat?post=6673"},{"taxonomy":"product_tag","embeddable":true,"href":"https:\/\/speedxperts.com\/de\/wp-json\/wp\/v2\/product_tag?post=6673"}],"curies":[{"name":"wp","href":"https:\/\/api.w.org\/{rel}","templated":true}]}}