{"id":5736,"date":"2025-08-28T09:33:44","date_gmt":"2025-08-28T08:33:44","guid":{"rendered":"https:\/\/speedxperts.com\/parcel-panel\/"},"modified":"2025-09-16T20:25:27","modified_gmt":"2025-09-16T19:25:27","slug":"orden-de-seguimiento","status":"publish","type":"page","link":"https:\/\/speedxperts.com\/es\/orden-de-seguimiento\/","title":{"rendered":"Orden de seguimiento"},"content":{"rendered":"<div class=\"wp-block-cover alignfull\" style=\"padding-top:0;padding-right:var(--wp--preset--spacing--50);padding-bottom:0;padding-left:var(--wp--preset--spacing--50);min-height:285px;aspect-ratio:unset;\"><img decoding=\"async\" width=\"1280\" height=\"855\" class=\"wp-block-cover__image-background wp-image-3139\" alt=\"noche, v\u00eda l\u00e1ctea, carretera\" src=\"https:\/\/speedxperts.com\/wp-content\/uploads\/2024\/10\/ga2793ea40e15bbfe65564313a1d5cb18a6d3d9e2cfadacd905c95a5ce9dd91231a86e298cb21c37fc249f9d501deaa88ced43c5e3f3ef16b6b05ee2d2346e81e_1280-5222267.jpg\" style=\"object-position:59% 92%\" data-object-fit=\"cover\" data-object-position=\"59% 92%\" srcset=\"https:\/\/speedxperts.com\/wp-content\/uploads\/2024\/10\/ga2793ea40e15bbfe65564313a1d5cb18a6d3d9e2cfadacd905c95a5ce9dd91231a86e298cb21c37fc249f9d501deaa88ced43c5e3f3ef16b6b05ee2d2346e81e_1280-5222267.jpg 1280w, https:\/\/speedxperts.com\/wp-content\/uploads\/2024\/10\/ga2793ea40e15bbfe65564313a1d5cb18a6d3d9e2cfadacd905c95a5ce9dd91231a86e298cb21c37fc249f9d501deaa88ced43c5e3f3ef16b6b05ee2d2346e81e_1280-5222267-300x200.jpg 300w, https:\/\/speedxperts.com\/wp-content\/uploads\/2024\/10\/ga2793ea40e15bbfe65564313a1d5cb18a6d3d9e2cfadacd905c95a5ce9dd91231a86e298cb21c37fc249f9d501deaa88ced43c5e3f3ef16b6b05ee2d2346e81e_1280-5222267-1024x684.jpg 1024w, https:\/\/speedxperts.com\/wp-content\/uploads\/2024\/10\/ga2793ea40e15bbfe65564313a1d5cb18a6d3d9e2cfadacd905c95a5ce9dd91231a86e298cb21c37fc249f9d501deaa88ced43c5e3f3ef16b6b05ee2d2346e81e_1280-5222267-768x513.jpg 768w, https:\/\/speedxperts.com\/wp-content\/uploads\/2024\/10\/ga2793ea40e15bbfe65564313a1d5cb18a6d3d9e2cfadacd905c95a5ce9dd91231a86e298cb21c37fc249f9d501deaa88ced43c5e3f3ef16b6b05ee2d2346e81e_1280-5222267-600x401.jpg 600w\" sizes=\"(max-width: 1280px) 100vw, 1280px\" \/><span aria-hidden=\"true\" class=\"wp-block-cover__background has-background-dim-60 has-background-dim\" style=\"background-color:#314e44\"><\/span><div class=\"wp-block-cover__inner-container is-layout-constrained wp-container-core-cover-is-layout-851bb385 wp-block-cover-is-layout-constrained\">\n<h2 class=\"wp-block-heading alignwide has-ast-global-color-5-color has-text-color has-large-font-size\">Seguimiento del pedido<\/h2>\n<\/div><\/div>\n\n\n\n<div class=\"wp-block-uagb-container uagb-block-0ee65944 default uagb-is-root-container\">\n<div class=\"wp-block-uagb-container uagb-layout-flex uagb-block-d44011df alignfull uagb-is-root-container\"><div class=\"uagb-container-inner-blocks-wrap\"><style>\n            #pp-root .pp-loading-container {\n            margin: 60px auto 0;\n            width: 150px;\n            }\n            #pp-root .pp-loading-container .loading {\n            display: flex;\n            height: 80px;\n            justify-content: space-around;\n            align-items: center;\n            }\n            #pp-root .pp-loading-container span {\n            width: 10px;\n            height: 10px;\n            background-color: #e6e6e6;\n            border-radius: 50%;\n            display: inline-block;\n            line-height: 80px;\n            animation: loading 2s infinite ease;\n            -webkit-animation: loading 2s infinite ease;\n            }\n            #pp-root .pp-loading-container span:nth-child(1) {\n            animation-delay: 0s;\n            -webkit-animation-delay: 0s;\n            }\n            #pp-root .pp-loading-container span:nth-child(2) {\n            animation-delay: 0.2s;\n            -webkit-animation-delay: 0.2s;\n            }\n            #pp-root .pp-loading-container span:nth-child(3) {\n            animation-delay: 0.4s;\n            -webkit-animation-delay: 0.4s;\n            }\n            #pp-root .pp-loading-container span:nth-child(4) {\n            animation-delay: 0.6s;\n            -webkit-animation-delay: 0.6s;\n            }\n            #pp-root .pp-loading-container span:nth-child(5) {\n            animation-delay: 0.8s;\n            -webkit-animation-delay: 0.8s;\n            }\n            #pp-root .pp-loading-container span:nth-child(6) {\n            animation-delay: 1s;\n            -webkit-animation-delay: 1s;\n            }\n            @keyframes loading {\n            0% {\n                transform: scale(1);\n            }\n            20% {\n                transform: scale(2.5);\n            }\n            40% {\n                transform: scale(1);\n            }\n            }\n        <\/style><div id=\"pp-root\"><div class=\"pp-loading-container\">\n            <div class=\"loading\">\n            <span><\/span>\n            <span><\/span>\n            <span><\/span>\n            <span><\/span>\n            <span><\/span>\n            <span><\/span>\n            <\/div>\n        <\/div><\/div>\n\n\n\n<p>Bienvenido a la <strong class=\"\">P\u00e1gina de seguimiento de pedidos de SpeedXperts<\/strong> - su centro de confianza para estar al d\u00eda de cada env\u00edo. Solo tienes que introducir tus datos de seguimiento para ver el estado de tu pedido en tiempo real, desde el env\u00edo hasta la entrega en la puerta de tu casa.<\/p>\n\n\n\n<p>En SpeedXperts, garantizamos entregas r\u00e1pidas y seguras en toda Europa asoci\u00e1ndonos con algunas de las redes de mensajer\u00eda m\u00e1s fiables, entre las que se incluyen:<\/p>\n\n\n\n<ul class=\"wp-block-list\">\n<li><a href=\"https:\/\/www.dhl.com\/\" target=\"_blank\" rel=\"noreferrer noopener\">DHL<\/a> - velocidad internacional y actualizaciones precisas.<\/li>\n\n\n\n<li><a href=\"https:\/\/www.postnl.nl\/\" target=\"_blank\" rel=\"noreferrer noopener\">PostNL<\/a> - fuerte cobertura de paqueter\u00eda en Benelux y Europa.<\/li>\n\n\n\n<li><a href=\"https:\/\/www.laposte.fr\/\" target=\"_blank\" rel=\"noreferrer noopener\">La Poste<\/a> &amp; <a href=\"https:\/\/www.colissimo.fr\/\" target=\"_blank\" rel=\"noreferrer noopener\">Colissimo<\/a> - servicios postales y de paqueter\u00eda franceses fiables.<\/li>\n\n\n\n<li><a href=\"https:\/\/www.ups.com\/\" target=\"_blank\" rel=\"noreferrer noopener\">UPS<\/a> - alcance mundial con tecnolog\u00eda de seguimiento avanzada.<\/li>\n\n\n\n<li><a href=\"https:\/\/gls-group.com\/\" target=\"_blank\" rel=\"noreferrer noopener\">GLS<\/a> - soluciones fiables de paqueter\u00eda europea.<\/li>\n\n\n\n<li><a href=\"https:\/\/www.dpd.com\/\" target=\"_blank\" rel=\"noreferrer noopener\">DPD<\/a> - entrega flexible con actualizaciones de estado en tiempo real.<\/li>\n<\/ul>\n\n\n\n<p>Para obtener m\u00e1s informaci\u00f3n sobre plazos de entrega, opciones de pago aceptadas y pol\u00edticas de env\u00edo, visite nuestro <strong class=\"\"><a href=\"https:\/\/speedxperts.com\/es\/pagos_envio\/\" target=\"_blank\" rel=\"noopener\" title=\"Env\u00edos y pagos\">Env\u00edos y pagos<\/a><\/strong> secci\u00f3n. Si necesita ayuda adicional, nuestro <strong class=\"\"><a href=\"https:\/\/speedxperts.com\/es\/contacto\/\" target=\"_blank\" rel=\"noopener\" title=\"Atenci\u00f3n al cliente\">Atenci\u00f3n al cliente<\/a><\/strong> est\u00e1 siempre dispuesto a ayudarle.<\/p>\n\n\n\n<p>Con SpeedXperts, siempre disfrutar\u00e1 de <strong class=\"\">seguimiento transparente, env\u00edo r\u00e1pido y tranquilidad<\/strong>.<\/p>\n<\/div><\/div>\n<\/div>","protected":false},"excerpt":{"rendered":"<p>Welcome to the SpeedXperts Order Tracking page \u2014 your reliable hub for staying up to date with every shipment. Simply enter your tracking details to view the real\u2011time status of your order, from dispatch through to delivery at your doorstep. At SpeedXperts, we ensure fast and secure deliveries across Europe by partnering with some of [&hellip;]<\/p>","protected":false},"author":71,"featured_media":0,"parent":0,"menu_order":0,"comment_status":"closed","ping_status":"closed","template":"","meta":{"_uag_custom_page_level_css":"","site-sidebar-layout":"default","site-content-layout":"","ast-site-content-layout":"default","site-content-style":"default","site-sidebar-style":"default","ast-global-header-display":"","ast-banner-title-visibility":"","ast-main-header-display":"","ast-hfb-above-header-display":"","ast-hfb-below-header-display":"","ast-hfb-mobile-header-display":"","site-post-title":"disabled","ast-breadcrumbs-content":"","ast-featured-img":"","footer-sml-layout":"","theme-transparent-header-meta":"","adv-header-id-meta":"","stick-header-meta":"","header-above-stick-meta":"","header-main-stick-meta":"","header-below-stick-meta":"","astra-migrate-meta-layouts":"set","ast-page-background-enabled":"default","ast-page-background-meta":{"desktop":{"background-color":"","background-image":"","background-repeat":"repeat","background-position":"center center","background-size":"auto","background-attachment":"scroll","background-type":"","background-media":"","overlay-type":"","overlay-color":"","overlay-opacity":"","overlay-gradient":""},"tablet":{"background-color":"","background-image":"","background-repeat":"repeat","background-position":"center center","background-size":"auto","background-attachment":"scroll","background-type":"","background-media":"","overlay-type":"","overlay-color":"","overlay-opacity":"","overlay-gradient":""},"mobile":{"background-color":"","background-image":"","background-repeat":"repeat","background-position":"center center","background-size":"auto","background-attachment":"scroll","background-type":"","background-media":"","overlay-type":"","overlay-color":"","overlay-opacity":"","overlay-gradient":""}},"ast-content-background-meta":{"desktop":{"background-color":"var(--ast-global-color-5)","background-image":"","background-repeat":"repeat","background-position":"center center","background-size":"auto","background-attachment":"scroll","background-type":"","background-media":"","overlay-type":"","overlay-color":"","overlay-opacity":"","overlay-gradient":""},"tablet":{"background-color":"var(--ast-global-color-5)","background-image":"","background-repeat":"repeat","background-position":"center center","background-size":"auto","background-attachment":"scroll","background-type":"","background-media":"","overlay-type":"","overlay-color":"","overlay-opacity":"","overlay-gradient":""},"mobile":{"background-color":"var(--ast-global-color-5)","background-image":"","background-repeat":"repeat","background-position":"center center","background-size":"auto","background-attachment":"scroll","background-type":"","background-media":"","overlay-type":"","overlay-color":"","overlay-opacity":"","overlay-gradient":""}},"footnotes":""},"class_list":["post-5736","page","type-page","status-publish","hentry"],"aioseo_notices":[],"uagb_featured_image_src":{"full":false,"thumbnail":false,"medium":false,"medium_large":false,"large":false,"1536x1536":false,"2048x2048":false,"trp-custom-language-flag":false,"woocommerce_thumbnail":false,"woocommerce_single":false,"woocommerce_gallery_thumbnail":false},"uagb_author_info":{"display_name":"Sebastian","author_link":"https:\/\/speedxperts.com\/es\/author\/sebastian\/"},"uagb_comment_info":0,"uagb_excerpt":"Welcome to the SpeedXperts Order Tracking page \u2014 your reliable hub for staying up to date with every shipment. Simply enter your tracking details to view the real\u2011time status of your order, from dispatch through to delivery at your doorstep. At SpeedXperts, we ensure fast and secure deliveries across Europe by partnering with some of&hellip;","jetpack_sharing_enabled":true,"_links":{"self":[{"href":"https:\/\/speedxperts.com\/es\/wp-json\/wp\/v2\/pages\/5736","targetHints":{"allow":["GET"]}}],"collection":[{"href":"https:\/\/speedxperts.com\/es\/wp-json\/wp\/v2\/pages"}],"about":[{"href":"https:\/\/speedxperts.com\/es\/wp-json\/wp\/v2\/types\/page"}],"author":[{"embeddable":true,"href":"https:\/\/speedxperts.com\/es\/wp-json\/wp\/v2\/users\/71"}],"replies":[{"embeddable":true,"href":"https:\/\/speedxperts.com\/es\/wp-json\/wp\/v2\/comments?post=5736"}],"version-history":[{"count":0,"href":"https:\/\/speedxperts.com\/es\/wp-json\/wp\/v2\/pages\/5736\/revisions"}],"wp:attachment":[{"href":"https:\/\/speedxperts.com\/es\/wp-json\/wp\/v2\/media?parent=5736"}],"curies":[{"name":"wp","href":"https:\/\/api.w.org\/{rel}","templated":true}]}}