{"id":3039,"date":"2024-10-10T06:56:42","date_gmt":"2024-10-10T06:56:42","guid":{"rendered":"https:\/\/speedxperts.com\/product\/mongoose-j2534-pro-tool-for-volvo-toyota-lexus-jlr\/"},"modified":"2026-04-28T07:26:31","modified_gmt":"2026-04-28T06:26:31","slug":"mongoose-j2534-pro-tool-para-volvo-toyota-lexus-jlr","status":"publish","type":"product","link":"https:\/\/speedxperts.com\/es\/producto\/mongoose-j2534-pro-tool-para-volvo-toyota-lexus-jlr\/","title":{"rendered":"Mongose J2534 Pro Tool for Volvo, Toyota, Lexus, JLR"},"content":{"rendered":"<p>You will get the installation guide and download link\u00a0after purchase.<\/p>\n<p><strong>Don&#8217;t know which Diagnostic tool to choose for Volvo cars?<\/strong> <a href=\"https:\/\/speedxperts.com\/es\/como-elegir-la-herramienta-de-diagnostico-volvo-adecuada\/\">Vea nuestra comparaci\u00f3n detallada.<\/a><\/p>\n<p><strong>Amplia compatibilidad de veh\u00edculos:<\/strong><\/p>\n<ul>\n<li><strong>Jaguar:<\/strong> 2005-2016<\/li>\n<li><strong>Land Rover:<\/strong> 2005-2016<\/li>\n<li><strong>Toyota:<\/strong> 1996-2022<\/li>\n<li><strong>Lexus:<\/strong> 1996-2022<\/li>\n<li><strong>Volvo:<\/strong> 1999-2014 (VIDA)<\/li>\n<li><strong>Volvo:<\/strong> 1998-2024 (VDASH D5T5)<\/li>\n<\/ul>\n<p><strong>\u2705 Versiones de software:<\/strong><\/p>\n<ul>\n<li><strong>JLR SDD:<\/strong> V164 - no incluido<\/li>\n<li><strong>Volvo Vida:<\/strong> 2014D - VirtualBox (Windows y MacOS)<\/li>\n<li><strong>Volvo Vida:<\/strong> 2014D - para Windows 7, 10, 11<\/li>\n<li><strong>Toyota TIS Techstream:<\/strong> 17 (<em>Compatible con Windows 10, 64 bits<\/em>)<\/li>\n<\/ul>\n<p><strong>\u2705 Nota importante:<\/strong> Es el clon de alta calidad de la herramienta original de Mongoose. Estos programas no pueden instalarse en el mismo ordenador. Por favor, aseg\u00farese de tener al menos dos ordenadores separados para la instalaci\u00f3n.<\/p>\n<h3>JLR Cable Esc\u00e1ner 3 en 1 Caracter\u00edsticas:<\/h3>\n<ol>\n<li>Admite diagn\u00f3sticos para <strong>OBD II<\/strong> veh\u00edculos a partir de 1996.<\/li>\n<li>Asas <strong>diagn\u00f3stico y reprogramaci\u00f3n flash<\/strong> para los protocolos CAN, J1850VPW e ISO9141\/KWP2000.<\/li>\n<li>Alimentado por USB, compatible con varios sistemas operativos Windows (Windows 2000 a Windows 7).<\/li>\n<\/ol>\n<p><strong>Protocolos admitidos:<\/strong><\/p>\n<ul>\n<li>J1850PWM \/ SCP<\/li>\n<li>ISO9141 \/ KWP2000<\/li>\n<li>Bus CAN (ISO 15765, GMLAN, ISO14229)<\/li>\n<\/ul>\n<h3>Toyota &amp; Lexus TIS Techstream Caracter\u00edsticas:<\/h3>\n<ol>\n<li><strong>Diagn\u00f3sticos personalizables<\/strong> para veh\u00edculos desde 1996 hasta la actualidad.<\/li>\n<li>Admite <strong>reprogramaci\u00f3n flash<\/strong> y las revisiones del veh\u00edculo.<\/li>\n<li>Compatible con varios protocolos, entre ellos <strong>L\u00ednea K ISO 9141<\/strong> y <strong>SAE J1850 PWM<\/strong>.<\/li>\n<\/ol>\n<h3>Funciones Volvo Vida:<\/h3>\n<ol>\n<li>Funciones de diagn\u00f3stico completas, que abarcan desde los sistemas del motor hasta los frenos y la suspensi\u00f3n.<\/li>\n<li>Proporciona <strong>informaci\u00f3n sobre reparaciones y piezas de recambio<\/strong> para una localizaci\u00f3n precisa de aver\u00edas.<\/li>\n<li>Tambi\u00e9n es compatible con el programa VDASH de D5T5.<\/li>\n<\/ol>\n<p>&nbsp;<\/p>","protected":false},"excerpt":{"rendered":"<p>En <strong>Mangosta J2534<\/strong> es una herramienta vers\u00e1til de diagn\u00f3stico y reprogramaci\u00f3n, perfecta para marcas de veh\u00edculos como Toyota, Lexus, Jaguar, Land Rover y Volvo. Es compatible con <strong>J2534 reprogramaci\u00f3n ECU<\/strong> y ofrece compatibilidad con programas profesionales como <strong>Toyota Techstream<\/strong>, <strong>JLR SDD<\/strong>y <strong>Volvo VIDA<\/strong>. Ideal tanto para profesionales como para aficionados al bricolaje, proporciona diagn\u00f3sticos y reprogramaciones fiables para una amplia gama de veh\u00edculos.<\/p>","protected":false},"featured_media":3023,"comment_status":"open","ping_status":"closed","template":"","meta":{"_uag_custom_page_level_css":"","site-sidebar-layout":"default","site-content-layout":"","ast-site-content-layout":"default","site-content-style":"default","site-sidebar-style":"default","ast-global-header-display":"","ast-banner-title-visibility":"","ast-main-header-display":"","ast-hfb-above-header-display":"","ast-hfb-below-header-display":"","ast-hfb-mobile-header-display":"","site-post-title":"","ast-breadcrumbs-content":"","ast-featured-img":"","footer-sml-layout":"","theme-transparent-header-meta":"default","adv-header-id-meta":"","stick-header-meta":"","header-above-stick-meta":"","header-main-stick-meta":"","header-below-stick-meta":"","astra-migrate-meta-layouts":"set","ast-page-background-enabled":"default","ast-page-background-meta":{"desktop":{"background-color":"","background-image":"","background-repeat":"repeat","background-position":"center center","background-size":"auto","background-attachment":"scroll","background-type":"","background-media":"","overlay-type":"","overlay-color":"","overlay-opacity":"","overlay-gradient":""},"tablet":{"background-color":"","background-image":"","background-repeat":"repeat","background-position":"center center","background-size":"auto","background-attachment":"scroll","background-type":"","background-media":"","overlay-type":"","overlay-color":"","overlay-opacity":"","overlay-gradient":""},"mobile":{"background-color":"","background-image":"","background-repeat":"repeat","background-position":"center center","background-size":"auto","background-attachment":"scroll","background-type":"","background-media":"","overlay-type":"","overlay-color":"","overlay-opacity":"","overlay-gradient":""}},"ast-content-background-meta":{"desktop":{"background-color":"var(--ast-global-color-5)","background-image":"","background-repeat":"repeat","background-position":"center center","background-size":"auto","background-attachment":"scroll","background-type":"","background-media":"","overlay-type":"","overlay-color":"","overlay-opacity":"","overlay-gradient":""},"tablet":{"background-color":"var(--ast-global-color-5)","background-image":"","background-repeat":"repeat","background-position":"center center","background-size":"auto","background-attachment":"scroll","background-type":"","background-media":"","overlay-type":"","overlay-color":"","overlay-opacity":"","overlay-gradient":""},"mobile":{"background-color":"var(--ast-global-color-5)","background-image":"","background-repeat":"repeat","background-position":"center center","background-size":"auto","background-attachment":"scroll","background-type":"","background-media":"","overlay-type":"","overlay-color":"","overlay-opacity":"","overlay-gradient":""}}},"product_brand":[],"product_cat":[70],"product_tag":[82,81,79],"class_list":{"0":"post-3039","1":"product","2":"type-product","3":"status-publish","4":"has-post-thumbnail","6":"product_cat-diagnostic-tools","7":"product_tag-lexus","8":"product_tag-toyota","9":"product_tag-volvo","10":"desktop-align-left","11":"tablet-align-left","12":"mobile-align-left","13":"ast-product-gallery-layout-horizontal-slider","14":"ast-product-tabs-layout-horizontal","16":"first","17":"instock","18":"shipping-taxable","19":"purchasable","20":"product-type-simple"},"aioseo_notices":[],"uagb_featured_image_src":{"full":["https:\/\/speedxperts.com\/wp-content\/uploads\/2024\/10\/S76d5a03be2a14275bd85be59336dad48d.webp",1000,1000,false],"thumbnail":["https:\/\/speedxperts.com\/wp-content\/uploads\/2024\/10\/S76d5a03be2a14275bd85be59336dad48d-150x150.webp",150,150,true],"medium":["https:\/\/speedxperts.com\/wp-content\/uploads\/2024\/10\/S76d5a03be2a14275bd85be59336dad48d-300x300.webp",300,300,true],"medium_large":["https:\/\/speedxperts.com\/wp-content\/uploads\/2024\/10\/S76d5a03be2a14275bd85be59336dad48d-768x768.webp",768,768,true],"large":["https:\/\/speedxperts.com\/wp-content\/uploads\/2024\/10\/S76d5a03be2a14275bd85be59336dad48d.webp",1000,1000,false],"1536x1536":["https:\/\/speedxperts.com\/wp-content\/uploads\/2024\/10\/S76d5a03be2a14275bd85be59336dad48d.webp",1000,1000,false],"2048x2048":["https:\/\/speedxperts.com\/wp-content\/uploads\/2024\/10\/S76d5a03be2a14275bd85be59336dad48d.webp",1000,1000,false],"trp-custom-language-flag":["https:\/\/speedxperts.com\/wp-content\/uploads\/2024\/10\/S76d5a03be2a14275bd85be59336dad48d.webp",12,12,false],"woocommerce_thumbnail":["https:\/\/speedxperts.com\/wp-content\/uploads\/2024\/10\/S76d5a03be2a14275bd85be59336dad48d-300x300.webp",300,300,true],"woocommerce_single":["https:\/\/speedxperts.com\/wp-content\/uploads\/2024\/10\/S76d5a03be2a14275bd85be59336dad48d-600x600.webp",600,600,true],"woocommerce_gallery_thumbnail":["https:\/\/speedxperts.com\/wp-content\/uploads\/2024\/10\/S76d5a03be2a14275bd85be59336dad48d-100x100.webp",100,100,true]},"uagb_author_info":{"display_name":"Sebastian","author_link":"https:\/\/speedxperts.com\/es\/author\/"},"uagb_comment_info":8,"uagb_excerpt":"The Mongoose J2534 is a versatile diagnostic and reprogramming tool, perfect for vehicle brands like Toyota, Lexus, Jaguar, Land Rover, and Volvo. It supports J2534 ECU reprogramming and offers compatibility with professional software like Toyota Techstream, JLR SDD, and Volvo VIDA. Ideal for both professionals and DIYers, it provides reliable diagnostics and reprogramming for a&hellip;","jetpack_sharing_enabled":true,"_links":{"self":[{"href":"https:\/\/speedxperts.com\/es\/wp-json\/wp\/v2\/product\/3039","targetHints":{"allow":["GET"]}}],"collection":[{"href":"https:\/\/speedxperts.com\/es\/wp-json\/wp\/v2\/product"}],"about":[{"href":"https:\/\/speedxperts.com\/es\/wp-json\/wp\/v2\/types\/product"}],"replies":[{"embeddable":true,"href":"https:\/\/speedxperts.com\/es\/wp-json\/wp\/v2\/comments?post=3039"}],"wp:featuredmedia":[{"embeddable":true,"href":"https:\/\/speedxperts.com\/es\/wp-json\/wp\/v2\/media\/3023"}],"wp:attachment":[{"href":"https:\/\/speedxperts.com\/es\/wp-json\/wp\/v2\/media?parent=3039"}],"wp:term":[{"taxonomy":"product_brand","embeddable":true,"href":"https:\/\/speedxperts.com\/es\/wp-json\/wp\/v2\/product_brand?post=3039"},{"taxonomy":"product_cat","embeddable":true,"href":"https:\/\/speedxperts.com\/es\/wp-json\/wp\/v2\/product_cat?post=3039"},{"taxonomy":"product_tag","embeddable":true,"href":"https:\/\/speedxperts.com\/es\/wp-json\/wp\/v2\/product_tag?post=3039"}],"curies":[{"name":"wp","href":"https:\/\/api.w.org\/{rel}","templated":true}]}}