{"id":3071,"date":"2024-10-10T06:57:36","date_gmt":"2024-10-10T06:57:36","guid":{"rendered":"https:\/\/speedxperts.com\/product\/delphi-ds150e-multi-brand-diagnostic-tool-2\/"},"modified":"2026-04-27T13:15:39","modified_gmt":"2026-04-27T12:15:39","slug":"delphi-ds150e-herramienta-de-diagnostico-multimarca-2","status":"publish","type":"product","link":"https:\/\/speedxperts.com\/es\/producto\/delphi-ds150e-herramienta-de-diagnostico-multimarca-2\/","title":{"rendered":"Delfi DS150e 2PCB | Herramienta de Diagn\u00f3stico Multimarca"},"content":{"rendered":"<p><strong>Incluye software para coches y camiones 2021<\/strong>: Se incluye el software, que proporciona capacidades de diagn\u00f3stico completas para coches y camiones. Obtendr\u00e1 la gu\u00eda de instalaci\u00f3n y <strong>enlace de descarga <\/strong>en archivo PDF despu\u00e9s de la compra.<\/p>\n<hr \/>\n<h4>Caracter\u00edsticas principales:<\/h4>\n<ul>\n<li><strong>Alternativa de alta calidad<\/strong>: Se trata de una alternativa de alta calidad del esc\u00e1ner DS150, que ofrece la misma funcionalidad de diagn\u00f3stico avanzado a un precio m\u00e1s asequible.<\/li>\n<li><strong>Versi\u00f3n con doble placa de circuito impreso: <\/strong>Herramienta de diagn\u00f3stico construida con dos placas de circuitos de alta calidad para una mayor estabilidad, una mejor disipaci\u00f3n del calor y una comunicaci\u00f3n m\u00e1s fiable con el veh\u00edculo.<\/li>\n<li><strong>Versi\u00f3n Bluetooth:<\/strong> Utiliza tu herramienta sin cables al ordenador.<\/li>\n<li><strong>Soporte multimarca<\/strong>: Compatible con una amplia gama de marcas de autom\u00f3viles y camiones, lo que la convierte en una soluci\u00f3n todo en uno tanto para uso personal como profesional.<\/li>\n<li><strong>2021 Coches y Camiones Software Incluido<\/strong>: Incluye la versi\u00f3n 2021 del software Cars &amp; Trucks, que cubre la mayor\u00eda de marcas y modelos de veh\u00edculos.<\/li>\n<li><strong>Diagn\u00f3stico integral<\/strong>: Lee y borra los c\u00f3digos de diagn\u00f3stico de problemas, realiza comprobaciones de sensores y ofrece funcionalidades avanzadas como la activaci\u00f3n de componentes, la programaci\u00f3n de la ECU y mucho m\u00e1s.<\/li>\n<li><strong>Soporte OBD2<\/strong>: Compatible con OBD2 para coches y camiones, asegurando una amplia cobertura para los veh\u00edculos modernos.<\/li>\n<li><strong>Gu\u00eda detallada de instalaci\u00f3n<\/strong>: Se proporciona una gu\u00eda de instalaci\u00f3n del software paso a paso, lo que facilita su configuraci\u00f3n y uso.<\/li>\n<\/ul>\n<hr \/>\n<h4>Veh\u00edculos compatibles:<\/h4>\n<ul>\n<li><strong>Coches<\/strong>: Compatible con la mayor\u00eda de veh\u00edculos europeos, americanos y asi\u00e1ticos a partir de 1996.<\/li>\n<li><strong>Camiones<\/strong>: Tambi\u00e9n admite diagn\u00f3sticos para la mayor\u00eda de los camiones, incluidos los veh\u00edculos pesados.<\/li>\n<\/ul>\n<p><strong>Nota: Algunos coches y camiones pueden no ser compatibles con esta herramienta. Especialmente los coches hasta 2002 MY y BMW serie E, F y G. Para obtener la m\u00e1xima compatibilidad, compre <a href=\"https:\/\/speedxperts.com\/es\/producto\/wurth-wow-snooper-herramienta-premium-1pcb-version-multi-marca-herramienta-de-diagnostico\/\">1PCB Herramienta Premium<\/a>.<\/strong><\/p>\n<hr \/>\n<h4>El paquete incluye:<\/h4>\n<ul>\n<li>1 x <strong>Esc\u00e1ner multimarca Bluetooth Delfi DS150 (Clon de alta calidad)<\/strong><\/li>\n<li>1 x <strong>Cable USB<\/strong><\/li>\n<li>1 x <strong>Coches y Camiones 2021 Software Descargar Enlace<\/strong><\/li>\n<li>1 x <strong>Gu\u00eda detallada de instalaci\u00f3n<\/strong><\/li>\n<\/ul>\n<p><strong>Combo de 8 cables para coche:\u00a0<\/strong><\/p>\n<ul>\n<li data-start=\"67\" data-end=\"175\"><strong data-start=\"70\" data-end=\"90\">PSA Cable de 30 clavijas<\/strong> \u2192 Para <strong data-start=\"97\" data-end=\"108\">Peugeot<\/strong> y <strong data-start=\"113\" data-end=\"124\" data-is-only-node=\"\">Citro\u00ebn<\/strong> veh\u00edculos con <strong data-start=\"141\" data-end=\"151\">30 patillas<\/strong> conector de diagn\u00f3stico.<\/li>\n<li data-start=\"176\" data-end=\"286\"><strong data-start=\"179\" data-end=\"198\">PSA Cable de 2 clavijas<\/strong> \u2192 Para <strong data-start=\"205\" data-end=\"216\">Peugeot<\/strong> y <strong data-start=\"221\" data-end=\"232\" data-is-only-node=\"\">Citro\u00ebn<\/strong> modelos m\u00e1s antiguos con <strong data-start=\"253\" data-end=\"262\">2 polos<\/strong> conector de diagn\u00f3stico.<\/li>\n<li data-start=\"287\" data-end=\"390\"><strong data-start=\"290\" data-end=\"318\">Cable Audi 2-PIN + 2-PIN<\/strong> \u2192 Para <strong data-start=\"325\" data-end=\"339\">Audi antiguo<\/strong> veh\u00edculos que utilizan un <strong data-start=\"357\" data-end=\"371\" data-is-only-node=\"\">doble 2 patillas<\/strong> configuraci\u00f3n del conector.<\/li>\n<li data-start=\"391\" data-end=\"503\"><strong data-start=\"394\" data-end=\"424\">Mercedes-Benz 38-PIN Cable<\/strong> \u2192 Para <strong data-start=\"431\" data-end=\"448\">Mercedes-Benz<\/strong> modelos con un <strong data-start=\"463\" data-end=\"479\" data-is-only-node=\"\">38 patillas redondas<\/strong> conector de diagn\u00f3stico.<\/li>\n<li data-start=\"504\" data-end=\"620\"><strong data-start=\"507\" data-end=\"527\">Cable BMW 20-PIN<\/strong> \u2192 Para <strong data-start=\"534\" data-end=\"541\">BMW<\/strong> veh\u00edculos con <strong data-start=\"558\" data-end=\"574\" data-is-only-node=\"\">Redondo de 20 polos<\/strong> puerto de diagn\u00f3stico, normalmente modelos anteriores a 2001.<\/li>\n<li data-start=\"621\" data-end=\"711\"><strong data-start=\"624\" data-end=\"645\">Cable Opel 10-PIN<\/strong> \u2192 Para <strong data-start=\"652\" data-end=\"660\">Opel<\/strong> veh\u00edculos con <strong data-start=\"677\" data-end=\"687\" data-is-only-node=\"\">10 polos<\/strong> conector de diagn\u00f3stico.<\/li>\n<li data-start=\"712\" data-end=\"827\"><strong data-start=\"715\" data-end=\"735\">Cable Fiat 3-PIN<\/strong> \u2192 Para <strong data-start=\"742\" data-end=\"750\">Fiat<\/strong> veh\u00edculos con <strong data-start=\"767\" data-end=\"776\" data-is-only-node=\"\">3 polos<\/strong> puerto de diagn\u00f3stico, que suele encontrarse en los modelos m\u00e1s antiguos<\/li>\n<li data-start=\"712\" data-end=\"827\"><strong>Cable de alimentaci\u00f3n<\/strong><\/li>\n<\/ul>\n<p><strong>Combo de 8 cables de cami\u00f3n:<\/strong><\/p>\n<ul>\n<li data-start=\"56\" data-end=\"139\"><strong data-start=\"59\" data-end=\"94\">Cable de remolque Knorr-Wabco 7-PIN<\/strong> \u2192 Para <strong data-start=\"101\" data-end=\"116\">Knorr-Wabco<\/strong> diagn\u00f3stico de remolques.<\/li>\n<li data-start=\"140\" data-end=\"226\"><strong data-start=\"143\" data-end=\"163\">Cable MAN 12-PIN<\/strong> \u2192 Para <strong data-start=\"170\" data-end=\"177\">MAN<\/strong> camiones con <strong data-start=\"192\" data-end=\"202\" data-is-only-node=\"\">12 polos<\/strong> conector de diagn\u00f3stico.<\/li>\n<li data-start=\"227\" data-end=\"313\"><strong data-start=\"230\" data-end=\"250\">Cable MAN 37-PIN<\/strong> \u2192 Para <strong data-start=\"257\" data-end=\"264\">MAN<\/strong> camiones con <strong data-start=\"279\" data-end=\"289\" data-is-only-node=\"\">37 patillas<\/strong> conector de diagn\u00f3stico.<\/li>\n<li data-start=\"314\" data-end=\"406\"><strong data-start=\"317\" data-end=\"339\">Cable IVECO 30-PIN<\/strong> \u2192 Para <strong data-start=\"346\" data-end=\"355\">IVECO<\/strong> veh\u00edculos con <strong data-start=\"372\" data-end=\"382\" data-is-only-node=\"\">30 patillas<\/strong> conector de diagn\u00f3stico.<\/li>\n<li data-start=\"407\" data-end=\"499\"><strong data-start=\"410\" data-end=\"433\">Cable Scania 16-PIN<\/strong> \u2192 Para <strong data-start=\"440\" data-end=\"450\">Scania<\/strong> camiones con <strong data-start=\"465\" data-end=\"475\" data-is-only-node=\"\">16 patillas<\/strong> conector de diagn\u00f3stico.<\/li>\n<li data-start=\"500\" data-end=\"606\"><strong data-start=\"503\" data-end=\"533\">Mercedes-Benz 14-PIN Cable<\/strong> \u2192 Para <strong data-start=\"540\" data-end=\"557\">Mercedes-Benz<\/strong> camiones con <strong data-start=\"572\" data-end=\"582\" data-is-only-node=\"\">14 polos<\/strong> conector de diagn\u00f3stico.<\/li>\n<li data-start=\"607\" data-end=\"701\"><strong data-start=\"610\" data-end=\"634\">Cable Renault 12-PIN<\/strong> \u2192 Para <strong data-start=\"641\" data-end=\"652\">Renault<\/strong> camiones con <strong data-start=\"667\" data-end=\"677\" data-is-only-node=\"\">12 polos<\/strong> conector de diagn\u00f3stico.<\/li>\n<li data-start=\"702\" data-end=\"791\"><strong data-start=\"705\" data-end=\"726\">Cable Volvo 8-PIN<\/strong> \u2192 Para <strong data-start=\"733\" data-end=\"742\">Volvo<\/strong> camiones con un <strong data-start=\"758\" data-end=\"767\" data-is-only-node=\"\">8 polos<\/strong> conector de diagn\u00f3stico.<\/li>\n<\/ul>\n<h4>Gu\u00eda de instalaci\u00f3n en v\u00eddeo incluida<\/h4>","protected":false},"excerpt":{"rendered":"<div class=\"flex-shrink-0 flex flex-col relative items-end\">\n<div>\n<div class=\"pt-0\">\n<div class=\"gizmo-bot-avatar flex h-8 w-8 items-center justify-center overflow-hidden rounded-full\"><span style=\"font-size: 16px;\">Esta herramienta permite leer y borrar c\u00f3digos de aver\u00eda generales y espec\u00edficos del fabricante, proporcionando diagn\u00f3sticos precisos. Muestra los datos de los sensores en tiempo real y admite la programaci\u00f3n de la ECU para determinados modelos. Puede realizar restablecimientos de servicio para aceite, frenos y m\u00e1s, y tambi\u00e9n activar componentes como inyectores de combustible, bombas y ventiladores para realizar pruebas.<\/span><\/div>\n<\/div>\n<\/div>\n<\/div>","protected":false},"featured_media":6914,"comment_status":"open","ping_status":"closed","template":"","meta":{"_uag_custom_page_level_css":"","site-sidebar-layout":"default","site-content-layout":"","ast-site-content-layout":"default","site-content-style":"default","site-sidebar-style":"default","ast-global-header-display":"","ast-banner-title-visibility":"","ast-main-header-display":"","ast-hfb-above-header-display":"","ast-hfb-below-header-display":"","ast-hfb-mobile-header-display":"","site-post-title":"","ast-breadcrumbs-content":"","ast-featured-img":"","footer-sml-layout":"","theme-transparent-header-meta":"default","adv-header-id-meta":"","stick-header-meta":"","header-above-stick-meta":"","header-main-stick-meta":"","header-below-stick-meta":"","astra-migrate-meta-layouts":"set","ast-page-background-enabled":"default","ast-page-background-meta":{"desktop":{"background-color":"","background-image":"","background-repeat":"repeat","background-position":"center center","background-size":"auto","background-attachment":"scroll","background-type":"","background-media":"","overlay-type":"","overlay-color":"","overlay-opacity":"","overlay-gradient":""},"tablet":{"background-color":"","background-image":"","background-repeat":"repeat","background-position":"center center","background-size":"auto","background-attachment":"scroll","background-type":"","background-media":"","overlay-type":"","overlay-color":"","overlay-opacity":"","overlay-gradient":""},"mobile":{"background-color":"","background-image":"","background-repeat":"repeat","background-position":"center center","background-size":"auto","background-attachment":"scroll","background-type":"","background-media":"","overlay-type":"","overlay-color":"","overlay-opacity":"","overlay-gradient":""}},"ast-content-background-meta":{"desktop":{"background-color":"var(--ast-global-color-5)","background-image":"","background-repeat":"repeat","background-position":"center center","background-size":"auto","background-attachment":"scroll","background-type":"","background-media":"","overlay-type":"","overlay-color":"","overlay-opacity":"","overlay-gradient":""},"tablet":{"background-color":"var(--ast-global-color-5)","background-image":"","background-repeat":"repeat","background-position":"center center","background-size":"auto","background-attachment":"scroll","background-type":"","background-media":"","overlay-type":"","overlay-color":"","overlay-opacity":"","overlay-gradient":""},"mobile":{"background-color":"var(--ast-global-color-5)","background-image":"","background-repeat":"repeat","background-position":"center center","background-size":"auto","background-attachment":"scroll","background-type":"","background-media":"","overlay-type":"","overlay-color":"","overlay-opacity":"","overlay-gradient":""}}},"product_brand":[],"product_cat":[70],"product_tag":[],"class_list":{"0":"post-3071","1":"product","2":"type-product","3":"status-publish","4":"has-post-thumbnail","6":"product_cat-diagnostic-tools","7":"desktop-align-left","8":"tablet-align-left","9":"mobile-align-left","10":"ast-product-gallery-layout-horizontal-slider","11":"ast-product-single-variable","12":"ast-product-tabs-layout-horizontal","14":"first","15":"instock","16":"sale","17":"shipping-taxable","18":"purchasable","19":"product-type-variable","20":"has-default-attributes"},"aioseo_notices":[],"uagb_featured_image_src":{"full":["https:\/\/speedxperts.com\/wp-content\/uploads\/2025\/08\/Diag-Main-Photo-1.png",1080,1080,false],"thumbnail":["https:\/\/speedxperts.com\/wp-content\/uploads\/2025\/08\/Diag-Main-Photo-1-150x150.png",150,150,true],"medium":["https:\/\/speedxperts.com\/wp-content\/uploads\/2025\/08\/Diag-Main-Photo-1-300x300.png",300,300,true],"medium_large":["https:\/\/speedxperts.com\/wp-content\/uploads\/2025\/08\/Diag-Main-Photo-1-768x768.png",768,768,true],"large":["https:\/\/speedxperts.com\/wp-content\/uploads\/2025\/08\/Diag-Main-Photo-1-1024x1024.png",1024,1024,true],"1536x1536":["https:\/\/speedxperts.com\/wp-content\/uploads\/2025\/08\/Diag-Main-Photo-1.png",1080,1080,false],"2048x2048":["https:\/\/speedxperts.com\/wp-content\/uploads\/2025\/08\/Diag-Main-Photo-1.png",1080,1080,false],"trp-custom-language-flag":["https:\/\/speedxperts.com\/wp-content\/uploads\/2025\/08\/Diag-Main-Photo-1-12x12.png",12,12,true],"woocommerce_thumbnail":["https:\/\/speedxperts.com\/wp-content\/uploads\/2025\/08\/Diag-Main-Photo-1-300x300.png",300,300,true],"woocommerce_single":["https:\/\/speedxperts.com\/wp-content\/uploads\/2025\/08\/Diag-Main-Photo-1-600x600.png",600,600,true],"woocommerce_gallery_thumbnail":["https:\/\/speedxperts.com\/wp-content\/uploads\/2025\/08\/Diag-Main-Photo-1-100x100.png",100,100,true]},"uagb_author_info":{"display_name":"Sebastian","author_link":"https:\/\/speedxperts.com\/es\/author\/"},"uagb_comment_info":14,"uagb_excerpt":"This tool allows you to read and clear both general and manufacturer-specific fault codes, providing accurate diagnostics. It displays real-time sensor data and supports ECU programming for select models. You can perform service resets for oil, brakes, and more, and also activate components like fuel injectors, pumps, and fans for testing.","jetpack_sharing_enabled":true,"_links":{"self":[{"href":"https:\/\/speedxperts.com\/es\/wp-json\/wp\/v2\/product\/3071","targetHints":{"allow":["GET"]}}],"collection":[{"href":"https:\/\/speedxperts.com\/es\/wp-json\/wp\/v2\/product"}],"about":[{"href":"https:\/\/speedxperts.com\/es\/wp-json\/wp\/v2\/types\/product"}],"replies":[{"embeddable":true,"href":"https:\/\/speedxperts.com\/es\/wp-json\/wp\/v2\/comments?post=3071"}],"wp:featuredmedia":[{"embeddable":true,"href":"https:\/\/speedxperts.com\/es\/wp-json\/wp\/v2\/media\/6914"}],"wp:attachment":[{"href":"https:\/\/speedxperts.com\/es\/wp-json\/wp\/v2\/media?parent=3071"}],"wp:term":[{"taxonomy":"product_brand","embeddable":true,"href":"https:\/\/speedxperts.com\/es\/wp-json\/wp\/v2\/product_brand?post=3071"},{"taxonomy":"product_cat","embeddable":true,"href":"https:\/\/speedxperts.com\/es\/wp-json\/wp\/v2\/product_cat?post=3071"},{"taxonomy":"product_tag","embeddable":true,"href":"https:\/\/speedxperts.com\/es\/wp-json\/wp\/v2\/product_tag?post=3071"}],"curies":[{"name":"wp","href":"https:\/\/api.w.org\/{rel}","templated":true}]}}