{"id":3392,"date":"2024-10-23T12:16:00","date_gmt":"2024-10-23T12:16:00","guid":{"rendered":"https:\/\/speedxperts.com\/product\/professional-renolink-1-99-obd2-cable-for-renault\/"},"modified":"2026-04-24T11:31:43","modified_gmt":"2026-04-24T10:31:43","slug":"cable-profesional-renolink-1-99-obd2-para-renault","status":"publish","type":"product","link":"https:\/\/speedxperts.com\/es\/producto\/cable-profesional-renolink-1-99-obd2-para-renault\/","title":{"rendered":"Cable profesional Renolink 1.99 OBD2 para Renault"},"content":{"rendered":"<p>Nota: El software Renolink 1.99 est\u00e1 incluido. Usted recibir\u00e1 el enlace de descarga despu\u00e9s de la compra. Software est\u00e1 agrietado, por lo que debe desactivar el software antivirus antes de la instalaci\u00f3n.<\/p>\n<p><strong>Caracter\u00edsticas principales:<\/strong><\/p>\n<ul>\n<li>\u00daltima versi\u00f3n: Renolink V1.99<\/li>\n<li>Compatible con veh\u00edculos Renault y Dacia<\/li>\n<li>Datos claros sobre colisiones para los sistemas de airbag<\/li>\n<li>Lectura\/escritura EEPROM, ECM y UCH<\/li>\n<li>Codificaci\u00f3n, borrado y programaci\u00f3n de llaves<\/li>\n<li>Funciona a trav\u00e9s del conector DAB<\/li>\n<\/ul>\n<p><strong>Nuevo en la versi\u00f3n 1.99:<\/strong><\/p>\n<ul>\n<li>Se han a\u00f1adido opciones de antichoque para el Renault Clio 5 y otros modelos.<\/li>\n<li>Descodificaci\u00f3n de la direcci\u00f3n asistida para Megane 4 y Clio 5<\/li>\n<li>Virginizador EPS para varios modelos Renault<\/li>\n<li>Codificaci\u00f3n autom\u00e1tica en el primer encendido<\/li>\n<\/ul>\n<p>La herramienta es f\u00e1cil de usar y todas las funciones se realizan a trav\u00e9s del conector OBD, lo que la convierte en un dispositivo esencial para la programaci\u00f3n de la ECU de Renault y Dacia.<\/p>\n<p>&nbsp;<\/p>","protected":false},"excerpt":{"rendered":"<p>El Renolink OBD2 es una herramienta profesional para programar unidades de control electr\u00f3nico (ECU) en veh\u00edculos Renault y Dacia, incluidos los \u00faltimos modelos. Con funciones como la coincidencia de UCH, la programaci\u00f3n de airbags, la codificaci\u00f3n de llaves, la programaci\u00f3n de la ECU del motor y mucho m\u00e1s, ofrece una asistencia completa para el diagn\u00f3stico y la programaci\u00f3n de veh\u00edculos.<\/p>","protected":false},"featured_media":3386,"comment_status":"open","ping_status":"closed","template":"","meta":{"_uag_custom_page_level_css":"","site-sidebar-layout":"default","site-content-layout":"","ast-site-content-layout":"default","site-content-style":"default","site-sidebar-style":"default","ast-global-header-display":"","ast-banner-title-visibility":"","ast-main-header-display":"","ast-hfb-above-header-display":"","ast-hfb-below-header-display":"","ast-hfb-mobile-header-display":"","site-post-title":"","ast-breadcrumbs-content":"","ast-featured-img":"","footer-sml-layout":"","theme-transparent-header-meta":"default","adv-header-id-meta":"","stick-header-meta":"","header-above-stick-meta":"","header-main-stick-meta":"","header-below-stick-meta":"","astra-migrate-meta-layouts":"set","ast-page-background-enabled":"default","ast-page-background-meta":{"desktop":{"background-color":"","background-image":"","background-repeat":"repeat","background-position":"center center","background-size":"auto","background-attachment":"scroll","background-type":"","background-media":"","overlay-type":"","overlay-color":"","overlay-opacity":"","overlay-gradient":""},"tablet":{"background-color":"","background-image":"","background-repeat":"repeat","background-position":"center center","background-size":"auto","background-attachment":"scroll","background-type":"","background-media":"","overlay-type":"","overlay-color":"","overlay-opacity":"","overlay-gradient":""},"mobile":{"background-color":"","background-image":"","background-repeat":"repeat","background-position":"center center","background-size":"auto","background-attachment":"scroll","background-type":"","background-media":"","overlay-type":"","overlay-color":"","overlay-opacity":"","overlay-gradient":""}},"ast-content-background-meta":{"desktop":{"background-color":"var(--ast-global-color-5)","background-image":"","background-repeat":"repeat","background-position":"center center","background-size":"auto","background-attachment":"scroll","background-type":"","background-media":"","overlay-type":"","overlay-color":"","overlay-opacity":"","overlay-gradient":""},"tablet":{"background-color":"var(--ast-global-color-5)","background-image":"","background-repeat":"repeat","background-position":"center center","background-size":"auto","background-attachment":"scroll","background-type":"","background-media":"","overlay-type":"","overlay-color":"","overlay-opacity":"","overlay-gradient":""},"mobile":{"background-color":"var(--ast-global-color-5)","background-image":"","background-repeat":"repeat","background-position":"center center","background-size":"auto","background-attachment":"scroll","background-type":"","background-media":"","overlay-type":"","overlay-color":"","overlay-opacity":"","overlay-gradient":""}}},"product_brand":[],"product_cat":[70],"product_tag":[83],"class_list":{"0":"post-3392","1":"product","2":"type-product","3":"status-publish","4":"has-post-thumbnail","6":"product_cat-diagnostic-tools","7":"product_tag-renault","8":"desktop-align-left","9":"tablet-align-left","10":"mobile-align-left","11":"ast-product-gallery-layout-horizontal-slider","12":"ast-product-tabs-layout-horizontal","14":"first","15":"instock","16":"shipping-taxable","17":"purchasable","18":"product-type-simple"},"aioseo_notices":[],"uagb_featured_image_src":{"full":["https:\/\/speedxperts.com\/wp-content\/uploads\/2024\/10\/Heb60fae6649049bdac50549a0e5538caO.webp",800,800,false],"thumbnail":["https:\/\/speedxperts.com\/wp-content\/uploads\/2024\/10\/Heb60fae6649049bdac50549a0e5538caO-150x150.webp",150,150,true],"medium":["https:\/\/speedxperts.com\/wp-content\/uploads\/2024\/10\/Heb60fae6649049bdac50549a0e5538caO-300x300.webp",300,300,true],"medium_large":["https:\/\/speedxperts.com\/wp-content\/uploads\/2024\/10\/Heb60fae6649049bdac50549a0e5538caO-768x768.webp",768,768,true],"large":["https:\/\/speedxperts.com\/wp-content\/uploads\/2024\/10\/Heb60fae6649049bdac50549a0e5538caO.webp",800,800,false],"1536x1536":["https:\/\/speedxperts.com\/wp-content\/uploads\/2024\/10\/Heb60fae6649049bdac50549a0e5538caO.webp",800,800,false],"2048x2048":["https:\/\/speedxperts.com\/wp-content\/uploads\/2024\/10\/Heb60fae6649049bdac50549a0e5538caO.webp",800,800,false],"trp-custom-language-flag":["https:\/\/speedxperts.com\/wp-content\/uploads\/2024\/10\/Heb60fae6649049bdac50549a0e5538caO-12x12.webp",12,12,true],"woocommerce_thumbnail":["https:\/\/speedxperts.com\/wp-content\/uploads\/2024\/10\/Heb60fae6649049bdac50549a0e5538caO-300x300.webp",300,300,true],"woocommerce_single":["https:\/\/speedxperts.com\/wp-content\/uploads\/2024\/10\/Heb60fae6649049bdac50549a0e5538caO-600x600.webp",600,600,true],"woocommerce_gallery_thumbnail":["https:\/\/speedxperts.com\/wp-content\/uploads\/2024\/10\/Heb60fae6649049bdac50549a0e5538caO-100x100.webp",100,100,true]},"uagb_author_info":{"display_name":"Sebastian","author_link":"https:\/\/speedxperts.com\/es\/author\/"},"uagb_comment_info":0,"uagb_excerpt":"The Renolink OBD2 is a professional tool for programming electronic control units (ECUs) in Renault and Dacia vehicles, including the latest models. With features like UCH matching, airbag programming, key coding, engine ECU programming, and more, it offers comprehensive support for vehicle diagnostics and programming.","jetpack_sharing_enabled":true,"_links":{"self":[{"href":"https:\/\/speedxperts.com\/es\/wp-json\/wp\/v2\/product\/3392","targetHints":{"allow":["GET"]}}],"collection":[{"href":"https:\/\/speedxperts.com\/es\/wp-json\/wp\/v2\/product"}],"about":[{"href":"https:\/\/speedxperts.com\/es\/wp-json\/wp\/v2\/types\/product"}],"replies":[{"embeddable":true,"href":"https:\/\/speedxperts.com\/es\/wp-json\/wp\/v2\/comments?post=3392"}],"wp:featuredmedia":[{"embeddable":true,"href":"https:\/\/speedxperts.com\/es\/wp-json\/wp\/v2\/media\/3386"}],"wp:attachment":[{"href":"https:\/\/speedxperts.com\/es\/wp-json\/wp\/v2\/media?parent=3392"}],"wp:term":[{"taxonomy":"product_brand","embeddable":true,"href":"https:\/\/speedxperts.com\/es\/wp-json\/wp\/v2\/product_brand?post=3392"},{"taxonomy":"product_cat","embeddable":true,"href":"https:\/\/speedxperts.com\/es\/wp-json\/wp\/v2\/product_cat?post=3392"},{"taxonomy":"product_tag","embeddable":true,"href":"https:\/\/speedxperts.com\/es\/wp-json\/wp\/v2\/product_tag?post=3392"}],"curies":[{"name":"wp","href":"https:\/\/api.w.org\/{rel}","templated":true}]}}