{"id":3673,"date":"2024-12-17T13:13:56","date_gmt":"2024-12-17T12:13:56","guid":{"rendered":"https:\/\/speedxperts.com\/product\/cute-dog-car-dash-decoration\/"},"modified":"2025-04-06T11:55:19","modified_gmt":"2025-04-06T10:55:19","slug":"lindo-perro-coche-guion-decoracion","status":"publish","type":"product","link":"https:\/\/speedxperts.com\/es\/producto\/lindo-perro-coche-guion-decoracion\/","title":{"rendered":"Adorno para el salpicadero del coche del simp\u00e1tico perro Gromit"},"content":{"rendered":"<h3><strong>Caracter\u00edsticas principales:<\/strong><\/h3>\n<p>\u2705 <strong>Encantador dise\u00f1o de perro<\/strong><\/p>\n<ul>\n<li><strong>Adorable figura de perro de dibujos animados (Gromit)<\/strong> - Presenta un divertido dise\u00f1o de perro de dibujos animados que a\u00f1ade un toque caprichoso al interior y exterior de tu coche.<\/li>\n<li>Ideal para alegrar su conducci\u00f3n diaria o hacer que su coche destaque.<\/li>\n<\/ul>\n<p>\u2705 <strong>Colocaci\u00f3n vers\u00e1til<\/strong><\/p>\n<ul>\n<li>Se puede fijar f\u00e1cilmente al intermitente o a la zona del limpiaparabrisas, a\u00f1adiendo un elemento simp\u00e1tico al exterior de tu coche.<\/li>\n<li>Se adapta a la mayor\u00eda de los modelos de coche y accesorios, por lo que es un complemento vers\u00e1til para cualquier veh\u00edculo.<\/li>\n<\/ul>\n<p>\u2705 <strong>F\u00e1cil de instalar<\/strong><\/p>\n<ul>\n<li>No se necesitan herramientas: basta con engancharlo en el intermitente o en la zona del limpiaparabrisas.<\/li>\n<li>La instalaci\u00f3n es r\u00e1pida y sin complicaciones, lo que le permitir\u00e1 disfrutar de esta bonita decoraci\u00f3n en cuesti\u00f3n de minutos.<\/li>\n<\/ul>\n<p>\u2705 <strong>La idea de regalo perfecta<\/strong><\/p>\n<ul>\n<li>Un regalo encantador y \u00fanico para amigos, familiares o compa\u00f1eros entusiastas de los coches.<\/li>\n<li>Ideal para cumplea\u00f1os, vacaciones o cualquier ocasi\u00f3n en la que desee compartir un poco de alegr\u00eda.<\/li>\n<\/ul>\n<hr \/>\n<h3><strong>Especificaciones:<\/strong><\/h3>\n<ul>\n<li><strong>Dise\u00f1o<\/strong>: Simp\u00e1tica figura de perro de dibujos animados (Gromit)<\/li>\n<li><strong>Material<\/strong>: Pl\u00e1stico duradero y resistente a la intemperie<\/li>\n<li><strong>Compatibilidad<\/strong>: Se adapta a la mayor\u00eda de los modelos de autom\u00f3viles, apto para intermitentes, limpiaparabrisas, etc.<\/li>\n<li><strong>Instalaci\u00f3n<\/strong>: R\u00e1pido y sencillo: basta con engancharlo en el intermitente o en la zona del limpiaparabrisas.<\/li>\n<\/ul>\n<hr \/>\n<h3><strong>\u00bfPor qu\u00e9 elegir esta decoraci\u00f3n para el salpicadero del coche?<\/strong><\/h3>\n<p>\u2714 <strong>A\u00f1ade personalidad<\/strong> - Personaliza al instante tu coche con un dise\u00f1o bonito y encantador. \u2714 <strong>Vers\u00e1til y universal<\/strong> - Se adapta a la mayor\u00eda de los modelos de coche. \u2714 <strong>Instalaci\u00f3n r\u00e1pida y sencilla<\/strong> - No se necesitan herramientas para su instalaci\u00f3n.<\/p>\n<p>Alegra tu camino con este adorable <strong>Decoraci\u00f3n para el salpicadero del coche del simp\u00e1tico perro llamado Gromit<\/strong> - el accesorio perfecto para los amantes de los dise\u00f1os divertidos y alegres para su veh\u00edculo.<\/p>","protected":false},"excerpt":{"rendered":"<p>A\u00f1ade un toque de encanto y personalidad a tu coche con este adorable <strong>Decoraci\u00f3n para el salpicadero del coche<\/strong> llamado <strong>Gromit<\/strong>\u00a1! Perfecta para los entusiastas de los coches y para cualquiera que busque personalizar su veh\u00edculo, esta simp\u00e1tica figura sirve como encantadora decoraci\u00f3n para el intermitente o el limpiaparabrisas de tu coche.<\/p>","protected":false},"featured_media":3671,"comment_status":"open","ping_status":"closed","template":"","meta":{"_uag_custom_page_level_css":"","site-sidebar-layout":"default","site-content-layout":"","ast-site-content-layout":"default","site-content-style":"default","site-sidebar-style":"default","ast-global-header-display":"","ast-banner-title-visibility":"","ast-main-header-display":"","ast-hfb-above-header-display":"","ast-hfb-below-header-display":"","ast-hfb-mobile-header-display":"","site-post-title":"","ast-breadcrumbs-content":"","ast-featured-img":"","footer-sml-layout":"","ast-disable-related-posts":"","theme-transparent-header-meta":"default","adv-header-id-meta":"","stick-header-meta":"","header-above-stick-meta":"","header-main-stick-meta":"","header-below-stick-meta":"","astra-migrate-meta-layouts":"set","ast-page-background-enabled":"default","ast-page-background-meta":{"desktop":{"background-color":"","background-image":"","background-repeat":"repeat","background-position":"center center","background-size":"auto","background-attachment":"scroll","background-type":"","background-media":"","overlay-type":"","overlay-color":"","overlay-opacity":"","overlay-gradient":""},"tablet":{"background-color":"","background-image":"","background-repeat":"repeat","background-position":"center center","background-size":"auto","background-attachment":"scroll","background-type":"","background-media":"","overlay-type":"","overlay-color":"","overlay-opacity":"","overlay-gradient":""},"mobile":{"background-color":"","background-image":"","background-repeat":"repeat","background-position":"center center","background-size":"auto","background-attachment":"scroll","background-type":"","background-media":"","overlay-type":"","overlay-color":"","overlay-opacity":"","overlay-gradient":""}},"ast-content-background-meta":{"desktop":{"background-color":"var(--ast-global-color-5)","background-image":"","background-repeat":"repeat","background-position":"center center","background-size":"auto","background-attachment":"scroll","background-type":"","background-media":"","overlay-type":"","overlay-color":"","overlay-opacity":"","overlay-gradient":""},"tablet":{"background-color":"var(--ast-global-color-5)","background-image":"","background-repeat":"repeat","background-position":"center center","background-size":"auto","background-attachment":"scroll","background-type":"","background-media":"","overlay-type":"","overlay-color":"","overlay-opacity":"","overlay-gradient":""},"mobile":{"background-color":"var(--ast-global-color-5)","background-image":"","background-repeat":"repeat","background-position":"center center","background-size":"auto","background-attachment":"scroll","background-type":"","background-media":"","overlay-type":"","overlay-color":"","overlay-opacity":"","overlay-gradient":""}}},"product_brand":[],"product_cat":[198],"product_tag":[],"class_list":{"0":"post-3673","1":"product","2":"type-product","3":"status-publish","4":"has-post-thumbnail","6":"product_cat-toy-accessories","7":"desktop-align-left","8":"tablet-align-left","9":"mobile-align-left","10":"ast-product-gallery-layout-horizontal-slider","11":"ast-product-tabs-layout-horizontal","13":"first","14":"instock","15":"shipping-taxable","16":"purchasable","17":"product-type-simple"},"aioseo_notices":[],"uagb_featured_image_src":{"full":["https:\/\/speedxperts.com\/wp-content\/uploads\/2024\/12\/S748d8c0bdea14fde85ef4f004a05a8d0o.webp",800,800,false],"thumbnail":["https:\/\/speedxperts.com\/wp-content\/uploads\/2024\/12\/S748d8c0bdea14fde85ef4f004a05a8d0o-150x150.webp",150,150,true],"medium":["https:\/\/speedxperts.com\/wp-content\/uploads\/2024\/12\/S748d8c0bdea14fde85ef4f004a05a8d0o-300x300.webp",300,300,true],"medium_large":["https:\/\/speedxperts.com\/wp-content\/uploads\/2024\/12\/S748d8c0bdea14fde85ef4f004a05a8d0o-768x768.webp",768,768,true],"large":["https:\/\/speedxperts.com\/wp-content\/uploads\/2024\/12\/S748d8c0bdea14fde85ef4f004a05a8d0o.webp",800,800,false],"1536x1536":["https:\/\/speedxperts.com\/wp-content\/uploads\/2024\/12\/S748d8c0bdea14fde85ef4f004a05a8d0o.webp",800,800,false],"2048x2048":["https:\/\/speedxperts.com\/wp-content\/uploads\/2024\/12\/S748d8c0bdea14fde85ef4f004a05a8d0o.webp",800,800,false],"trp-custom-language-flag":["https:\/\/speedxperts.com\/wp-content\/uploads\/2024\/12\/S748d8c0bdea14fde85ef4f004a05a8d0o-12x12.webp",12,12,true],"woocommerce_thumbnail":["https:\/\/speedxperts.com\/wp-content\/uploads\/2024\/12\/S748d8c0bdea14fde85ef4f004a05a8d0o-300x300.webp",300,300,true],"woocommerce_single":["https:\/\/speedxperts.com\/wp-content\/uploads\/2024\/12\/S748d8c0bdea14fde85ef4f004a05a8d0o-600x600.webp",600,600,true],"woocommerce_gallery_thumbnail":["https:\/\/speedxperts.com\/wp-content\/uploads\/2024\/12\/S748d8c0bdea14fde85ef4f004a05a8d0o-100x100.webp",100,100,true]},"uagb_author_info":{"display_name":"Sebastian","author_link":"https:\/\/speedxperts.com\/es\/author\/"},"uagb_comment_info":0,"uagb_excerpt":"Add a touch of charm and personality to your car with this adorable Cute Dog Car Dash Decoration named Gromit! Perfect for car enthusiasts and anyone looking to personalize their vehicle, this cute figure serves as a delightful decoration for your car\u2019s turn signal or wiper.","jetpack_sharing_enabled":true,"_links":{"self":[{"href":"https:\/\/speedxperts.com\/es\/wp-json\/wp\/v2\/product\/3673","targetHints":{"allow":["GET"]}}],"collection":[{"href":"https:\/\/speedxperts.com\/es\/wp-json\/wp\/v2\/product"}],"about":[{"href":"https:\/\/speedxperts.com\/es\/wp-json\/wp\/v2\/types\/product"}],"replies":[{"embeddable":true,"href":"https:\/\/speedxperts.com\/es\/wp-json\/wp\/v2\/comments?post=3673"}],"wp:featuredmedia":[{"embeddable":true,"href":"https:\/\/speedxperts.com\/es\/wp-json\/wp\/v2\/media\/3671"}],"wp:attachment":[{"href":"https:\/\/speedxperts.com\/es\/wp-json\/wp\/v2\/media?parent=3673"}],"wp:term":[{"taxonomy":"product_brand","embeddable":true,"href":"https:\/\/speedxperts.com\/es\/wp-json\/wp\/v2\/product_brand?post=3673"},{"taxonomy":"product_cat","embeddable":true,"href":"https:\/\/speedxperts.com\/es\/wp-json\/wp\/v2\/product_cat?post=3673"},{"taxonomy":"product_tag","embeddable":true,"href":"https:\/\/speedxperts.com\/es\/wp-json\/wp\/v2\/product_tag?post=3673"}],"curies":[{"name":"wp","href":"https:\/\/api.w.org\/{rel}","templated":true}]}}