{"id":3894,"date":"2025-01-04T18:11:06","date_gmt":"2025-01-04T17:11:06","guid":{"rendered":"https:\/\/speedxperts.com\/?post_type=product&#038;p=3894"},"modified":"2025-02-04T15:23:34","modified_gmt":"2025-02-04T14:23:34","slug":"cargador-bateria-coche-12v","status":"publish","type":"product","link":"https:\/\/speedxperts.com\/es\/producto\/cargador-bateria-coche-12v\/","title":{"rendered":"Cargador de bater\u00eda de coche 12 V"},"content":{"rendered":"<p>Mantenga su bater\u00eda en \u00f3ptimas condiciones con el <strong>Cargador de bater\u00eda inteligente de reparaci\u00f3n por impulsos<\/strong>. Dise\u00f1ado para <strong>Bater\u00edas de plomo de 12 V<\/strong>, este cargador totalmente autom\u00e1tico no s\u00f3lo carga, sino que tambi\u00e9n repara las bater\u00edas agotadas y sulfatadas, alargando su vida \u00fatil y su rendimiento.<\/p>\n<hr \/>\n<h3><strong>Caracter\u00edsticas principales:<\/strong><\/h3>\n<p>\u2705 <strong>Tecnolog\u00eda de reparaci\u00f3n inteligente por impulsos<\/strong><\/p>\n<ul>\n<li>Diagnostica y repara los problemas de la bater\u00eda, como la sulfataci\u00f3n y la baja tensi\u00f3n.<\/li>\n<li>Garantiza el m\u00e1ximo rendimiento para su coche, motocicleta u otras bater\u00edas de 12 V.<\/li>\n<\/ul>\n<p>\u2705 <strong>Pantalla LCD para facilitar la supervisi\u00f3n<\/strong><\/p>\n<ul>\n<li>Incorporado <strong>Pantalla LCD<\/strong> muestra en tiempo real el estado de carga, el nivel de bater\u00eda y el progreso de la reparaci\u00f3n.<\/li>\n<li>Interfaz f\u00e1cil de usar para un manejo sin esfuerzo.<\/li>\n<\/ul>\n<p>\u2705 <strong>Carga totalmente autom\u00e1tica<\/strong><\/p>\n<ul>\n<li>Evita <strong>sobrecarga<\/strong> y se detiene autom\u00e1ticamente cuando la bater\u00eda est\u00e1 completamente cargada.<\/li>\n<li>Seguro para dejarlo conectado indefinidamente sin riesgo de da\u00f1ar la bater\u00eda.<\/li>\n<\/ul>\n<p>\u2705 <strong>Amplia compatibilidad con 12 V<\/strong><\/p>\n<ul>\n<li>Adecuado para varios <strong>tipos de bater\u00edas de plomo-\u00e1cido<\/strong>:\n<ul>\n<li><strong>Bater\u00edas de calcio, gel, AGM, pilas h\u00famedas y EFB<\/strong><\/li>\n<\/ul>\n<\/li>\n<li>Perfecto para <strong>coches, motos, todoterrenos, barcos, veh\u00edculos recreativos, etc.<\/strong>.<\/li>\n<\/ul>\n<p>\u2705 <strong>Funciones de seguridad avanzadas<\/strong><\/p>\n<ul>\n<li><strong>Protecci\u00f3n de polaridad<\/strong>: Evita conexiones incorrectas.<\/li>\n<li><strong>Protecci\u00f3n contra cortocircuitos<\/strong>: Garantiza la seguridad durante el uso.<\/li>\n<li><strong>Protecci\u00f3n contra sobretensi\u00f3n y sobrecalentamiento<\/strong>: Se apaga autom\u00e1ticamente para evitar da\u00f1os.<\/li>\n<li><strong>Protecci\u00f3n de conexi\u00f3n sin bater\u00eda<\/strong>: Detecta si no hay ninguna bater\u00eda conectada.<\/li>\n<\/ul>\n<p>\u2705 <strong>Alta eficiencia y rendimiento fiable<\/strong><\/p>\n<ul>\n<li>Tensi\u00f3n de entrada: <strong>100-240 V CA, 50-60 Hz<\/strong><\/li>\n<li>Salida: <strong>12V<\/strong> con una eficacia de <strong>85%<\/strong>.<\/li>\n<li>Gama de bater\u00edas: Admite <strong>6-100Ah<\/strong> bater\u00edas.<\/li>\n<li>Protecci\u00f3n t\u00e9rmica: Funciona hasta <strong>65\u00b0C \u00b1 5\u00b0C<\/strong> para un funcionamiento seguro.<\/li>\n<\/ul>\n<p>\u2705 <strong>Dise\u00f1o compacto y ligero<\/strong><\/p>\n<ul>\n<li><strong>Dimensiones<\/strong>: 145 x 90 x 65 mm<\/li>\n<li><strong>Peso<\/strong>: 480 g: f\u00e1cil de guardar y llevar a todas partes.<\/li>\n<li>Conforme con <strong>Normas CE<\/strong> para garantizar la calidad.<\/li>\n<\/ul>\n<hr \/>\n<h3><strong>Especificaciones:<\/strong><\/h3>\n<ul>\n<li><strong>Tensi\u00f3n de entrada<\/strong>: 100-240 V CA, 50-60 Hz<\/li>\n<li><strong>Tensi\u00f3n de salida<\/strong>: 12V<\/li>\n<li><strong>Gama de bater\u00edas<\/strong>: 6-100Ah<\/li>\n<li><strong>Eficacia<\/strong>: 85%<\/li>\n<li><strong>Protecci\u00f3n t\u00e9rmica<\/strong>65\u00b0C \u00b1 5\u00b0C<\/li>\n<li><strong>Dimensiones<\/strong>: 145 x 90 x 65 mm<\/li>\n<li><strong>Peso<\/strong>: 480g<\/li>\n<\/ul>\n<hr \/>\n<h3><strong>El paquete incluye:<\/strong><\/h3>\n<ul>\n<li>1 x Cargador de bater\u00eda inteligente de reparaci\u00f3n por impulsos<\/li>\n<li>1 x Manual de usuario<\/li>\n<\/ul>\n<hr \/>\n<p><strong>Reviva, cargue y mantenga la bater\u00eda de su coche o motocicleta sin esfuerzo con el cargador inteligente de reparaci\u00f3n por pulsos. Perfecto para garajes dom\u00e9sticos, viajes por carretera y emergencias. \u00a1Invierta hoy en la salud de su bater\u00eda!<\/strong><\/p>","protected":false},"excerpt":{"rendered":"<h3><strong>\u00bfPor qu\u00e9 elegir este cargador de bater\u00eda?<\/strong><\/h3>\n<p>\u2714 <strong>Autom\u00e1tico y sin mantenimiento<\/strong> - Uso seguro a largo plazo.<br \/>\n\u2714 <strong>Compatibilidad vers\u00e1til<\/strong> - Funciona con m\u00faltiples tipos de bater\u00edas de plomo-\u00e1cido.<br \/>\n\u2714 <strong>Funci\u00f3n de reparaci\u00f3n de la bater\u00eda<\/strong> - Revive las pilas agotadas para alargar su vida \u00fatil.<br \/>\n\u2714 <strong>La seguridad ante todo<\/strong> - M\u00faltiples caracter\u00edsticas de protecci\u00f3n garantizan un uso sin preocupaciones.<\/p>","protected":false},"featured_media":3882,"comment_status":"open","ping_status":"closed","template":"","meta":{"_uag_custom_page_level_css":"","site-sidebar-layout":"default","site-content-layout":"","ast-site-content-layout":"default","site-content-style":"default","site-sidebar-style":"default","ast-global-header-display":"","ast-banner-title-visibility":"","ast-main-header-display":"","ast-hfb-above-header-display":"","ast-hfb-below-header-display":"","ast-hfb-mobile-header-display":"","site-post-title":"","ast-breadcrumbs-content":"","ast-featured-img":"","footer-sml-layout":"","theme-transparent-header-meta":"default","adv-header-id-meta":"","stick-header-meta":"","header-above-stick-meta":"","header-main-stick-meta":"","header-below-stick-meta":"","astra-migrate-meta-layouts":"set","ast-page-background-enabled":"default","ast-page-background-meta":{"desktop":{"background-color":"","background-image":"","background-repeat":"repeat","background-position":"center center","background-size":"auto","background-attachment":"scroll","background-type":"","background-media":"","overlay-type":"","overlay-color":"","overlay-opacity":"","overlay-gradient":""},"tablet":{"background-color":"","background-image":"","background-repeat":"repeat","background-position":"center center","background-size":"auto","background-attachment":"scroll","background-type":"","background-media":"","overlay-type":"","overlay-color":"","overlay-opacity":"","overlay-gradient":""},"mobile":{"background-color":"","background-image":"","background-repeat":"repeat","background-position":"center center","background-size":"auto","background-attachment":"scroll","background-type":"","background-media":"","overlay-type":"","overlay-color":"","overlay-opacity":"","overlay-gradient":""}},"ast-content-background-meta":{"desktop":{"background-color":"var(--ast-global-color-5)","background-image":"","background-repeat":"repeat","background-position":"center center","background-size":"auto","background-attachment":"scroll","background-type":"","background-media":"","overlay-type":"","overlay-color":"","overlay-opacity":"","overlay-gradient":""},"tablet":{"background-color":"var(--ast-global-color-5)","background-image":"","background-repeat":"repeat","background-position":"center center","background-size":"auto","background-attachment":"scroll","background-type":"","background-media":"","overlay-type":"","overlay-color":"","overlay-opacity":"","overlay-gradient":""},"mobile":{"background-color":"var(--ast-global-color-5)","background-image":"","background-repeat":"repeat","background-position":"center center","background-size":"auto","background-attachment":"scroll","background-type":"","background-media":"","overlay-type":"","overlay-color":"","overlay-opacity":"","overlay-gradient":""}}},"product_brand":[],"product_cat":[226],"product_tag":[],"class_list":{"0":"post-3894","1":"product","2":"type-product","3":"status-publish","4":"has-post-thumbnail","6":"product_cat-electronics","7":"desktop-align-left","8":"tablet-align-left","9":"mobile-align-left","10":"ast-product-gallery-layout-horizontal-slider","11":"ast-product-single-variable","12":"ast-product-tabs-layout-horizontal","14":"first","15":"instock","16":"shipping-taxable","17":"purchasable","18":"product-type-variable"},"aioseo_notices":[],"uagb_featured_image_src":{"full":["https:\/\/speedxperts.com\/wp-content\/uploads\/2025\/01\/Sc1b8732fa3c24d6ab57e9edb11659235c.webp",1200,1200,false],"thumbnail":["https:\/\/speedxperts.com\/wp-content\/uploads\/2025\/01\/Sc1b8732fa3c24d6ab57e9edb11659235c-150x150.webp",150,150,true],"medium":["https:\/\/speedxperts.com\/wp-content\/uploads\/2025\/01\/Sc1b8732fa3c24d6ab57e9edb11659235c-300x300.webp",300,300,true],"medium_large":["https:\/\/speedxperts.com\/wp-content\/uploads\/2025\/01\/Sc1b8732fa3c24d6ab57e9edb11659235c-768x768.webp",768,768,true],"large":["https:\/\/speedxperts.com\/wp-content\/uploads\/2025\/01\/Sc1b8732fa3c24d6ab57e9edb11659235c-1024x1024.webp",1024,1024,true],"1536x1536":["https:\/\/speedxperts.com\/wp-content\/uploads\/2025\/01\/Sc1b8732fa3c24d6ab57e9edb11659235c.webp",1200,1200,false],"2048x2048":["https:\/\/speedxperts.com\/wp-content\/uploads\/2025\/01\/Sc1b8732fa3c24d6ab57e9edb11659235c.webp",1200,1200,false],"trp-custom-language-flag":["https:\/\/speedxperts.com\/wp-content\/uploads\/2025\/01\/Sc1b8732fa3c24d6ab57e9edb11659235c-12x12.webp",12,12,true],"woocommerce_thumbnail":["https:\/\/speedxperts.com\/wp-content\/uploads\/2025\/01\/Sc1b8732fa3c24d6ab57e9edb11659235c-300x300.webp",300,300,true],"woocommerce_single":["https:\/\/speedxperts.com\/wp-content\/uploads\/2025\/01\/Sc1b8732fa3c24d6ab57e9edb11659235c-600x600.webp",600,600,true],"woocommerce_gallery_thumbnail":["https:\/\/speedxperts.com\/wp-content\/uploads\/2025\/01\/Sc1b8732fa3c24d6ab57e9edb11659235c-100x100.webp",100,100,true]},"uagb_author_info":{"display_name":"Sebastian","author_link":"https:\/\/speedxperts.com\/es\/author\/"},"uagb_comment_info":0,"uagb_excerpt":"Why Choose This Battery Charger? \u2714 Automatic &amp; Maintenance-Free \u2013 Safe to use long-term. \u2714 Versatile Compatibility \u2013 Works with multiple lead-acid battery types. \u2714 Battery Repair Function \u2013 Revives depleted batteries for longer life. \u2714 Safety First \u2013 Multiple protective features ensure worry-free use.","jetpack_sharing_enabled":true,"_links":{"self":[{"href":"https:\/\/speedxperts.com\/es\/wp-json\/wp\/v2\/product\/3894","targetHints":{"allow":["GET"]}}],"collection":[{"href":"https:\/\/speedxperts.com\/es\/wp-json\/wp\/v2\/product"}],"about":[{"href":"https:\/\/speedxperts.com\/es\/wp-json\/wp\/v2\/types\/product"}],"replies":[{"embeddable":true,"href":"https:\/\/speedxperts.com\/es\/wp-json\/wp\/v2\/comments?post=3894"}],"wp:featuredmedia":[{"embeddable":true,"href":"https:\/\/speedxperts.com\/es\/wp-json\/wp\/v2\/media\/3882"}],"wp:attachment":[{"href":"https:\/\/speedxperts.com\/es\/wp-json\/wp\/v2\/media?parent=3894"}],"wp:term":[{"taxonomy":"product_brand","embeddable":true,"href":"https:\/\/speedxperts.com\/es\/wp-json\/wp\/v2\/product_brand?post=3894"},{"taxonomy":"product_cat","embeddable":true,"href":"https:\/\/speedxperts.com\/es\/wp-json\/wp\/v2\/product_cat?post=3894"},{"taxonomy":"product_tag","embeddable":true,"href":"https:\/\/speedxperts.com\/es\/wp-json\/wp\/v2\/product_tag?post=3894"}],"curies":[{"name":"wp","href":"https:\/\/api.w.org\/{rel}","templated":true}]}}