{"id":3910,"date":"2025-01-04T18:11:27","date_gmt":"2025-01-04T17:11:27","guid":{"rendered":"https:\/\/speedxperts.com\/?post_type=product&#038;p=3910"},"modified":"2025-02-04T15:23:25","modified_gmt":"2025-02-04T14:23:25","slug":"cama-hinchable-universal-de-viaje-para-coche-175x130cm","status":"publish","type":"product","link":"https:\/\/speedxperts.com\/es\/producto\/cama-hinchable-universal-de-viaje-para-coche-175x130cm\/","title":{"rendered":"Cama Hinchable Universal de Viaje para Coche - 175x130cm"},"content":{"rendered":"<p>Mejore su experiencia de viaje con el <strong>Cama Hinchable Universal de Viaje para Coche<\/strong>Dise\u00f1ado para el m\u00e1ximo confort y comodidad. Este vers\u00e1til colch\u00f3n de aire se adapta a la mayor\u00eda de coches, todoterrenos y caravanas, por lo que es ideal para viajes por carretera, salidas familiares, acampadas y pernoctaciones.<\/p>\n<h3><strong>Caracter\u00edsticas principales:<\/strong><\/h3>\n<p>\u2705 <strong>Tama\u00f1o y comodidad premium<\/strong>:<\/p>\n<ul>\n<li>Dimensiones: <strong>175x130 cm (68,9\u00d751,2 pulgadas)<\/strong><\/li>\n<li>Dise\u00f1o espacioso y confortable para garantizar un sue\u00f1o reparador a dos adultos.<\/li>\n<\/ul>\n<p>\u2705 <strong>Seis c\u00e1maras de aire independientes<\/strong>:<\/p>\n<ul>\n<li>Admite el inflado por separado para personalizar la firmeza y el ajuste para el asiento trasero o el maletero de su coche.<\/li>\n<li>Plegable en estado no inflado para facilitar su almacenamiento.<\/li>\n<\/ul>\n<p>\u2705 <strong>Material de alta calidad<\/strong>:<\/p>\n<ul>\n<li>Hecho de <strong>PVC flocado<\/strong> por su durabilidad, suavidad y comodidad.<\/li>\n<li>El dise\u00f1o en nido de abeja garantiza una mejor distribuci\u00f3n de la presi\u00f3n para una mayor sujeci\u00f3n.<\/li>\n<\/ul>\n<p>\u2705 <strong>Dise\u00f1o a prueba de fugas<\/strong>:<\/p>\n<ul>\n<li>Tecnolog\u00eda de bordes de costura de doble hilera y <strong>V\u00e1lvulas estancas de 3 capas<\/strong> evitar las fugas de aire.<\/li>\n<\/ul>\n<p>\u2705 <strong>Instalaci\u00f3n r\u00e1pida y sencilla<\/strong>:<\/p>\n<ul>\n<li>Viene con un <strong>Bomba de aire de 12 V<\/strong> para un inflado r\u00e1pido en cuesti\u00f3n de minutos. (<em>La bomba NO es compatible con neum\u00e1ticos, pelotas de yoga ni anillos de nataci\u00f3n.<\/em>)<\/li>\n<\/ul>\n<p>\u2705 <strong>C\u00f3modo y port\u00e1til<\/strong>:<\/p>\n<ul>\n<li>Incluye un <strong>bolsa de almacenamiento<\/strong> para una portabilidad compacta y un soporte para el asiento trasero del coche para mantener la cama estable durante su uso.<\/li>\n<\/ul>\n<p>\u2705 <strong>Uso polivalente<\/strong>:<\/p>\n<ul>\n<li>Perfecto para <strong>acampadas, viajes en coche, picnics, descansos en la oficina y camas para invitados<\/strong> en casa.<\/li>\n<li>Compatible con <strong>Todoterrenos, autocaravanas, monovol\u00famenes y berlinas<\/strong>.<\/li>\n<\/ul>\n<hr \/>\n<h3><strong>El paquete incluye<\/strong>:<\/h3>\n<ul>\n<li>1 x Colchoneta hinchable para coche<\/li>\n<li>1 x Almohada<\/li>\n<li>1 x Bomba de aire (compatible con coches de 12 V)<\/li>\n<li>1 x Bolsa de almacenamiento<\/li>\n<li>1 x Soporte de cama para el asiento trasero del coche<\/li>\n<\/ul>\n<hr \/>\n<h3><strong>Especificaciones<\/strong>:<\/h3>\n<ul>\n<li><strong>Material<\/strong>: PVC de alta calidad + tejido flocado<\/li>\n<li><strong>Tama\u00f1o inflado<\/strong>: 175x130 cm \/ 68,9\u00d751,2 pulgadas<\/li>\n<li><strong>Peso<\/strong>: Aprox. 2,5 kg<\/li>\n<li><strong>Bomba de aire<\/strong>: Compatible con coches de 12 V<\/li>\n<\/ul>\n<p><strong>Nota<\/strong>: Utilice siempre la bomba incluida para un inflado seguro y eficaz.<\/p>\n<p>&nbsp;<\/p>","protected":false},"excerpt":{"rendered":"<p><strong>\u00bfPor qu\u00e9 elegir esta cama hinchable para coche?<\/strong><br \/>\n\u2714 <strong>Port\u00e1til y ligero<\/strong> - F\u00e1cil de transportar y guardar.<br \/>\n\u2714 <strong>Confort sobre la marcha<\/strong> - Perfecto para viajes por carretera, acampadas o una siesta r\u00e1pida durante largos trayectos en coche.<br \/>\n\u2714 <strong>Ajuste universal<\/strong> - Apto para m\u00e1s de 90% de coches y SUV.<\/p>\n<p><strong>Mejore sus viajes con un confort y una comodidad inigualables. Pida hoy mismo su cama hinchable universal para viajes en coche.<\/strong><\/p>","protected":false},"featured_media":3885,"comment_status":"open","ping_status":"closed","template":"","meta":{"_uag_custom_page_level_css":"","site-sidebar-layout":"default","site-content-layout":"","ast-site-content-layout":"default","site-content-style":"default","site-sidebar-style":"default","ast-global-header-display":"","ast-banner-title-visibility":"","ast-main-header-display":"","ast-hfb-above-header-display":"","ast-hfb-below-header-display":"","ast-hfb-mobile-header-display":"","site-post-title":"","ast-breadcrumbs-content":"","ast-featured-img":"","footer-sml-layout":"","ast-disable-related-posts":"","theme-transparent-header-meta":"default","adv-header-id-meta":"","stick-header-meta":"","header-above-stick-meta":"","header-main-stick-meta":"","header-below-stick-meta":"","astra-migrate-meta-layouts":"set","ast-page-background-enabled":"default","ast-page-background-meta":{"desktop":{"background-color":"","background-image":"","background-repeat":"repeat","background-position":"center center","background-size":"auto","background-attachment":"scroll","background-type":"","background-media":"","overlay-type":"","overlay-color":"","overlay-opacity":"","overlay-gradient":""},"tablet":{"background-color":"","background-image":"","background-repeat":"repeat","background-position":"center center","background-size":"auto","background-attachment":"scroll","background-type":"","background-media":"","overlay-type":"","overlay-color":"","overlay-opacity":"","overlay-gradient":""},"mobile":{"background-color":"","background-image":"","background-repeat":"repeat","background-position":"center center","background-size":"auto","background-attachment":"scroll","background-type":"","background-media":"","overlay-type":"","overlay-color":"","overlay-opacity":"","overlay-gradient":""}},"ast-content-background-meta":{"desktop":{"background-color":"var(--ast-global-color-5)","background-image":"","background-repeat":"repeat","background-position":"center center","background-size":"auto","background-attachment":"scroll","background-type":"","background-media":"","overlay-type":"","overlay-color":"","overlay-opacity":"","overlay-gradient":""},"tablet":{"background-color":"var(--ast-global-color-5)","background-image":"","background-repeat":"repeat","background-position":"center center","background-size":"auto","background-attachment":"scroll","background-type":"","background-media":"","overlay-type":"","overlay-color":"","overlay-opacity":"","overlay-gradient":""},"mobile":{"background-color":"var(--ast-global-color-5)","background-image":"","background-repeat":"repeat","background-position":"center center","background-size":"auto","background-attachment":"scroll","background-type":"","background-media":"","overlay-type":"","overlay-color":"","overlay-opacity":"","overlay-gradient":""}}},"product_brand":[],"product_cat":[72],"product_tag":[],"class_list":{"0":"post-3910","1":"product","2":"type-product","3":"status-publish","4":"has-post-thumbnail","6":"product_cat-interior-accessories","7":"desktop-align-left","8":"tablet-align-left","9":"mobile-align-left","10":"ast-product-gallery-layout-horizontal-slider","11":"ast-product-single-variable","12":"ast-product-tabs-layout-horizontal","14":"first","15":"instock","16":"shipping-taxable","17":"purchasable","18":"product-type-variable"},"aioseo_notices":[],"uagb_featured_image_src":{"full":["https:\/\/speedxperts.com\/wp-content\/uploads\/2025\/01\/S9437f98f663b4d7db4b40ac2774de330K.webp",1000,1000,false],"thumbnail":["https:\/\/speedxperts.com\/wp-content\/uploads\/2025\/01\/S9437f98f663b4d7db4b40ac2774de330K-150x150.webp",150,150,true],"medium":["https:\/\/speedxperts.com\/wp-content\/uploads\/2025\/01\/S9437f98f663b4d7db4b40ac2774de330K-300x300.webp",300,300,true],"medium_large":["https:\/\/speedxperts.com\/wp-content\/uploads\/2025\/01\/S9437f98f663b4d7db4b40ac2774de330K-768x768.webp",768,768,true],"large":["https:\/\/speedxperts.com\/wp-content\/uploads\/2025\/01\/S9437f98f663b4d7db4b40ac2774de330K.webp",1000,1000,false],"1536x1536":["https:\/\/speedxperts.com\/wp-content\/uploads\/2025\/01\/S9437f98f663b4d7db4b40ac2774de330K.webp",1000,1000,false],"2048x2048":["https:\/\/speedxperts.com\/wp-content\/uploads\/2025\/01\/S9437f98f663b4d7db4b40ac2774de330K.webp",1000,1000,false],"trp-custom-language-flag":["https:\/\/speedxperts.com\/wp-content\/uploads\/2025\/01\/S9437f98f663b4d7db4b40ac2774de330K-12x12.webp",12,12,true],"woocommerce_thumbnail":["https:\/\/speedxperts.com\/wp-content\/uploads\/2025\/01\/S9437f98f663b4d7db4b40ac2774de330K-300x300.webp",300,300,true],"woocommerce_single":["https:\/\/speedxperts.com\/wp-content\/uploads\/2025\/01\/S9437f98f663b4d7db4b40ac2774de330K-600x600.webp",600,600,true],"woocommerce_gallery_thumbnail":["https:\/\/speedxperts.com\/wp-content\/uploads\/2025\/01\/S9437f98f663b4d7db4b40ac2774de330K-100x100.webp",100,100,true]},"uagb_author_info":{"display_name":"Sebastian","author_link":"https:\/\/speedxperts.com\/es\/author\/"},"uagb_comment_info":0,"uagb_excerpt":"Why Choose This Car Inflatable Bed? \u2714 Portable and Lightweight \u2013 Easy to carry and store. \u2714 Comfort on the Go \u2013 Perfect for road trips, camping, or a quick nap during long drives. \u2714 Universal Fit \u2013 Suitable for more than 90% of cars and SUVs. Upgrade your travels with unmatched comfort and convenience.&hellip;","jetpack_sharing_enabled":true,"_links":{"self":[{"href":"https:\/\/speedxperts.com\/es\/wp-json\/wp\/v2\/product\/3910","targetHints":{"allow":["GET"]}}],"collection":[{"href":"https:\/\/speedxperts.com\/es\/wp-json\/wp\/v2\/product"}],"about":[{"href":"https:\/\/speedxperts.com\/es\/wp-json\/wp\/v2\/types\/product"}],"replies":[{"embeddable":true,"href":"https:\/\/speedxperts.com\/es\/wp-json\/wp\/v2\/comments?post=3910"}],"wp:featuredmedia":[{"embeddable":true,"href":"https:\/\/speedxperts.com\/es\/wp-json\/wp\/v2\/media\/3885"}],"wp:attachment":[{"href":"https:\/\/speedxperts.com\/es\/wp-json\/wp\/v2\/media?parent=3910"}],"wp:term":[{"taxonomy":"product_brand","embeddable":true,"href":"https:\/\/speedxperts.com\/es\/wp-json\/wp\/v2\/product_brand?post=3910"},{"taxonomy":"product_cat","embeddable":true,"href":"https:\/\/speedxperts.com\/es\/wp-json\/wp\/v2\/product_cat?post=3910"},{"taxonomy":"product_tag","embeddable":true,"href":"https:\/\/speedxperts.com\/es\/wp-json\/wp\/v2\/product_tag?post=3910"}],"curies":[{"name":"wp","href":"https:\/\/api.w.org\/{rel}","templated":true}]}}