{"id":3915,"date":"2025-01-04T18:11:34","date_gmt":"2025-01-04T17:11:34","guid":{"rendered":"https:\/\/speedxperts.com\/?post_type=product&#038;p=3915"},"modified":"2025-02-04T15:23:18","modified_gmt":"2025-02-04T14:23:18","slug":"cama-hinchable-asiento-trasero-coche-universal-80x130cm","status":"publish","type":"product","link":"https:\/\/speedxperts.com\/es\/producto\/cama-hinchable-asiento-trasero-coche-universal-80x130cm\/","title":{"rendered":"Cama Hinchable Universal Asiento Trasero 80x130cm"},"content":{"rendered":"<p>Haga que cada viaje sea m\u00e1s c\u00f3modo con el <strong>Cama Hinchable Universal de Viaje para Coche<\/strong>Dise\u00f1ada para ofrecer versatilidad y comodidad. Tanto si est\u00e1s de acampada, de viaje o recibiendo invitados en casa, esta cama hinchable te garantiza un sue\u00f1o reparador est\u00e9s donde est\u00e9s.<\/p>\n<p>Caracter\u00edsticas principales:<\/p>\n<ul>\n<li><strong>Port\u00e1til y ligero<\/strong>:<br \/>\nViene con una bolsa de tela para guardarlo y transportarlo f\u00e1cilmente. Perfecto para viajes y salidas familiares.<\/li>\n<li><strong>Inflado autom\u00e1tico r\u00e1pido<\/strong>:<br \/>\nSe infla sin esfuerzo con la boquilla de aire incorporada. El colch\u00f3n se infla autom\u00e1ticamente, mientras que las almohadas y las alas laterales requieren un inflado manual m\u00ednimo.<\/li>\n<li><strong>Confort Premium<\/strong>:<br \/>\nFabricado con tejido pongee de poli\u00e9ster ecol\u00f3gico, el colch\u00f3n es suave, resistente al desgaste, impermeable y transpirable. El n\u00facleo de algod\u00f3n el\u00e1stico de alta calidad y la densa esponja proporcionan un excelente soporte y confort.<\/li>\n<li><strong>Duradero y fiable<\/strong>:<br \/>\nFabricado con un material de PVC suave pero resistente, con costuras estancas para una mayor durabilidad y un cierre herm\u00e9tico que garantiza un uso duradero.<\/li>\n<li><strong>Aplicaciones vers\u00e1tiles<\/strong>:<br \/>\nAdecuado para diversos entornos:<\/p>\n<ul>\n<li><strong>Coche<\/strong>: Se adapta a la mayor\u00eda de los SUV, veh\u00edculos recreativos y monovol\u00famenes para una mayor comodidad sobre la marcha.<\/li>\n<li><strong>Camping<\/strong>: Ideal para aventuras al aire libre.<\/li>\n<li><strong>Inicio<\/strong>: Colch\u00f3n de emergencia para invitados o cama de descanso para la oficina.<\/li>\n<li><strong>Picnic y viajes<\/strong>: Garantiza la comodidad dondequiera que vayas.<\/li>\n<\/ul>\n<\/li>\n<\/ul>\n<p>Especificaciones:<\/p>\n<ul>\n<li><strong>Material<\/strong>: Tejido resistente de PVC y poli\u00e9ster pongee<\/li>\n<li><strong>Dimensiones<\/strong>: 80x130cm<\/li>\n<li><strong>Caracter\u00edsticas<\/strong>: Impermeable, resistente al desgaste y transpirable<\/li>\n<li><strong>Tiempo de inflaci\u00f3n<\/strong>: Se infla en minutos con firmeza ajustable<\/li>\n<\/ul>\n<p>El paquete incluye:<\/p>\n<ul>\n<li><strong>1 x Colch\u00f3n hinchable<\/strong><\/li>\n<li><strong>1 x Almohada<\/strong><\/li>\n<li><strong>1 x Bomba de aire<\/strong> (Nota: La bomba no es compatible con el inflado de neum\u00e1ticos, anillos de nataci\u00f3n, pelotas de yoga, etc.)<\/li>\n<li><strong>1 x Bolsa de almacenamiento<\/strong><\/li>\n<\/ul>\n<p>\u00bfPor qu\u00e9 elegir la cama hinchable universal para viajes en coche?<\/p>\n<p>Este colch\u00f3n ofrece la combinaci\u00f3n perfecta de comodidad, durabilidad y confort, lo que lo convierte en una opci\u00f3n excelente para cualquiera que valore un sue\u00f1o reparador en cualquier lugar. Su dise\u00f1o compacto y su amplia aplicabilidad garantizan que siempre est\u00e9 preparado para cualquier viaje o necesidad de alojamiento de invitados.<\/p>\n<p>Mejore su experiencia de viaje y acampada con el <strong>Cama Hinchable Universal de Viaje para Coche<\/strong> - lo \u00faltimo en confort port\u00e1til<\/p>\n<p>&nbsp;<\/p>","protected":false},"excerpt":{"rendered":"<p><strong>\u00bfPor qu\u00e9 elegir esta cama hinchable para coche?<\/strong><br \/>\n\u2714 <strong>Port\u00e1til y ligero<\/strong> - F\u00e1cil de transportar y guardar.<br \/>\n\u2714 <strong>Confort sobre la marcha<\/strong> - Perfecto para viajes por carretera, acampadas o una siesta r\u00e1pida durante largos trayectos en coche.<br \/>\n\u2714 <strong>Ajuste universal<\/strong> - Apto para m\u00e1s de 90% de coches y SUV.<\/p>\n<p><strong>Mejore sus viajes con un confort y una comodidad inigualables. Pida hoy mismo su cama hinchable universal para viajes en coche.<\/strong><\/p>","protected":false},"featured_media":3892,"comment_status":"open","ping_status":"closed","template":"","meta":{"_uag_custom_page_level_css":"","site-sidebar-layout":"default","site-content-layout":"","ast-site-content-layout":"default","site-content-style":"default","site-sidebar-style":"default","ast-global-header-display":"","ast-banner-title-visibility":"","ast-main-header-display":"","ast-hfb-above-header-display":"","ast-hfb-below-header-display":"","ast-hfb-mobile-header-display":"","site-post-title":"","ast-breadcrumbs-content":"","ast-featured-img":"","footer-sml-layout":"","theme-transparent-header-meta":"default","adv-header-id-meta":"","stick-header-meta":"","header-above-stick-meta":"","header-main-stick-meta":"","header-below-stick-meta":"","astra-migrate-meta-layouts":"set","ast-page-background-enabled":"default","ast-page-background-meta":{"desktop":{"background-color":"","background-image":"","background-repeat":"repeat","background-position":"center center","background-size":"auto","background-attachment":"scroll","background-type":"","background-media":"","overlay-type":"","overlay-color":"","overlay-opacity":"","overlay-gradient":""},"tablet":{"background-color":"","background-image":"","background-repeat":"repeat","background-position":"center center","background-size":"auto","background-attachment":"scroll","background-type":"","background-media":"","overlay-type":"","overlay-color":"","overlay-opacity":"","overlay-gradient":""},"mobile":{"background-color":"","background-image":"","background-repeat":"repeat","background-position":"center center","background-size":"auto","background-attachment":"scroll","background-type":"","background-media":"","overlay-type":"","overlay-color":"","overlay-opacity":"","overlay-gradient":""}},"ast-content-background-meta":{"desktop":{"background-color":"var(--ast-global-color-5)","background-image":"","background-repeat":"repeat","background-position":"center center","background-size":"auto","background-attachment":"scroll","background-type":"","background-media":"","overlay-type":"","overlay-color":"","overlay-opacity":"","overlay-gradient":""},"tablet":{"background-color":"var(--ast-global-color-5)","background-image":"","background-repeat":"repeat","background-position":"center center","background-size":"auto","background-attachment":"scroll","background-type":"","background-media":"","overlay-type":"","overlay-color":"","overlay-opacity":"","overlay-gradient":""},"mobile":{"background-color":"var(--ast-global-color-5)","background-image":"","background-repeat":"repeat","background-position":"center center","background-size":"auto","background-attachment":"scroll","background-type":"","background-media":"","overlay-type":"","overlay-color":"","overlay-opacity":"","overlay-gradient":""}}},"product_brand":[],"product_cat":[72],"product_tag":[],"class_list":{"0":"post-3915","1":"product","2":"type-product","3":"status-publish","4":"has-post-thumbnail","6":"product_cat-interior-accessories","7":"desktop-align-left","8":"tablet-align-left","9":"mobile-align-left","10":"ast-product-gallery-layout-horizontal-slider","11":"ast-product-single-variable","12":"ast-product-tabs-layout-horizontal","14":"first","15":"instock","16":"shipping-taxable","17":"purchasable","18":"product-type-variable"},"aioseo_notices":[],"uagb_featured_image_src":{"full":["https:\/\/speedxperts.com\/wp-content\/uploads\/2025\/01\/Se42f7cff8e614fd8bcc1fea401405680O.webp",1000,1000,false],"thumbnail":["https:\/\/speedxperts.com\/wp-content\/uploads\/2025\/01\/Se42f7cff8e614fd8bcc1fea401405680O-150x150.webp",150,150,true],"medium":["https:\/\/speedxperts.com\/wp-content\/uploads\/2025\/01\/Se42f7cff8e614fd8bcc1fea401405680O-300x300.webp",300,300,true],"medium_large":["https:\/\/speedxperts.com\/wp-content\/uploads\/2025\/01\/Se42f7cff8e614fd8bcc1fea401405680O-768x768.webp",768,768,true],"large":["https:\/\/speedxperts.com\/wp-content\/uploads\/2025\/01\/Se42f7cff8e614fd8bcc1fea401405680O.webp",1000,1000,false],"1536x1536":["https:\/\/speedxperts.com\/wp-content\/uploads\/2025\/01\/Se42f7cff8e614fd8bcc1fea401405680O.webp",1000,1000,false],"2048x2048":["https:\/\/speedxperts.com\/wp-content\/uploads\/2025\/01\/Se42f7cff8e614fd8bcc1fea401405680O.webp",1000,1000,false],"trp-custom-language-flag":["https:\/\/speedxperts.com\/wp-content\/uploads\/2025\/01\/Se42f7cff8e614fd8bcc1fea401405680O-12x12.webp",12,12,true],"woocommerce_thumbnail":["https:\/\/speedxperts.com\/wp-content\/uploads\/2025\/01\/Se42f7cff8e614fd8bcc1fea401405680O-300x300.webp",300,300,true],"woocommerce_single":["https:\/\/speedxperts.com\/wp-content\/uploads\/2025\/01\/Se42f7cff8e614fd8bcc1fea401405680O-600x600.webp",600,600,true],"woocommerce_gallery_thumbnail":["https:\/\/speedxperts.com\/wp-content\/uploads\/2025\/01\/Se42f7cff8e614fd8bcc1fea401405680O-100x100.webp",100,100,true]},"uagb_author_info":{"display_name":"Sebastian","author_link":"https:\/\/speedxperts.com\/es\/author\/"},"uagb_comment_info":0,"uagb_excerpt":"Why Choose This Car Inflatable Bed? \u2714 Portable and Lightweight \u2013 Easy to carry and store. \u2714 Comfort on the Go \u2013 Perfect for road trips, camping, or a quick nap during long drives. \u2714 Universal Fit \u2013 Suitable for more than 90% of cars and SUVs. Upgrade your travels with unmatched comfort and convenience.&hellip;","jetpack_sharing_enabled":true,"_links":{"self":[{"href":"https:\/\/speedxperts.com\/es\/wp-json\/wp\/v2\/product\/3915","targetHints":{"allow":["GET"]}}],"collection":[{"href":"https:\/\/speedxperts.com\/es\/wp-json\/wp\/v2\/product"}],"about":[{"href":"https:\/\/speedxperts.com\/es\/wp-json\/wp\/v2\/types\/product"}],"replies":[{"embeddable":true,"href":"https:\/\/speedxperts.com\/es\/wp-json\/wp\/v2\/comments?post=3915"}],"wp:featuredmedia":[{"embeddable":true,"href":"https:\/\/speedxperts.com\/es\/wp-json\/wp\/v2\/media\/3892"}],"wp:attachment":[{"href":"https:\/\/speedxperts.com\/es\/wp-json\/wp\/v2\/media?parent=3915"}],"wp:term":[{"taxonomy":"product_brand","embeddable":true,"href":"https:\/\/speedxperts.com\/es\/wp-json\/wp\/v2\/product_brand?post=3915"},{"taxonomy":"product_cat","embeddable":true,"href":"https:\/\/speedxperts.com\/es\/wp-json\/wp\/v2\/product_cat?post=3915"},{"taxonomy":"product_tag","embeddable":true,"href":"https:\/\/speedxperts.com\/es\/wp-json\/wp\/v2\/product_tag?post=3915"}],"curies":[{"name":"wp","href":"https:\/\/api.w.org\/{rel}","templated":true}]}}