{"id":3942,"date":"2025-01-04T18:38:02","date_gmt":"2025-01-04T17:38:02","guid":{"rendered":"https:\/\/speedxperts.com\/?post_type=product&#038;p=3942"},"modified":"2025-02-18T10:53:56","modified_gmt":"2025-02-18T09:53:56","slug":"pantalla-universal-para-coche-con-carplay-y-android-auto","status":"publish","type":"product","link":"https:\/\/speedxperts.com\/es\/producto\/pantalla-universal-para-coche-con-carplay-y-android-auto\/","title":{"rendered":"Pantalla universal para coche con CarPlay y Android Auto"},"content":{"rendered":"<p>Mejora tu coche con el <strong>Pantalla port\u00e1til CarPlay BQCC<\/strong> y disfrute de una experiencia de conducci\u00f3n moderna repleta de funciones avanzadas. Este reproductor MP5 port\u00e1til aporta a cualquier veh\u00edculo integraci\u00f3n con el smartphone sin esfuerzo, navegaci\u00f3n mejorada y c\u00f3modas opciones multimedia.<\/p>\n<hr \/>\n<h3><strong>Caracter\u00edsticas principales<\/strong><\/h3>\n<p>\u2705 <strong>Apple CarPlay y Android Auto inal\u00e1mbricos sin fisuras<\/strong><\/p>\n<ul>\n<li>Conexi\u00f3n inal\u00e1mbrica mediante Bluetooth y WiFi o USB.<\/li>\n<li>Accede a m\u00fasica, mapas, mensajes y llamadas manos libres con el control por voz de Siri o Google Assistant.<\/li>\n<li>Garantiza una conducci\u00f3n m\u00e1s segura e inteligente.<\/li>\n<\/ul>\n<p>\u2705 <strong>Compatibilidad universal<\/strong><\/p>\n<ul>\n<li>Apto para todos los veh\u00edculos con CC de 12 V a 30 V, incluidos coches, camiones, furgonetas, veh\u00edculos recreativos y camionetas.<\/li>\n<li>No es necesario desmontar la consola del coche: se instala f\u00e1cilmente con el soporte ajustable para el salpicadero.<\/li>\n<\/ul>\n<p>\u2705 <strong>Integraci\u00f3n de la c\u00e1mara de marcha atr\u00e1s<\/strong><\/p>\n<ul>\n<li>Incluye una c\u00e1mara de marcha atr\u00e1s ajustable 180\u00b0 con un cable de 18 pies para facilitar la ayuda al aparcamiento.<\/li>\n<li>Proporciona navegaci\u00f3n GPS precisa y en tiempo real con instrucciones guiadas por voz.<\/li>\n<\/ul>\n<p>\u2705 <strong>M\u00faltiples opciones de salida de audio<\/strong><\/p>\n<ul>\n<li>Equipado con Bluetooth 5.3, altavoces duales integrados, AUX y opciones de transmisor FM.<\/li>\n<li>Ofrece audio de alta calidad a trav\u00e9s de los altavoces originales del coche.<\/li>\n<\/ul>\n<p>\u2705 <strong>Pantalla t\u00e1ctil HD de 10,26\" y Mirror Link inal\u00e1mbrico<\/strong><\/p>\n<ul>\n<li>Cuenta con una pantalla IPS de 1600x600P para una experiencia t\u00e1ctil vibrante, clara y con gran capacidad de respuesta.<\/li>\n<li>Se sincroniza con dispositivos Android e iOS para multimedia, navegaci\u00f3n y mucho m\u00e1s.<\/li>\n<\/ul>\n<hr \/>\n<h3><strong>Especificaciones<\/strong><\/h3>\n<ul>\n<li><strong>Modelo:<\/strong> B5303<\/li>\n<li><strong>Pantalla:<\/strong> Pantalla t\u00e1ctil HD (IPS) de 10,26 pulgadas, resoluci\u00f3n 1600\u00d7600<\/li>\n<li><strong>Tensi\u00f3n de trabajo:<\/strong> 12V-30V<\/li>\n<li><strong>Versi\u00f3n Bluetooth:<\/strong> 5.0<\/li>\n<li><strong>Frecuencia WiFi:<\/strong> 2,4G\/5G de doble banda<\/li>\n<li><strong>CPU:<\/strong> F133 con DRAM de 1 Gbit<\/li>\n<li><strong>Formatos de audio:<\/strong> MP3, AAC, APE, OGG, WAV, etc.<\/li>\n<li><strong>Formatos de v\u00eddeo:<\/strong> MP4, MKV, AVI y otros<\/li>\n<li><strong>Altavoz incorporado:<\/strong> 1W<\/li>\n<\/ul>\n<hr \/>\n<h3><strong>\u00bfQu\u00e9 incluye?<\/strong><\/h3>\n<ul>\n<li><strong>1x Pantalla t\u00e1ctil CarPlay de 10,26 pulgadas<\/strong><\/li>\n<li><strong>1x C\u00e1mara de marcha atr\u00e1s (opcional)<\/strong><\/li>\n<li><strong>1x Soporte ajustable para salpicadero<\/strong><\/li>\n<li><strong>1x Cargador 12V<\/strong><\/li>\n<li><strong>1x Cable de audio<\/strong><\/li>\n<li><strong>1x Manual del usuario<\/strong><\/li>\n<\/ul>\n<p>Transforme su experiencia de conducci\u00f3n con el <strong>Pantalla inal\u00e1mbrica CarPlay y Android Auto de 10,26 pulgadas BQCC<\/strong> - una soluci\u00f3n todo en uno para viajes m\u00e1s inteligentes y seguros.<\/p>","protected":false},"excerpt":{"rendered":"<h3><strong>\u00bfPor qu\u00e9 elegir la pantalla CarPlay de BQCC?<\/strong><\/h3>\n<p>\u2714 <strong>Modernice cualquier coche<\/strong> - A\u00f1ade funcionalidad inal\u00e1mbrica CarPlay &amp; Android Auto sin modificar el salpicadero de tu coche.<br \/>\n\u2714 <strong>Instalaci\u00f3n vers\u00e1til<\/strong> - Perfecto para varios tipos de veh\u00edculos con una configuraci\u00f3n sin complicaciones.<br \/>\n\u2714 <strong>Seguridad y comodidad<\/strong> - Combina navegaci\u00f3n, aparcamiento asistido y control multimedia en un solo dispositivo.<br \/>\n\u2714 <strong>Pantalla Premium<\/strong> - La pantalla t\u00e1ctil de alta definici\u00f3n garantiza una experiencia visual e interactiva asombrosa.<\/p>","protected":false},"featured_media":3926,"comment_status":"open","ping_status":"closed","template":"","meta":{"_uag_custom_page_level_css":"","site-sidebar-layout":"default","site-content-layout":"","ast-site-content-layout":"default","site-content-style":"default","site-sidebar-style":"default","ast-global-header-display":"","ast-banner-title-visibility":"","ast-main-header-display":"","ast-hfb-above-header-display":"","ast-hfb-below-header-display":"","ast-hfb-mobile-header-display":"","site-post-title":"","ast-breadcrumbs-content":"","ast-featured-img":"","footer-sml-layout":"","theme-transparent-header-meta":"default","adv-header-id-meta":"","stick-header-meta":"","header-above-stick-meta":"","header-main-stick-meta":"","header-below-stick-meta":"","astra-migrate-meta-layouts":"set","ast-page-background-enabled":"default","ast-page-background-meta":{"desktop":{"background-color":"","background-image":"","background-repeat":"repeat","background-position":"center center","background-size":"auto","background-attachment":"scroll","background-type":"","background-media":"","overlay-type":"","overlay-color":"","overlay-opacity":"","overlay-gradient":""},"tablet":{"background-color":"","background-image":"","background-repeat":"repeat","background-position":"center center","background-size":"auto","background-attachment":"scroll","background-type":"","background-media":"","overlay-type":"","overlay-color":"","overlay-opacity":"","overlay-gradient":""},"mobile":{"background-color":"","background-image":"","background-repeat":"repeat","background-position":"center center","background-size":"auto","background-attachment":"scroll","background-type":"","background-media":"","overlay-type":"","overlay-color":"","overlay-opacity":"","overlay-gradient":""}},"ast-content-background-meta":{"desktop":{"background-color":"var(--ast-global-color-5)","background-image":"","background-repeat":"repeat","background-position":"center center","background-size":"auto","background-attachment":"scroll","background-type":"","background-media":"","overlay-type":"","overlay-color":"","overlay-opacity":"","overlay-gradient":""},"tablet":{"background-color":"var(--ast-global-color-5)","background-image":"","background-repeat":"repeat","background-position":"center center","background-size":"auto","background-attachment":"scroll","background-type":"","background-media":"","overlay-type":"","overlay-color":"","overlay-opacity":"","overlay-gradient":""},"mobile":{"background-color":"var(--ast-global-color-5)","background-image":"","background-repeat":"repeat","background-position":"center center","background-size":"auto","background-attachment":"scroll","background-type":"","background-media":"","overlay-type":"","overlay-color":"","overlay-opacity":"","overlay-gradient":""}}},"product_brand":[],"product_cat":[226],"product_tag":[],"class_list":{"0":"post-3942","1":"product","2":"type-product","3":"status-publish","4":"has-post-thumbnail","6":"product_cat-electronics","7":"desktop-align-left","8":"tablet-align-left","9":"mobile-align-left","10":"ast-product-gallery-layout-horizontal-slider","11":"ast-product-single-variable","12":"ast-product-tabs-layout-horizontal","14":"first","15":"instock","16":"shipping-taxable","17":"purchasable","18":"product-type-variable"},"aioseo_notices":[],"uagb_featured_image_src":{"full":["https:\/\/speedxperts.com\/wp-content\/uploads\/2025\/01\/Sdc2ae823912546e8b307014c610726ad6.webp",1000,1000,false],"thumbnail":["https:\/\/speedxperts.com\/wp-content\/uploads\/2025\/01\/Sdc2ae823912546e8b307014c610726ad6-150x150.webp",150,150,true],"medium":["https:\/\/speedxperts.com\/wp-content\/uploads\/2025\/01\/Sdc2ae823912546e8b307014c610726ad6-300x300.webp",300,300,true],"medium_large":["https:\/\/speedxperts.com\/wp-content\/uploads\/2025\/01\/Sdc2ae823912546e8b307014c610726ad6-768x768.webp",768,768,true],"large":["https:\/\/speedxperts.com\/wp-content\/uploads\/2025\/01\/Sdc2ae823912546e8b307014c610726ad6.webp",1000,1000,false],"1536x1536":["https:\/\/speedxperts.com\/wp-content\/uploads\/2025\/01\/Sdc2ae823912546e8b307014c610726ad6.webp",1000,1000,false],"2048x2048":["https:\/\/speedxperts.com\/wp-content\/uploads\/2025\/01\/Sdc2ae823912546e8b307014c610726ad6.webp",1000,1000,false],"trp-custom-language-flag":["https:\/\/speedxperts.com\/wp-content\/uploads\/2025\/01\/Sdc2ae823912546e8b307014c610726ad6-12x12.webp",12,12,true],"woocommerce_thumbnail":["https:\/\/speedxperts.com\/wp-content\/uploads\/2025\/01\/Sdc2ae823912546e8b307014c610726ad6-300x300.webp",300,300,true],"woocommerce_single":["https:\/\/speedxperts.com\/wp-content\/uploads\/2025\/01\/Sdc2ae823912546e8b307014c610726ad6-600x600.webp",600,600,true],"woocommerce_gallery_thumbnail":["https:\/\/speedxperts.com\/wp-content\/uploads\/2025\/01\/Sdc2ae823912546e8b307014c610726ad6-100x100.webp",100,100,true]},"uagb_author_info":{"display_name":"Sebastian","author_link":"https:\/\/speedxperts.com\/es\/author\/"},"uagb_comment_info":0,"uagb_excerpt":"Why Choose BQCC CarPlay Screen? \u2714 Modernize Any Car \u2013 Add wireless CarPlay &amp; Android Auto functionality without modifying your car\u2019s dashboard. \u2714 Versatile Installation \u2013 Perfect for multiple vehicle types with a hassle-free setup. \u2714 Safety &amp; Convenience \u2013 Combines navigation, parking assistance, and media control into one device. \u2714 Premium Display \u2013 High-definition&hellip;","jetpack_sharing_enabled":true,"_links":{"self":[{"href":"https:\/\/speedxperts.com\/es\/wp-json\/wp\/v2\/product\/3942","targetHints":{"allow":["GET"]}}],"collection":[{"href":"https:\/\/speedxperts.com\/es\/wp-json\/wp\/v2\/product"}],"about":[{"href":"https:\/\/speedxperts.com\/es\/wp-json\/wp\/v2\/types\/product"}],"replies":[{"embeddable":true,"href":"https:\/\/speedxperts.com\/es\/wp-json\/wp\/v2\/comments?post=3942"}],"wp:featuredmedia":[{"embeddable":true,"href":"https:\/\/speedxperts.com\/es\/wp-json\/wp\/v2\/media\/3926"}],"wp:attachment":[{"href":"https:\/\/speedxperts.com\/es\/wp-json\/wp\/v2\/media?parent=3942"}],"wp:term":[{"taxonomy":"product_brand","embeddable":true,"href":"https:\/\/speedxperts.com\/es\/wp-json\/wp\/v2\/product_brand?post=3942"},{"taxonomy":"product_cat","embeddable":true,"href":"https:\/\/speedxperts.com\/es\/wp-json\/wp\/v2\/product_cat?post=3942"},{"taxonomy":"product_tag","embeddable":true,"href":"https:\/\/speedxperts.com\/es\/wp-json\/wp\/v2\/product_tag?post=3942"}],"curies":[{"name":"wp","href":"https:\/\/api.w.org\/{rel}","templated":true}]}}