{"id":4711,"date":"2025-03-31T12:54:48","date_gmt":"2025-03-31T11:54:48","guid":{"rendered":"https:\/\/speedxperts.com\/?post_type=product&#038;p=4711"},"modified":"2026-04-29T19:38:31","modified_gmt":"2026-04-29T18:38:31","slug":"bmw-enet-cable-ethernet-para-ista-e-sys-bimmercode","status":"publish","type":"product","link":"https:\/\/speedxperts.com\/es\/producto\/bmw-enet-cable-ethernet-para-ista-e-sys-bimmercode\/","title":{"rendered":"OBD2 a Ethernet Cable para VDASH, BimmerCode"},"content":{"rendered":"<h3 data-start=\"566\" data-end=\"590\">\ud83d\udd27 <strong data-start=\"573\" data-end=\"590\">Caracter\u00edsticas principales:<\/strong><\/h3>\n<ul data-start=\"592\" data-end=\"995\">\n<li data-start=\"592\" data-end=\"663\">\n<p data-start=\"594\" data-end=\"663\">\u2705 <strong data-start=\"596\" data-end=\"618\">Compatibilidad total<\/strong> con BMW ENET (serie F, serie G, serie I)<\/p>\n<\/li>\n<li data-start=\"664\" data-end=\"727\">\n<p data-start=\"666\" data-end=\"727\">\u2705 <strong data-start=\"668\" data-end=\"691\">Compatible con Volvo DoIP<\/strong> veh\u00edculos (plataformas SPA\/CMA, 2015+)<\/p>\n<\/li>\n<li data-start=\"728\" data-end=\"776\">\n<p data-start=\"730\" data-end=\"776\">\u2705 <strong data-start=\"732\" data-end=\"749\">Plug-and-play<\/strong> - no necesita alimentaci\u00f3n externa<\/p>\n<\/li>\n<li data-start=\"777\" data-end=\"857\">\n<p data-start=\"779\" data-end=\"857\">\u2705 Funciona con <strong data-start=\"792\" data-end=\"835\">E-Sys, ISTA-D\/P, BimmerCode, BimmerLink<\/strong>VDASH, etc.<\/p>\n<\/li>\n<li data-start=\"858\" data-end=\"921\">\n<p data-start=\"860\" data-end=\"921\">\u2705 <strong data-start=\"862\" data-end=\"896\">Conexi\u00f3n Ethernet ultrarr\u00e1pida<\/strong> para una transferencia de datos estable<\/p>\n<\/li>\n<li data-start=\"922\" data-end=\"995\">\n<p data-start=\"924\" data-end=\"995\">Ideal para <strong data-start=\"936\" data-end=\"967\">Codificaci\u00f3n ECU, flasheo de m\u00f3dulos<\/strong>diagn\u00f3stico y datos en tiempo real<\/p>\n<\/li>\n<\/ul>\n<hr data-start=\"997\" data-end=\"1000\" \/>\n<h3 data-start=\"1002\" data-end=\"1035\">\ud83d\udca1 <strong data-start=\"1009\" data-end=\"1035\">\u00bfPor qu\u00e9 elegir este cable?<\/strong><\/h3>\n<p data-start=\"1036\" data-end=\"1414\">Este cable OBD2 a Ethernet permite una comunicaci\u00f3n perfecta entre su coche y su ordenador o smartphone. Tanto si lo utiliza con <strong data-start=\"1174\" data-end=\"1188\">BimmerCode<\/strong> para una codificaci\u00f3n sencilla o <strong data-start=\"1210\" data-end=\"1228\">E-Sys e ISTA<\/strong> para diagn\u00f3sticos profundos, garantiza una conexi\u00f3n segura en todo momento. Para los usuarios de Volvo, es una gran alternativa a las costosas herramientas OEM para los modelos modernos que utilizan <strong data-start=\"1383\" data-end=\"1413\">DoIP (Diagn\u00f3stico por IP)<\/strong>.<\/p>\n<hr data-start=\"1416\" data-end=\"1419\" \/>\n<h3 data-start=\"1421\" data-end=\"1448\">\ud83d\ude97 <strong data-start=\"1428\" data-end=\"1448\">Compatible con:<\/strong><\/h3>\n<h4 data-start=\"1450\" data-end=\"1463\"><strong data-start=\"1455\" data-end=\"1463\">BMW:<\/strong><\/h4>\n<ul data-start=\"1464\" data-end=\"1580\">\n<li data-start=\"1464\" data-end=\"1492\">\n<p data-start=\"1466\" data-end=\"1492\">Serie 1-7 (chasis F y G)<\/p>\n<\/li>\n<li data-start=\"1493\" data-end=\"1513\">\n<p data-start=\"1495\" data-end=\"1513\">X1-X7 (serie F\/G)<\/p>\n<\/li>\n<li data-start=\"1514\" data-end=\"1522\">\n<p data-start=\"1516\" data-end=\"1522\">i3, i8<\/p>\n<\/li>\n<li data-start=\"1523\" data-end=\"1580\">\n<p data-start=\"1525\" data-end=\"1580\">Compatible con herramientas de diagn\u00f3stico y codificaci\u00f3n basadas en ENET<\/p>\n<\/li>\n<\/ul>\n<h4 data-start=\"1582\" data-end=\"1597\"><strong data-start=\"1587\" data-end=\"1597\">Volvo:<\/strong><\/h4>\n<ul data-start=\"1598\" data-end=\"1715\">\n<li data-start=\"1598\" data-end=\"1652\">\n<p data-start=\"1600\" data-end=\"1652\">XC90, XC60, S90, V90, S60, V60 (plataformas SPA y CMA)<\/p>\n<\/li>\n<li data-start=\"1653\" data-end=\"1715\">\n<p data-start=\"1655\" data-end=\"1715\">Funciona con VIDA 2015+, aplicaciones OBD2 DoIP y herramientas de terceros.<\/p>\n<\/li>\n<\/ul>\n<hr data-start=\"1717\" data-end=\"1720\" \/>\n<h3 data-start=\"1722\" data-end=\"1749\">\ud83d\udce6 <strong data-start=\"1729\" data-end=\"1749\">Qu\u00e9 incluye:<\/strong><\/h3>\n<ul data-start=\"1750\" data-end=\"1800\">\n<li data-start=\"1750\" data-end=\"1800\">\n<p data-start=\"1752\" data-end=\"1800\">1x Cable OBD2 a Ethernet (compatible con ENET\/DoIP)<\/p>\n<\/li>\n<\/ul>\n<hr data-start=\"1802\" data-end=\"1805\" \/>\n<h3 data-start=\"1807\" data-end=\"1833\">\ud83d\udd12 <strong data-start=\"1814\" data-end=\"1833\">Fiabilidad y seguridad<\/strong><\/h3>\n<p data-start=\"1834\" data-end=\"2001\">Fabricado con blindaje duradero y conectores de alta calidad para garantizar un uso seguro y duradero. No requiere actualizaciones de firmware ni controladores: solo tiene que conectarlo y empezar a diagnosticar.<\/p>\n<p>&nbsp;<\/p>\n<div class=\"_tableContainer_80l1q_1\"><\/div>","protected":false},"excerpt":{"rendered":"<p>Actualice el diagn\u00f3stico de su veh\u00edculo con este <strong data-start=\"288\" data-end=\"314\">Cable OBD2 a Ethernet<\/strong>dise\u00f1ado espec\u00edficamente para <strong data-start=\"342\" data-end=\"362\">BMW Serie F\/G\/I<\/strong> y <strong data-start=\"367\" data-end=\"403\">Veh\u00edculos Volvo compatibles con DoIP<\/strong>. Perfecto para entusiastas, sintonizadores y profesionales que necesitan una conexi\u00f3n r\u00e1pida, fiable y estable para la codificaci\u00f3n avanzada, diagn\u00f3stico y programaci\u00f3n ECU.<\/p>","protected":false},"featured_media":4705,"comment_status":"open","ping_status":"closed","template":"","meta":{"_uag_custom_page_level_css":"","site-sidebar-layout":"default","site-content-layout":"","ast-site-content-layout":"default","site-content-style":"default","site-sidebar-style":"default","ast-global-header-display":"","ast-banner-title-visibility":"","ast-main-header-display":"","ast-hfb-above-header-display":"","ast-hfb-below-header-display":"","ast-hfb-mobile-header-display":"","site-post-title":"","ast-breadcrumbs-content":"","ast-featured-img":"","footer-sml-layout":"","theme-transparent-header-meta":"default","adv-header-id-meta":"","stick-header-meta":"","header-above-stick-meta":"","header-main-stick-meta":"","header-below-stick-meta":"","astra-migrate-meta-layouts":"set","ast-page-background-enabled":"default","ast-page-background-meta":{"desktop":{"background-color":"","background-image":"","background-repeat":"repeat","background-position":"center center","background-size":"auto","background-attachment":"scroll","background-type":"","background-media":"","overlay-type":"","overlay-color":"","overlay-opacity":"","overlay-gradient":""},"tablet":{"background-color":"","background-image":"","background-repeat":"repeat","background-position":"center center","background-size":"auto","background-attachment":"scroll","background-type":"","background-media":"","overlay-type":"","overlay-color":"","overlay-opacity":"","overlay-gradient":""},"mobile":{"background-color":"","background-image":"","background-repeat":"repeat","background-position":"center center","background-size":"auto","background-attachment":"scroll","background-type":"","background-media":"","overlay-type":"","overlay-color":"","overlay-opacity":"","overlay-gradient":""}},"ast-content-background-meta":{"desktop":{"background-color":"var(--ast-global-color-5)","background-image":"","background-repeat":"repeat","background-position":"center center","background-size":"auto","background-attachment":"scroll","background-type":"","background-media":"","overlay-type":"","overlay-color":"","overlay-opacity":"","overlay-gradient":""},"tablet":{"background-color":"var(--ast-global-color-5)","background-image":"","background-repeat":"repeat","background-position":"center center","background-size":"auto","background-attachment":"scroll","background-type":"","background-media":"","overlay-type":"","overlay-color":"","overlay-opacity":"","overlay-gradient":""},"mobile":{"background-color":"var(--ast-global-color-5)","background-image":"","background-repeat":"repeat","background-position":"center center","background-size":"auto","background-attachment":"scroll","background-type":"","background-media":"","overlay-type":"","overlay-color":"","overlay-opacity":"","overlay-gradient":""}}},"product_brand":[],"product_cat":[70],"product_tag":[],"class_list":{"0":"post-4711","1":"product","2":"type-product","3":"status-publish","4":"has-post-thumbnail","6":"product_cat-diagnostic-tools","7":"desktop-align-left","8":"tablet-align-left","9":"mobile-align-left","10":"ast-product-gallery-layout-horizontal-slider","11":"ast-product-tabs-layout-horizontal","13":"first","14":"instock","15":"downloadable","16":"shipping-taxable","17":"purchasable","18":"product-type-simple"},"aioseo_notices":[],"uagb_featured_image_src":{"full":["https:\/\/speedxperts.com\/wp-content\/uploads\/2025\/03\/S72e01ee7fcc649708647d75c054997cfH.webp",1000,1000,false],"thumbnail":["https:\/\/speedxperts.com\/wp-content\/uploads\/2025\/03\/S72e01ee7fcc649708647d75c054997cfH-150x150.webp",150,150,true],"medium":["https:\/\/speedxperts.com\/wp-content\/uploads\/2025\/03\/S72e01ee7fcc649708647d75c054997cfH-300x300.webp",300,300,true],"medium_large":["https:\/\/speedxperts.com\/wp-content\/uploads\/2025\/03\/S72e01ee7fcc649708647d75c054997cfH-768x768.webp",768,768,true],"large":["https:\/\/speedxperts.com\/wp-content\/uploads\/2025\/03\/S72e01ee7fcc649708647d75c054997cfH.webp",1000,1000,false],"1536x1536":["https:\/\/speedxperts.com\/wp-content\/uploads\/2025\/03\/S72e01ee7fcc649708647d75c054997cfH.webp",1000,1000,false],"2048x2048":["https:\/\/speedxperts.com\/wp-content\/uploads\/2025\/03\/S72e01ee7fcc649708647d75c054997cfH.webp",1000,1000,false],"trp-custom-language-flag":["https:\/\/speedxperts.com\/wp-content\/uploads\/2025\/03\/S72e01ee7fcc649708647d75c054997cfH-12x12.webp",12,12,true],"woocommerce_thumbnail":["https:\/\/speedxperts.com\/wp-content\/uploads\/2025\/03\/S72e01ee7fcc649708647d75c054997cfH-300x300.webp",300,300,true],"woocommerce_single":["https:\/\/speedxperts.com\/wp-content\/uploads\/2025\/03\/S72e01ee7fcc649708647d75c054997cfH-600x600.webp",600,600,true],"woocommerce_gallery_thumbnail":["https:\/\/speedxperts.com\/wp-content\/uploads\/2025\/03\/S72e01ee7fcc649708647d75c054997cfH-100x100.webp",100,100,true]},"uagb_author_info":{"display_name":"Sebastian","author_link":"https:\/\/speedxperts.com\/es\/author\/"},"uagb_comment_info":0,"uagb_excerpt":"Upgrade your vehicle diagnostics with this high-quality OBD2 to Ethernet cable, specifically designed for BMW F\/G\/I series and Volvo vehicles with DoIP support. Perfect for enthusiasts, tuners, and professionals who need a fast, reliable, and stable connection for advanced coding, diagnostics, and ECU programming.","jetpack_sharing_enabled":true,"_links":{"self":[{"href":"https:\/\/speedxperts.com\/es\/wp-json\/wp\/v2\/product\/4711","targetHints":{"allow":["GET"]}}],"collection":[{"href":"https:\/\/speedxperts.com\/es\/wp-json\/wp\/v2\/product"}],"about":[{"href":"https:\/\/speedxperts.com\/es\/wp-json\/wp\/v2\/types\/product"}],"replies":[{"embeddable":true,"href":"https:\/\/speedxperts.com\/es\/wp-json\/wp\/v2\/comments?post=4711"}],"wp:featuredmedia":[{"embeddable":true,"href":"https:\/\/speedxperts.com\/es\/wp-json\/wp\/v2\/media\/4705"}],"wp:attachment":[{"href":"https:\/\/speedxperts.com\/es\/wp-json\/wp\/v2\/media?parent=4711"}],"wp:term":[{"taxonomy":"product_brand","embeddable":true,"href":"https:\/\/speedxperts.com\/es\/wp-json\/wp\/v2\/product_brand?post=4711"},{"taxonomy":"product_cat","embeddable":true,"href":"https:\/\/speedxperts.com\/es\/wp-json\/wp\/v2\/product_cat?post=4711"},{"taxonomy":"product_tag","embeddable":true,"href":"https:\/\/speedxperts.com\/es\/wp-json\/wp\/v2\/product_tag?post=4711"}],"curies":[{"name":"wp","href":"https:\/\/api.w.org\/{rel}","templated":true}]}}