{"id":4912,"date":"2025-05-13T08:13:11","date_gmt":"2025-05-13T07:13:11","guid":{"rendered":"https:\/\/speedxperts.com\/?post_type=product&#038;p=4912"},"modified":"2025-10-22T13:02:25","modified_gmt":"2025-10-22T12:02:25","slug":"gato-hidraulico-vevor-de-5-toneladas-con-bomba-inflable-incorporada","status":"publish","type":"product","link":"https:\/\/speedxperts.com\/es\/producto\/gato-hidraulico-vevor-de-5-toneladas-con-bomba-inflable-incorporada\/","title":{"rendered":"VEVOR Gato hidr\u00e1ulico de 5 toneladas, con bomba inflable incorporada"},"content":{"rendered":"<h4>Caracter\u00edsticas y detalles<\/h4>\n<p><strong>\ud83d\udd0b Opciones de carga dual - Plug &amp; Go:<\/strong><br \/>\nUtiliza tu coche de 12 V <strong>toma de mechero<\/strong> o conectarse directamente al <strong>bater\u00eda del veh\u00edculo<\/strong>. Viene con un <strong>Cable de alimentaci\u00f3n de 4 m (13 pies)<\/strong>, lo que le permite acceder f\u00e1cilmente a todos los neum\u00e1ticos.<\/p>\n<p><strong>\ud83d\udee0\ufe0f Levante hasta 5 toneladas sin esfuerzo:<\/strong><\/p>\n<ul>\n<li>Capacidad de elevaci\u00f3n: <strong>5,0 toneladas \/ 11.023 libras<\/strong><\/li>\n<li>Alcance de elevaci\u00f3n: <strong>155 - 450 mm (6,1\u2033 - 17,7\u2033)<\/strong><\/li>\n<li>Funci\u00f3n de parada autom\u00e1tica al alcanzar la altura m\u00e1xima para mayor seguridad<br \/>\nIdeal para berlinas, todoterrenos, camiones o cualquier veh\u00edculo de esta categor\u00eda de peso.<\/li>\n<\/ul>\n<p><strong>\u23f1\ufe0f Funcionamiento r\u00e1pido y sencillo:<\/strong><br \/>\nSe acab\u00f3 el arranque manual. Levante su coche en s\u00f3lo <strong>2 minutos<\/strong>\u00a1! Perfecto para emergencias en carretera o uso en el garaje de casa.<\/p>\n<p><strong>\ud83d\udca8 Inflador de neum\u00e1ticos incorporado con man\u00f3metro:<\/strong><br \/>\nIncluye un <strong>bomba de neum\u00e1ticos<\/strong> con indicador de presi\u00f3n y accesorios almacenados (manguera de inflado + boquillas) para inflados r\u00e1pidos de emergencia. Mantenga todo organizado en compartimentos laterales ocultos.<\/p>\n<p><strong>\ud83d\udd12 Seguro y estable:<\/strong><\/p>\n<ul>\n<li>Antideslizante <strong>cabezal de soporte de ranura transversal<\/strong><\/li>\n<li><strong>Luz LED<\/strong> para uso nocturno<\/li>\n<li><strong>Sistema de sellado hidr\u00e1ulico<\/strong> para evitar fugas de aceite<\/li>\n<li><strong>V\u00e1lvula de descenso manual<\/strong> en caso de apag\u00f3n<\/li>\n<li>Incluye <strong>3 fusibles de alta calidad<\/strong> (certificado T\u00dcV)<\/li>\n<\/ul>\n<hr \/>\n<h4>\ud83d\udce6 El paquete incluye:<\/h4>\n<ul>\n<li>1\u00d7 Gato el\u00e9ctrico de 5 toneladas con inflador de neum\u00e1ticos<\/li>\n<li>1\u00d7 Cable de alimentaci\u00f3n (13 pies)<\/li>\n<li>1\u00d7 Cable de sujeci\u00f3n de la bater\u00eda<\/li>\n<li>3\u00d7 Fusibles de repuesto<\/li>\n<li>1\u00d7 Manual de usuario<\/li>\n<li>1\u00d7 Accesorios del inflador (manguera de aire + boquillas)<\/li>\n<\/ul>\n<hr \/>\n<h4>\ud83e\uddf0 Modo de empleo:<\/h4>\n<ol>\n<li>Enchufar en <strong>encendedor de coche<\/strong> o conectarse a <strong>bater\u00eda del veh\u00edculo<\/strong>.<\/li>\n<li>Coloque el gato debajo del veh\u00edculo sobre un <strong>superficie plana<\/strong>.<\/li>\n<li>Pulse el bot\u00f3n de elevaci\u00f3n y espere aprox. <strong>2 minutos<\/strong>.<\/li>\n<li>Para inflar un neum\u00e1tico, conecte la manguera y controle <strong>presi\u00f3n en tiempo real<\/strong> en la pantalla.<\/li>\n<\/ol>","protected":false},"excerpt":{"rendered":"<p>Levante y repare su veh\u00edculo en cualquier momento y lugar con este potente gato el\u00e9ctrico de 5 toneladas. Con un inflador de neum\u00e1ticos incorporado, opciones de carga dual y un dise\u00f1o de alta resistencia, esta herramienta de emergencia todo en uno es perfecta para berlinas, todoterrenos y camiones.<\/p>","protected":false},"featured_media":4905,"comment_status":"open","ping_status":"closed","template":"","meta":{"_uag_custom_page_level_css":"","site-sidebar-layout":"default","site-content-layout":"","ast-site-content-layout":"default","site-content-style":"default","site-sidebar-style":"default","ast-global-header-display":"","ast-banner-title-visibility":"","ast-main-header-display":"","ast-hfb-above-header-display":"","ast-hfb-below-header-display":"","ast-hfb-mobile-header-display":"","site-post-title":"","ast-breadcrumbs-content":"","ast-featured-img":"","footer-sml-layout":"","theme-transparent-header-meta":"default","adv-header-id-meta":"","stick-header-meta":"","header-above-stick-meta":"","header-main-stick-meta":"","header-below-stick-meta":"","astra-migrate-meta-layouts":"set","ast-page-background-enabled":"default","ast-page-background-meta":{"desktop":{"background-color":"","background-image":"","background-repeat":"repeat","background-position":"center center","background-size":"auto","background-attachment":"scroll","background-type":"","background-media":"","overlay-type":"","overlay-color":"","overlay-opacity":"","overlay-gradient":""},"tablet":{"background-color":"","background-image":"","background-repeat":"repeat","background-position":"center center","background-size":"auto","background-attachment":"scroll","background-type":"","background-media":"","overlay-type":"","overlay-color":"","overlay-opacity":"","overlay-gradient":""},"mobile":{"background-color":"","background-image":"","background-repeat":"repeat","background-position":"center center","background-size":"auto","background-attachment":"scroll","background-type":"","background-media":"","overlay-type":"","overlay-color":"","overlay-opacity":"","overlay-gradient":""}},"ast-content-background-meta":{"desktop":{"background-color":"var(--ast-global-color-5)","background-image":"","background-repeat":"repeat","background-position":"center center","background-size":"auto","background-attachment":"scroll","background-type":"","background-media":"","overlay-type":"","overlay-color":"","overlay-opacity":"","overlay-gradient":""},"tablet":{"background-color":"var(--ast-global-color-5)","background-image":"","background-repeat":"repeat","background-position":"center center","background-size":"auto","background-attachment":"scroll","background-type":"","background-media":"","overlay-type":"","overlay-color":"","overlay-opacity":"","overlay-gradient":""},"mobile":{"background-color":"var(--ast-global-color-5)","background-image":"","background-repeat":"repeat","background-position":"center center","background-size":"auto","background-attachment":"scroll","background-type":"","background-media":"","overlay-type":"","overlay-color":"","overlay-opacity":"","overlay-gradient":""}}},"product_brand":[],"product_cat":[226],"product_tag":[],"class_list":{"0":"post-4912","1":"product","2":"type-product","3":"status-publish","4":"has-post-thumbnail","6":"product_cat-electronics","7":"desktop-align-left","8":"tablet-align-left","9":"mobile-align-left","10":"ast-product-gallery-layout-horizontal-slider","11":"ast-product-single-variable","12":"ast-product-tabs-layout-horizontal","14":"first","15":"instock","16":"shipping-taxable","17":"purchasable","18":"product-type-variable"},"aioseo_notices":[],"uagb_featured_image_src":{"full":["https:\/\/speedxperts.com\/wp-content\/uploads\/2025\/05\/S04a5559ad314418590fe0a6d590b2bc4r.webp",1600,1600,false],"thumbnail":["https:\/\/speedxperts.com\/wp-content\/uploads\/2025\/05\/S04a5559ad314418590fe0a6d590b2bc4r-150x150.webp",150,150,true],"medium":["https:\/\/speedxperts.com\/wp-content\/uploads\/2025\/05\/S04a5559ad314418590fe0a6d590b2bc4r-300x300.webp",300,300,true],"medium_large":["https:\/\/speedxperts.com\/wp-content\/uploads\/2025\/05\/S04a5559ad314418590fe0a6d590b2bc4r-768x768.webp",768,768,true],"large":["https:\/\/speedxperts.com\/wp-content\/uploads\/2025\/05\/S04a5559ad314418590fe0a6d590b2bc4r-1024x1024.webp",1024,1024,true],"1536x1536":["https:\/\/speedxperts.com\/wp-content\/uploads\/2025\/05\/S04a5559ad314418590fe0a6d590b2bc4r-1536x1536.webp",1536,1536,true],"2048x2048":["https:\/\/speedxperts.com\/wp-content\/uploads\/2025\/05\/S04a5559ad314418590fe0a6d590b2bc4r.webp",1600,1600,false],"trp-custom-language-flag":["https:\/\/speedxperts.com\/wp-content\/uploads\/2025\/05\/S04a5559ad314418590fe0a6d590b2bc4r-12x12.webp",12,12,true],"woocommerce_thumbnail":["https:\/\/speedxperts.com\/wp-content\/uploads\/2025\/05\/S04a5559ad314418590fe0a6d590b2bc4r-300x300.webp",300,300,true],"woocommerce_single":["https:\/\/speedxperts.com\/wp-content\/uploads\/2025\/05\/S04a5559ad314418590fe0a6d590b2bc4r-600x600.webp",600,600,true],"woocommerce_gallery_thumbnail":["https:\/\/speedxperts.com\/wp-content\/uploads\/2025\/05\/S04a5559ad314418590fe0a6d590b2bc4r-100x100.webp",100,100,true]},"uagb_author_info":{"display_name":"Sebastian","author_link":"https:\/\/speedxperts.com\/es\/author\/"},"uagb_comment_info":9,"uagb_excerpt":"Lift and repair your vehicle anytime, anywhere with this powerful 5-ton electric car jack. With a built-in tire inflator, dual charging options, and a high-strength design, this all-in-one emergency tool is perfect for sedans, SUVs, and trucks.","jetpack_sharing_enabled":true,"_links":{"self":[{"href":"https:\/\/speedxperts.com\/es\/wp-json\/wp\/v2\/product\/4912","targetHints":{"allow":["GET"]}}],"collection":[{"href":"https:\/\/speedxperts.com\/es\/wp-json\/wp\/v2\/product"}],"about":[{"href":"https:\/\/speedxperts.com\/es\/wp-json\/wp\/v2\/types\/product"}],"replies":[{"embeddable":true,"href":"https:\/\/speedxperts.com\/es\/wp-json\/wp\/v2\/comments?post=4912"}],"wp:featuredmedia":[{"embeddable":true,"href":"https:\/\/speedxperts.com\/es\/wp-json\/wp\/v2\/media\/4905"}],"wp:attachment":[{"href":"https:\/\/speedxperts.com\/es\/wp-json\/wp\/v2\/media?parent=4912"}],"wp:term":[{"taxonomy":"product_brand","embeddable":true,"href":"https:\/\/speedxperts.com\/es\/wp-json\/wp\/v2\/product_brand?post=4912"},{"taxonomy":"product_cat","embeddable":true,"href":"https:\/\/speedxperts.com\/es\/wp-json\/wp\/v2\/product_cat?post=4912"},{"taxonomy":"product_tag","embeddable":true,"href":"https:\/\/speedxperts.com\/es\/wp-json\/wp\/v2\/product_tag?post=4912"}],"curies":[{"name":"wp","href":"https:\/\/api.w.org\/{rel}","templated":true}]}}