{"id":5031,"date":"2025-06-06T11:30:50","date_gmt":"2025-06-06T10:30:50","guid":{"rendered":"https:\/\/speedxperts.com\/?post_type=product&#038;p=5031"},"modified":"2025-06-06T11:44:12","modified_gmt":"2025-06-06T10:44:12","slug":"kit-de-gato-de-tijera-electrico-vevor-de-3-toneladas-elevacion-potente-para-emergencias-en-carretera","status":"publish","type":"product","link":"https:\/\/speedxperts.com\/es\/producto\/kit-de-gato-de-tijera-electrico-vevor-de-3-toneladas-elevacion-potente-para-emergencias-en-carretera\/","title":{"rendered":"VEVOR 3-Ton Electric Scissor Jack Kit - Elevaci\u00f3n de gran alcance para emergencias en carretera"},"content":{"rendered":"<h3>\u2699\ufe0f Caracter\u00edsticas y detalles<\/h3>\n<p>\u2705 <strong>Gato de tijera el\u00e9ctrico (3 toneladas \/ 6600 libras de capacidad)<\/strong><\/p>\n<ul>\n<li><strong>Alcance de elevaci\u00f3n (cabeza corta):<\/strong> 130-370 mm (5,1\u2033-14,6\u2033)<\/li>\n<li><strong>Alcance de elevaci\u00f3n (cabezal largo):<\/strong> 170-420 mm (6,7\u2033-16,5\u2033)<\/li>\n<li>Perfecto para <strong>berlinas, todoterrenos, furgonetas<\/strong>y otros veh\u00edculos de 12 V dentro de los l\u00edmites de peso.<\/li>\n<li><strong>Ideal para emergencias o reparaciones en el garaje<\/strong><\/li>\n<\/ul>\n<p>\u26a1 <strong>Levantado en minutos<\/strong><\/p>\n<ul>\n<li>Alcanza la altura m\u00e1xima en s\u00f3lo <strong>2 minutos<\/strong><\/li>\n<li><strong>Sin arranque manual<\/strong> - enchufe, pulse el bot\u00f3n y levante<\/li>\n<li>Debe utilizarse en <strong>superficies planas y estables<\/strong><\/li>\n<li>Coloque la clavija <strong>en paralelo<\/strong> al bastidor de su coche<\/li>\n<\/ul>\n<p>\ud83d\udd27 <strong>Llave de impacto de alto rendimiento opcional (no incluida en este modelo)<\/strong><\/p>\n<blockquote><p><em>NOTA: Este listado corresponde a la versi\u00f3n <strong>sin<\/strong> una llave el\u00e9ctrica.<\/em><\/p><\/blockquote>\n<hr \/>\n<h3>\ud83d\udd0c <strong>Modo de empleo - 2 m\u00e9todos de carga<\/strong><\/h3>\n<ol>\n<li><strong>Toma de mechero para coche de 12 V<\/strong><\/li>\n<li><strong>Conexi\u00f3n directa a la bater\u00eda con los clips incluidos<\/strong><\/li>\n<\/ol>\n<blockquote><p>Viene con un <strong>Cable de alimentaci\u00f3n de 11,5 pies<\/strong> - alcanzar f\u00e1cilmente las ruedas delanteras o traseras.<\/p><\/blockquote>\n<p>Incluye <strong>3 fusibles de repuesto<\/strong> (con certificaci\u00f3n T\u00dcV) para una mayor fiabilidad.<\/p>\n<hr \/>\n<h3>\ud83c\udf92 <strong>Contenido del malet\u00edn<\/strong><\/h3>\n<p>Todo en una caja de herramientas robusta y organizada que tambi\u00e9n sirve de <strong>tri\u00e1ngulo de se\u00f1alizaci\u00f3n<\/strong> al borde de la carretera.<\/p>\n<ul>\n<li>1\u00d7 Gato de tijera el\u00e9ctrico<\/li>\n<li>2\u00d7 Sillas de montar (cortas y largas)<\/li>\n<li>3\u00d7 Fusibles de repuesto<\/li>\n<li>1\u00d7 Par de guantes de trabajo<\/li>\n<li>1\u00d7 Cable con clip para bater\u00eda<\/li>\n<li>1\u00d7 Cable de alimentaci\u00f3n de mechero<\/li>\n<li>1\u00d7 Funda de transporte resistente con tri\u00e1ngulo reflectante<\/li>\n<\/ul>\n<hr \/>\n<h3>\ud83d\udce6 Lo que NO est\u00e1 incluido:<\/h3>\n<p>Esta versi\u00f3n <strong>NO incluye la llave de impacto el\u00e9ctrica.<\/strong><\/p>\n<hr \/>\n<h3>\ud83d\udd10 \u00bfPor qu\u00e9 elegir este kit de gato el\u00e9ctrico?<\/h3>\n<ul>\n<li>Cambio de neum\u00e1ticos seguro, r\u00e1pido y c\u00f3modo<\/li>\n<li>Doble m\u00e9todo de carga para mayor flexibilidad<\/li>\n<li>Soluci\u00f3n integral para emergencias en carretera<\/li>\n<li>Regalo o herramienta perfecta para propietarios de coches, todoterrenos o excursionistas por carretera<\/li>\n<\/ul>\n<p>&nbsp;<\/p>","protected":false},"excerpt":{"rendered":"<p><strong>Cambio de neum\u00e1ticos r\u00e1pido, seguro y sencillo, sin esfuerzo manual.<\/strong><br \/>\nLevante su veh\u00edculo y cambie los neum\u00e1ticos en cuesti\u00f3n de minutos, est\u00e9 donde est\u00e9.<\/p>","protected":false},"featured_media":5021,"comment_status":"open","ping_status":"closed","template":"","meta":{"_uag_custom_page_level_css":"","site-sidebar-layout":"default","site-content-layout":"","ast-site-content-layout":"default","site-content-style":"default","site-sidebar-style":"default","ast-global-header-display":"","ast-banner-title-visibility":"","ast-main-header-display":"","ast-hfb-above-header-display":"","ast-hfb-below-header-display":"","ast-hfb-mobile-header-display":"","site-post-title":"","ast-breadcrumbs-content":"","ast-featured-img":"","footer-sml-layout":"","theme-transparent-header-meta":"default","adv-header-id-meta":"","stick-header-meta":"","header-above-stick-meta":"","header-main-stick-meta":"","header-below-stick-meta":"","astra-migrate-meta-layouts":"set","ast-page-background-enabled":"default","ast-page-background-meta":{"desktop":{"background-color":"","background-image":"","background-repeat":"repeat","background-position":"center center","background-size":"auto","background-attachment":"scroll","background-type":"","background-media":"","overlay-type":"","overlay-color":"","overlay-opacity":"","overlay-gradient":""},"tablet":{"background-color":"","background-image":"","background-repeat":"repeat","background-position":"center center","background-size":"auto","background-attachment":"scroll","background-type":"","background-media":"","overlay-type":"","overlay-color":"","overlay-opacity":"","overlay-gradient":""},"mobile":{"background-color":"","background-image":"","background-repeat":"repeat","background-position":"center center","background-size":"auto","background-attachment":"scroll","background-type":"","background-media":"","overlay-type":"","overlay-color":"","overlay-opacity":"","overlay-gradient":""}},"ast-content-background-meta":{"desktop":{"background-color":"var(--ast-global-color-5)","background-image":"","background-repeat":"repeat","background-position":"center center","background-size":"auto","background-attachment":"scroll","background-type":"","background-media":"","overlay-type":"","overlay-color":"","overlay-opacity":"","overlay-gradient":""},"tablet":{"background-color":"var(--ast-global-color-5)","background-image":"","background-repeat":"repeat","background-position":"center center","background-size":"auto","background-attachment":"scroll","background-type":"","background-media":"","overlay-type":"","overlay-color":"","overlay-opacity":"","overlay-gradient":""},"mobile":{"background-color":"var(--ast-global-color-5)","background-image":"","background-repeat":"repeat","background-position":"center center","background-size":"auto","background-attachment":"scroll","background-type":"","background-media":"","overlay-type":"","overlay-color":"","overlay-opacity":"","overlay-gradient":""}}},"product_brand":[],"product_cat":[226],"product_tag":[],"class_list":{"0":"post-5031","1":"product","2":"type-product","3":"status-publish","4":"has-post-thumbnail","6":"product_cat-electronics","7":"desktop-align-left","8":"tablet-align-left","9":"mobile-align-left","10":"ast-product-gallery-layout-horizontal-slider","11":"ast-product-tabs-layout-horizontal","13":"first","14":"instock","15":"shipping-taxable","16":"purchasable","17":"product-type-simple"},"aioseo_notices":[],"uagb_featured_image_src":{"full":["https:\/\/speedxperts.com\/wp-content\/uploads\/2025\/06\/Sb5c5850544434c04bb902fd8f7576e57i.webp",1600,1600,false],"thumbnail":["https:\/\/speedxperts.com\/wp-content\/uploads\/2025\/06\/Sb5c5850544434c04bb902fd8f7576e57i-150x150.webp",150,150,true],"medium":["https:\/\/speedxperts.com\/wp-content\/uploads\/2025\/06\/Sb5c5850544434c04bb902fd8f7576e57i-300x300.webp",300,300,true],"medium_large":["https:\/\/speedxperts.com\/wp-content\/uploads\/2025\/06\/Sb5c5850544434c04bb902fd8f7576e57i-768x768.webp",768,768,true],"large":["https:\/\/speedxperts.com\/wp-content\/uploads\/2025\/06\/Sb5c5850544434c04bb902fd8f7576e57i-1024x1024.webp",1024,1024,true],"1536x1536":["https:\/\/speedxperts.com\/wp-content\/uploads\/2025\/06\/Sb5c5850544434c04bb902fd8f7576e57i-1536x1536.webp",1536,1536,true],"2048x2048":["https:\/\/speedxperts.com\/wp-content\/uploads\/2025\/06\/Sb5c5850544434c04bb902fd8f7576e57i.webp",1600,1600,false],"trp-custom-language-flag":["https:\/\/speedxperts.com\/wp-content\/uploads\/2025\/06\/Sb5c5850544434c04bb902fd8f7576e57i-12x12.webp",12,12,true],"woocommerce_thumbnail":["https:\/\/speedxperts.com\/wp-content\/uploads\/2025\/06\/Sb5c5850544434c04bb902fd8f7576e57i-300x300.webp",300,300,true],"woocommerce_single":["https:\/\/speedxperts.com\/wp-content\/uploads\/2025\/06\/Sb5c5850544434c04bb902fd8f7576e57i-600x600.webp",600,600,true],"woocommerce_gallery_thumbnail":["https:\/\/speedxperts.com\/wp-content\/uploads\/2025\/06\/Sb5c5850544434c04bb902fd8f7576e57i-100x100.webp",100,100,true]},"uagb_author_info":{"display_name":"Sebastian","author_link":"https:\/\/speedxperts.com\/es\/author\/"},"uagb_comment_info":0,"uagb_excerpt":"Fast, safe, and easy tire changes \u2013 no manual effort needed. Lift your vehicle and change tires within minutes, wherever you are.","jetpack_sharing_enabled":true,"_links":{"self":[{"href":"https:\/\/speedxperts.com\/es\/wp-json\/wp\/v2\/product\/5031","targetHints":{"allow":["GET"]}}],"collection":[{"href":"https:\/\/speedxperts.com\/es\/wp-json\/wp\/v2\/product"}],"about":[{"href":"https:\/\/speedxperts.com\/es\/wp-json\/wp\/v2\/types\/product"}],"replies":[{"embeddable":true,"href":"https:\/\/speedxperts.com\/es\/wp-json\/wp\/v2\/comments?post=5031"}],"wp:featuredmedia":[{"embeddable":true,"href":"https:\/\/speedxperts.com\/es\/wp-json\/wp\/v2\/media\/5021"}],"wp:attachment":[{"href":"https:\/\/speedxperts.com\/es\/wp-json\/wp\/v2\/media?parent=5031"}],"wp:term":[{"taxonomy":"product_brand","embeddable":true,"href":"https:\/\/speedxperts.com\/es\/wp-json\/wp\/v2\/product_brand?post=5031"},{"taxonomy":"product_cat","embeddable":true,"href":"https:\/\/speedxperts.com\/es\/wp-json\/wp\/v2\/product_cat?post=5031"},{"taxonomy":"product_tag","embeddable":true,"href":"https:\/\/speedxperts.com\/es\/wp-json\/wp\/v2\/product_tag?post=5031"}],"curies":[{"name":"wp","href":"https:\/\/api.w.org\/{rel}","templated":true}]}}