{"id":5039,"date":"2025-06-06T11:30:57","date_gmt":"2025-06-06T10:30:57","guid":{"rendered":"https:\/\/speedxperts.com\/?post_type=product&#038;p=5039"},"modified":"2025-06-06T12:08:39","modified_gmt":"2025-06-06T11:08:39","slug":"vgate-vlinker-mc-elm327-escaner-bluetooth-obd2","status":"publish","type":"product","link":"https:\/\/speedxperts.com\/es\/producto\/vgate-vlinker-mc-elm327-escaner-bluetooth-obd2\/","title":{"rendered":"Vgate vLinker MC+ ELM327 OBD2 Bluetooth Esc\u00e1ner"},"content":{"rendered":"<h3>\ud83d\ude97 <strong>Diagn\u00f3stico profesional en su bolsillo<\/strong><\/h3>\n<p>Transforme su smartphone o PC en una potente herramienta de diagn\u00f3stico. El sitio <strong>Vgate vLinker MC+<\/strong> es un esc\u00e1ner OBD2 Bluetooth de alto rendimiento compatible con los veh\u00edculos 99%+ de todo el mundo. Ya sea que est\u00e9 utilizando <strong>BimmerCode<\/strong>, <strong>FORScan<\/strong>u otras de las mejores aplicaciones, el MC+ le ofrece acceso completo al diagn\u00f3stico, la codificaci\u00f3n y los datos en tiempo real del veh\u00edculo.<\/p>\n<hr \/>\n<h3>\u2705 <strong>Caracter\u00edsticas principales<\/strong><\/h3>\n<ul>\n<li><strong>100% Producto original Vgate<\/strong><\/li>\n<li><strong>Doble compatibilidad Bluetooth 4.0 \/ 3.0<\/strong> - Funciona con Android e iOS<\/li>\n<li><strong>Compatible con HS\/MS-CAN<\/strong> - Perfecto para Ford, GM y otros veh\u00edculos<\/li>\n<li><strong>Compatibilidad total con protocolos<\/strong> - ELM327, STN y protocolos personalizados<\/li>\n<li><strong>Reposo y activaci\u00f3n autom\u00e1ticos<\/strong> - Reduce el consumo de energ\u00eda a menos de 2 mA en modo de suspensi\u00f3n<\/li>\n<li><strong>Interruptor incorporado<\/strong> - Necesario para el emparejamiento con Android<\/li>\n<li><strong>Firmware actualizable<\/strong> - Prepare su esc\u00e1ner para el futuro<\/li>\n<li><strong>Conjuntos de comandos AT y ST ampliados<\/strong> - M\u00e1s de 100 comandos avanzados<\/li>\n<li><strong>Detecci\u00f3n autom\u00e1tica de protocolos<\/strong> - Experiencia plug-and-play sencilla<\/li>\n<li><strong>Velocidad de transmisi\u00f3n r\u00e1pida (230,4 Kbps)<\/strong> y b\u00fafer de datos de 2K<\/li>\n<li><strong>Admite hasta 64 protocolos personalizados<\/strong><\/li>\n<\/ul>\n<hr \/>\n<h3>\ud83d\udd27 <strong>Software compatible<\/strong><\/h3>\n<p>Funciona perfectamente con muchas aplicaciones de diagn\u00f3stico populares:<\/p>\n<ul>\n<li><strong>BimmerCode<\/strong><\/li>\n<li><strong>FORScan<\/strong><\/li>\n<li><strong>Par de apriete<\/strong><\/li>\n<li><strong>Fusi\u00f3n DAB<\/strong><\/li>\n<li><strong>JScan<\/strong><\/li>\n<li><strong>Esc\u00e1ner de coches<\/strong><\/li>\n<li><strong>OBD Auto Doctor<\/strong><\/li>\n<\/ul>\n<blockquote><p><em>Nota: Algunas aplicaciones o funciones pueden requerir una compra por separado al desarrollador de la aplicaci\u00f3n.<\/em><\/p><\/blockquote>\n<hr \/>\n<h3>\ud83d\udcf6 <strong>Instrucciones de conexi\u00f3n<\/strong><\/h3>\n<p>\u2705 <strong>Para Android (versi\u00f3n BT3.0)<\/strong><\/p>\n<ol>\n<li>Inserta el adaptador en el puerto OBD2 de tu coche<\/li>\n<li>Poner el contacto en ON (motor apagado)<\/li>\n<li>Pulse el bot\u00f3n <strong>bot\u00f3n negro<\/strong> en el adaptador<\/li>\n<li>En su tel\u00e9fono, busque <strong>\"vLinker MC\"<\/strong> o <strong>\"vLinker MC-Android\"<\/strong><\/li>\n<li>Emparejar utilizando <strong>c\u00f3digo: 1234<\/strong><\/li>\n<li>Abre tu aplicaci\u00f3n y con\u00e9ctate dentro de los ajustes<\/li>\n<\/ol>\n<p>\u2705 <strong>Para iOS (versi\u00f3n BT4.0)<\/strong><\/p>\n<ol>\n<li>Inserte el adaptador y gire el encendido a la posici\u00f3n ON.<\/li>\n<li>Activar Bluetooth (sin emparejamiento en los ajustes del tel\u00e9fono)<\/li>\n<li>Abre la aplicaci\u00f3n y con\u00e9ctate dentro de los ajustes de la aplicaci\u00f3n<\/li>\n<\/ol>\n<blockquote><p><em>No intentes emparejar en los ajustes Bluetooth de iOS.<\/em><\/p><\/blockquote>\n<hr \/>\n<h3>\u2699\ufe0f <strong>Protocolos admitidos<\/strong><\/h3>\n<p><strong>OBDII est\u00e1ndar (5 tipos):<\/strong><\/p>\n<ul>\n<li>SAE J1850 PWM<\/li>\n<li>SAE J1850 VPW<\/li>\n<li>ISO 9141-2<\/li>\n<li>ISO 14230-4<\/li>\n<li>ISO 15765-4 (LATA)<\/li>\n<\/ul>\n<p><strong>Protocolos adicionales:<\/strong><\/p>\n<ul>\n<li>SAE J1939<\/li>\n<li>ISO 11898 (CAN en bruto)<\/li>\n<li>GMLAN (para GM)<\/li>\n<li>Ford MS-CAN \/ HS-CAN<\/li>\n<li>Hasta <strong>64 protocolos definidos por el usuario<\/strong><\/li>\n<\/ul>\n<hr \/>\n<h3>\ud83e\uddf0 <strong>Usos t\u00edpicos<\/strong><\/h3>\n<ul>\n<li>Diagn\u00f3stico de veh\u00edculos DIY<\/li>\n<li>Supervisi\u00f3n de sensores en directo<\/li>\n<li>Codificaci\u00f3n ECU personalizada<\/li>\n<li>Gesti\u00f3n de flotas<\/li>\n<li>Registro de datos OBD2<\/li>\n<li>Seguro basado en el uso (UBI)<\/li>\n<li>Cuadros de mando digitales<\/li>\n<\/ul>\n<hr \/>\n<h3>\ud83d\udce6 <strong>Contenido de la caja<\/strong><\/h3>\n<ul>\n<li>1\u00d7 Esc\u00e1ner Bluetooth Vgate vLinker MC+ (BT3.0 o BT4.0)<\/li>\n<li>1\u00d7 Manual de usuario<\/li>\n<\/ul>\n<hr \/>\n<p>\ud83d\uded2 <strong>Compatible con veh\u00edculos 99%+ OBD2 en todo el mundo<\/strong><br \/>\n\ud83d\udcf1 <strong>Compatible con Android, iOS y Windows<\/strong><br \/>\n\ud83d\udd0c <strong>Funciona con veh\u00edculos de gasolina y di\u00e9sel de 12 V (menos de 6,5 T)<\/strong><\/p>","protected":false},"excerpt":{"rendered":"<p><strong>Para BimmerCode, FORScan, Torque, JScan, OBD Fusion (Android \/ iOS \/ Windows)<\/strong><br \/>\n<strong>Compatible con HS\/MS-CAN, OBD2 y protocolos ampliados<\/strong><\/p>","protected":false},"featured_media":5032,"comment_status":"open","ping_status":"closed","template":"","meta":{"_uag_custom_page_level_css":"","site-sidebar-layout":"default","site-content-layout":"","ast-site-content-layout":"default","site-content-style":"default","site-sidebar-style":"default","ast-global-header-display":"","ast-banner-title-visibility":"","ast-main-header-display":"","ast-hfb-above-header-display":"","ast-hfb-below-header-display":"","ast-hfb-mobile-header-display":"","site-post-title":"","ast-breadcrumbs-content":"","ast-featured-img":"","footer-sml-layout":"","theme-transparent-header-meta":"default","adv-header-id-meta":"","stick-header-meta":"","header-above-stick-meta":"","header-main-stick-meta":"","header-below-stick-meta":"","astra-migrate-meta-layouts":"set","ast-page-background-enabled":"default","ast-page-background-meta":{"desktop":{"background-color":"","background-image":"","background-repeat":"repeat","background-position":"center center","background-size":"auto","background-attachment":"scroll","background-type":"","background-media":"","overlay-type":"","overlay-color":"","overlay-opacity":"","overlay-gradient":""},"tablet":{"background-color":"","background-image":"","background-repeat":"repeat","background-position":"center center","background-size":"auto","background-attachment":"scroll","background-type":"","background-media":"","overlay-type":"","overlay-color":"","overlay-opacity":"","overlay-gradient":""},"mobile":{"background-color":"","background-image":"","background-repeat":"repeat","background-position":"center center","background-size":"auto","background-attachment":"scroll","background-type":"","background-media":"","overlay-type":"","overlay-color":"","overlay-opacity":"","overlay-gradient":""}},"ast-content-background-meta":{"desktop":{"background-color":"var(--ast-global-color-5)","background-image":"","background-repeat":"repeat","background-position":"center center","background-size":"auto","background-attachment":"scroll","background-type":"","background-media":"","overlay-type":"","overlay-color":"","overlay-opacity":"","overlay-gradient":""},"tablet":{"background-color":"var(--ast-global-color-5)","background-image":"","background-repeat":"repeat","background-position":"center center","background-size":"auto","background-attachment":"scroll","background-type":"","background-media":"","overlay-type":"","overlay-color":"","overlay-opacity":"","overlay-gradient":""},"mobile":{"background-color":"var(--ast-global-color-5)","background-image":"","background-repeat":"repeat","background-position":"center center","background-size":"auto","background-attachment":"scroll","background-type":"","background-media":"","overlay-type":"","overlay-color":"","overlay-opacity":"","overlay-gradient":""}}},"product_brand":[],"product_cat":[70],"product_tag":[],"class_list":{"0":"post-5039","1":"product","2":"type-product","3":"status-publish","4":"has-post-thumbnail","6":"product_cat-diagnostic-tools","7":"desktop-align-left","8":"tablet-align-left","9":"mobile-align-left","10":"ast-product-gallery-layout-horizontal-slider","11":"ast-product-single-variable","12":"ast-product-tabs-layout-horizontal","14":"first","15":"instock","16":"shipping-taxable","17":"purchasable","18":"product-type-variable"},"aioseo_notices":[],"uagb_featured_image_src":{"full":["https:\/\/speedxperts.com\/wp-content\/uploads\/2025\/06\/8d68f3b8-ba2a-41f5-9735-dc7b8833a239365819.png",1000,1000,false],"thumbnail":["https:\/\/speedxperts.com\/wp-content\/uploads\/2025\/06\/8d68f3b8-ba2a-41f5-9735-dc7b8833a239365819-150x150.png",150,150,true],"medium":["https:\/\/speedxperts.com\/wp-content\/uploads\/2025\/06\/8d68f3b8-ba2a-41f5-9735-dc7b8833a239365819-300x300.png",300,300,true],"medium_large":["https:\/\/speedxperts.com\/wp-content\/uploads\/2025\/06\/8d68f3b8-ba2a-41f5-9735-dc7b8833a239365819-768x768.png",768,768,true],"large":["https:\/\/speedxperts.com\/wp-content\/uploads\/2025\/06\/8d68f3b8-ba2a-41f5-9735-dc7b8833a239365819.png",1000,1000,false],"1536x1536":["https:\/\/speedxperts.com\/wp-content\/uploads\/2025\/06\/8d68f3b8-ba2a-41f5-9735-dc7b8833a239365819.png",1000,1000,false],"2048x2048":["https:\/\/speedxperts.com\/wp-content\/uploads\/2025\/06\/8d68f3b8-ba2a-41f5-9735-dc7b8833a239365819.png",1000,1000,false],"trp-custom-language-flag":["https:\/\/speedxperts.com\/wp-content\/uploads\/2025\/06\/8d68f3b8-ba2a-41f5-9735-dc7b8833a239365819-12x12.png",12,12,true],"woocommerce_thumbnail":["https:\/\/speedxperts.com\/wp-content\/uploads\/2025\/06\/8d68f3b8-ba2a-41f5-9735-dc7b8833a239365819-300x300.png",300,300,true],"woocommerce_single":["https:\/\/speedxperts.com\/wp-content\/uploads\/2025\/06\/8d68f3b8-ba2a-41f5-9735-dc7b8833a239365819-600x600.png",600,600,true],"woocommerce_gallery_thumbnail":["https:\/\/speedxperts.com\/wp-content\/uploads\/2025\/06\/8d68f3b8-ba2a-41f5-9735-dc7b8833a239365819-100x100.png",100,100,true]},"uagb_author_info":{"display_name":"Sebastian","author_link":"https:\/\/speedxperts.com\/es\/author\/"},"uagb_comment_info":0,"uagb_excerpt":"For BimmerCode, FORScan, Torque, JScan, OBD Fusion (Android \/ iOS \/ Windows) Supports HS\/MS-CAN, OBD2 &amp; Extended Protocols","jetpack_sharing_enabled":true,"_links":{"self":[{"href":"https:\/\/speedxperts.com\/es\/wp-json\/wp\/v2\/product\/5039","targetHints":{"allow":["GET"]}}],"collection":[{"href":"https:\/\/speedxperts.com\/es\/wp-json\/wp\/v2\/product"}],"about":[{"href":"https:\/\/speedxperts.com\/es\/wp-json\/wp\/v2\/types\/product"}],"replies":[{"embeddable":true,"href":"https:\/\/speedxperts.com\/es\/wp-json\/wp\/v2\/comments?post=5039"}],"wp:featuredmedia":[{"embeddable":true,"href":"https:\/\/speedxperts.com\/es\/wp-json\/wp\/v2\/media\/5032"}],"wp:attachment":[{"href":"https:\/\/speedxperts.com\/es\/wp-json\/wp\/v2\/media?parent=5039"}],"wp:term":[{"taxonomy":"product_brand","embeddable":true,"href":"https:\/\/speedxperts.com\/es\/wp-json\/wp\/v2\/product_brand?post=5039"},{"taxonomy":"product_cat","embeddable":true,"href":"https:\/\/speedxperts.com\/es\/wp-json\/wp\/v2\/product_cat?post=5039"},{"taxonomy":"product_tag","embeddable":true,"href":"https:\/\/speedxperts.com\/es\/wp-json\/wp\/v2\/product_tag?post=5039"}],"curies":[{"name":"wp","href":"https:\/\/api.w.org\/{rel}","templated":true}]}}