{"id":5048,"date":"2025-06-06T11:31:04","date_gmt":"2025-06-06T10:31:04","guid":{"rendered":"https:\/\/speedxperts.com\/?post_type=product&#038;p=5048"},"modified":"2025-10-17T11:43:02","modified_gmt":"2025-10-17T10:43:02","slug":"vgate-icar-pro-elm327-v2-3-obd2-scanner-bluetooth-4-0-wifi-bt3-0-para-ios-android","status":"publish","type":"product","link":"https:\/\/speedxperts.com\/es\/producto\/vgate-icar-pro-elm327-v2-3-obd2-scanner-bluetooth-4-0-wifi-bt3-0-para-ios-android\/","title":{"rendered":"Vgate iCar Pro ELM327 V2.3 OBD2 Scanner - Bluetooth 4.0 \/ WiFi \/ BT3.0 | Para iOS &amp; Android"},"content":{"rendered":"<h3>Caracter\u00edsticas principales<\/h3>\n<p><strong>\ud83d\udcf2 Compatibilidad multiplataforma (iOS y Android):<\/strong><br \/>\nElige el m\u00e9todo de conexi\u00f3n que mejor se adapte a tus necesidades:<\/p>\n<ul>\n<li><strong>Bluetooth 4.0<\/strong> para <strong>iOS\/Android<\/strong><\/li>\n<li><strong>WiFi<\/strong> para <strong>iOS\/Android<\/strong><\/li>\n<\/ul>\n<blockquote><p>\u26a0\ufe0f <em>Usuarios de iOS: No empareje el esc\u00e1ner a trav\u00e9s de los ajustes de Bluetooth. Basta con activar Bluetooth y conectarse a trav\u00e9s de la aplicaci\u00f3n.<\/em><\/p><\/blockquote>\n<p><strong>Potentes funciones de diagn\u00f3stico:<\/strong><\/p>\n<ul>\n<li>Lectura y borrado de c\u00f3digos de aver\u00eda del motor (DTC)<\/li>\n<li>Apagar la luz \"Check Engine<\/li>\n<li>Visualiza los datos del motor en tiempo real: RPM, velocidad, acelerador, ajuste de combustible, presi\u00f3n de admisi\u00f3n, etc.<\/li>\n<li>Soporte para m\u00e1s de 3000 definiciones de c\u00f3digo<\/li>\n<li>Lecturas de sensores en tiempo real, incluyendo:\n<ul>\n<li>Estado del sistema de combustible<\/li>\n<li>Tensiones de la sonda Lambda<\/li>\n<li>Caudal de aire<\/li>\n<li>Temperatura del refrigerante<\/li>\n<li>Avance de distribuci\u00f3n y m\u00e1s<\/li>\n<\/ul>\n<\/li>\n<\/ul>\n<p><strong>\ud83c\udf19 Funci\u00f3n Auto Start\/Sleep:<\/strong><\/p>\n<ul>\n<li><strong>Despertar autom\u00e1tico<\/strong> cuando el coche arranca<\/li>\n<li><strong>Auto duerme<\/strong> 30 minutos despu\u00e9s de parar el motor<br \/>\n<em>(Nota: el modo de reposo\/arranque autom\u00e1tico no es compatible con los veh\u00edculos el\u00e9ctricos).<\/em><\/li>\n<\/ul>\n<p><strong>\ud83d\udd27 Compatible con todos los protocolos OBD2:<\/strong><br \/>\nCompatible con coches de 1996 y posteriores con protocolos como:<\/p>\n<ul>\n<li>CAN (11\/29 bits, 250\/500 Kbaud)<\/li>\n<li>ISO9141, ISO14230-4 KWP<\/li>\n<li>SAE J1850 PWM &amp; VPW<\/li>\n<li>SAE J1939 CAN<\/li>\n<li>Y m\u00e1s...<\/li>\n<\/ul>\n<p><strong>\ud83d\udcca Funciona con Populares OBD Apps (App no est\u00e1 incluido):<\/strong><br \/>\nCompatible con aplicaciones de terceros como:<\/p>\n<ul>\n<li>Par de apriete<\/li>\n<li>Fusi\u00f3n DAB<\/li>\n<li>Esc\u00e1ner de coches<\/li>\n<li>Dr. Prius<\/li>\n<li>OBD JScan<\/li>\n<li>Auto Doctor<\/li>\n<\/ul>\n<hr \/>\n<h3>\u2699\ufe0f Especificaciones:<\/h3>\n<ul>\n<li><strong>Versi\u00f3n de hardware:<\/strong> V2.3<\/li>\n<li><strong>Tensi\u00f3n de alimentaci\u00f3n:<\/strong> 11,5V - 15V<\/li>\n<li><strong>Corriente de espera:<\/strong> &lt;30 mA<\/li>\n<li><strong>Temperatura de funcionamiento:<\/strong> -40\u00b0C ~ +85\u00b0C<\/li>\n<li><strong>Tolerancia a la humedad:<\/strong> 5% - 95% HR (sin condensaci\u00f3n)<\/li>\n<li><strong>Opciones de conexi\u00f3n:<\/strong> BT 3.0, BT 4.0, WiFi<\/li>\n<li><strong>Dimensiones:<\/strong> Dise\u00f1o compacto de perfil bajo para un uso f\u00e1cil de enchufar y olvidar<\/li>\n<\/ul>\n<hr \/>\n<h3>\ud83d\udce6 El paquete incluye:<\/h3>\n<ul>\n<li>1 \u00d7 Vgate iCar Pro Adaptador OBD2<\/li>\n<li>1 \u00d7 Manual del usuario<\/li>\n<\/ul>\n<hr \/>\n<h3>\ud83d\udd0d Palabras clave:<\/h3>\n<p><em>Vgate iCar Pro V2.3<\/em>, <em>Esc\u00e1ner OBD2 Bluetooth 4.0<\/em>, <em>Adaptador WiFi OBD2 ELM327<\/em>, <em>OBD2 herramienta de diagn\u00f3stico para iOS Android<\/em>, <em>Herramienta de escaneo iCar Pro Bluetooth<\/em>, <em>lector codigo motor Bluetooth iPhone Android<\/em>, <em>Vgate ELM 327 v2.3 OBDII<\/em><\/p>\n<p>&nbsp;<\/p>","protected":false},"excerpt":{"rendered":"<p>Diagnostique f\u00e1cilmente los problemas del motor y controle los datos en tiempo real con el <strong>Vgate iCar Pro ELM327 V2.3<\/strong> - de alta calidad, compacto y potente <strong>Esc\u00e1ner OBD2<\/strong> que funciona mediante <strong>Bluetooth 4.0, BT3.0 o WiFi<\/strong>. Compatible con <strong>iOS y Android<\/strong>Soporta aplicaciones populares como Torque, OBD Fusion, Dr. Prius, Car Scanner, y m\u00e1s.<\/p>","protected":false},"featured_media":5041,"comment_status":"open","ping_status":"closed","template":"","meta":{"_uag_custom_page_level_css":"","site-sidebar-layout":"default","site-content-layout":"","ast-site-content-layout":"default","site-content-style":"default","site-sidebar-style":"default","ast-global-header-display":"","ast-banner-title-visibility":"","ast-main-header-display":"","ast-hfb-above-header-display":"","ast-hfb-below-header-display":"","ast-hfb-mobile-header-display":"","site-post-title":"","ast-breadcrumbs-content":"","ast-featured-img":"","footer-sml-layout":"","ast-disable-related-posts":"","theme-transparent-header-meta":"default","adv-header-id-meta":"","stick-header-meta":"","header-above-stick-meta":"","header-main-stick-meta":"","header-below-stick-meta":"","astra-migrate-meta-layouts":"set","ast-page-background-enabled":"default","ast-page-background-meta":{"desktop":{"background-color":"","background-image":"","background-repeat":"repeat","background-position":"center center","background-size":"auto","background-attachment":"scroll","background-type":"","background-media":"","overlay-type":"","overlay-color":"","overlay-opacity":"","overlay-gradient":""},"tablet":{"background-color":"","background-image":"","background-repeat":"repeat","background-position":"center center","background-size":"auto","background-attachment":"scroll","background-type":"","background-media":"","overlay-type":"","overlay-color":"","overlay-opacity":"","overlay-gradient":""},"mobile":{"background-color":"","background-image":"","background-repeat":"repeat","background-position":"center center","background-size":"auto","background-attachment":"scroll","background-type":"","background-media":"","overlay-type":"","overlay-color":"","overlay-opacity":"","overlay-gradient":""}},"ast-content-background-meta":{"desktop":{"background-color":"var(--ast-global-color-5)","background-image":"","background-repeat":"repeat","background-position":"center center","background-size":"auto","background-attachment":"scroll","background-type":"","background-media":"","overlay-type":"","overlay-color":"","overlay-opacity":"","overlay-gradient":""},"tablet":{"background-color":"var(--ast-global-color-5)","background-image":"","background-repeat":"repeat","background-position":"center center","background-size":"auto","background-attachment":"scroll","background-type":"","background-media":"","overlay-type":"","overlay-color":"","overlay-opacity":"","overlay-gradient":""},"mobile":{"background-color":"var(--ast-global-color-5)","background-image":"","background-repeat":"repeat","background-position":"center center","background-size":"auto","background-attachment":"scroll","background-type":"","background-media":"","overlay-type":"","overlay-color":"","overlay-opacity":"","overlay-gradient":""}}},"product_brand":[],"product_cat":[70],"product_tag":[],"class_list":{"0":"post-5048","1":"product","2":"type-product","3":"status-publish","4":"has-post-thumbnail","6":"product_cat-diagnostic-tools","7":"desktop-align-left","8":"tablet-align-left","9":"mobile-align-left","10":"ast-product-gallery-layout-horizontal-slider","11":"ast-product-single-variable","12":"ast-product-tabs-layout-horizontal","14":"first","15":"instock","16":"shipping-taxable","17":"purchasable","18":"product-type-variable"},"aioseo_notices":[],"uagb_featured_image_src":{"full":["https:\/\/speedxperts.com\/wp-content\/uploads\/2025\/06\/S877e47b72bff461c86813de68a594c75b.webp",1000,1000,false],"thumbnail":["https:\/\/speedxperts.com\/wp-content\/uploads\/2025\/06\/S877e47b72bff461c86813de68a594c75b-150x150.webp",150,150,true],"medium":["https:\/\/speedxperts.com\/wp-content\/uploads\/2025\/06\/S877e47b72bff461c86813de68a594c75b-300x300.webp",300,300,true],"medium_large":["https:\/\/speedxperts.com\/wp-content\/uploads\/2025\/06\/S877e47b72bff461c86813de68a594c75b-768x768.webp",768,768,true],"large":["https:\/\/speedxperts.com\/wp-content\/uploads\/2025\/06\/S877e47b72bff461c86813de68a594c75b.webp",1000,1000,false],"1536x1536":["https:\/\/speedxperts.com\/wp-content\/uploads\/2025\/06\/S877e47b72bff461c86813de68a594c75b.webp",1000,1000,false],"2048x2048":["https:\/\/speedxperts.com\/wp-content\/uploads\/2025\/06\/S877e47b72bff461c86813de68a594c75b.webp",1000,1000,false],"trp-custom-language-flag":["https:\/\/speedxperts.com\/wp-content\/uploads\/2025\/06\/S877e47b72bff461c86813de68a594c75b-12x12.webp",12,12,true],"woocommerce_thumbnail":["https:\/\/speedxperts.com\/wp-content\/uploads\/2025\/06\/S877e47b72bff461c86813de68a594c75b-300x300.webp",300,300,true],"woocommerce_single":["https:\/\/speedxperts.com\/wp-content\/uploads\/2025\/06\/S877e47b72bff461c86813de68a594c75b-600x600.webp",600,600,true],"woocommerce_gallery_thumbnail":["https:\/\/speedxperts.com\/wp-content\/uploads\/2025\/06\/S877e47b72bff461c86813de68a594c75b-100x100.webp",100,100,true]},"uagb_author_info":{"display_name":"Sebastian","author_link":"https:\/\/speedxperts.com\/es\/author\/"},"uagb_comment_info":0,"uagb_excerpt":"Easily diagnose engine problems and monitor real-time data with the Vgate iCar Pro ELM327 V2.3 \u2013 a high-quality, compact, and powerful OBD2 scanner that works via Bluetooth 4.0, BT3.0, or WiFi. Compatible with iOS &amp; Android, it supports popular apps like Torque, OBD Fusion, Dr. Prius, Car Scanner, and more.","jetpack_sharing_enabled":true,"_links":{"self":[{"href":"https:\/\/speedxperts.com\/es\/wp-json\/wp\/v2\/product\/5048","targetHints":{"allow":["GET"]}}],"collection":[{"href":"https:\/\/speedxperts.com\/es\/wp-json\/wp\/v2\/product"}],"about":[{"href":"https:\/\/speedxperts.com\/es\/wp-json\/wp\/v2\/types\/product"}],"replies":[{"embeddable":true,"href":"https:\/\/speedxperts.com\/es\/wp-json\/wp\/v2\/comments?post=5048"}],"wp:featuredmedia":[{"embeddable":true,"href":"https:\/\/speedxperts.com\/es\/wp-json\/wp\/v2\/media\/5041"}],"wp:attachment":[{"href":"https:\/\/speedxperts.com\/es\/wp-json\/wp\/v2\/media?parent=5048"}],"wp:term":[{"taxonomy":"product_brand","embeddable":true,"href":"https:\/\/speedxperts.com\/es\/wp-json\/wp\/v2\/product_brand?post=5048"},{"taxonomy":"product_cat","embeddable":true,"href":"https:\/\/speedxperts.com\/es\/wp-json\/wp\/v2\/product_cat?post=5048"},{"taxonomy":"product_tag","embeddable":true,"href":"https:\/\/speedxperts.com\/es\/wp-json\/wp\/v2\/product_tag?post=5048"}],"curies":[{"name":"wp","href":"https:\/\/api.w.org\/{rel}","templated":true}]}}