{"id":5259,"date":"2025-07-15T12:46:59","date_gmt":"2025-07-15T11:46:59","guid":{"rendered":"https:\/\/speedxperts.com\/?post_type=product&#038;p=5259"},"modified":"2025-07-15T13:01:23","modified_gmt":"2025-07-15T12:01:23","slug":"ancel-bd310-escaner-obd2","status":"publish","type":"product","link":"https:\/\/speedxperts.com\/es\/producto\/ancel-bd310-escaner-obd2\/","title":{"rendered":"ANCEL BD310 OBD2 Esc\u00e1ner"},"content":{"rendered":"<p><strong>Libere el poder de su veh\u00edculo con el esc\u00e1ner OBD2 port\u00e1til y Bluetooth ANCEL BD310<\/strong><\/p>\n<p>El ANCEL BD310 no es s\u00f3lo un esc\u00e1ner OBD2 ordinario; es una herramienta de diagn\u00f3stico completa dise\u00f1ada para los entusiastas del autom\u00f3vil y los conductores cotidianos por igual. Con tecnolog\u00eda Bluetooth 3.0+EDR y BLE 5.0 incorporada, puede cambiar sin esfuerzo entre los modos port\u00e1til e inal\u00e1mbrico, lo que le proporciona la flexibilidad necesaria para diagnosticar su veh\u00edculo desde cualquier lugar.<\/p>\n<p><strong>Caracter\u00edsticas principales:<\/strong><\/p>\n<ul>\n<li><strong>Aplicaci\u00f3n exclusiva<\/strong>: A diferencia de otros dispositivos inal\u00e1mbricos de control de veh\u00edculos que dependen de aplicaciones de terceros, el BD310 incluye una aplicaci\u00f3n propia desarrollada internamente. Esta aplicaci\u00f3n desbloquea todas las funciones avanzadas sin cargos ocultos, lo que garantiza actualizaciones gratuitas de por vida y una funcionalidad perfecta.<\/li>\n<li><strong>Funciones OBD2 completas<\/strong>: El BD310 soporta todas las funciones esenciales OBD2, incluyendo la lectura y borrado de c\u00f3digos de error, la realizaci\u00f3n de b\u00fasquedas DTC, pruebas de sensores de O2, I \/ M controles de preparaci\u00f3n, y la generaci\u00f3n de informes de diagn\u00f3stico detallados. Es su soluci\u00f3n todo-en-uno para el diagn\u00f3stico de veh\u00edculos.<\/li>\n<li><strong>Pruebas de rendimiento y an\u00e1lisis de viajes<\/strong>: Controla el rendimiento de tu veh\u00edculo en tiempo real con funciones como la transmisi\u00f3n de datos en directo, la grabaci\u00f3n del estado del trayecto y las alertas de voz para par\u00e1metros cr\u00edticos como la velocidad y la temperatura. Esto te ayuda a identificar y corregir los malos h\u00e1bitos de conducci\u00f3n.<\/li>\n<li><strong>Soporte multiling\u00fce<\/strong>: El BD310 es compatible con ocho idiomas: ingl\u00e9s, franc\u00e9s, alem\u00e1n, espa\u00f1ol, italiano, finland\u00e9s y neerland\u00e9s, lo que lo hace accesible a un p\u00fablico mundial.<\/li>\n<li><strong>Actualizaciones gratuitas de por vida<\/strong>: Disfrute de actualizaciones gratuitas de por vida a trav\u00e9s de Windows PC (s\u00f3lo Windows 7\/8\/10). Tenga en cuenta que las actualizaciones no son compatibles con MAC o Windows XP.<\/li>\n<li><strong>Dise\u00f1o f\u00e1cil de usar<\/strong>: El BD310 cuenta con un soporte magn\u00e9tico para coche que facilita el montaje, un cable de 56 pulgadas para ampliar el alcance y un panel de control editable que permite personalizar la pantalla seg\u00fan las preferencias del usuario.<\/li>\n<\/ul>\n<p><strong>\u00bfPor qu\u00e9 elegir el ANCEL BD310?<\/strong><\/p>\n<ol>\n<li><strong>Soluci\u00f3n rentable<\/strong>: Obtenga un esc\u00e1ner de mano, una herramienta de escaneo Bluetooth, un comprobador de bater\u00eda y un indicador de pantalla HUD, todo en un solo dispositivo, ahorrando dinero y espacio.<\/li>\n<li><strong>Control en tiempo real<\/strong>: Realiza un seguimiento de los par\u00e1metros vitales del motor, como la temperatura del refrigerante, las RPM y el consumo de combustible, garantizando que tu veh\u00edculo funcione sin problemas.<\/li>\n<li><strong>Captura de pantalla autom\u00e1tica<\/strong>: Capture datos cr\u00edticos autom\u00e1ticamente cuando se superen determinados umbrales, lo que permite realizar diagn\u00f3sticos y an\u00e1lisis a tiempo.<\/li>\n<li><strong>C\u00f3moda pantalla HUD<\/strong>: Utiliza tu smartphone como head-up display para ver datos esenciales mientras conduces, mejorando la seguridad y la comodidad.<\/li>\n<li><strong>F\u00e1cil de usar<\/strong>: Sin cuotas mensuales de suscripci\u00f3n ni costes ocultos, la BD310 est\u00e1 dise\u00f1ada para funcionar sin complicaciones, por lo que es perfecta tanto para principiantes como para usuarios experimentados.<\/li>\n<\/ol>\n<p><strong>Compatible con varios tipos de veh\u00edculos<\/strong>: El ANCEL BD310 es compatible con una amplia gama de veh\u00edculos, por lo que es una herramienta esencial para cualquier propietario de un coche.<\/p>\n<p>&nbsp;<\/p>","protected":false},"excerpt":{"rendered":"<p>Descubra el esc\u00e1ner OBD2 port\u00e1til y Bluetooth ANCEL BD310, una herramienta de diagn\u00f3stico vers\u00e1til que combina la comodidad de un dispositivo port\u00e1til con la conectividad Bluetooth. Con una aplicaci\u00f3n exclusiva para el monitoreo en tiempo real, pruebas de bater\u00eda y an\u00e1lisis de rendimiento, esta herramienta de escaneo multifunci\u00f3n es compatible con iPhone, iPad y dispositivos Android. Actualice el diagn\u00f3stico de su veh\u00edculo hoy mismo.<\/p>","protected":false},"featured_media":5252,"comment_status":"open","ping_status":"closed","template":"","meta":{"_uag_custom_page_level_css":"","site-sidebar-layout":"default","site-content-layout":"","ast-site-content-layout":"default","site-content-style":"default","site-sidebar-style":"default","ast-global-header-display":"","ast-banner-title-visibility":"","ast-main-header-display":"","ast-hfb-above-header-display":"","ast-hfb-below-header-display":"","ast-hfb-mobile-header-display":"","site-post-title":"","ast-breadcrumbs-content":"","ast-featured-img":"","footer-sml-layout":"","theme-transparent-header-meta":"default","adv-header-id-meta":"","stick-header-meta":"","header-above-stick-meta":"","header-main-stick-meta":"","header-below-stick-meta":"","astra-migrate-meta-layouts":"set","ast-page-background-enabled":"default","ast-page-background-meta":{"desktop":{"background-color":"","background-image":"","background-repeat":"repeat","background-position":"center center","background-size":"auto","background-attachment":"scroll","background-type":"","background-media":"","overlay-type":"","overlay-color":"","overlay-opacity":"","overlay-gradient":""},"tablet":{"background-color":"","background-image":"","background-repeat":"repeat","background-position":"center center","background-size":"auto","background-attachment":"scroll","background-type":"","background-media":"","overlay-type":"","overlay-color":"","overlay-opacity":"","overlay-gradient":""},"mobile":{"background-color":"","background-image":"","background-repeat":"repeat","background-position":"center center","background-size":"auto","background-attachment":"scroll","background-type":"","background-media":"","overlay-type":"","overlay-color":"","overlay-opacity":"","overlay-gradient":""}},"ast-content-background-meta":{"desktop":{"background-color":"var(--ast-global-color-5)","background-image":"","background-repeat":"repeat","background-position":"center center","background-size":"auto","background-attachment":"scroll","background-type":"","background-media":"","overlay-type":"","overlay-color":"","overlay-opacity":"","overlay-gradient":""},"tablet":{"background-color":"var(--ast-global-color-5)","background-image":"","background-repeat":"repeat","background-position":"center center","background-size":"auto","background-attachment":"scroll","background-type":"","background-media":"","overlay-type":"","overlay-color":"","overlay-opacity":"","overlay-gradient":""},"mobile":{"background-color":"var(--ast-global-color-5)","background-image":"","background-repeat":"repeat","background-position":"center center","background-size":"auto","background-attachment":"scroll","background-type":"","background-media":"","overlay-type":"","overlay-color":"","overlay-opacity":"","overlay-gradient":""}}},"product_brand":[],"product_cat":[70],"product_tag":[],"class_list":{"0":"post-5259","1":"product","2":"type-product","3":"status-publish","4":"has-post-thumbnail","6":"product_cat-diagnostic-tools","7":"desktop-align-left","8":"tablet-align-left","9":"mobile-align-left","10":"ast-product-gallery-layout-horizontal-slider","11":"ast-product-tabs-layout-horizontal","13":"first","14":"instock","15":"shipping-taxable","16":"purchasable","17":"product-type-simple"},"aioseo_notices":[],"uagb_featured_image_src":{"full":["https:\/\/speedxperts.com\/wp-content\/uploads\/2025\/07\/a1590003-f0ea-45cb-a25f-6b1c16859666730096.png",1000,1000,false],"thumbnail":["https:\/\/speedxperts.com\/wp-content\/uploads\/2025\/07\/a1590003-f0ea-45cb-a25f-6b1c16859666730096-150x150.png",150,150,true],"medium":["https:\/\/speedxperts.com\/wp-content\/uploads\/2025\/07\/a1590003-f0ea-45cb-a25f-6b1c16859666730096-300x300.png",300,300,true],"medium_large":["https:\/\/speedxperts.com\/wp-content\/uploads\/2025\/07\/a1590003-f0ea-45cb-a25f-6b1c16859666730096-768x768.png",768,768,true],"large":["https:\/\/speedxperts.com\/wp-content\/uploads\/2025\/07\/a1590003-f0ea-45cb-a25f-6b1c16859666730096.png",1000,1000,false],"1536x1536":["https:\/\/speedxperts.com\/wp-content\/uploads\/2025\/07\/a1590003-f0ea-45cb-a25f-6b1c16859666730096.png",1000,1000,false],"2048x2048":["https:\/\/speedxperts.com\/wp-content\/uploads\/2025\/07\/a1590003-f0ea-45cb-a25f-6b1c16859666730096.png",1000,1000,false],"trp-custom-language-flag":["https:\/\/speedxperts.com\/wp-content\/uploads\/2025\/07\/a1590003-f0ea-45cb-a25f-6b1c16859666730096-12x12.png",12,12,true],"woocommerce_thumbnail":["https:\/\/speedxperts.com\/wp-content\/uploads\/2025\/07\/a1590003-f0ea-45cb-a25f-6b1c16859666730096-300x300.png",300,300,true],"woocommerce_single":["https:\/\/speedxperts.com\/wp-content\/uploads\/2025\/07\/a1590003-f0ea-45cb-a25f-6b1c16859666730096-600x600.png",600,600,true],"woocommerce_gallery_thumbnail":["https:\/\/speedxperts.com\/wp-content\/uploads\/2025\/07\/a1590003-f0ea-45cb-a25f-6b1c16859666730096-100x100.png",100,100,true]},"uagb_author_info":{"display_name":"Sebastian","author_link":"https:\/\/speedxperts.com\/es\/author\/"},"uagb_comment_info":0,"uagb_excerpt":"Discover the ANCEL BD310 Handheld &amp; Bluetooth OBD2 Scanner, a versatile diagnostic tool that combines handheld convenience with Bluetooth connectivity. Featuring an exclusive app for real-time monitoring, battery testing, and performance analysis, this multi-function scan tool is compatible with iPhone, iPad, and Android devices. Upgrade your vehicle diagnostics today!","jetpack_sharing_enabled":true,"_links":{"self":[{"href":"https:\/\/speedxperts.com\/es\/wp-json\/wp\/v2\/product\/5259","targetHints":{"allow":["GET"]}}],"collection":[{"href":"https:\/\/speedxperts.com\/es\/wp-json\/wp\/v2\/product"}],"about":[{"href":"https:\/\/speedxperts.com\/es\/wp-json\/wp\/v2\/types\/product"}],"replies":[{"embeddable":true,"href":"https:\/\/speedxperts.com\/es\/wp-json\/wp\/v2\/comments?post=5259"}],"wp:featuredmedia":[{"embeddable":true,"href":"https:\/\/speedxperts.com\/es\/wp-json\/wp\/v2\/media\/5252"}],"wp:attachment":[{"href":"https:\/\/speedxperts.com\/es\/wp-json\/wp\/v2\/media?parent=5259"}],"wp:term":[{"taxonomy":"product_brand","embeddable":true,"href":"https:\/\/speedxperts.com\/es\/wp-json\/wp\/v2\/product_brand?post=5259"},{"taxonomy":"product_cat","embeddable":true,"href":"https:\/\/speedxperts.com\/es\/wp-json\/wp\/v2\/product_cat?post=5259"},{"taxonomy":"product_tag","embeddable":true,"href":"https:\/\/speedxperts.com\/es\/wp-json\/wp\/v2\/product_tag?post=5259"}],"curies":[{"name":"wp","href":"https:\/\/api.w.org\/{rel}","templated":true}]}}