{"id":5403,"date":"2025-07-15T13:00:27","date_gmt":"2025-07-15T12:00:27","guid":{"rendered":"https:\/\/speedxperts.com\/?post_type=product&#038;p=5403"},"modified":"2025-07-15T13:13:17","modified_gmt":"2025-07-15T12:13:17","slug":"dpa5-kit-de-herramientas-de-diagnostico-para-camiones","status":"publish","type":"product","link":"https:\/\/speedxperts.com\/es\/producto\/dpa5-kit-de-herramientas-de-diagnostico-para-camiones\/","title":{"rendered":"DPA5 Kit de herramientas de diagn\u00f3stico para camiones"},"content":{"rendered":"<h3>Nota: S\u00f3lo funciona con Windows 7, 8. Software incluido en la unidad USB<\/h3>\n<p>&nbsp;<\/p>\n<p><strong>Kit de herramientas de diagn\u00f3stico V8.6 DPA5: Su soluci\u00f3n integral para el diagn\u00f3stico de equipos pesados<\/strong><\/p>\n<p>El kit de herramientas de diagn\u00f3stico V8.6 DPA5 est\u00e1 dise\u00f1ado para los profesionales que trabajan con maquinaria CNH, y proporciona s\u00f3lidas capacidades de diagn\u00f3stico para una amplia gama de veh\u00edculos pesados, incluidos camiones, remolques, autobuses, cargadoras de ruedas, excavadoras y tractores. Esta avanzada herramienta est\u00e1 dise\u00f1ada para mejorar la eficacia del mantenimiento y reducir el tiempo de inactividad.<\/p>\n<p><strong>Caracter\u00edsticas principales:<\/strong><\/p>\n<ul>\n<li><strong>Amplia compatibilidad<\/strong>: El kit de diagn\u00f3stico DPA5 es compatible con varios modelos de veh\u00edculos y dispositivos, lo que garantiza que satisface las diversas necesidades de los usuarios de distintos sectores.<\/li>\n<li><strong>Diagn\u00f3stico exhaustivo de aver\u00edas<\/strong>: Equipado con funciones de diagn\u00f3stico avanzadas, el DPA5 puede identificar con rapidez y precisi\u00f3n los problemas y fallos de los equipos. Esta capacidad ayuda a reducir el tiempo y los costes de mantenimiento, al tiempo que mejora la disponibilidad de los equipos.<\/li>\n<li><strong>Soporte multiling\u00fce<\/strong>: El kit de diagn\u00f3stico DPA5 es compatible con varios idiomas: ingl\u00e9s, chino, italiano, ruso, polaco, espa\u00f1ol, franc\u00e9s, portugu\u00e9s, alem\u00e1n, neerland\u00e9s y dan\u00e9s, lo que facilita su uso a un p\u00fablico internacional.<\/li>\n<li><strong>Instalaci\u00f3n sencilla<\/strong>: El software de instalaci\u00f3n y los v\u00eddeos de funcionamiento se incluyen en la unidad flash, que gu\u00eda a los usuarios a trav\u00e9s del proceso de configuraci\u00f3n. Para cualquier problema t\u00e9cnico, se dispone de asistencia remota a trav\u00e9s del software de Todesk.<\/li>\n<li><strong>Compatibilidad con Windows<\/strong>: La versi\u00f3n V8.6 requiere un PC con Windows 7 para un rendimiento \u00f3ptimo.<\/li>\n<\/ul>\n<p><strong>Funciones de diagn\u00f3stico<\/strong>:<\/p>\n<ol>\n<li><strong>Comprobar el estado de los par\u00e1metros<\/strong>: Supervisa los datos en tiempo real para evaluar el rendimiento del veh\u00edculo.<\/li>\n<li><strong>Recuperar fallos<\/strong>: Acceda y diagnostique r\u00e1pidamente los c\u00f3digos de aver\u00eda para una localizaci\u00f3n eficaz de los fallos.<\/li>\n<li><strong>Ejecutar pruebas de diagn\u00f3stico<\/strong>: Realice pruebas exhaustivas para garantizar que todos los sistemas funcionan correctamente.<\/li>\n<li><strong>Programaci\u00f3n de ECU y par\u00e1metros<\/strong>: Realice los ajustes necesarios en la ECU y los par\u00e1metros para un rendimiento \u00f3ptimo.<\/li>\n<li><strong>Monitorizar diagn\u00f3sticos activos y registrados<\/strong>: Realice un seguimiento de los datos de diagn\u00f3stico actuales e hist\u00f3ricos.<\/li>\n<li><strong>Ver y cambiar la configuraci\u00f3n de la ECU<\/strong>: Personaliza los ajustes de la ECU para satisfacer necesidades operativas espec\u00edficas.<\/li>\n<li><strong>Ver procedimientos de diagn\u00f3stico y esquemas<\/strong>: Acceda a procedimientos y esquemas detallados para una localizaci\u00f3n eficaz de aver\u00edas.<\/li>\n<li><strong>Solucionar problemas<\/strong>: Identifique y resuelva problemas de forma eficiente con pasos guiados para la soluci\u00f3n de problemas.<\/li>\n<li><strong>Utilizar la base de datos ASIST<\/strong>: Aproveche la base de datos ASIST para obtener ayuda adicional para el diagn\u00f3stico.<\/li>\n<li><strong>Ejecutar diagn\u00f3sticos de alcance<\/strong>: Realice diagn\u00f3sticos en profundidad utilizando funciones de alcance para un an\u00e1lisis preciso.<\/li>\n<\/ol>\n<p><strong>Herramienta de diagn\u00f3stico f\u00e1cil del motor<\/strong>: Esta herramienta adicional se conecta directamente a la ECU, permitiendo operaciones de diagn\u00f3stico, programaci\u00f3n y recarga de la ECU a trav\u00e9s del protocolo K-Line. Las capacidades clave incluyen:<\/p>\n<ul>\n<li>Actualizaciones de programaci\u00f3n de la ECU<\/li>\n<li>Inicializaci\u00f3n y programaci\u00f3n de la ECU en blanco<\/li>\n<li>Reasignaci\u00f3n de la programaci\u00f3n de la ECU para ECUs en blanco y otras ECUs<\/li>\n<li>Recuperaci\u00f3n del fallo de descarga de la ECU<\/li>\n<\/ul>\n<hr \/>\n<p><strong>Mejore hoy mismo sus capacidades de diagn\u00f3stico con el kit de herramientas de diagn\u00f3stico V8.6 DPA5. Aseg\u00farese de que su equipo de trabajo pesado funcione al m\u00e1ximo rendimiento con esta herramienta esencial para un mantenimiento y soluci\u00f3n de problemas eficientes.<\/strong><\/p>","protected":false},"excerpt":{"rendered":"<p>Presentamos el kit de herramientas de diagn\u00f3stico V8.6 DPA5, un vers\u00e1til lector de c\u00f3digos OBD2 dise\u00f1ado para camiones y maquinaria pesada, incluidos remolques, autobuses, cargadoras de ruedas, excavadoras y tractores. Gracias a sus completas funciones de diagn\u00f3stico de aver\u00edas y a su compatibilidad con varios idiomas, esta herramienta es esencial para un mantenimiento y una localizaci\u00f3n de aver\u00edas eficientes de los equipos CNH.<\/p>","protected":false},"featured_media":5390,"comment_status":"open","ping_status":"closed","template":"","meta":{"_uag_custom_page_level_css":"","site-sidebar-layout":"default","site-content-layout":"","ast-site-content-layout":"default","site-content-style":"default","site-sidebar-style":"default","ast-global-header-display":"","ast-banner-title-visibility":"","ast-main-header-display":"","ast-hfb-above-header-display":"","ast-hfb-below-header-display":"","ast-hfb-mobile-header-display":"","site-post-title":"","ast-breadcrumbs-content":"","ast-featured-img":"","footer-sml-layout":"","theme-transparent-header-meta":"default","adv-header-id-meta":"","stick-header-meta":"","header-above-stick-meta":"","header-main-stick-meta":"","header-below-stick-meta":"","astra-migrate-meta-layouts":"set","ast-page-background-enabled":"default","ast-page-background-meta":{"desktop":{"background-color":"","background-image":"","background-repeat":"repeat","background-position":"center center","background-size":"auto","background-attachment":"scroll","background-type":"","background-media":"","overlay-type":"","overlay-color":"","overlay-opacity":"","overlay-gradient":""},"tablet":{"background-color":"","background-image":"","background-repeat":"repeat","background-position":"center center","background-size":"auto","background-attachment":"scroll","background-type":"","background-media":"","overlay-type":"","overlay-color":"","overlay-opacity":"","overlay-gradient":""},"mobile":{"background-color":"","background-image":"","background-repeat":"repeat","background-position":"center center","background-size":"auto","background-attachment":"scroll","background-type":"","background-media":"","overlay-type":"","overlay-color":"","overlay-opacity":"","overlay-gradient":""}},"ast-content-background-meta":{"desktop":{"background-color":"var(--ast-global-color-5)","background-image":"","background-repeat":"repeat","background-position":"center center","background-size":"auto","background-attachment":"scroll","background-type":"","background-media":"","overlay-type":"","overlay-color":"","overlay-opacity":"","overlay-gradient":""},"tablet":{"background-color":"var(--ast-global-color-5)","background-image":"","background-repeat":"repeat","background-position":"center center","background-size":"auto","background-attachment":"scroll","background-type":"","background-media":"","overlay-type":"","overlay-color":"","overlay-opacity":"","overlay-gradient":""},"mobile":{"background-color":"var(--ast-global-color-5)","background-image":"","background-repeat":"repeat","background-position":"center center","background-size":"auto","background-attachment":"scroll","background-type":"","background-media":"","overlay-type":"","overlay-color":"","overlay-opacity":"","overlay-gradient":""}}},"product_brand":[],"product_cat":[70],"product_tag":[],"class_list":{"0":"post-5403","1":"product","2":"type-product","3":"status-publish","4":"has-post-thumbnail","6":"product_cat-diagnostic-tools","7":"desktop-align-left","8":"tablet-align-left","9":"mobile-align-left","10":"ast-product-gallery-layout-horizontal-slider","11":"ast-product-single-variable","12":"ast-product-tabs-layout-horizontal","14":"first","15":"instock","16":"shipping-taxable","17":"purchasable","18":"product-type-variable","19":"has-default-attributes"},"aioseo_notices":[],"uagb_featured_image_src":{"full":["https:\/\/speedxperts.com\/wp-content\/uploads\/2025\/07\/Sfb3b96b1a372405291fdfc449ff73584L.webp",800,800,false],"thumbnail":["https:\/\/speedxperts.com\/wp-content\/uploads\/2025\/07\/Sfb3b96b1a372405291fdfc449ff73584L-150x150.webp",150,150,true],"medium":["https:\/\/speedxperts.com\/wp-content\/uploads\/2025\/07\/Sfb3b96b1a372405291fdfc449ff73584L-300x300.webp",300,300,true],"medium_large":["https:\/\/speedxperts.com\/wp-content\/uploads\/2025\/07\/Sfb3b96b1a372405291fdfc449ff73584L-768x768.webp",768,768,true],"large":["https:\/\/speedxperts.com\/wp-content\/uploads\/2025\/07\/Sfb3b96b1a372405291fdfc449ff73584L.webp",800,800,false],"1536x1536":["https:\/\/speedxperts.com\/wp-content\/uploads\/2025\/07\/Sfb3b96b1a372405291fdfc449ff73584L.webp",800,800,false],"2048x2048":["https:\/\/speedxperts.com\/wp-content\/uploads\/2025\/07\/Sfb3b96b1a372405291fdfc449ff73584L.webp",800,800,false],"trp-custom-language-flag":["https:\/\/speedxperts.com\/wp-content\/uploads\/2025\/07\/Sfb3b96b1a372405291fdfc449ff73584L-12x12.webp",12,12,true],"woocommerce_thumbnail":["https:\/\/speedxperts.com\/wp-content\/uploads\/2025\/07\/Sfb3b96b1a372405291fdfc449ff73584L-300x300.webp",300,300,true],"woocommerce_single":["https:\/\/speedxperts.com\/wp-content\/uploads\/2025\/07\/Sfb3b96b1a372405291fdfc449ff73584L-600x600.webp",600,600,true],"woocommerce_gallery_thumbnail":["https:\/\/speedxperts.com\/wp-content\/uploads\/2025\/07\/Sfb3b96b1a372405291fdfc449ff73584L-100x100.webp",100,100,true]},"uagb_author_info":{"display_name":"Sebastian","author_link":"https:\/\/speedxperts.com\/es\/author\/"},"uagb_comment_info":0,"uagb_excerpt":"Introducing the V8.6 DPA5 Diagnostic Tool Kit, a versatile OBD2 code reader designed for heavy-duty trucks and machinery, including trailers, buses, wheel loaders, excavators, and tractors. With comprehensive fault diagnosis capabilities and multi-language support, this tool is essential for efficient maintenance and troubleshooting of CNH equipment.","jetpack_sharing_enabled":true,"_links":{"self":[{"href":"https:\/\/speedxperts.com\/es\/wp-json\/wp\/v2\/product\/5403","targetHints":{"allow":["GET"]}}],"collection":[{"href":"https:\/\/speedxperts.com\/es\/wp-json\/wp\/v2\/product"}],"about":[{"href":"https:\/\/speedxperts.com\/es\/wp-json\/wp\/v2\/types\/product"}],"replies":[{"embeddable":true,"href":"https:\/\/speedxperts.com\/es\/wp-json\/wp\/v2\/comments?post=5403"}],"wp:featuredmedia":[{"embeddable":true,"href":"https:\/\/speedxperts.com\/es\/wp-json\/wp\/v2\/media\/5390"}],"wp:attachment":[{"href":"https:\/\/speedxperts.com\/es\/wp-json\/wp\/v2\/media?parent=5403"}],"wp:term":[{"taxonomy":"product_brand","embeddable":true,"href":"https:\/\/speedxperts.com\/es\/wp-json\/wp\/v2\/product_brand?post=5403"},{"taxonomy":"product_cat","embeddable":true,"href":"https:\/\/speedxperts.com\/es\/wp-json\/wp\/v2\/product_cat?post=5403"},{"taxonomy":"product_tag","embeddable":true,"href":"https:\/\/speedxperts.com\/es\/wp-json\/wp\/v2\/product_tag?post=5403"}],"curies":[{"name":"wp","href":"https:\/\/api.w.org\/{rel}","templated":true}]}}