{"id":5430,"date":"2025-07-15T13:00:45","date_gmt":"2025-07-15T12:00:45","guid":{"rendered":"https:\/\/speedxperts.com\/?post_type=product&#038;p=5430"},"modified":"2025-07-15T13:14:02","modified_gmt":"2025-07-15T12:14:02","slug":"escaner-de-motos-jdiag-m100-pro-para-ktm-honda-yamaha-kawasaki-suzuki-bmw-d87-88","status":"publish","type":"product","link":"https:\/\/speedxperts.com\/es\/producto\/escaner-de-motos-jdiag-m100-pro-para-ktm-honda-yamaha-kawasaki-suzuki-bmw-d87-88\/","title":{"rendered":"Moto Esc\u00e1ner JDiag M100 Pro Para KTM, Honda, Yamaha, Kawasaki, Suzuki, BMW D87\/88"},"content":{"rendered":"<p><strong>Esc\u00e1ner de Diagn\u00f3stico de Motocicletas JDiag M100 Pro: Su herramienta definitiva para el diagn\u00f3stico de motocicletas<\/strong><\/p>\n<p>El JDiag M100 Pro es un esc\u00e1ner de diagn\u00f3stico de motocicletas de \u00faltima generaci\u00f3n dise\u00f1ado para proporcionar capacidades de diagn\u00f3stico integrales para una amplia gama de marcas de motocicletas. Si usted es un mec\u00e1nico profesional o un entusiasta de DIY, esta herramienta es esencial para diagnosticar y solucionar problemas de la motocicleta eficientemente.<\/p>\n<p><strong>Caracter\u00edsticas principales:<\/strong><\/p>\n<ul>\n<li><strong>Amplia compatibilidad<\/strong>: El JDiag M100 Pro soporta una variedad de marcas de motocicletas, incluyendo KTM, Honda, Yamaha, Kawasaki, Suzuki, BMW, y muchos m\u00e1s. Tenga en cuenta que no es compatible con los modelos Harley y Ducati.<\/li>\n<li><strong>Amplias funciones de diagn\u00f3stico<\/strong>: Este esc\u00e1ner le permite leer la informaci\u00f3n del sistema, recuperar c\u00f3digos de aver\u00eda, realizar b\u00fasquedas de DTC y realizar pruebas de actuadores. Tambi\u00e9n cuenta con gu\u00eda de soluci\u00f3n de problemas, transmisi\u00f3n de datos en vivo, y la capacidad de borrar los c\u00f3digos de aver\u00eda.<\/li>\n<li><strong>Dise\u00f1o f\u00e1cil de usar<\/strong>: El funcionamiento manual hace que su uso sea c\u00f3modo y flexible. La pantalla en color de 3,2 pulgadas ofrece una visualizaci\u00f3n clara de los datos din\u00e1micos, incluidos los formatos num\u00e9rico y de forma de onda.<\/li>\n<li><strong>Soporte multiling\u00fce<\/strong>: El JDiag M100 Pro es compatible con varios idiomas: ingl\u00e9s, chino tradicional, vietnamita, indonesio, tailand\u00e9s, espa\u00f1ol, turco, portugu\u00e9s, franc\u00e9s, jemer, japon\u00e9s, coreano y alem\u00e1n, lo que lo hace accesible a un p\u00fablico mundial.<\/li>\n<li><strong>Funciones avanzadas<\/strong>: Adem\u00e1s del diagn\u00f3stico est\u00e1ndar, la herramienta ofrece funciones como el ajuste de la velocidad de ralent\u00ed del CO, la comprobaci\u00f3n del sistema ABS, la detecci\u00f3n de la duraci\u00f3n de la bater\u00eda y la visualizaci\u00f3n de la forma de onda, lo que aumenta su utilidad para el mantenimiento de la motocicleta.<\/li>\n<\/ul>\n<p><strong>Especificaciones<\/strong>:<\/p>\n<ul>\n<li><strong>Fuente de alimentaci\u00f3n<\/strong>: DC 10-15V<\/li>\n<li><strong>Corriente de funcionamiento<\/strong>250 mA<\/li>\n<li><strong>Temperatura de almacenamiento<\/strong>: -10\u00b0C a 85\u00b0C<\/li>\n<li><strong>Temperatura de funcionamiento<\/strong>: 0\u00b0C a 70\u00b0C<\/li>\n<li><strong>Humedad<\/strong>: &lt;90%<\/li>\n<li><strong>Puertos de actualizaci\u00f3n<\/strong>: Puerto USB<\/li>\n<li><strong>Puertos de comunicaci\u00f3n<\/strong>: Puerto COM<\/li>\n<\/ul>\n<p><strong>El paquete incluye<\/strong>:<\/p>\n<ul>\n<li>Esc\u00e1ner de diagn\u00f3stico de motocicletas JDiag M100 Pro<\/li>\n<li>Manual del usuario<\/li>\n<li>Cable USB para actualizaciones<\/li>\n<\/ul>\n<hr \/>\n<p><strong>Actualice el diagn\u00f3stico de su motocicleta con el JDiag M100 Pro hoy mismo. Experimente la comodidad de las funciones de diagn\u00f3stico avanzadas y aseg\u00farese de que su motocicleta funciona en su mejor momento.<\/strong><\/p>","protected":false},"excerpt":{"rendered":"<p>Presentamos el esc\u00e1ner de diagn\u00f3stico de motocicletas JDiag M100 Pro, un vers\u00e1til lector de c\u00f3digos dise\u00f1ado para las principales marcas de motocicletas, incluidas KTM, Honda, Yamaha, Kawasaki, Suzuki y BMW. Esta herramienta de mano ofrece funciones de diagn\u00f3stico completas, incluyendo la lectura de c\u00f3digos de aver\u00eda, pruebas de actuadores y transmisi\u00f3n de datos en vivo, por lo que es esencial para cualquier t\u00e9cnico de motocicletas.<\/p>","protected":false},"featured_media":5406,"comment_status":"open","ping_status":"closed","template":"","meta":{"_uag_custom_page_level_css":"","site-sidebar-layout":"default","site-content-layout":"","ast-site-content-layout":"default","site-content-style":"default","site-sidebar-style":"default","ast-global-header-display":"","ast-banner-title-visibility":"","ast-main-header-display":"","ast-hfb-above-header-display":"","ast-hfb-below-header-display":"","ast-hfb-mobile-header-display":"","site-post-title":"","ast-breadcrumbs-content":"","ast-featured-img":"","footer-sml-layout":"","theme-transparent-header-meta":"default","adv-header-id-meta":"","stick-header-meta":"","header-above-stick-meta":"","header-main-stick-meta":"","header-below-stick-meta":"","astra-migrate-meta-layouts":"set","ast-page-background-enabled":"default","ast-page-background-meta":{"desktop":{"background-color":"","background-image":"","background-repeat":"repeat","background-position":"center center","background-size":"auto","background-attachment":"scroll","background-type":"","background-media":"","overlay-type":"","overlay-color":"","overlay-opacity":"","overlay-gradient":""},"tablet":{"background-color":"","background-image":"","background-repeat":"repeat","background-position":"center center","background-size":"auto","background-attachment":"scroll","background-type":"","background-media":"","overlay-type":"","overlay-color":"","overlay-opacity":"","overlay-gradient":""},"mobile":{"background-color":"","background-image":"","background-repeat":"repeat","background-position":"center center","background-size":"auto","background-attachment":"scroll","background-type":"","background-media":"","overlay-type":"","overlay-color":"","overlay-opacity":"","overlay-gradient":""}},"ast-content-background-meta":{"desktop":{"background-color":"var(--ast-global-color-5)","background-image":"","background-repeat":"repeat","background-position":"center center","background-size":"auto","background-attachment":"scroll","background-type":"","background-media":"","overlay-type":"","overlay-color":"","overlay-opacity":"","overlay-gradient":""},"tablet":{"background-color":"var(--ast-global-color-5)","background-image":"","background-repeat":"repeat","background-position":"center center","background-size":"auto","background-attachment":"scroll","background-type":"","background-media":"","overlay-type":"","overlay-color":"","overlay-opacity":"","overlay-gradient":""},"mobile":{"background-color":"var(--ast-global-color-5)","background-image":"","background-repeat":"repeat","background-position":"center center","background-size":"auto","background-attachment":"scroll","background-type":"","background-media":"","overlay-type":"","overlay-color":"","overlay-opacity":"","overlay-gradient":""}}},"product_brand":[],"product_cat":[70],"product_tag":[],"class_list":{"0":"post-5430","1":"product","2":"type-product","3":"status-publish","4":"has-post-thumbnail","6":"product_cat-diagnostic-tools","7":"desktop-align-left","8":"tablet-align-left","9":"mobile-align-left","10":"ast-product-gallery-layout-horizontal-slider","11":"ast-product-single-variable","12":"ast-product-tabs-layout-horizontal","14":"first","15":"instock","16":"shipping-taxable","17":"purchasable","18":"product-type-variable","19":"has-default-attributes"},"aioseo_notices":[],"uagb_featured_image_src":{"full":["https:\/\/speedxperts.com\/wp-content\/uploads\/2025\/07\/Sa8f6d2927286468fa40d825a9ffe3259j.webp",1000,1000,false],"thumbnail":["https:\/\/speedxperts.com\/wp-content\/uploads\/2025\/07\/Sa8f6d2927286468fa40d825a9ffe3259j-150x150.webp",150,150,true],"medium":["https:\/\/speedxperts.com\/wp-content\/uploads\/2025\/07\/Sa8f6d2927286468fa40d825a9ffe3259j-300x300.webp",300,300,true],"medium_large":["https:\/\/speedxperts.com\/wp-content\/uploads\/2025\/07\/Sa8f6d2927286468fa40d825a9ffe3259j-768x768.webp",768,768,true],"large":["https:\/\/speedxperts.com\/wp-content\/uploads\/2025\/07\/Sa8f6d2927286468fa40d825a9ffe3259j.webp",1000,1000,false],"1536x1536":["https:\/\/speedxperts.com\/wp-content\/uploads\/2025\/07\/Sa8f6d2927286468fa40d825a9ffe3259j.webp",1000,1000,false],"2048x2048":["https:\/\/speedxperts.com\/wp-content\/uploads\/2025\/07\/Sa8f6d2927286468fa40d825a9ffe3259j.webp",1000,1000,false],"trp-custom-language-flag":["https:\/\/speedxperts.com\/wp-content\/uploads\/2025\/07\/Sa8f6d2927286468fa40d825a9ffe3259j-12x12.webp",12,12,true],"woocommerce_thumbnail":["https:\/\/speedxperts.com\/wp-content\/uploads\/2025\/07\/Sa8f6d2927286468fa40d825a9ffe3259j-300x300.webp",300,300,true],"woocommerce_single":["https:\/\/speedxperts.com\/wp-content\/uploads\/2025\/07\/Sa8f6d2927286468fa40d825a9ffe3259j-600x600.webp",600,600,true],"woocommerce_gallery_thumbnail":["https:\/\/speedxperts.com\/wp-content\/uploads\/2025\/07\/Sa8f6d2927286468fa40d825a9ffe3259j-100x100.webp",100,100,true]},"uagb_author_info":{"display_name":"Sebastian","author_link":"https:\/\/speedxperts.com\/es\/author\/"},"uagb_comment_info":0,"uagb_excerpt":"Introducing the JDiag M100 Pro Motorcycle Diagnostic Scanner, a versatile code reader designed for major motorcycle brands including KTM, Honda, Yamaha, Kawasaki, Suzuki, and BMW. This handheld tool offers comprehensive diagnostic functions, including fault code reading, actuator testing, and live data streaming, making it essential for any motorcycle technician.","jetpack_sharing_enabled":true,"_links":{"self":[{"href":"https:\/\/speedxperts.com\/es\/wp-json\/wp\/v2\/product\/5430","targetHints":{"allow":["GET"]}}],"collection":[{"href":"https:\/\/speedxperts.com\/es\/wp-json\/wp\/v2\/product"}],"about":[{"href":"https:\/\/speedxperts.com\/es\/wp-json\/wp\/v2\/types\/product"}],"replies":[{"embeddable":true,"href":"https:\/\/speedxperts.com\/es\/wp-json\/wp\/v2\/comments?post=5430"}],"wp:featuredmedia":[{"embeddable":true,"href":"https:\/\/speedxperts.com\/es\/wp-json\/wp\/v2\/media\/5406"}],"wp:attachment":[{"href":"https:\/\/speedxperts.com\/es\/wp-json\/wp\/v2\/media?parent=5430"}],"wp:term":[{"taxonomy":"product_brand","embeddable":true,"href":"https:\/\/speedxperts.com\/es\/wp-json\/wp\/v2\/product_brand?post=5430"},{"taxonomy":"product_cat","embeddable":true,"href":"https:\/\/speedxperts.com\/es\/wp-json\/wp\/v2\/product_cat?post=5430"},{"taxonomy":"product_tag","embeddable":true,"href":"https:\/\/speedxperts.com\/es\/wp-json\/wp\/v2\/product_tag?post=5430"}],"curies":[{"name":"wp","href":"https:\/\/api.w.org\/{rel}","templated":true}]}}