{"id":5454,"date":"2025-07-15T13:01:56","date_gmt":"2025-07-15T12:01:56","guid":{"rendered":"https:\/\/speedxperts.com\/?post_type=product&#038;p=5454"},"modified":"2026-03-27T17:23:40","modified_gmt":"2026-03-27T16:23:40","slug":"carprog-v13-77-herramienta-programador-airbag","status":"publish","type":"product","link":"https:\/\/speedxperts.com\/es\/producto\/carprog-v13-77-herramienta-programador-airbag\/","title":{"rendered":"Carprog V13.77 Herramienta de programaci\u00f3n del airbag"},"content":{"rendered":"<p><strong>Best Carprog V13.77 SERG2000CAR000UA: Su herramienta definitiva de programaci\u00f3n y diagn\u00f3stico de la ECU<\/strong><\/p>\n<p>El Carprog V13.77 es una herramienta de diagn\u00f3stico y programaci\u00f3n de ECU de \u00faltima generaci\u00f3n dise\u00f1ada para profesionales de la automoci\u00f3n. Este vers\u00e1til dispositivo ofrece una amplia gama de funciones, por lo que es una herramienta esencial para reparaciones de autom\u00f3viles, programaci\u00f3n de llaves y chiptuning.<\/p>\n<p><strong>Caracter\u00edsticas principales:<\/strong><\/p>\n<ul>\n<li><strong>\u00daltima versi\u00f3n del software<\/strong>: El Carprog V13.77 viene pre-activado, eliminando la necesidad de keygens. Simplemente copie el software en su unidad C y empiece a usarlo inmediatamente.<\/li>\n<li><strong>Funcionalidad integral<\/strong>: Esta herramienta es compatible con una gran variedad de funciones, como el restablecimiento del airbag, la programaci\u00f3n de llaves, los ajustes del cuentakil\u00f3metros y el diagn\u00f3stico de la ECU. Est\u00e1 dise\u00f1ado para trabajar con una amplia gama de veh\u00edculos, proporcionando una amplia cobertura para varias marcas y modelos.<\/li>\n<li><strong>Sin limitaciones de fichas<\/strong>: Disfrute de acceso ilimitado a todas las funciones sin la molestia de las limitaciones de los tokens. Recibir\u00e1s autom\u00e1ticamente renovaciones de tokens tras su uso.<\/li>\n<li><strong>Compatibilidad con varios sistemas operativos<\/strong>: Compatible con Windows XP, Windows 7, Windows 8 y Windows 10, el Carprog V13.77 es vers\u00e1til y f\u00e1cil de usar.<\/li>\n<li><strong>Amplia cobertura de veh\u00edculos<\/strong>: La herramienta es compatible con una amplia gama de marcas y modelos de veh\u00edculos, por lo que resulta adecuada para diversas aplicaciones de automoci\u00f3n.<\/li>\n<li><strong>Dise\u00f1o f\u00e1cil de usar<\/strong>: El Carprog V13.77 est\u00e1 dise\u00f1ado para facilitar su uso, con una interfaz sencilla que permite a los t\u00e9cnicos realizar tareas complejas con el m\u00ednimo esfuerzo.<\/li>\n<\/ul>\n<p><strong>Incluido en el paquete<\/strong>:<\/p>\n<ul>\n<li>1 x Interfaz de hardware principal CarProg<\/li>\n<li>1 x A1 OBD2 Cable Adaptador<\/li>\n<li>1 x Adaptador cuentakil\u00f3metros-Airbag D1<\/li>\n<li>1 x Antena transpondedor A3<\/li>\n<li>1 x Cable adaptador Motorola A10<\/li>\n<li>1 x Cable adaptador A11 BMW EWS<\/li>\n<li>1 x Cable de radio de coche A16<\/li>\n<li>1 x Adaptador universal A15 para programar el salpicadero y el airbag<\/li>\n<li>1 x A17 Honda Airbag OBD2 Cable<\/li>\n<li>1 x Cable adaptador EEPROM A4<\/li>\n<li>1 x Cable A5 DIP8 Clip<\/li>\n<li>1 x Cable de pinza A6 SOIC8<\/li>\n<li>1 x Cable A7 MB de 38 patillas<\/li>\n<li>1 x A8 BMW 20-Pin Cable<\/li>\n<li>1 x Cable adaptador RNS510<\/li>\n<li>1 x Volvo\/Ford CAN 2006+ Cable<\/li>\n<li>1 x Cable Fiat CAN 2006<\/li>\n<li>1 x C1 OBD2 Hembra Cable<\/li>\n<li>1 cable USB<\/li>\n<li>1 x Cable de alimentaci\u00f3n<\/li>\n<li>1 CD con software<\/li>\n<\/ul>\n<p><strong>\u00bfPor qu\u00e9 elegir Carprog V13.77?<\/strong><\/p>\n<ol>\n<li><strong>Herramienta vers\u00e1til<\/strong>: Ideal para una amplia gama de aplicaciones de automoci\u00f3n, desde la programaci\u00f3n de llaves hasta el diagn\u00f3stico de ECU.<\/li>\n<li><strong>F\u00e1cil de usar<\/strong>: Dise\u00f1ada para facilitar su uso, lo que la hace accesible tanto para profesionales como para aficionados al bricolaje.<\/li>\n<li><strong>Apoyo integral<\/strong>: Ofrece una amplia cobertura de veh\u00edculos y una gran variedad de funciones para satisfacer diversas necesidades automovil\u00edsticas.<\/li>\n<\/ol>\n<hr \/>\n<p><strong>Actualice hoy mismo sus capacidades de diagn\u00f3stico y programaci\u00f3n de autom\u00f3viles con Best Carprog V13.77. Experimente la comodidad de las funciones avanzadas y un amplio soporte de veh\u00edculos, por lo que es la herramienta perfecta para los profesionales de la automoci\u00f3n.<\/strong><\/p>","protected":false},"excerpt":{"rendered":"<p>Presentamos el Best Carprog V13.77 SERG2000CAR000UA, una completa interfaz de chip tuning ECU y herramienta de diagn\u00f3stico. Este potente programador soporta una amplia gama de funciones, incluyendo reinicios de airbag, programaci\u00f3n de llaves y ajustes de od\u00f3metro. Sin limitaciones de token y compatible con m\u00faltiples sistemas operativos, es la soluci\u00f3n perfecta para los profesionales de la automoci\u00f3n.<\/p>","protected":false},"featured_media":6932,"comment_status":"open","ping_status":"closed","template":"","meta":{"_uag_custom_page_level_css":"","site-sidebar-layout":"default","site-content-layout":"","ast-site-content-layout":"default","site-content-style":"default","site-sidebar-style":"default","ast-global-header-display":"","ast-banner-title-visibility":"","ast-main-header-display":"","ast-hfb-above-header-display":"","ast-hfb-below-header-display":"","ast-hfb-mobile-header-display":"","site-post-title":"","ast-breadcrumbs-content":"","ast-featured-img":"","footer-sml-layout":"","theme-transparent-header-meta":"default","adv-header-id-meta":"","stick-header-meta":"","header-above-stick-meta":"","header-main-stick-meta":"","header-below-stick-meta":"","astra-migrate-meta-layouts":"set","ast-page-background-enabled":"default","ast-page-background-meta":{"desktop":{"background-color":"","background-image":"","background-repeat":"repeat","background-position":"center center","background-size":"auto","background-attachment":"scroll","background-type":"","background-media":"","overlay-type":"","overlay-color":"","overlay-opacity":"","overlay-gradient":""},"tablet":{"background-color":"","background-image":"","background-repeat":"repeat","background-position":"center center","background-size":"auto","background-attachment":"scroll","background-type":"","background-media":"","overlay-type":"","overlay-color":"","overlay-opacity":"","overlay-gradient":""},"mobile":{"background-color":"","background-image":"","background-repeat":"repeat","background-position":"center center","background-size":"auto","background-attachment":"scroll","background-type":"","background-media":"","overlay-type":"","overlay-color":"","overlay-opacity":"","overlay-gradient":""}},"ast-content-background-meta":{"desktop":{"background-color":"var(--ast-global-color-5)","background-image":"","background-repeat":"repeat","background-position":"center center","background-size":"auto","background-attachment":"scroll","background-type":"","background-media":"","overlay-type":"","overlay-color":"","overlay-opacity":"","overlay-gradient":""},"tablet":{"background-color":"var(--ast-global-color-5)","background-image":"","background-repeat":"repeat","background-position":"center center","background-size":"auto","background-attachment":"scroll","background-type":"","background-media":"","overlay-type":"","overlay-color":"","overlay-opacity":"","overlay-gradient":""},"mobile":{"background-color":"var(--ast-global-color-5)","background-image":"","background-repeat":"repeat","background-position":"center center","background-size":"auto","background-attachment":"scroll","background-type":"","background-media":"","overlay-type":"","overlay-color":"","overlay-opacity":"","overlay-gradient":""}}},"product_brand":[],"product_cat":[70],"product_tag":[],"class_list":{"0":"post-5454","1":"product","2":"type-product","3":"status-publish","4":"has-post-thumbnail","6":"product_cat-diagnostic-tools","7":"desktop-align-left","8":"tablet-align-left","9":"mobile-align-left","10":"ast-product-gallery-layout-horizontal-slider","11":"ast-product-single-variable","12":"ast-product-tabs-layout-horizontal","14":"first","15":"instock","16":"shipping-taxable","17":"purchasable","18":"product-type-variable"},"aioseo_notices":[],"uagb_featured_image_src":{"full":["https:\/\/speedxperts.com\/wp-content\/uploads\/2025\/07\/13d29dbb-8157-428d-988c-6b441599594c252895-1.jpg",1000,1000,false],"thumbnail":["https:\/\/speedxperts.com\/wp-content\/uploads\/2025\/07\/13d29dbb-8157-428d-988c-6b441599594c252895-1-150x150.jpg",150,150,true],"medium":["https:\/\/speedxperts.com\/wp-content\/uploads\/2025\/07\/13d29dbb-8157-428d-988c-6b441599594c252895-1-300x300.jpg",300,300,true],"medium_large":["https:\/\/speedxperts.com\/wp-content\/uploads\/2025\/07\/13d29dbb-8157-428d-988c-6b441599594c252895-1-768x768.jpg",768,768,true],"large":["https:\/\/speedxperts.com\/wp-content\/uploads\/2025\/07\/13d29dbb-8157-428d-988c-6b441599594c252895-1.jpg",1000,1000,false],"1536x1536":["https:\/\/speedxperts.com\/wp-content\/uploads\/2025\/07\/13d29dbb-8157-428d-988c-6b441599594c252895-1.jpg",1000,1000,false],"2048x2048":["https:\/\/speedxperts.com\/wp-content\/uploads\/2025\/07\/13d29dbb-8157-428d-988c-6b441599594c252895-1.jpg",1000,1000,false],"trp-custom-language-flag":["https:\/\/speedxperts.com\/wp-content\/uploads\/2025\/07\/13d29dbb-8157-428d-988c-6b441599594c252895-1-12x12.jpg",12,12,true],"woocommerce_thumbnail":["https:\/\/speedxperts.com\/wp-content\/uploads\/2025\/07\/13d29dbb-8157-428d-988c-6b441599594c252895-1-300x300.jpg",300,300,true],"woocommerce_single":["https:\/\/speedxperts.com\/wp-content\/uploads\/2025\/07\/13d29dbb-8157-428d-988c-6b441599594c252895-1-600x600.jpg",600,600,true],"woocommerce_gallery_thumbnail":["https:\/\/speedxperts.com\/wp-content\/uploads\/2025\/07\/13d29dbb-8157-428d-988c-6b441599594c252895-1-100x100.jpg",100,100,true]},"uagb_author_info":{"display_name":"Sebastian","author_link":"https:\/\/speedxperts.com\/es\/author\/"},"uagb_comment_info":0,"uagb_excerpt":"Introducing the Best Carprog V13.77 SERG2000CAR000UA, a comprehensive ECU chip tuning interface and diagnostic tool. This powerful programmer supports a wide range of functions, including airbag resets, key programming, and odometer adjustments. With no token limitations and compatibility with multiple operating systems, it\u2019s the perfect solution for automotive professionals.","jetpack_sharing_enabled":true,"_links":{"self":[{"href":"https:\/\/speedxperts.com\/es\/wp-json\/wp\/v2\/product\/5454","targetHints":{"allow":["GET"]}}],"collection":[{"href":"https:\/\/speedxperts.com\/es\/wp-json\/wp\/v2\/product"}],"about":[{"href":"https:\/\/speedxperts.com\/es\/wp-json\/wp\/v2\/types\/product"}],"replies":[{"embeddable":true,"href":"https:\/\/speedxperts.com\/es\/wp-json\/wp\/v2\/comments?post=5454"}],"wp:featuredmedia":[{"embeddable":true,"href":"https:\/\/speedxperts.com\/es\/wp-json\/wp\/v2\/media\/6932"}],"wp:attachment":[{"href":"https:\/\/speedxperts.com\/es\/wp-json\/wp\/v2\/media?parent=5454"}],"wp:term":[{"taxonomy":"product_brand","embeddable":true,"href":"https:\/\/speedxperts.com\/es\/wp-json\/wp\/v2\/product_brand?post=5454"},{"taxonomy":"product_cat","embeddable":true,"href":"https:\/\/speedxperts.com\/es\/wp-json\/wp\/v2\/product_cat?post=5454"},{"taxonomy":"product_tag","embeddable":true,"href":"https:\/\/speedxperts.com\/es\/wp-json\/wp\/v2\/product_tag?post=5454"}],"curies":[{"name":"wp","href":"https:\/\/api.w.org\/{rel}","templated":true}]}}