{"id":6673,"date":"2025-11-26T08:47:44","date_gmt":"2025-11-26T07:47:44","guid":{"rendered":"https:\/\/speedxperts.com\/product\/heated-car-seat-cover-with-graphene-grey\/"},"modified":"2025-11-26T09:10:46","modified_gmt":"2025-11-26T08:10:46","slug":"funda-calefactable-para-asiento-de-coche-con-grafeno-gris","status":"publish","type":"product","link":"https:\/\/speedxperts.com\/es\/producto\/funda-calefactable-para-asiento-de-coche-con-grafeno-gris\/","title":{"rendered":"Funda calefactada para asiento de coche con grafeno - Gris"},"content":{"rendered":"<p>Disfruta de un calor instant\u00e1neo y un suave confort durante todo el invierno con este <strong>Funda calefactada de grafeno para el asiento del coche<\/strong>. Fabricado con un c\u00e1lido forro polar afelpado e impulsado por avanzadas capas t\u00e9rmicas de grafeno, proporciona un calor r\u00e1pido y uniforme a la vez que protege el asiento. Compatible con <strong>12 V y 24 V<\/strong> veh\u00edculos, es ideal para coches, todoterrenos, furgonetas y camiones.<\/p>\n<p>Caracter\u00edsticas principales<\/p>\n<ul>\n<li>\n<p><strong>Calentamiento r\u00e1pido en 30 segundos<\/strong><br \/>\n\tSe enciende en <strong>modo alto por defecto<\/strong>, para que sientas calor en <strong>30 segundos<\/strong>-perfecto para arranques en fr\u00edo y desplazamientos largos.<\/p>\n<\/li>\n<li>\n<p><strong>Control inteligente de la temperatura<\/strong><\/p>\n<ul>\n<li>Comienza el <strong>Alto (\u224825 W)<\/strong>, y, a continuaci\u00f3n, cambia autom\u00e1ticamente a <strong>Mediana (\u224820 W)<\/strong> despu\u00e9s de <strong>10 minutos<\/strong> por comodidad.<\/li>\n<li>Tres niveles: <strong>Alto \/ Medio \/ Bajo (\u224813 W)<\/strong> con un controlador digital inteligente.<\/li>\n<li>Incorporado <strong>Temporizador de 50 minutos<\/strong> por seguridad si olvidas apagarlo.<\/li>\n<\/ul>\n<\/li>\n<li>\n<p><strong>Tecnolog\u00eda de capas calefactoras de grafeno<\/strong><\/p>\n<ul>\n<li>Dos capas calefactoras de grafeno para <strong>calentamiento r\u00e1pido y uniforme<\/strong>.<\/li>\n<li>Eficiente energ\u00e9ticamente, flexible y resistente a las altas temperaturas y al plegado repetido.<\/li>\n<\/ul>\n<\/li>\n<li>\n<p><strong>Suave y c\u00e1lida superficie de vell\u00f3n<\/strong><\/p>\n<ul>\n<li>El terciopelo granulado de felpa proporciona un tacto suave y acogedor incluso cuando la calefacci\u00f3n est\u00e1 apagada.<\/li>\n<li>C\u00f3modo para la conducci\u00f3n diaria en oto\u00f1o e invierno.<\/li>\n<\/ul>\n<\/li>\n<li>\n<p><strong>Seguro y f\u00e1cil de usar<\/strong><\/p>\n<ul>\n<li><strong>Ign\u00edfugo<\/strong> Enchufe para encendedor de 12 V\/24 V.<\/li>\n<li>Protecci\u00f3n contra cortocircuitos y conexi\u00f3n el\u00e9ctrica segura.<\/li>\n<li>Las correas de hebilla ajustables ayudan a que el coj\u00edn se adapte a la mayor\u00eda de los asientos y permanezca en su sitio.<\/li>\n<\/ul>\n<\/li>\n<li>\n<p><strong>Compatibilidad universal 12V \/ 24V<\/strong><\/p>\n<ul>\n<li>Se adapta a la mayor\u00eda de turismos, todoterrenos y muchos camiones con <strong>Tomas de 12 V o 24 V<\/strong>.<\/li>\n<\/ul>\n<\/li>\n<\/ul>\n<p>Especificaciones<\/p>\n<ul>\n<li>Producto: Funda calefactable para asiento de coche \/ Alfombrilla calefactable para asiento<\/li>\n<li>Material: C\u00e1lido forro polar<\/li>\n<li>Colores: <strong>Negro, Gris, Naranja<\/strong><\/li>\n<li>Tama\u00f1o: aprox. <strong>104 \u00d7 52 cm<\/strong><\/li>\n<li>Tensi\u00f3n de entrada: <strong>12\/24 V<\/strong><\/li>\n<li>Niveles de potencia:\n<ul>\n<li>Alta: <strong>25 W<\/strong><\/li>\n<li>Medio: <strong>20 W<\/strong><\/li>\n<li>Bajo: <strong>13 W<\/strong><\/li>\n<\/ul>\n<\/li>\n<\/ul>\n<p>Mejora tu conducci\u00f3n invernal con un <strong>coj\u00edn de asiento calefactado y afelpado con grafeno<\/strong> que combina calentamiento r\u00e1pido, control inteligente y confort suave en una funda universal.<\/p>\n<p>&nbsp;<\/p>","protected":false},"excerpt":{"rendered":"<p>Enjoy instant warmth and soft comfort all winter with this Graphene Heated Car Seat Cover. Made from plush, warm fleece and powered by advanced graphene heating layers, it delivers fast, even heat while protecting your seat. Compatible with both 12V and 24V vehicles, it&rsquo;s ideal for cars, SUVs, vans, and trucks. Key Features 30\u2011Second Fast [&hellip;]<\/p>","protected":false},"featured_media":6667,"comment_status":"open","ping_status":"closed","template":"","meta":{"_uag_custom_page_level_css":"","site-sidebar-layout":"default","site-content-layout":"","ast-site-content-layout":"default","site-content-style":"default","site-sidebar-style":"default","ast-global-header-display":"","ast-banner-title-visibility":"","ast-main-header-display":"","ast-hfb-above-header-display":"","ast-hfb-below-header-display":"","ast-hfb-mobile-header-display":"","site-post-title":"","ast-breadcrumbs-content":"","ast-featured-img":"","footer-sml-layout":"","theme-transparent-header-meta":"","adv-header-id-meta":"","stick-header-meta":"","header-above-stick-meta":"","header-main-stick-meta":"","header-below-stick-meta":"","astra-migrate-meta-layouts":"default","ast-page-background-enabled":"default","ast-page-background-meta":{"desktop":{"background-color":"","background-image":"","background-repeat":"repeat","background-position":"center center","background-size":"auto","background-attachment":"scroll","background-type":"","background-media":"","overlay-type":"","overlay-color":"","overlay-opacity":"","overlay-gradient":""},"tablet":{"background-color":"","background-image":"","background-repeat":"repeat","background-position":"center center","background-size":"auto","background-attachment":"scroll","background-type":"","background-media":"","overlay-type":"","overlay-color":"","overlay-opacity":"","overlay-gradient":""},"mobile":{"background-color":"","background-image":"","background-repeat":"repeat","background-position":"center center","background-size":"auto","background-attachment":"scroll","background-type":"","background-media":"","overlay-type":"","overlay-color":"","overlay-opacity":"","overlay-gradient":""}},"ast-content-background-meta":{"desktop":{"background-color":"var(--ast-global-color-5)","background-image":"","background-repeat":"repeat","background-position":"center center","background-size":"auto","background-attachment":"scroll","background-type":"","background-media":"","overlay-type":"","overlay-color":"","overlay-opacity":"","overlay-gradient":""},"tablet":{"background-color":"var(--ast-global-color-5)","background-image":"","background-repeat":"repeat","background-position":"center center","background-size":"auto","background-attachment":"scroll","background-type":"","background-media":"","overlay-type":"","overlay-color":"","overlay-opacity":"","overlay-gradient":""},"mobile":{"background-color":"var(--ast-global-color-5)","background-image":"","background-repeat":"repeat","background-position":"center center","background-size":"auto","background-attachment":"scroll","background-type":"","background-media":"","overlay-type":"","overlay-color":"","overlay-opacity":"","overlay-gradient":""}}},"product_brand":[],"product_cat":[1074,72,227],"product_tag":[],"class_list":{"0":"post-6673","1":"product","2":"type-product","3":"status-publish","4":"has-post-thumbnail","6":"product_cat-heated-seat-covers","7":"product_cat-interior-accessories","8":"product_cat-winter-accessories","9":"desktop-align-left","10":"tablet-align-left","11":"mobile-align-left","12":"ast-product-gallery-layout-horizontal-slider","13":"ast-product-single-variable","14":"ast-product-tabs-layout-horizontal","16":"first","17":"instock","18":"shipping-taxable","19":"purchasable","20":"product-type-variable"},"aioseo_notices":[],"uagb_featured_image_src":{"full":["https:\/\/speedxperts.com\/wp-content\/uploads\/2025\/11\/Sedd78e2693984b42afe7bfcc849630666.webp",800,800,false],"thumbnail":["https:\/\/speedxperts.com\/wp-content\/uploads\/2025\/11\/Sedd78e2693984b42afe7bfcc849630666-150x150.webp",150,150,true],"medium":["https:\/\/speedxperts.com\/wp-content\/uploads\/2025\/11\/Sedd78e2693984b42afe7bfcc849630666-300x300.webp",300,300,true],"medium_large":["https:\/\/speedxperts.com\/wp-content\/uploads\/2025\/11\/Sedd78e2693984b42afe7bfcc849630666-768x768.webp",768,768,true],"large":["https:\/\/speedxperts.com\/wp-content\/uploads\/2025\/11\/Sedd78e2693984b42afe7bfcc849630666.webp",800,800,false],"1536x1536":["https:\/\/speedxperts.com\/wp-content\/uploads\/2025\/11\/Sedd78e2693984b42afe7bfcc849630666.webp",800,800,false],"2048x2048":["https:\/\/speedxperts.com\/wp-content\/uploads\/2025\/11\/Sedd78e2693984b42afe7bfcc849630666.webp",800,800,false],"trp-custom-language-flag":["https:\/\/speedxperts.com\/wp-content\/uploads\/2025\/11\/Sedd78e2693984b42afe7bfcc849630666-12x12.webp",12,12,true],"woocommerce_thumbnail":["https:\/\/speedxperts.com\/wp-content\/uploads\/2025\/11\/Sedd78e2693984b42afe7bfcc849630666-300x300.webp",300,300,true],"woocommerce_single":["https:\/\/speedxperts.com\/wp-content\/uploads\/2025\/11\/Sedd78e2693984b42afe7bfcc849630666-600x600.webp",600,600,true],"woocommerce_gallery_thumbnail":["https:\/\/speedxperts.com\/wp-content\/uploads\/2025\/11\/Sedd78e2693984b42afe7bfcc849630666-100x100.webp",100,100,true]},"uagb_author_info":{"display_name":"Sebastian","author_link":"https:\/\/speedxperts.com\/es\/author\/"},"uagb_comment_info":0,"uagb_excerpt":"Enjoy instant warmth and soft comfort all winter with this Graphene Heated Car Seat Cover. Made from plush, warm fleece and powered by advanced graphene heating layers, it delivers fast, even heat while protecting your seat. Compatible with both 12V and 24V vehicles, it&rsquo;s ideal for cars, SUVs, vans, and trucks. Key Features 30\u2011Second Fast&hellip;","jetpack_sharing_enabled":true,"_links":{"self":[{"href":"https:\/\/speedxperts.com\/es\/wp-json\/wp\/v2\/product\/6673","targetHints":{"allow":["GET"]}}],"collection":[{"href":"https:\/\/speedxperts.com\/es\/wp-json\/wp\/v2\/product"}],"about":[{"href":"https:\/\/speedxperts.com\/es\/wp-json\/wp\/v2\/types\/product"}],"replies":[{"embeddable":true,"href":"https:\/\/speedxperts.com\/es\/wp-json\/wp\/v2\/comments?post=6673"}],"wp:featuredmedia":[{"embeddable":true,"href":"https:\/\/speedxperts.com\/es\/wp-json\/wp\/v2\/media\/6667"}],"wp:attachment":[{"href":"https:\/\/speedxperts.com\/es\/wp-json\/wp\/v2\/media?parent=6673"}],"wp:term":[{"taxonomy":"product_brand","embeddable":true,"href":"https:\/\/speedxperts.com\/es\/wp-json\/wp\/v2\/product_brand?post=6673"},{"taxonomy":"product_cat","embeddable":true,"href":"https:\/\/speedxperts.com\/es\/wp-json\/wp\/v2\/product_cat?post=6673"},{"taxonomy":"product_tag","embeddable":true,"href":"https:\/\/speedxperts.com\/es\/wp-json\/wp\/v2\/product_tag?post=6673"}],"curies":[{"name":"wp","href":"https:\/\/api.w.org\/{rel}","templated":true}]}}