{"id":6711,"date":"2025-11-26T08:48:44","date_gmt":"2025-11-26T07:48:44","guid":{"rendered":"https:\/\/speedxperts.com\/product\/automatic-heated-car-seat-cushion-12v-beige\/"},"modified":"2026-01-06T13:36:59","modified_gmt":"2026-01-06T12:36:59","slug":"cojin-calefactable-automatico-12v-beige","status":"publish","type":"product","link":"https:\/\/speedxperts.com\/es\/producto\/cojin-calefactable-automatico-12v-beige\/","title":{"rendered":"Coj\u00edn calefactable autom\u00e1tico 12V - Beige"},"content":{"rendered":"<p>Convierta los arranques en fr\u00edo en c\u00f3modos viajes con este <strong>Funda de asiento de coche calefactada autom\u00e1tica de 12 V<\/strong>, Dise\u00f1ado para adaptarse a la mayor\u00eda de los asientos de coche est\u00e1ndar. Con un calentamiento r\u00e1pido y uniforme y tres niveles de temperatura ajustables, mantiene la espalda y las caderas calientes en solo unos segundos, ideal para los desplazamientos en oto\u00f1o e invierno.<\/p>\n<p>Caracter\u00edsticas principales<\/p>\n<ul>\n<li><strong>Calentamiento autom\u00e1tico r\u00e1pido<\/strong><br \/>\nSe calienta en segundos y distribuye el calor por una amplia zona del asiento y el respaldo para un confort total del cuerpo.<\/li>\n<li><strong>Control de temperatura de 3 niveles<\/strong><br \/>\nControlador f\u00e1cil de usar con:<\/p>\n<ul>\n<li>Nivel I: aprox. <strong>45\u00b0C<\/strong><\/li>\n<li>Nivel II: aprox. <strong>55\u00b0C<\/strong><\/li>\n<li>Nivel III: aprox. <strong>65\u00b0C<\/strong> (temperatura corporal en torno a 45-48\u00b0C)<br \/>\nElija el calor que prefiera con el sencillo bot\u00f3n de ajuste de temperatura y las claras luces indicadoras de marcha.<\/li>\n<\/ul>\n<\/li>\n<li><strong>Seguridad de apagado autom\u00e1tico<\/strong><br \/>\nLa almohadilla se apaga autom\u00e1ticamente despu\u00e9s de unos <strong>50 minutos<\/strong> de calentamiento. Si necesita m\u00e1s calor, s\u00f3lo tiene que volver a pulsar el bot\u00f3n de encendido.<\/li>\n<li><strong>Compatibilidad universal 12V-24V<\/strong><br \/>\nSe conecta a la toma de <strong>Toma de mechero de 12 V<\/strong> (tambi\u00e9n marcado 12V-24V en el controlador), por lo que es adecuado para la mayor\u00eda de los coches.<\/li>\n<li><strong>Instalaci\u00f3n segura y antideslizante<\/strong>\n<ul>\n<li>Correa con hebilla alrededor del <strong>reposacabezas<\/strong><\/li>\n<li>Las correas centrales se sujetan al <strong>respaldo<\/strong><\/li>\n<li>Fijaci\u00f3n de los ganchos inferiores <strong>debajo del asiento<\/strong><\/li>\n<li>Soporte antideslizante para evitar resbalones<br \/>\nSiga el sencillo m\u00e9todo de instalaci\u00f3n para conseguir un ajuste firme y seguro en cuesti\u00f3n de minutos.<\/li>\n<\/ul>\n<\/li>\n<li><strong>Dise\u00f1o seguro y c\u00f3modo<\/strong>\n<ul>\n<li>Distribuci\u00f3n uniforme del calor para evitar puntos calientes<\/li>\n<li>Protecci\u00f3n contra sobrecalentamiento e interruptor de seguridad<\/li>\n<li>En <strong>no interferir con el despliegue del airbag<\/strong><\/li>\n<li>Superficie suave y c\u00f3moda para el uso diario<\/li>\n<\/ul>\n<\/li>\n<\/ul>\n<p>&nbsp;<\/p>","protected":false},"excerpt":{"rendered":"<p>Turn cold starts into comfortable drives with this 12V automatic heated car seat cover, designed to fit most standard car seats. With fast, even heating and three adjustable temperature levels, it keeps your back and hips warm in just a few seconds\u2014ideal for autumn and winter commuting. Key Features Fast Automatic Heating Heats up in [&hellip;]<\/p>","protected":false},"featured_media":6709,"comment_status":"open","ping_status":"closed","template":"","meta":{"_uag_custom_page_level_css":"","site-sidebar-layout":"default","site-content-layout":"","ast-site-content-layout":"default","site-content-style":"default","site-sidebar-style":"default","ast-global-header-display":"","ast-banner-title-visibility":"","ast-main-header-display":"","ast-hfb-above-header-display":"","ast-hfb-below-header-display":"","ast-hfb-mobile-header-display":"","site-post-title":"","ast-breadcrumbs-content":"","ast-featured-img":"","footer-sml-layout":"","theme-transparent-header-meta":"default","adv-header-id-meta":"","stick-header-meta":"","header-above-stick-meta":"","header-main-stick-meta":"","header-below-stick-meta":"","astra-migrate-meta-layouts":"set","ast-page-background-enabled":"default","ast-page-background-meta":{"desktop":{"background-color":"","background-image":"","background-repeat":"repeat","background-position":"center center","background-size":"auto","background-attachment":"scroll","background-type":"","background-media":"","overlay-type":"","overlay-color":"","overlay-opacity":"","overlay-gradient":""},"tablet":{"background-color":"","background-image":"","background-repeat":"repeat","background-position":"center center","background-size":"auto","background-attachment":"scroll","background-type":"","background-media":"","overlay-type":"","overlay-color":"","overlay-opacity":"","overlay-gradient":""},"mobile":{"background-color":"","background-image":"","background-repeat":"repeat","background-position":"center center","background-size":"auto","background-attachment":"scroll","background-type":"","background-media":"","overlay-type":"","overlay-color":"","overlay-opacity":"","overlay-gradient":""}},"ast-content-background-meta":{"desktop":{"background-color":"var(--ast-global-color-5)","background-image":"","background-repeat":"repeat","background-position":"center center","background-size":"auto","background-attachment":"scroll","background-type":"","background-media":"","overlay-type":"","overlay-color":"","overlay-opacity":"","overlay-gradient":""},"tablet":{"background-color":"var(--ast-global-color-5)","background-image":"","background-repeat":"repeat","background-position":"center center","background-size":"auto","background-attachment":"scroll","background-type":"","background-media":"","overlay-type":"","overlay-color":"","overlay-opacity":"","overlay-gradient":""},"mobile":{"background-color":"var(--ast-global-color-5)","background-image":"","background-repeat":"repeat","background-position":"center center","background-size":"auto","background-attachment":"scroll","background-type":"","background-media":"","overlay-type":"","overlay-color":"","overlay-opacity":"","overlay-gradient":""}}},"product_brand":[],"product_cat":[1074,72,227],"product_tag":[],"class_list":{"0":"post-6711","1":"product","2":"type-product","3":"status-publish","4":"has-post-thumbnail","6":"product_cat-heated-seat-covers","7":"product_cat-interior-accessories","8":"product_cat-winter-accessories","9":"desktop-align-left","10":"tablet-align-left","11":"mobile-align-left","12":"ast-product-gallery-layout-horizontal-slider","13":"ast-product-single-variable","14":"ast-product-tabs-layout-horizontal","16":"first","17":"instock","18":"shipping-taxable","19":"purchasable","20":"product-type-variable"},"aioseo_notices":[],"uagb_featured_image_src":{"full":["https:\/\/speedxperts.com\/wp-content\/uploads\/2025\/11\/Sb64e20fddad3465587bd6c5750af65e0f.webp",1600,1600,false],"thumbnail":["https:\/\/speedxperts.com\/wp-content\/uploads\/2025\/11\/Sb64e20fddad3465587bd6c5750af65e0f-150x150.webp",150,150,true],"medium":["https:\/\/speedxperts.com\/wp-content\/uploads\/2025\/11\/Sb64e20fddad3465587bd6c5750af65e0f-300x300.webp",300,300,true],"medium_large":["https:\/\/speedxperts.com\/wp-content\/uploads\/2025\/11\/Sb64e20fddad3465587bd6c5750af65e0f-768x768.webp",768,768,true],"large":["https:\/\/speedxperts.com\/wp-content\/uploads\/2025\/11\/Sb64e20fddad3465587bd6c5750af65e0f-1024x1024.webp",1024,1024,true],"1536x1536":["https:\/\/speedxperts.com\/wp-content\/uploads\/2025\/11\/Sb64e20fddad3465587bd6c5750af65e0f-1536x1536.webp",1536,1536,true],"2048x2048":["https:\/\/speedxperts.com\/wp-content\/uploads\/2025\/11\/Sb64e20fddad3465587bd6c5750af65e0f.webp",1600,1600,false],"trp-custom-language-flag":["https:\/\/speedxperts.com\/wp-content\/uploads\/2025\/11\/Sb64e20fddad3465587bd6c5750af65e0f-12x12.webp",12,12,true],"woocommerce_thumbnail":["https:\/\/speedxperts.com\/wp-content\/uploads\/2025\/11\/Sb64e20fddad3465587bd6c5750af65e0f-300x300.webp",300,300,true],"woocommerce_single":["https:\/\/speedxperts.com\/wp-content\/uploads\/2025\/11\/Sb64e20fddad3465587bd6c5750af65e0f-600x600.webp",600,600,true],"woocommerce_gallery_thumbnail":["https:\/\/speedxperts.com\/wp-content\/uploads\/2025\/11\/Sb64e20fddad3465587bd6c5750af65e0f-100x100.webp",100,100,true]},"uagb_author_info":{"display_name":"Sebastian","author_link":"https:\/\/speedxperts.com\/es\/author\/"},"uagb_comment_info":0,"uagb_excerpt":"Turn cold starts into comfortable drives with this 12V automatic heated car seat cover, designed to fit most standard car seats. With fast, even heating and three adjustable temperature levels, it keeps your back and hips warm in just a few seconds\u2014ideal for autumn and winter commuting. Key Features Fast Automatic Heating Heats up in&hellip;","jetpack_sharing_enabled":true,"_links":{"self":[{"href":"https:\/\/speedxperts.com\/es\/wp-json\/wp\/v2\/product\/6711","targetHints":{"allow":["GET"]}}],"collection":[{"href":"https:\/\/speedxperts.com\/es\/wp-json\/wp\/v2\/product"}],"about":[{"href":"https:\/\/speedxperts.com\/es\/wp-json\/wp\/v2\/types\/product"}],"replies":[{"embeddable":true,"href":"https:\/\/speedxperts.com\/es\/wp-json\/wp\/v2\/comments?post=6711"}],"wp:featuredmedia":[{"embeddable":true,"href":"https:\/\/speedxperts.com\/es\/wp-json\/wp\/v2\/media\/6709"}],"wp:attachment":[{"href":"https:\/\/speedxperts.com\/es\/wp-json\/wp\/v2\/media?parent=6711"}],"wp:term":[{"taxonomy":"product_brand","embeddable":true,"href":"https:\/\/speedxperts.com\/es\/wp-json\/wp\/v2\/product_brand?post=6711"},{"taxonomy":"product_cat","embeddable":true,"href":"https:\/\/speedxperts.com\/es\/wp-json\/wp\/v2\/product_cat?post=6711"},{"taxonomy":"product_tag","embeddable":true,"href":"https:\/\/speedxperts.com\/es\/wp-json\/wp\/v2\/product_tag?post=6711"}],"curies":[{"name":"wp","href":"https:\/\/api.w.org\/{rel}","templated":true}]}}