{"id":3071,"date":"2024-10-10T06:57:36","date_gmt":"2024-10-10T06:57:36","guid":{"rendered":"https:\/\/speedxperts.com\/product\/delphi-ds150e-multi-brand-diagnostic-tool-2\/"},"modified":"2026-04-27T13:15:39","modified_gmt":"2026-04-27T12:15:39","slug":"delphi-ds150e-monimerkkinen-diagnostiikkatyokalu-2","status":"publish","type":"product","link":"https:\/\/speedxperts.com\/fi\/tuote\/delphi-ds150e-monimerkkinen-diagnostiikkatyokalu-2\/","title":{"rendered":"Delfi DS150e 2PCB | Monimerkkinen diagnostiikkaty\u00f6kalu"},"content":{"rendered":"<p><strong>Sis\u00e4lt\u00e4\u00e4 autot ja kuorma-autot 2021 Software<\/strong>: Mukana on ohjelmisto, joka tarjoaa t\u00e4ydet diagnostiikkaominaisuudet henkil\u00f6- ja kuorma-autoille. Saat asennusoppaan ja <strong>latauslinkki <\/strong>PDF-tiedostona oston j\u00e4lkeen.<\/p>\n<hr \/>\n<h4>T\u00e4rkeimm\u00e4t ominaisuudet:<\/h4>\n<ul>\n<li><strong>Korkealaatuinen vaihtoehto<\/strong>: T\u00e4m\u00e4 on DS150-skannerin laadukas vaihtoehto, joka tarjoaa samat kehittyneet diagnostiikkatoiminnot edullisempaan hintaan.<\/li>\n<li><strong>Kaksinkertainen PCB-versio: <\/strong>Diagnostiikkaty\u00f6kalu on rakennettu kahdella korkealaatuisella piirilevyll\u00e4, jotka parantavat vakautta, parempaa l\u00e4mm\u00f6npoistoa ja luotettavampaa ajoneuvoyhteytt\u00e4.<\/li>\n<li><strong>Bluetooth-versio:<\/strong> K\u00e4yt\u00e4 ty\u00f6kalua ilman kaapeleita tietokoneeseen.<\/li>\n<li><strong>Multibrand-tuki<\/strong>: Tukee useita auto- ja kuorma-automerkkej\u00e4, joten se on monipuolinen ratkaisu sek\u00e4 yksityiseen ett\u00e4 ammattik\u00e4ytt\u00f6\u00f6n.<\/li>\n<li><strong>2021 Autot ja kuorma-autot -ohjelmisto sis\u00e4ltyy<\/strong>: Mukana Cars &amp; Trucks -ohjelmiston 2021-versio, joka kattaa useimmat ajoneuvomerkit ja -mallit.<\/li>\n<li><strong>Kattava diagnostiikka<\/strong>: Lukee ja poistaa vikakoodit, suorittaa anturien tarkistukset ja tarjoaa kehittyneit\u00e4 toimintoja, kuten komponenttien aktivoinnin, ECU:n ohjelmoinnin ja paljon muuta.<\/li>\n<li><strong>OBD2-tuki<\/strong>: Yhteensopiva henkil\u00f6- ja kuorma-autojen OBD2:n kanssa, mik\u00e4 takaa laajan kattavuuden nykyaikaisille ajoneuvoille.<\/li>\n<li><strong>Yksityiskohtainen asennusopas<\/strong>: Mukana toimitetaan vaiheittainen ohjelmiston asennusopas, joka helpottaa k\u00e4ytt\u00f6\u00f6nottoa ja k\u00e4ytt\u00f6\u00e4.<\/li>\n<\/ul>\n<hr \/>\n<h4>Tuetut ajoneuvot:<\/h4>\n<ul>\n<li><strong>Autot<\/strong>: Tukee useimpia eurooppalaisia, amerikkalaisia ja aasialaisia ajoneuvoja vuodesta 1996 alkaen.<\/li>\n<li><strong>Kuorma-autot<\/strong>: Tukee my\u00f6s useimpien kuorma-autojen, my\u00f6s raskaiden ajoneuvojen, diagnostiikkaa.<\/li>\n<\/ul>\n<p><strong>Huomautus: T\u00e4m\u00e4 ty\u00f6kalu ei ehk\u00e4 tue joitakin autoja ja kuorma-autoja. Erityisesti autot vuoteen 2002 MY asti ja BMW E, F ja G-sarjan autot. Jotta yhteensopivuus olisi mahdollisimman hyv\u00e4, osta <a href=\"https:\/\/speedxperts.com\/fi\/tuote\/wurth-wow-snooper-premium-tyokalu-1pcb-versio-monimerkkinen-diagnostiikkatyokalu\/\">1PCB Premium-ty\u00f6kalu<\/a>.<\/strong><\/p>\n<hr \/>\n<h4>Paketti sis\u00e4lt\u00e4\u00e4:<\/h4>\n<ul>\n<li>1 x <strong>Delfi DS150 Bluetooth monimerkkiskanneri (korkealaatuinen klooni)<\/strong><\/li>\n<li>1 x <strong>USB-kaapeli<\/strong><\/li>\n<li>1 x <strong>Autot ja kuorma-autot 2021 Lataa Linkki<\/strong><\/li>\n<li>1 x <strong>Yksityiskohtainen asennusopas<\/strong><\/li>\n<\/ul>\n<p><strong>8 auton kaapelit Combo:\u00a0<\/strong><\/p>\n<ul>\n<li data-start=\"67\" data-end=\"175\"><strong data-start=\"70\" data-end=\"90\">PSA 30-PIN-kaapeli<\/strong> \u2192 varten <strong data-start=\"97\" data-end=\"108\">Peugeot<\/strong> ja <strong data-start=\"113\" data-end=\"124\" data-is-only-node=\"\">Citro\u00ebn<\/strong> ajoneuvot, joissa on <strong data-start=\"141\" data-end=\"151\">30-nastainen<\/strong> diagnostinen liitin.<\/li>\n<li data-start=\"176\" data-end=\"286\"><strong data-start=\"179\" data-end=\"198\">PSA 2-PIN-kaapeli<\/strong> \u2192 varten <strong data-start=\"205\" data-end=\"216\">Peugeot<\/strong> ja <strong data-start=\"221\" data-end=\"232\" data-is-only-node=\"\">Citro\u00ebn<\/strong> vanhemmat mallit, joissa on <strong data-start=\"253\" data-end=\"262\">2-nastainen<\/strong> diagnostinen liitin.<\/li>\n<li data-start=\"287\" data-end=\"390\"><strong data-start=\"290\" data-end=\"318\">Audi 2-PIN + 2-PIN kaapeli<\/strong> \u2192 varten <strong data-start=\"325\" data-end=\"339\">vanhempi Audi<\/strong> ajoneuvot, jotka k\u00e4ytt\u00e4v\u00e4t <strong data-start=\"357\" data-end=\"371\" data-is-only-node=\"\">kaksi 2-nastaista<\/strong> liittimen asennus.<\/li>\n<li data-start=\"391\" data-end=\"503\"><strong data-start=\"394\" data-end=\"424\">Mercedes-Benz 38-nastainen kaapeli<\/strong> \u2192 varten <strong data-start=\"431\" data-end=\"448\">Mercedes-Benz<\/strong> mallit, joissa on <strong data-start=\"463\" data-end=\"479\" data-is-only-node=\"\">38-nastainen py\u00f6re\u00e4<\/strong> diagnostinen liitin.<\/li>\n<li data-start=\"504\" data-end=\"620\"><strong data-start=\"507\" data-end=\"527\">BMW 20-PIN kaapeli<\/strong> \u2192 varten <strong data-start=\"534\" data-end=\"541\">BMW<\/strong> ajoneuvot, joissa on <strong data-start=\"558\" data-end=\"574\" data-is-only-node=\"\">20-nastainen py\u00f6re\u00e4<\/strong> diagnostiikkaportti, tyypillisesti ennen vuotta 2001 valmistetut mallit.<\/li>\n<li data-start=\"621\" data-end=\"711\"><strong data-start=\"624\" data-end=\"645\">Opel 10-PIN-kaapeli<\/strong> \u2192 varten <strong data-start=\"652\" data-end=\"660\">Opel<\/strong> ajoneuvot, joissa on <strong data-start=\"677\" data-end=\"687\" data-is-only-node=\"\">10-nastainen<\/strong> diagnostinen liitin.<\/li>\n<li data-start=\"712\" data-end=\"827\"><strong data-start=\"715\" data-end=\"735\">Fiat 3-PIN-kaapeli<\/strong> \u2192 varten <strong data-start=\"742\" data-end=\"750\">Fiat<\/strong> ajoneuvot, joissa on <strong data-start=\"767\" data-end=\"776\" data-is-only-node=\"\">3-nastainen<\/strong> diagnostiikkaportti, joka l\u00f6ytyy yleisesti vanhemmista malleista<\/li>\n<li data-start=\"712\" data-end=\"827\"><strong>Virtajohto<\/strong><\/li>\n<\/ul>\n<p><strong>8 kuorma-auton kaapelit Combo:<\/strong><\/p>\n<ul>\n<li data-start=\"56\" data-end=\"139\"><strong data-start=\"59\" data-end=\"94\">Knorr-Wabco 7-nastainen per\u00e4vaunukaapeli<\/strong> \u2192 varten <strong data-start=\"101\" data-end=\"116\">Knorr-Wabco<\/strong> per\u00e4vaunun diagnostiikka.<\/li>\n<li data-start=\"140\" data-end=\"226\"><strong data-start=\"143\" data-end=\"163\">MAN 12-nastainen kaapeli<\/strong> \u2192 varten <strong data-start=\"170\" data-end=\"177\">MAN<\/strong> kuorma-autot, joissa on <strong data-start=\"192\" data-end=\"202\" data-is-only-node=\"\">12-nastainen<\/strong> diagnostinen liitin.<\/li>\n<li data-start=\"227\" data-end=\"313\"><strong data-start=\"230\" data-end=\"250\">MAN 37-nastainen kaapeli<\/strong> \u2192 varten <strong data-start=\"257\" data-end=\"264\">MAN<\/strong> kuorma-autot, joissa on <strong data-start=\"279\" data-end=\"289\" data-is-only-node=\"\">37-nastainen<\/strong> diagnostinen liitin.<\/li>\n<li data-start=\"314\" data-end=\"406\"><strong data-start=\"317\" data-end=\"339\">IVECO 30-nastainen kaapeli<\/strong> \u2192 varten <strong data-start=\"346\" data-end=\"355\">IVECO<\/strong> ajoneuvot, joissa on <strong data-start=\"372\" data-end=\"382\" data-is-only-node=\"\">30-nastainen<\/strong> diagnostinen liitin.<\/li>\n<li data-start=\"407\" data-end=\"499\"><strong data-start=\"410\" data-end=\"433\">Scania 16-PIN-kaapeli<\/strong> \u2192 varten <strong data-start=\"440\" data-end=\"450\">Scania<\/strong> kuorma-autot, joissa on <strong data-start=\"465\" data-end=\"475\" data-is-only-node=\"\">16-nastainen<\/strong> diagnostinen liitin.<\/li>\n<li data-start=\"500\" data-end=\"606\"><strong data-start=\"503\" data-end=\"533\">Mercedes-Benz 14-nastainen kaapeli<\/strong> \u2192 varten <strong data-start=\"540\" data-end=\"557\">Mercedes-Benz<\/strong> kuorma-autot, joissa on <strong data-start=\"572\" data-end=\"582\" data-is-only-node=\"\">14-nastainen<\/strong> diagnostinen liitin.<\/li>\n<li data-start=\"607\" data-end=\"701\"><strong data-start=\"610\" data-end=\"634\">Renault 12-pinninen kaapeli<\/strong> \u2192 varten <strong data-start=\"641\" data-end=\"652\">Renault<\/strong> kuorma-autot, joissa on <strong data-start=\"667\" data-end=\"677\" data-is-only-node=\"\">12-nastainen<\/strong> diagnostinen liitin.<\/li>\n<li data-start=\"702\" data-end=\"791\"><strong data-start=\"705\" data-end=\"726\">Volvo 8-PIN-kaapeli<\/strong> \u2192 varten <strong data-start=\"733\" data-end=\"742\">Volvo<\/strong> kuorma-autot, joissa on <strong data-start=\"758\" data-end=\"767\" data-is-only-node=\"\">8-nastainen<\/strong> diagnostinen liitin.<\/li>\n<\/ul>\n<h4>Mukana videoasennusopas!<\/h4>","protected":false},"excerpt":{"rendered":"<div class=\"flex-shrink-0 flex flex-col relative items-end\">\n<div>\n<div class=\"pt-0\">\n<div class=\"gizmo-bot-avatar flex h-8 w-8 items-center justify-center overflow-hidden rounded-full\"><span style=\"font-size: 16px;\">T\u00e4m\u00e4n ty\u00f6kalun avulla voit lukea ja poistaa sek\u00e4 yleisi\u00e4 ett\u00e4 valmistajakohtaisia vikakoodeja ja tehd\u00e4 tarkkaa diagnostiikkaa. Se n\u00e4ytt\u00e4\u00e4 reaaliaikaiset anturitiedot ja tukee ECU-ohjelmointia tietyiss\u00e4 malleissa. Voit suorittaa \u00f6ljyn, jarrujen ym. huollon nollauksia ja aktivoida komponentteja, kuten polttoainesuuttimia, pumppuja ja tuulettimia, testausta varten.<\/span><\/div>\n<\/div>\n<\/div>\n<\/div>","protected":false},"featured_media":6914,"comment_status":"open","ping_status":"closed","template":"","meta":{"_uag_custom_page_level_css":"","site-sidebar-layout":"default","site-content-layout":"","ast-site-content-layout":"default","site-content-style":"default","site-sidebar-style":"default","ast-global-header-display":"","ast-banner-title-visibility":"","ast-main-header-display":"","ast-hfb-above-header-display":"","ast-hfb-below-header-display":"","ast-hfb-mobile-header-display":"","site-post-title":"","ast-breadcrumbs-content":"","ast-featured-img":"","footer-sml-layout":"","ast-disable-related-posts":"","theme-transparent-header-meta":"default","adv-header-id-meta":"","stick-header-meta":"","header-above-stick-meta":"","header-main-stick-meta":"","header-below-stick-meta":"","astra-migrate-meta-layouts":"set","ast-page-background-enabled":"default","ast-page-background-meta":{"desktop":{"background-color":"","background-image":"","background-repeat":"repeat","background-position":"center center","background-size":"auto","background-attachment":"scroll","background-type":"","background-media":"","overlay-type":"","overlay-color":"","overlay-opacity":"","overlay-gradient":""},"tablet":{"background-color":"","background-image":"","background-repeat":"repeat","background-position":"center center","background-size":"auto","background-attachment":"scroll","background-type":"","background-media":"","overlay-type":"","overlay-color":"","overlay-opacity":"","overlay-gradient":""},"mobile":{"background-color":"","background-image":"","background-repeat":"repeat","background-position":"center center","background-size":"auto","background-attachment":"scroll","background-type":"","background-media":"","overlay-type":"","overlay-color":"","overlay-opacity":"","overlay-gradient":""}},"ast-content-background-meta":{"desktop":{"background-color":"var(--ast-global-color-5)","background-image":"","background-repeat":"repeat","background-position":"center center","background-size":"auto","background-attachment":"scroll","background-type":"","background-media":"","overlay-type":"","overlay-color":"","overlay-opacity":"","overlay-gradient":""},"tablet":{"background-color":"var(--ast-global-color-5)","background-image":"","background-repeat":"repeat","background-position":"center center","background-size":"auto","background-attachment":"scroll","background-type":"","background-media":"","overlay-type":"","overlay-color":"","overlay-opacity":"","overlay-gradient":""},"mobile":{"background-color":"var(--ast-global-color-5)","background-image":"","background-repeat":"repeat","background-position":"center center","background-size":"auto","background-attachment":"scroll","background-type":"","background-media":"","overlay-type":"","overlay-color":"","overlay-opacity":"","overlay-gradient":""}}},"product_brand":[],"product_cat":[70],"product_tag":[],"class_list":{"0":"post-3071","1":"product","2":"type-product","3":"status-publish","4":"has-post-thumbnail","6":"product_cat-diagnostic-tools","7":"desktop-align-left","8":"tablet-align-left","9":"mobile-align-left","10":"ast-product-gallery-layout-horizontal-slider","11":"ast-product-single-variable","12":"ast-product-tabs-layout-horizontal","14":"first","15":"instock","16":"sale","17":"shipping-taxable","18":"purchasable","19":"product-type-variable","20":"has-default-attributes"},"aioseo_notices":[],"uagb_featured_image_src":{"full":["https:\/\/speedxperts.com\/wp-content\/uploads\/2025\/08\/Diag-Main-Photo-1.png",1080,1080,false],"thumbnail":["https:\/\/speedxperts.com\/wp-content\/uploads\/2025\/08\/Diag-Main-Photo-1-150x150.png",150,150,true],"medium":["https:\/\/speedxperts.com\/wp-content\/uploads\/2025\/08\/Diag-Main-Photo-1-300x300.png",300,300,true],"medium_large":["https:\/\/speedxperts.com\/wp-content\/uploads\/2025\/08\/Diag-Main-Photo-1-768x768.png",768,768,true],"large":["https:\/\/speedxperts.com\/wp-content\/uploads\/2025\/08\/Diag-Main-Photo-1-1024x1024.png",1024,1024,true],"1536x1536":["https:\/\/speedxperts.com\/wp-content\/uploads\/2025\/08\/Diag-Main-Photo-1.png",1080,1080,false],"2048x2048":["https:\/\/speedxperts.com\/wp-content\/uploads\/2025\/08\/Diag-Main-Photo-1.png",1080,1080,false],"trp-custom-language-flag":["https:\/\/speedxperts.com\/wp-content\/uploads\/2025\/08\/Diag-Main-Photo-1-12x12.png",12,12,true],"woocommerce_thumbnail":["https:\/\/speedxperts.com\/wp-content\/uploads\/2025\/08\/Diag-Main-Photo-1-300x300.png",300,300,true],"woocommerce_single":["https:\/\/speedxperts.com\/wp-content\/uploads\/2025\/08\/Diag-Main-Photo-1-600x600.png",600,600,true],"woocommerce_gallery_thumbnail":["https:\/\/speedxperts.com\/wp-content\/uploads\/2025\/08\/Diag-Main-Photo-1-100x100.png",100,100,true]},"uagb_author_info":{"display_name":"Sebastian","author_link":"https:\/\/speedxperts.com\/fi\/author\/"},"uagb_comment_info":14,"uagb_excerpt":"This tool allows you to read and clear both general and manufacturer-specific fault codes, providing accurate diagnostics. It displays real-time sensor data and supports ECU programming for select models. You can perform service resets for oil, brakes, and more, and also activate components like fuel injectors, pumps, and fans for testing.","jetpack_sharing_enabled":true,"_links":{"self":[{"href":"https:\/\/speedxperts.com\/fi\/wp-json\/wp\/v2\/product\/3071","targetHints":{"allow":["GET"]}}],"collection":[{"href":"https:\/\/speedxperts.com\/fi\/wp-json\/wp\/v2\/product"}],"about":[{"href":"https:\/\/speedxperts.com\/fi\/wp-json\/wp\/v2\/types\/product"}],"replies":[{"embeddable":true,"href":"https:\/\/speedxperts.com\/fi\/wp-json\/wp\/v2\/comments?post=3071"}],"wp:featuredmedia":[{"embeddable":true,"href":"https:\/\/speedxperts.com\/fi\/wp-json\/wp\/v2\/media\/6914"}],"wp:attachment":[{"href":"https:\/\/speedxperts.com\/fi\/wp-json\/wp\/v2\/media?parent=3071"}],"wp:term":[{"taxonomy":"product_brand","embeddable":true,"href":"https:\/\/speedxperts.com\/fi\/wp-json\/wp\/v2\/product_brand?post=3071"},{"taxonomy":"product_cat","embeddable":true,"href":"https:\/\/speedxperts.com\/fi\/wp-json\/wp\/v2\/product_cat?post=3071"},{"taxonomy":"product_tag","embeddable":true,"href":"https:\/\/speedxperts.com\/fi\/wp-json\/wp\/v2\/product_tag?post=3071"}],"curies":[{"name":"wp","href":"https:\/\/api.w.org\/{rel}","templated":true}]}}