{"id":3278,"date":"2024-10-23T11:33:52","date_gmt":"2024-10-23T11:33:52","guid":{"rendered":"https:\/\/speedxperts.com\/product\/universal-portable-non-slip-sturdy-car-wheel-anti-skid-pad-non-slip-emergency-tire-traction-mat-plate-for-snow-mud-ice-sand\/"},"modified":"2025-01-31T11:40:33","modified_gmt":"2025-01-31T10:40:33","slug":"universaali-kannettava-luistamaton-tukeva-auton-pyoran-luistonesto-pad-luistamaton-hata-renkaan-vetomatto-matto-levy-lumi-muta-jaa-hiekka","status":"publish","type":"product","link":"https:\/\/speedxperts.com\/fi\/tuote\/universaali-kannettava-luistamaton-tukeva-auton-pyoran-luistonesto-pad-luistamaton-hata-renkaan-vetomatto-matto-levy-lumi-muta-jaa-hiekka\/","title":{"rendered":"Yleisk\u00e4ytt\u00f6inen kannettava liukastumisenestotyyny"},"content":{"rendered":"<p><strong>Tuotteen ominaisuudet:<\/strong><\/p>\n<ol>\n<li><strong>Monik\u00e4ytt\u00f6inen k\u00e4ytt\u00f6:<\/strong> Suunniteltu lumeen, mutaan, l\u00e4t\u00e4k\u00f6ihin ja hiekkaan.<\/li>\n<li><strong>Kompakti koko:<\/strong> Tilaa s\u00e4\u00e4st\u00e4v\u00e4 ja helppo kuljettaa autossa.<\/li>\n<li><strong>Kaksik\u00e4ytt\u00f6inen:<\/strong> Toimii sek\u00e4 liukuesteen\u00e4 ett\u00e4 lumilapiona, jossa on kahva ja lapion p\u00e4\u00e4.<\/li>\n<\/ol>\n<p><strong>Tekniset tiedot:<\/strong><\/p>\n<ul>\n<li><strong>V\u00e4ri:<\/strong> Musta<\/li>\n<li><strong>Koko:<\/strong> 32.5 x 15 x 2.5cm \/ 12.8 x 5.91 x 0.98\u2033.<\/li>\n<li><strong>Materiaali:<\/strong> ABS<\/li>\n<li><strong>Paino:<\/strong> Net:  450g<\/li>\n<li><strong>Yhteensopivuus:<\/strong> Universal useimpiin automalleihin<\/li>\n<\/ul>\n<p>Pysy turvallisena ja omatoimisena ajomatkoilla t\u00e4m\u00e4n v\u00e4ltt\u00e4m\u00e4tt\u00f6m\u00e4n autoty\u00f6kalun avulla!<\/p>\n<p>&nbsp;<\/p>","protected":false},"excerpt":{"rendered":"<p>Varaudu vaikeisiin ajo-olosuhteisiin t\u00e4m\u00e4n monipuolisen liukuesteen avulla. T\u00e4m\u00e4 pienikokoinen, tilaa s\u00e4\u00e4st\u00e4v\u00e4 ty\u00f6kalu sopii k\u00e4ytett\u00e4v\u00e4ksi lumessa, mudassa, l\u00e4t\u00e4k\u00f6iss\u00e4 ja hiekassa, ja se toimii my\u00f6s lumilapiona, mik\u00e4 tekee siit\u00e4 v\u00e4ltt\u00e4m\u00e4tt\u00f6m\u00e4n tarvikkeen tien p\u00e4\u00e4ll\u00e4 tapahtuvissa h\u00e4t\u00e4tilanteissa.<\/p>","protected":false},"featured_media":3260,"comment_status":"open","ping_status":"closed","template":"","meta":{"_uag_custom_page_level_css":"","site-sidebar-layout":"default","site-content-layout":"","ast-site-content-layout":"default","site-content-style":"default","site-sidebar-style":"default","ast-global-header-display":"","ast-banner-title-visibility":"","ast-main-header-display":"","ast-hfb-above-header-display":"","ast-hfb-below-header-display":"","ast-hfb-mobile-header-display":"","site-post-title":"","ast-breadcrumbs-content":"","ast-featured-img":"","footer-sml-layout":"","theme-transparent-header-meta":"default","adv-header-id-meta":"","stick-header-meta":"","header-above-stick-meta":"","header-main-stick-meta":"","header-below-stick-meta":"","astra-migrate-meta-layouts":"set","ast-page-background-enabled":"default","ast-page-background-meta":{"desktop":{"background-color":"","background-image":"","background-repeat":"repeat","background-position":"center center","background-size":"auto","background-attachment":"scroll","background-type":"","background-media":"","overlay-type":"","overlay-color":"","overlay-opacity":"","overlay-gradient":""},"tablet":{"background-color":"","background-image":"","background-repeat":"repeat","background-position":"center center","background-size":"auto","background-attachment":"scroll","background-type":"","background-media":"","overlay-type":"","overlay-color":"","overlay-opacity":"","overlay-gradient":""},"mobile":{"background-color":"","background-image":"","background-repeat":"repeat","background-position":"center center","background-size":"auto","background-attachment":"scroll","background-type":"","background-media":"","overlay-type":"","overlay-color":"","overlay-opacity":"","overlay-gradient":""}},"ast-content-background-meta":{"desktop":{"background-color":"var(--ast-global-color-5)","background-image":"","background-repeat":"repeat","background-position":"center center","background-size":"auto","background-attachment":"scroll","background-type":"","background-media":"","overlay-type":"","overlay-color":"","overlay-opacity":"","overlay-gradient":""},"tablet":{"background-color":"var(--ast-global-color-5)","background-image":"","background-repeat":"repeat","background-position":"center center","background-size":"auto","background-attachment":"scroll","background-type":"","background-media":"","overlay-type":"","overlay-color":"","overlay-opacity":"","overlay-gradient":""},"mobile":{"background-color":"var(--ast-global-color-5)","background-image":"","background-repeat":"repeat","background-position":"center center","background-size":"auto","background-attachment":"scroll","background-type":"","background-media":"","overlay-type":"","overlay-color":"","overlay-opacity":"","overlay-gradient":""}}},"product_brand":[],"product_cat":[227],"product_tag":[],"class_list":{"0":"post-3278","1":"product","2":"type-product","3":"status-publish","4":"has-post-thumbnail","6":"product_cat-winter-accessories","7":"desktop-align-left","8":"tablet-align-left","9":"mobile-align-left","10":"ast-product-gallery-layout-horizontal-slider","11":"ast-product-tabs-layout-horizontal","13":"first","14":"instock","15":"sale","16":"shipping-taxable","17":"purchasable","18":"product-type-simple"},"aioseo_notices":[],"uagb_featured_image_src":{"full":["https:\/\/speedxperts.com\/wp-content\/uploads\/2024\/10\/S1ab274240aa942a3b0bc97bbdb94725aK.webp",800,800,false],"thumbnail":["https:\/\/speedxperts.com\/wp-content\/uploads\/2024\/10\/S1ab274240aa942a3b0bc97bbdb94725aK-150x150.webp",150,150,true],"medium":["https:\/\/speedxperts.com\/wp-content\/uploads\/2024\/10\/S1ab274240aa942a3b0bc97bbdb94725aK-300x300.webp",300,300,true],"medium_large":["https:\/\/speedxperts.com\/wp-content\/uploads\/2024\/10\/S1ab274240aa942a3b0bc97bbdb94725aK-768x768.webp",768,768,true],"large":["https:\/\/speedxperts.com\/wp-content\/uploads\/2024\/10\/S1ab274240aa942a3b0bc97bbdb94725aK.webp",800,800,false],"1536x1536":["https:\/\/speedxperts.com\/wp-content\/uploads\/2024\/10\/S1ab274240aa942a3b0bc97bbdb94725aK.webp",800,800,false],"2048x2048":["https:\/\/speedxperts.com\/wp-content\/uploads\/2024\/10\/S1ab274240aa942a3b0bc97bbdb94725aK.webp",800,800,false],"trp-custom-language-flag":["https:\/\/speedxperts.com\/wp-content\/uploads\/2024\/10\/S1ab274240aa942a3b0bc97bbdb94725aK-12x12.webp",12,12,true],"woocommerce_thumbnail":["https:\/\/speedxperts.com\/wp-content\/uploads\/2024\/10\/S1ab274240aa942a3b0bc97bbdb94725aK-300x300.webp",300,300,true],"woocommerce_single":["https:\/\/speedxperts.com\/wp-content\/uploads\/2024\/10\/S1ab274240aa942a3b0bc97bbdb94725aK-600x600.webp",600,600,true],"woocommerce_gallery_thumbnail":["https:\/\/speedxperts.com\/wp-content\/uploads\/2024\/10\/S1ab274240aa942a3b0bc97bbdb94725aK-100x100.webp",100,100,true]},"uagb_author_info":{"display_name":"Sebastian","author_link":"https:\/\/speedxperts.com\/fi\/author\/"},"uagb_comment_info":0,"uagb_excerpt":"Be prepared for tough driving conditions with this versatile anti-skid pad. Ideal for use in snow, mud, puddles, and sand, this compact, space-saving tool also doubles as a snow shovel, making it an essential item for emergency situations on the road.","jetpack_sharing_enabled":true,"_links":{"self":[{"href":"https:\/\/speedxperts.com\/fi\/wp-json\/wp\/v2\/product\/3278","targetHints":{"allow":["GET"]}}],"collection":[{"href":"https:\/\/speedxperts.com\/fi\/wp-json\/wp\/v2\/product"}],"about":[{"href":"https:\/\/speedxperts.com\/fi\/wp-json\/wp\/v2\/types\/product"}],"replies":[{"embeddable":true,"href":"https:\/\/speedxperts.com\/fi\/wp-json\/wp\/v2\/comments?post=3278"}],"wp:featuredmedia":[{"embeddable":true,"href":"https:\/\/speedxperts.com\/fi\/wp-json\/wp\/v2\/media\/3260"}],"wp:attachment":[{"href":"https:\/\/speedxperts.com\/fi\/wp-json\/wp\/v2\/media?parent=3278"}],"wp:term":[{"taxonomy":"product_brand","embeddable":true,"href":"https:\/\/speedxperts.com\/fi\/wp-json\/wp\/v2\/product_brand?post=3278"},{"taxonomy":"product_cat","embeddable":true,"href":"https:\/\/speedxperts.com\/fi\/wp-json\/wp\/v2\/product_cat?post=3278"},{"taxonomy":"product_tag","embeddable":true,"href":"https:\/\/speedxperts.com\/fi\/wp-json\/wp\/v2\/product_tag?post=3278"}],"curies":[{"name":"wp","href":"https:\/\/api.w.org\/{rel}","templated":true}]}}