{"id":3290,"date":"2024-10-23T11:34:06","date_gmt":"2024-10-23T11:34:06","guid":{"rendered":"https:\/\/speedxperts.com\/product\/heated-car-seat-cover-car-heating-cushion-winter-heated-seats-car-seat-warmer-12v-seat-cushion-for-back-and-seat\/"},"modified":"2025-11-26T09:12:03","modified_gmt":"2025-11-26T08:12:03","slug":"lammitetty-auton-istuimen-suojus-auton-lammitystyyny-talvi-lammitetyt-istuimet-auton-istuinlammitin-12v-istuintyyny-selkanojaan-ja-istuimelle","status":"publish","type":"product","link":"https:\/\/speedxperts.com\/fi\/tuote\/lammitetty-auton-istuimen-suojus-auton-lammitystyyny-talvi-lammitetyt-istuimet-auton-istuinlammitin-12v-istuintyyny-selkanojaan-ja-istuimelle\/","title":{"rendered":"L\u00e4mmitetty auton istuinsuoja harmaa"},"content":{"rendered":"<p><strong>Tekniset tiedot:<\/strong><\/p>\n<ul>\n<li><strong>V\u00e4rit:<\/strong> Harmaa<\/li>\n<li><strong>Materiaali:<\/strong> Kashmirj\u00e4ljitelm\u00e4 + l\u00e4mmityslanka<\/li>\n<li><strong>Koko:<\/strong> 105 x 50 cm (41,33 x 1,96 tuumaa).<\/li>\n<li><strong>J\u00e4nnite:<\/strong> 12V<\/li>\n<li><strong>Teho:<\/strong> 26W<\/li>\n<li><strong>L\u00e4mp\u00f6tila-alue:<\/strong> 45\u00b0C - 65\u00b0C<\/li>\n<li><strong>Virtal\u00e4hde:<\/strong> Savukkeensytyttimen liit\u00e4nt\u00e4<\/li>\n<\/ul>\n<p><strong>T\u00e4rkeimm\u00e4t ominaisuudet:<\/strong><\/p>\n<ul>\n<li>Nopea l\u00e4mmitys v\u00e4lit\u00f6nt\u00e4 l\u00e4mp\u00f6\u00e4 varten.<\/li>\n<li>Turvallinen istuvuus joustavilla hihnoilla.<\/li>\n<li>Mukava ja pehme\u00e4 materiaali rentouttavaa ajoa varten.<\/li>\n<\/ul>\n<p>T\u00e4m\u00e4 l\u00e4mmitett\u00e4v\u00e4 auton istuintyyny on t\u00e4ydellinen l\u00e4mpim\u00e4n\u00e4 pit\u00e4miseen kylm\u00e4ll\u00e4 s\u00e4\u00e4ll\u00e4, ja se on helppo asentaa ja tarjoaa luotettavaa mukavuutta.<\/p>\n<p>&nbsp;<\/p>","protected":false},"excerpt":{"rendered":"<p>Pysy viihtyis\u00e4n\u00e4 kylmill\u00e4 ajomatkoilla t\u00e4ll\u00e4 12 V:n l\u00e4mmitett\u00e4v\u00e4ll\u00e4 istuintyynyll\u00e4, joka on suunniteltu pehme\u00e4ll\u00e4 kashmirj\u00e4ljitelm\u00e4ll\u00e4 ja l\u00e4mmityslangalla nopeaa ja miellytt\u00e4v\u00e4\u00e4 l\u00e4mp\u00f6\u00e4 varten. Siin\u00e4 on joustavat hihnat turvallista kiinnityst\u00e4 varten, ja se l\u00e4mmitt\u00e4\u00e4 selk\u00e4\u00e4 ja lantiota tehokkaasti.<\/p>","protected":false},"featured_media":3286,"comment_status":"open","ping_status":"closed","template":"","meta":{"_uag_custom_page_level_css":"","site-sidebar-layout":"default","site-content-layout":"","ast-site-content-layout":"default","site-content-style":"default","site-sidebar-style":"default","ast-global-header-display":"","ast-banner-title-visibility":"","ast-main-header-display":"","ast-hfb-above-header-display":"","ast-hfb-below-header-display":"","ast-hfb-mobile-header-display":"","site-post-title":"","ast-breadcrumbs-content":"","ast-featured-img":"","footer-sml-layout":"","ast-disable-related-posts":"","theme-transparent-header-meta":"default","adv-header-id-meta":"","stick-header-meta":"","header-above-stick-meta":"","header-main-stick-meta":"","header-below-stick-meta":"","astra-migrate-meta-layouts":"set","ast-page-background-enabled":"default","ast-page-background-meta":{"desktop":{"background-color":"","background-image":"","background-repeat":"repeat","background-position":"center center","background-size":"auto","background-attachment":"scroll","background-type":"","background-media":"","overlay-type":"","overlay-color":"","overlay-opacity":"","overlay-gradient":""},"tablet":{"background-color":"","background-image":"","background-repeat":"repeat","background-position":"center center","background-size":"auto","background-attachment":"scroll","background-type":"","background-media":"","overlay-type":"","overlay-color":"","overlay-opacity":"","overlay-gradient":""},"mobile":{"background-color":"","background-image":"","background-repeat":"repeat","background-position":"center center","background-size":"auto","background-attachment":"scroll","background-type":"","background-media":"","overlay-type":"","overlay-color":"","overlay-opacity":"","overlay-gradient":""}},"ast-content-background-meta":{"desktop":{"background-color":"var(--ast-global-color-5)","background-image":"","background-repeat":"repeat","background-position":"center center","background-size":"auto","background-attachment":"scroll","background-type":"","background-media":"","overlay-type":"","overlay-color":"","overlay-opacity":"","overlay-gradient":""},"tablet":{"background-color":"var(--ast-global-color-5)","background-image":"","background-repeat":"repeat","background-position":"center center","background-size":"auto","background-attachment":"scroll","background-type":"","background-media":"","overlay-type":"","overlay-color":"","overlay-opacity":"","overlay-gradient":""},"mobile":{"background-color":"var(--ast-global-color-5)","background-image":"","background-repeat":"repeat","background-position":"center center","background-size":"auto","background-attachment":"scroll","background-type":"","background-media":"","overlay-type":"","overlay-color":"","overlay-opacity":"","overlay-gradient":""}}},"product_brand":[],"product_cat":[1074,72,227],"product_tag":[],"class_list":{"0":"post-3290","1":"product","2":"type-product","3":"status-publish","4":"has-post-thumbnail","6":"product_cat-heated-seat-covers","7":"product_cat-interior-accessories","8":"product_cat-winter-accessories","9":"desktop-align-left","10":"tablet-align-left","11":"mobile-align-left","12":"ast-product-gallery-layout-horizontal-slider","13":"ast-product-tabs-layout-horizontal","15":"first","16":"instock","17":"sale","18":"shipping-taxable","19":"purchasable","20":"product-type-simple"},"aioseo_notices":[],"uagb_featured_image_src":{"full":["https:\/\/speedxperts.com\/wp-content\/uploads\/2024\/10\/S84c55530e2c549ccb8da7354438e7c3aC.webp",800,800,false],"thumbnail":["https:\/\/speedxperts.com\/wp-content\/uploads\/2024\/10\/S84c55530e2c549ccb8da7354438e7c3aC-150x150.webp",150,150,true],"medium":["https:\/\/speedxperts.com\/wp-content\/uploads\/2024\/10\/S84c55530e2c549ccb8da7354438e7c3aC-300x300.webp",300,300,true],"medium_large":["https:\/\/speedxperts.com\/wp-content\/uploads\/2024\/10\/S84c55530e2c549ccb8da7354438e7c3aC-768x768.webp",768,768,true],"large":["https:\/\/speedxperts.com\/wp-content\/uploads\/2024\/10\/S84c55530e2c549ccb8da7354438e7c3aC.webp",800,800,false],"1536x1536":["https:\/\/speedxperts.com\/wp-content\/uploads\/2024\/10\/S84c55530e2c549ccb8da7354438e7c3aC.webp",800,800,false],"2048x2048":["https:\/\/speedxperts.com\/wp-content\/uploads\/2024\/10\/S84c55530e2c549ccb8da7354438e7c3aC.webp",800,800,false],"trp-custom-language-flag":["https:\/\/speedxperts.com\/wp-content\/uploads\/2024\/10\/S84c55530e2c549ccb8da7354438e7c3aC-12x12.webp",12,12,true],"woocommerce_thumbnail":["https:\/\/speedxperts.com\/wp-content\/uploads\/2024\/10\/S84c55530e2c549ccb8da7354438e7c3aC-300x300.webp",300,300,true],"woocommerce_single":["https:\/\/speedxperts.com\/wp-content\/uploads\/2024\/10\/S84c55530e2c549ccb8da7354438e7c3aC-600x600.webp",600,600,true],"woocommerce_gallery_thumbnail":["https:\/\/speedxperts.com\/wp-content\/uploads\/2024\/10\/S84c55530e2c549ccb8da7354438e7c3aC-100x100.webp",100,100,true]},"uagb_author_info":{"display_name":"Sebastian","author_link":"https:\/\/speedxperts.com\/fi\/author\/"},"uagb_comment_info":0,"uagb_excerpt":"Stay cozy during cold drives with this 12V heated seat cushion, designed with soft imitation cashmere and heating wire for fast, comfortable warmth. It includes elastic straps for secure attachment and heats your back and hips efficiently.","jetpack_sharing_enabled":true,"_links":{"self":[{"href":"https:\/\/speedxperts.com\/fi\/wp-json\/wp\/v2\/product\/3290","targetHints":{"allow":["GET"]}}],"collection":[{"href":"https:\/\/speedxperts.com\/fi\/wp-json\/wp\/v2\/product"}],"about":[{"href":"https:\/\/speedxperts.com\/fi\/wp-json\/wp\/v2\/types\/product"}],"replies":[{"embeddable":true,"href":"https:\/\/speedxperts.com\/fi\/wp-json\/wp\/v2\/comments?post=3290"}],"wp:featuredmedia":[{"embeddable":true,"href":"https:\/\/speedxperts.com\/fi\/wp-json\/wp\/v2\/media\/3286"}],"wp:attachment":[{"href":"https:\/\/speedxperts.com\/fi\/wp-json\/wp\/v2\/media?parent=3290"}],"wp:term":[{"taxonomy":"product_brand","embeddable":true,"href":"https:\/\/speedxperts.com\/fi\/wp-json\/wp\/v2\/product_brand?post=3290"},{"taxonomy":"product_cat","embeddable":true,"href":"https:\/\/speedxperts.com\/fi\/wp-json\/wp\/v2\/product_cat?post=3290"},{"taxonomy":"product_tag","embeddable":true,"href":"https:\/\/speedxperts.com\/fi\/wp-json\/wp\/v2\/product_tag?post=3290"}],"curies":[{"name":"wp","href":"https:\/\/api.w.org\/{rel}","templated":true}]}}