{"id":3332,"date":"2024-10-23T11:34:51","date_gmt":"2024-10-23T11:34:51","guid":{"rendered":"https:\/\/speedxperts.com\/product\/car-valve-cap-with-tire-pressure-indicator\/"},"modified":"2025-01-31T11:40:40","modified_gmt":"2025-01-31T10:40:40","slug":"auton-venttiilikorkki-jossa-on-rengaspaineen-ilmaisin","status":"publish","type":"product","link":"https:\/\/speedxperts.com\/fi\/tuote\/auton-venttiilikorkki-jossa-on-rengaspaineen-ilmaisin\/","title":{"rendered":"Auton venttiilikorkki, jossa on rengaspaineen ilmaisin"},"content":{"rendered":"<p><strong>T\u00e4rkeimm\u00e4t ominaisuudet:<\/strong><\/p>\n<ul>\n<li><strong>Reaaliaikainen seuranta:<\/strong> Selke\u00e4 ikkuna n\u00e4ytt\u00e4\u00e4 rengaspainepoikkeamat v\u00e4litt\u00f6m\u00e4sti.<\/li>\n<li><strong>Kest\u00e4v\u00e4 muotoilu:<\/strong> Valmistettu kest\u00e4m\u00e4\u00e4n p\u00e4ivitt\u00e4ist\u00e4 k\u00e4ytt\u00f6\u00e4 ja rakennettu pitk\u00e4ik\u00e4ist\u00e4 suorituskyky\u00e4 varten.<\/li>\n<li><strong>Kevyt ja kannettava:<\/strong> Kompakti ja helppo kuljettaa tai s\u00e4ilytt\u00e4\u00e4.<\/li>\n<li><strong>Parannettu turvallisuus:<\/strong> Auttaa yll\u00e4pit\u00e4m\u00e4\u00e4n oikean rengaspaineen, v\u00e4hent\u00e4\u00e4 kulumista ja pident\u00e4\u00e4 renkaiden k\u00e4ytt\u00f6ik\u00e4\u00e4.<\/li>\n<\/ul>\n<p><strong>Tekniset tiedot:<\/strong><\/p>\n<ul>\n<li><strong>Paino:<\/strong> 35 g per 4 venttiilin korkin sarja<\/li>\n<li><strong>V\u00e4ri:<\/strong> Kuten kuvissa n\u00e4kyy<\/li>\n<li><strong>Yhteensopivuus:<\/strong> Sopii autoihin ja moottoripy\u00f6riin<\/li>\n<\/ul>\n<p><strong>Paketti sis\u00e4lt\u00e4\u00e4:<\/strong><\/p>\n<ul>\n<li>2 tai 4 venttiilin korkkia (valinnasta riippuen)<\/li>\n<\/ul>\n<p>&nbsp;<\/p>","protected":false},"excerpt":{"rendered":"<p>Pid\u00e4 renkaasi turvassa ja pidenn\u00e4 niiden k\u00e4ytt\u00f6ik\u00e4\u00e4 t\u00e4ll\u00e4 auton venttiilikorkilla, jossa on rengaspaineen ilmaisin. T\u00e4m\u00e4 kevyeksi, kest\u00e4v\u00e4ksi ja eritt\u00e4in k\u00e4yt\u00e4nn\u00f6lliseksi suunniteltu k\u00e4tev\u00e4 lis\u00e4varuste tarjoaa reaaliaikaisen rengaspaineen seurannan kirkkaan l\u00e4pin\u00e4kyv\u00e4n ikkunan kautta. Sen avulla voit helposti havaita ep\u00e4normaalin paineen, mik\u00e4 varmistaa renkaiden optimaalisen suorituskyvyn ja v\u00e4hent\u00e4\u00e4 kulumista.<\/p>","protected":false},"featured_media":3317,"comment_status":"open","ping_status":"closed","template":"","meta":{"_uag_custom_page_level_css":"","site-sidebar-layout":"default","site-content-layout":"","ast-site-content-layout":"default","site-content-style":"default","site-sidebar-style":"default","ast-global-header-display":"","ast-banner-title-visibility":"","ast-main-header-display":"","ast-hfb-above-header-display":"","ast-hfb-below-header-display":"","ast-hfb-mobile-header-display":"","site-post-title":"","ast-breadcrumbs-content":"","ast-featured-img":"","footer-sml-layout":"","ast-disable-related-posts":"","theme-transparent-header-meta":"default","adv-header-id-meta":"","stick-header-meta":"","header-above-stick-meta":"","header-main-stick-meta":"","header-below-stick-meta":"","astra-migrate-meta-layouts":"set","ast-page-background-enabled":"default","ast-page-background-meta":{"desktop":{"background-color":"","background-image":"","background-repeat":"repeat","background-position":"center center","background-size":"auto","background-attachment":"scroll","background-type":"","background-media":"","overlay-type":"","overlay-color":"","overlay-opacity":"","overlay-gradient":""},"tablet":{"background-color":"","background-image":"","background-repeat":"repeat","background-position":"center center","background-size":"auto","background-attachment":"scroll","background-type":"","background-media":"","overlay-type":"","overlay-color":"","overlay-opacity":"","overlay-gradient":""},"mobile":{"background-color":"","background-image":"","background-repeat":"repeat","background-position":"center center","background-size":"auto","background-attachment":"scroll","background-type":"","background-media":"","overlay-type":"","overlay-color":"","overlay-opacity":"","overlay-gradient":""}},"ast-content-background-meta":{"desktop":{"background-color":"var(--ast-global-color-5)","background-image":"","background-repeat":"repeat","background-position":"center center","background-size":"auto","background-attachment":"scroll","background-type":"","background-media":"","overlay-type":"","overlay-color":"","overlay-opacity":"","overlay-gradient":""},"tablet":{"background-color":"var(--ast-global-color-5)","background-image":"","background-repeat":"repeat","background-position":"center center","background-size":"auto","background-attachment":"scroll","background-type":"","background-media":"","overlay-type":"","overlay-color":"","overlay-opacity":"","overlay-gradient":""},"mobile":{"background-color":"var(--ast-global-color-5)","background-image":"","background-repeat":"repeat","background-position":"center center","background-size":"auto","background-attachment":"scroll","background-type":"","background-media":"","overlay-type":"","overlay-color":"","overlay-opacity":"","overlay-gradient":""}}},"product_brand":[],"product_cat":[73],"product_tag":[],"class_list":{"0":"post-3332","1":"product","2":"type-product","3":"status-publish","4":"has-post-thumbnail","6":"product_cat-accessories","7":"desktop-align-left","8":"tablet-align-left","9":"mobile-align-left","10":"ast-product-gallery-layout-horizontal-slider","11":"ast-product-single-variable","12":"ast-product-tabs-layout-horizontal","14":"first","15":"instock","16":"shipping-taxable","17":"purchasable","18":"product-type-variable"},"aioseo_notices":[],"uagb_featured_image_src":{"full":["https:\/\/speedxperts.com\/wp-content\/uploads\/2024\/10\/Sea809f372a4042c3b04416840548676aa.webp",800,800,false],"thumbnail":["https:\/\/speedxperts.com\/wp-content\/uploads\/2024\/10\/Sea809f372a4042c3b04416840548676aa-150x150.webp",150,150,true],"medium":["https:\/\/speedxperts.com\/wp-content\/uploads\/2024\/10\/Sea809f372a4042c3b04416840548676aa-300x300.webp",300,300,true],"medium_large":["https:\/\/speedxperts.com\/wp-content\/uploads\/2024\/10\/Sea809f372a4042c3b04416840548676aa-768x768.webp",768,768,true],"large":["https:\/\/speedxperts.com\/wp-content\/uploads\/2024\/10\/Sea809f372a4042c3b04416840548676aa.webp",800,800,false],"1536x1536":["https:\/\/speedxperts.com\/wp-content\/uploads\/2024\/10\/Sea809f372a4042c3b04416840548676aa.webp",800,800,false],"2048x2048":["https:\/\/speedxperts.com\/wp-content\/uploads\/2024\/10\/Sea809f372a4042c3b04416840548676aa.webp",800,800,false],"trp-custom-language-flag":["https:\/\/speedxperts.com\/wp-content\/uploads\/2024\/10\/Sea809f372a4042c3b04416840548676aa-12x12.webp",12,12,true],"woocommerce_thumbnail":["https:\/\/speedxperts.com\/wp-content\/uploads\/2024\/10\/Sea809f372a4042c3b04416840548676aa-300x300.webp",300,300,true],"woocommerce_single":["https:\/\/speedxperts.com\/wp-content\/uploads\/2024\/10\/Sea809f372a4042c3b04416840548676aa-600x600.webp",600,600,true],"woocommerce_gallery_thumbnail":["https:\/\/speedxperts.com\/wp-content\/uploads\/2024\/10\/Sea809f372a4042c3b04416840548676aa-100x100.webp",100,100,true]},"uagb_author_info":{"display_name":"Sebastian","author_link":"https:\/\/speedxperts.com\/fi\/author\/"},"uagb_comment_info":0,"uagb_excerpt":"Keep your tires safe and prolong their life with this Car Valve Cap with Tire Pressure Indicator. Designed to be lightweight, durable, and highly practical, this handy accessory provides real-time tire pressure monitoring through a clear transparent window. It allows you to easily spot any abnormal pressure, ensuring optimal tire performance and reducing wear.","jetpack_sharing_enabled":true,"_links":{"self":[{"href":"https:\/\/speedxperts.com\/fi\/wp-json\/wp\/v2\/product\/3332","targetHints":{"allow":["GET"]}}],"collection":[{"href":"https:\/\/speedxperts.com\/fi\/wp-json\/wp\/v2\/product"}],"about":[{"href":"https:\/\/speedxperts.com\/fi\/wp-json\/wp\/v2\/types\/product"}],"replies":[{"embeddable":true,"href":"https:\/\/speedxperts.com\/fi\/wp-json\/wp\/v2\/comments?post=3332"}],"wp:featuredmedia":[{"embeddable":true,"href":"https:\/\/speedxperts.com\/fi\/wp-json\/wp\/v2\/media\/3317"}],"wp:attachment":[{"href":"https:\/\/speedxperts.com\/fi\/wp-json\/wp\/v2\/media?parent=3332"}],"wp:term":[{"taxonomy":"product_brand","embeddable":true,"href":"https:\/\/speedxperts.com\/fi\/wp-json\/wp\/v2\/product_brand?post=3332"},{"taxonomy":"product_cat","embeddable":true,"href":"https:\/\/speedxperts.com\/fi\/wp-json\/wp\/v2\/product_cat?post=3332"},{"taxonomy":"product_tag","embeddable":true,"href":"https:\/\/speedxperts.com\/fi\/wp-json\/wp\/v2\/product_tag?post=3332"}],"curies":[{"name":"wp","href":"https:\/\/api.w.org\/{rel}","templated":true}]}}