{"id":3376,"date":"2024-10-23T11:35:22","date_gmt":"2024-10-23T11:35:22","guid":{"rendered":"https:\/\/speedxperts.com\/product\/heated-car-seat-cover-premium-brown-cotton\/"},"modified":"2025-11-26T09:11:56","modified_gmt":"2025-11-26T08:11:56","slug":"lammitetty-auton-istuimen-suojus-premium-ruskea-puuvilla","status":"publish","type":"product","link":"https:\/\/speedxperts.com\/fi\/tuote\/lammitetty-auton-istuimen-suojus-premium-ruskea-puuvilla\/","title":{"rendered":"L\u00e4mmitetty auton istuimen kansi Premium Brown Cotton"},"content":{"rendered":"<p>Pysy l\u00e4mpim\u00e4n\u00e4 talvella t\u00e4ll\u00e4 12-24 V:n l\u00e4mmitett\u00e4v\u00e4ll\u00e4 auton istuinsuojalla, joka on suunniteltu l\u00e4mpenem\u00e4\u00e4n nopeasti ja tarjoamaan \u00e4\u00e4rimm\u00e4ist\u00e4 mukavuutta. T\u00e4ss\u00e4 pehme\u00e4st\u00e4 flanellista tai kankaasta valmistetussa istuinsuojuksessa on kolme s\u00e4\u00e4dett\u00e4v\u00e4\u00e4 l\u00e4mp\u00f6asetusta, \u00e4lyk\u00e4s l\u00e4mp\u00f6tilan s\u00e4\u00e4t\u00f6 ja sis\u00e4\u00e4nrakennetut turvaominaisuudet.<\/p>\n<p><strong>Tekniset tiedot:<\/strong><\/p>\n<ul>\n<li><strong>V\u00e4ri:<\/strong> Ruskea<\/li>\n<li><strong>Materiaali:<\/strong> Puuvilla<\/li>\n<li><strong>Sy\u00f6tt\u00f6:<\/strong> 12-24V<\/li>\n<li><strong>Virta-asetukset:<\/strong> 25W (korkea), 20W (keskitaso), 13W (matala).<\/li>\n<\/ul>\n<p><strong>T\u00e4rkeimm\u00e4t ominaisuudet:<\/strong><\/p>\n<ol>\n<li><strong>30 sekunnin l\u00e4mpeneminen:<\/strong> Nauti l\u00e4mm\u00f6st\u00e4 nopeasti \u2162-tilassa, joka l\u00e4mpi\u00e4\u00e4 30 sekunnissa.<\/li>\n<li><strong>\u00c4lyk\u00e4s l\u00e4mp\u00f6tilan s\u00e4\u00e4t\u00f6:<\/strong> Siirtyy automaattisesti keskitilaan 10 minuutin kuluttua mukavuuden ja turvallisuuden vuoksi. Sis\u00e4lt\u00e4\u00e4 50 minuutin automaattisen sammutusajastimen.<\/li>\n<li><strong>Nikkelipohjainen seosl\u00e4mmityslanka:<\/strong> Nopea, tasainen l\u00e4mmitys ja kest\u00e4v\u00e4, korkean l\u00e4mp\u00f6tilan kest\u00e4vyys.<\/li>\n<li><strong>J\u00e4nnitesuojalaite:<\/strong> Pys\u00e4ytt\u00e4\u00e4 toiminnan, kun j\u00e4nnite on liian alhainen turvallisuuden varmistamiseksi.<\/li>\n<li><strong>Oikosulkusuojaus:<\/strong> Sis\u00e4lt\u00e4\u00e4 liekinkest\u00e4v\u00e4n tupakansytyttimen lis\u00e4turvallisuutta varten.<\/li>\n<li><strong>Pehme\u00e4t ja kest\u00e4v\u00e4t materiaalit:<\/strong> Valmistettu flanellista tai puuvillasta, joka tarjoaa l\u00e4mp\u00f6\u00e4 ja mukavuutta, helppo puhdistaa.<\/li>\n<\/ol>\n<p>T\u00e4m\u00e4 l\u00e4mmitett\u00e4v\u00e4 auton istuimen suojus sopii t\u00e4ydellisesti kylm\u00e4ll\u00e4 s\u00e4\u00e4ll\u00e4 ajamiseen, sill\u00e4 se tarjoaa l\u00e4mp\u00f6\u00e4 ja mukavuutta ja takaa samalla turvallisuuden sis\u00e4\u00e4nrakennetuilla suojauksilla.<\/p>","protected":false},"excerpt":{"rendered":"<p>Stay warm during the winter with this 12-24V heated car seat cover, designed to heat up quickly and provide ultimate comfort. Made from soft flannel or cloth, this seat cover offers three adjustable heat settings, intelligent temperature control, and built-in safety features. Specifications: Color: Brown Material: Cotton Input: 12-24V Power Settings: 25W (High), 20W (Medium), [&hellip;]<\/p>","protected":false},"featured_media":3347,"comment_status":"open","ping_status":"closed","template":"","meta":{"_uag_custom_page_level_css":"","site-sidebar-layout":"default","site-content-layout":"","ast-site-content-layout":"default","site-content-style":"default","site-sidebar-style":"default","ast-global-header-display":"","ast-banner-title-visibility":"","ast-main-header-display":"","ast-hfb-above-header-display":"","ast-hfb-below-header-display":"","ast-hfb-mobile-header-display":"","site-post-title":"","ast-breadcrumbs-content":"","ast-featured-img":"","footer-sml-layout":"","theme-transparent-header-meta":"default","adv-header-id-meta":"","stick-header-meta":"","header-above-stick-meta":"","header-main-stick-meta":"","header-below-stick-meta":"","astra-migrate-meta-layouts":"set","ast-page-background-enabled":"default","ast-page-background-meta":{"desktop":{"background-color":"","background-image":"","background-repeat":"repeat","background-position":"center center","background-size":"auto","background-attachment":"scroll","background-type":"","background-media":"","overlay-type":"","overlay-color":"","overlay-opacity":"","overlay-gradient":""},"tablet":{"background-color":"","background-image":"","background-repeat":"repeat","background-position":"center center","background-size":"auto","background-attachment":"scroll","background-type":"","background-media":"","overlay-type":"","overlay-color":"","overlay-opacity":"","overlay-gradient":""},"mobile":{"background-color":"","background-image":"","background-repeat":"repeat","background-position":"center center","background-size":"auto","background-attachment":"scroll","background-type":"","background-media":"","overlay-type":"","overlay-color":"","overlay-opacity":"","overlay-gradient":""}},"ast-content-background-meta":{"desktop":{"background-color":"var(--ast-global-color-5)","background-image":"","background-repeat":"repeat","background-position":"center center","background-size":"auto","background-attachment":"scroll","background-type":"","background-media":"","overlay-type":"","overlay-color":"","overlay-opacity":"","overlay-gradient":""},"tablet":{"background-color":"var(--ast-global-color-5)","background-image":"","background-repeat":"repeat","background-position":"center center","background-size":"auto","background-attachment":"scroll","background-type":"","background-media":"","overlay-type":"","overlay-color":"","overlay-opacity":"","overlay-gradient":""},"mobile":{"background-color":"var(--ast-global-color-5)","background-image":"","background-repeat":"repeat","background-position":"center center","background-size":"auto","background-attachment":"scroll","background-type":"","background-media":"","overlay-type":"","overlay-color":"","overlay-opacity":"","overlay-gradient":""}}},"product_brand":[],"product_cat":[1074,72,227],"product_tag":[],"class_list":{"0":"post-3376","1":"product","2":"type-product","3":"status-publish","4":"has-post-thumbnail","6":"product_cat-heated-seat-covers","7":"product_cat-interior-accessories","8":"product_cat-winter-accessories","9":"desktop-align-left","10":"tablet-align-left","11":"mobile-align-left","12":"ast-product-gallery-layout-horizontal-slider","13":"ast-product-single-variable","14":"ast-product-tabs-layout-horizontal","16":"first","17":"instock","18":"sale","19":"shipping-taxable","20":"purchasable","21":"product-type-variable"},"aioseo_notices":[],"uagb_featured_image_src":{"full":["https:\/\/speedxperts.com\/wp-content\/uploads\/2024\/10\/Hd4f9db74bba64e7697e51b21282a98daG.webp",800,940,false],"thumbnail":["https:\/\/speedxperts.com\/wp-content\/uploads\/2024\/10\/Hd4f9db74bba64e7697e51b21282a98daG-150x150.webp",150,150,true],"medium":["https:\/\/speedxperts.com\/wp-content\/uploads\/2024\/10\/Hd4f9db74bba64e7697e51b21282a98daG-255x300.webp",255,300,true],"medium_large":["https:\/\/speedxperts.com\/wp-content\/uploads\/2024\/10\/Hd4f9db74bba64e7697e51b21282a98daG-768x902.webp",768,902,true],"large":["https:\/\/speedxperts.com\/wp-content\/uploads\/2024\/10\/Hd4f9db74bba64e7697e51b21282a98daG.webp",800,940,false],"1536x1536":["https:\/\/speedxperts.com\/wp-content\/uploads\/2024\/10\/Hd4f9db74bba64e7697e51b21282a98daG.webp",800,940,false],"2048x2048":["https:\/\/speedxperts.com\/wp-content\/uploads\/2024\/10\/Hd4f9db74bba64e7697e51b21282a98daG.webp",800,940,false],"trp-custom-language-flag":["https:\/\/speedxperts.com\/wp-content\/uploads\/2024\/10\/Hd4f9db74bba64e7697e51b21282a98daG-10x12.webp",10,12,true],"woocommerce_thumbnail":["https:\/\/speedxperts.com\/wp-content\/uploads\/2024\/10\/Hd4f9db74bba64e7697e51b21282a98daG-300x300.webp",300,300,true],"woocommerce_single":["https:\/\/speedxperts.com\/wp-content\/uploads\/2024\/10\/Hd4f9db74bba64e7697e51b21282a98daG-600x705.webp",600,705,true],"woocommerce_gallery_thumbnail":["https:\/\/speedxperts.com\/wp-content\/uploads\/2024\/10\/Hd4f9db74bba64e7697e51b21282a98daG-100x100.webp",100,100,true]},"uagb_author_info":{"display_name":"Sebastian","author_link":"https:\/\/speedxperts.com\/fi\/author\/"},"uagb_comment_info":0,"uagb_excerpt":"Stay warm during the winter with this 12-24V heated car seat cover, designed to heat up quickly and provide ultimate comfort. Made from soft flannel or cloth, this seat cover offers three adjustable heat settings, intelligent temperature control, and built-in safety features. Specifications: Color: Brown Material: Cotton Input: 12-24V Power Settings: 25W (High), 20W (Medium),&hellip;","jetpack_sharing_enabled":true,"_links":{"self":[{"href":"https:\/\/speedxperts.com\/fi\/wp-json\/wp\/v2\/product\/3376","targetHints":{"allow":["GET"]}}],"collection":[{"href":"https:\/\/speedxperts.com\/fi\/wp-json\/wp\/v2\/product"}],"about":[{"href":"https:\/\/speedxperts.com\/fi\/wp-json\/wp\/v2\/types\/product"}],"replies":[{"embeddable":true,"href":"https:\/\/speedxperts.com\/fi\/wp-json\/wp\/v2\/comments?post=3376"}],"wp:featuredmedia":[{"embeddable":true,"href":"https:\/\/speedxperts.com\/fi\/wp-json\/wp\/v2\/media\/3347"}],"wp:attachment":[{"href":"https:\/\/speedxperts.com\/fi\/wp-json\/wp\/v2\/media?parent=3376"}],"wp:term":[{"taxonomy":"product_brand","embeddable":true,"href":"https:\/\/speedxperts.com\/fi\/wp-json\/wp\/v2\/product_brand?post=3376"},{"taxonomy":"product_cat","embeddable":true,"href":"https:\/\/speedxperts.com\/fi\/wp-json\/wp\/v2\/product_cat?post=3376"},{"taxonomy":"product_tag","embeddable":true,"href":"https:\/\/speedxperts.com\/fi\/wp-json\/wp\/v2\/product_tag?post=3376"}],"curies":[{"name":"wp","href":"https:\/\/api.w.org\/{rel}","templated":true}]}}