{"id":3392,"date":"2024-10-23T12:16:00","date_gmt":"2024-10-23T12:16:00","guid":{"rendered":"https:\/\/speedxperts.com\/product\/professional-renolink-1-99-obd2-cable-for-renault\/"},"modified":"2026-04-24T11:31:43","modified_gmt":"2026-04-24T10:31:43","slug":"ammattimainen-renolink-1-99-obd2-kaapeli-renolink-1-99-renaultille","status":"publish","type":"product","link":"https:\/\/speedxperts.com\/fi\/tuote\/ammattimainen-renolink-1-99-obd2-kaapeli-renolink-1-99-renaultille\/","title":{"rendered":"Professional Renolink 1.99 OBD2 kaapeli Renaultille"},"content":{"rendered":"<p>Huomautus: Renolink 1.99 -ohjelmisto sis\u00e4ltyy. Saat latauslinkin oston j\u00e4lkeen. Ohjelmisto on s\u00e4r\u00f6ill\u00e4, joten virustorjuntaohjelmisto on kytkett\u00e4v\u00e4 pois p\u00e4\u00e4lt\u00e4 ennen asennusta.<\/p>\n<p><strong>T\u00e4rkeimm\u00e4t ominaisuudet:<\/strong><\/p>\n<ul>\n<li>Uusin versio: Renolink V1.99<\/li>\n<li>Tukee Renault- ja Dacia-ajoneuvoja<\/li>\n<li>Turvatyynyj\u00e4rjestelmi\u00e4 koskevat selke\u00e4t t\u00f6rm\u00e4ystiedot<\/li>\n<li>EEPROMin, ECM:n ja UCH:n lukeminen\/kirjoittaminen<\/li>\n<li>Avainten koodaus, poistaminen ja ohjelmointi<\/li>\n<li>Toimii OBD-liittimen kautta<\/li>\n<\/ul>\n<p><strong>Uusi versio 1.99:<\/strong><\/p>\n<ul>\n<li>Lis\u00e4tty t\u00f6rm\u00e4yksenestovaihtoehtoja Renault Clio 5:een ja muihin autoihin.<\/li>\n<li>Megane 4:n ja Clio 5:n ohjaustehostimen dekoodaus<\/li>\n<li>EPS-virginizer useisiin Renault-malleihin<\/li>\n<li>Automaattinen koodaus ensimm\u00e4isen sytytyksen yhteydess\u00e4<\/li>\n<\/ul>\n<p>Ty\u00f6kalu on helppok\u00e4ytt\u00f6inen, ja kaikki toiminnot suoritetaan OBD-liit\u00e4nn\u00e4n kautta, joten se on v\u00e4ltt\u00e4m\u00e4t\u00f6n laite Renault- ja Dacia-j\u00e4rjestelmien ECU-ohjelmoinnissa.<\/p>\n<p>&nbsp;<\/p>","protected":false},"excerpt":{"rendered":"<p>Renolink OBD2 on ammattik\u00e4ytt\u00f6\u00f6n tarkoitettu ty\u00f6kalu Renault- ja Dacia-ajoneuvojen elektronisten ohjausyksik\u00f6iden (ECU) ohjelmointiin, mukaan lukien uusimmat mallit. Se tarjoaa kattavan tuen ajoneuvon diagnostiikkaan ja ohjelmointiin, sill\u00e4 sen ominaisuuksiin kuuluvat muun muassa UCH-tarkistus, turvatyynyjen ohjelmointi, avainkoodaus ja moottorin ECU:n ohjelmointi.<\/p>","protected":false},"featured_media":3386,"comment_status":"open","ping_status":"closed","template":"","meta":{"_uag_custom_page_level_css":"","site-sidebar-layout":"default","site-content-layout":"","ast-site-content-layout":"default","site-content-style":"default","site-sidebar-style":"default","ast-global-header-display":"","ast-banner-title-visibility":"","ast-main-header-display":"","ast-hfb-above-header-display":"","ast-hfb-below-header-display":"","ast-hfb-mobile-header-display":"","site-post-title":"","ast-breadcrumbs-content":"","ast-featured-img":"","footer-sml-layout":"","theme-transparent-header-meta":"default","adv-header-id-meta":"","stick-header-meta":"","header-above-stick-meta":"","header-main-stick-meta":"","header-below-stick-meta":"","astra-migrate-meta-layouts":"set","ast-page-background-enabled":"default","ast-page-background-meta":{"desktop":{"background-color":"","background-image":"","background-repeat":"repeat","background-position":"center center","background-size":"auto","background-attachment":"scroll","background-type":"","background-media":"","overlay-type":"","overlay-color":"","overlay-opacity":"","overlay-gradient":""},"tablet":{"background-color":"","background-image":"","background-repeat":"repeat","background-position":"center center","background-size":"auto","background-attachment":"scroll","background-type":"","background-media":"","overlay-type":"","overlay-color":"","overlay-opacity":"","overlay-gradient":""},"mobile":{"background-color":"","background-image":"","background-repeat":"repeat","background-position":"center center","background-size":"auto","background-attachment":"scroll","background-type":"","background-media":"","overlay-type":"","overlay-color":"","overlay-opacity":"","overlay-gradient":""}},"ast-content-background-meta":{"desktop":{"background-color":"var(--ast-global-color-5)","background-image":"","background-repeat":"repeat","background-position":"center center","background-size":"auto","background-attachment":"scroll","background-type":"","background-media":"","overlay-type":"","overlay-color":"","overlay-opacity":"","overlay-gradient":""},"tablet":{"background-color":"var(--ast-global-color-5)","background-image":"","background-repeat":"repeat","background-position":"center center","background-size":"auto","background-attachment":"scroll","background-type":"","background-media":"","overlay-type":"","overlay-color":"","overlay-opacity":"","overlay-gradient":""},"mobile":{"background-color":"var(--ast-global-color-5)","background-image":"","background-repeat":"repeat","background-position":"center center","background-size":"auto","background-attachment":"scroll","background-type":"","background-media":"","overlay-type":"","overlay-color":"","overlay-opacity":"","overlay-gradient":""}}},"product_brand":[],"product_cat":[70],"product_tag":[83],"class_list":{"0":"post-3392","1":"product","2":"type-product","3":"status-publish","4":"has-post-thumbnail","6":"product_cat-diagnostic-tools","7":"product_tag-renault","8":"desktop-align-left","9":"tablet-align-left","10":"mobile-align-left","11":"ast-product-gallery-layout-horizontal-slider","12":"ast-product-tabs-layout-horizontal","14":"first","15":"instock","16":"shipping-taxable","17":"purchasable","18":"product-type-simple"},"aioseo_notices":[],"uagb_featured_image_src":{"full":["https:\/\/speedxperts.com\/wp-content\/uploads\/2024\/10\/Heb60fae6649049bdac50549a0e5538caO.webp",800,800,false],"thumbnail":["https:\/\/speedxperts.com\/wp-content\/uploads\/2024\/10\/Heb60fae6649049bdac50549a0e5538caO-150x150.webp",150,150,true],"medium":["https:\/\/speedxperts.com\/wp-content\/uploads\/2024\/10\/Heb60fae6649049bdac50549a0e5538caO-300x300.webp",300,300,true],"medium_large":["https:\/\/speedxperts.com\/wp-content\/uploads\/2024\/10\/Heb60fae6649049bdac50549a0e5538caO-768x768.webp",768,768,true],"large":["https:\/\/speedxperts.com\/wp-content\/uploads\/2024\/10\/Heb60fae6649049bdac50549a0e5538caO.webp",800,800,false],"1536x1536":["https:\/\/speedxperts.com\/wp-content\/uploads\/2024\/10\/Heb60fae6649049bdac50549a0e5538caO.webp",800,800,false],"2048x2048":["https:\/\/speedxperts.com\/wp-content\/uploads\/2024\/10\/Heb60fae6649049bdac50549a0e5538caO.webp",800,800,false],"trp-custom-language-flag":["https:\/\/speedxperts.com\/wp-content\/uploads\/2024\/10\/Heb60fae6649049bdac50549a0e5538caO-12x12.webp",12,12,true],"woocommerce_thumbnail":["https:\/\/speedxperts.com\/wp-content\/uploads\/2024\/10\/Heb60fae6649049bdac50549a0e5538caO-300x300.webp",300,300,true],"woocommerce_single":["https:\/\/speedxperts.com\/wp-content\/uploads\/2024\/10\/Heb60fae6649049bdac50549a0e5538caO-600x600.webp",600,600,true],"woocommerce_gallery_thumbnail":["https:\/\/speedxperts.com\/wp-content\/uploads\/2024\/10\/Heb60fae6649049bdac50549a0e5538caO-100x100.webp",100,100,true]},"uagb_author_info":{"display_name":"Sebastian","author_link":"https:\/\/speedxperts.com\/fi\/author\/"},"uagb_comment_info":0,"uagb_excerpt":"The Renolink OBD2 is a professional tool for programming electronic control units (ECUs) in Renault and Dacia vehicles, including the latest models. With features like UCH matching, airbag programming, key coding, engine ECU programming, and more, it offers comprehensive support for vehicle diagnostics and programming.","jetpack_sharing_enabled":true,"_links":{"self":[{"href":"https:\/\/speedxperts.com\/fi\/wp-json\/wp\/v2\/product\/3392","targetHints":{"allow":["GET"]}}],"collection":[{"href":"https:\/\/speedxperts.com\/fi\/wp-json\/wp\/v2\/product"}],"about":[{"href":"https:\/\/speedxperts.com\/fi\/wp-json\/wp\/v2\/types\/product"}],"replies":[{"embeddable":true,"href":"https:\/\/speedxperts.com\/fi\/wp-json\/wp\/v2\/comments?post=3392"}],"wp:featuredmedia":[{"embeddable":true,"href":"https:\/\/speedxperts.com\/fi\/wp-json\/wp\/v2\/media\/3386"}],"wp:attachment":[{"href":"https:\/\/speedxperts.com\/fi\/wp-json\/wp\/v2\/media?parent=3392"}],"wp:term":[{"taxonomy":"product_brand","embeddable":true,"href":"https:\/\/speedxperts.com\/fi\/wp-json\/wp\/v2\/product_brand?post=3392"},{"taxonomy":"product_cat","embeddable":true,"href":"https:\/\/speedxperts.com\/fi\/wp-json\/wp\/v2\/product_cat?post=3392"},{"taxonomy":"product_tag","embeddable":true,"href":"https:\/\/speedxperts.com\/fi\/wp-json\/wp\/v2\/product_tag?post=3392"}],"curies":[{"name":"wp","href":"https:\/\/api.w.org\/{rel}","templated":true}]}}