{"id":3413,"date":"2024-10-23T12:16:20","date_gmt":"2024-10-23T12:16:20","guid":{"rendered":"https:\/\/speedxperts.com\/product\/bmw-kdcan-diagnostic-tool\/"},"modified":"2026-04-09T10:27:41","modified_gmt":"2026-04-09T09:27:41","slug":"bmw-kdcan-diagnostiikkatyokalu","status":"publish","type":"product","link":"https:\/\/speedxperts.com\/fi\/tuote\/bmw-kdcan-diagnostiikkatyokalu\/","title":{"rendered":"K+DCAN-diagnostiikkaty\u00f6kalu"},"content":{"rendered":"<p><strong>T\u00e4rkeit\u00e4 huomautuksia:<\/strong><\/p>\n<ul>\n<li>Ohjelmisto ei sis\u00e4lly, vain ohjain.<\/li>\n<li>\u00c4l\u00e4 muodosta yhteytt\u00e4 internetiin tai p\u00e4ivit\u00e4 laitetta vahingoittumisen v\u00e4ltt\u00e4miseksi.<\/li>\n<li>Jos CD-levy on lukukelvoton tai vahingoittunut, ota meihin yhteytt\u00e4 latauslinkin saamiseksi.<\/li>\n<\/ul>\n<p><strong>T\u00e4rkeimm\u00e4t ominaisuudet:<\/strong><\/p>\n<ul>\n<li>Virhekoodien lukeminen ja poistaminen<\/li>\n<li>Mukautukset ja kuljettajien ohjelmointi<\/li>\n<li>Sovelletaan koodausta ja muuta<\/li>\n<li>FTDI-siru takaa vakaan toiminnan<\/li>\n<li>Yhteensopiva Windows XP:n ja Windows 7:n kanssa (sulje virustorjunta ennen asennusta).<\/li>\n<\/ul>\n<p><strong>Tuetut protokollat:<\/strong><\/p>\n<ul>\n<li>Nopea D-CAN ja PT-CAN (500 kbit\/s).<\/li>\n<li>Hidas K-CAN (100 kbit\/s) (magisterial K-CAN)<\/li>\n<li>BMW:n vakio-OBD-liit\u00e4nt\u00e4<\/li>\n<\/ul>\n<p>Yhteensopiva BMW-mallien kanssa vuodesta 1995 vuoteen 2008, mukaan lukien:<\/p>\n<ul>\n<li>E60, E61, E81, E87, E90, E91, E92, E93, E70 ja MINI R56.<\/li>\n<\/ul>\n<p><strong>Paketti sis\u00e4lt\u00e4\u00e4:<\/strong><\/p>\n<ul>\n<li>1x K+DCAN USB-liit\u00e4nt\u00e4<\/li>\n<li>1x CD-ohjain<\/li>\n<\/ul>\n<p>&nbsp;<\/p>","protected":false},"excerpt":{"rendered":"<p>T\u00e4m\u00e4 K+DCAN-USB-liit\u00e4nt\u00e4 tarjoaa t\u00e4ydellisen diagnostiikan BMW-ajoneuvoille vuosilta 1998-2008 ja tukee kaikkia toimintoja kuten OMNITEC-liit\u00e4nt\u00e4. Se on varustettu kytkent\u00e4toiminnolla ja FTDI-sirulla, mik\u00e4 yksinkertaistaa eri automallien kytkent\u00e4\u00e4 ja tekee diagnostiikasta helpompaa ja monipuolisempaa.<\/p>","protected":false},"featured_media":3401,"comment_status":"open","ping_status":"closed","template":"","meta":{"_uag_custom_page_level_css":"","site-sidebar-layout":"default","site-content-layout":"","ast-site-content-layout":"default","site-content-style":"default","site-sidebar-style":"default","ast-global-header-display":"","ast-banner-title-visibility":"","ast-main-header-display":"","ast-hfb-above-header-display":"","ast-hfb-below-header-display":"","ast-hfb-mobile-header-display":"","site-post-title":"","ast-breadcrumbs-content":"","ast-featured-img":"","footer-sml-layout":"","theme-transparent-header-meta":"default","adv-header-id-meta":"","stick-header-meta":"","header-above-stick-meta":"","header-main-stick-meta":"","header-below-stick-meta":"","astra-migrate-meta-layouts":"set","ast-page-background-enabled":"default","ast-page-background-meta":{"desktop":{"background-color":"","background-image":"","background-repeat":"repeat","background-position":"center center","background-size":"auto","background-attachment":"scroll","background-type":"","background-media":"","overlay-type":"","overlay-color":"","overlay-opacity":"","overlay-gradient":""},"tablet":{"background-color":"","background-image":"","background-repeat":"repeat","background-position":"center center","background-size":"auto","background-attachment":"scroll","background-type":"","background-media":"","overlay-type":"","overlay-color":"","overlay-opacity":"","overlay-gradient":""},"mobile":{"background-color":"","background-image":"","background-repeat":"repeat","background-position":"center center","background-size":"auto","background-attachment":"scroll","background-type":"","background-media":"","overlay-type":"","overlay-color":"","overlay-opacity":"","overlay-gradient":""}},"ast-content-background-meta":{"desktop":{"background-color":"var(--ast-global-color-5)","background-image":"","background-repeat":"repeat","background-position":"center center","background-size":"auto","background-attachment":"scroll","background-type":"","background-media":"","overlay-type":"","overlay-color":"","overlay-opacity":"","overlay-gradient":""},"tablet":{"background-color":"var(--ast-global-color-5)","background-image":"","background-repeat":"repeat","background-position":"center center","background-size":"auto","background-attachment":"scroll","background-type":"","background-media":"","overlay-type":"","overlay-color":"","overlay-opacity":"","overlay-gradient":""},"mobile":{"background-color":"var(--ast-global-color-5)","background-image":"","background-repeat":"repeat","background-position":"center center","background-size":"auto","background-attachment":"scroll","background-type":"","background-media":"","overlay-type":"","overlay-color":"","overlay-opacity":"","overlay-gradient":""}}},"product_brand":[],"product_cat":[70],"product_tag":[77],"class_list":{"0":"post-3413","1":"product","2":"type-product","3":"status-publish","4":"has-post-thumbnail","6":"product_cat-diagnostic-tools","7":"product_tag-bmw","8":"desktop-align-left","9":"tablet-align-left","10":"mobile-align-left","11":"ast-product-gallery-layout-horizontal-slider","12":"ast-product-tabs-layout-horizontal","14":"first","15":"instock","16":"downloadable","17":"shipping-taxable","18":"purchasable","19":"product-type-simple"},"aioseo_notices":[],"uagb_featured_image_src":{"full":["https:\/\/speedxperts.com\/wp-content\/uploads\/2024\/10\/S1f31b5a1945e45aa8f4696f0c5e1a60bk.webp",1000,1000,false],"thumbnail":["https:\/\/speedxperts.com\/wp-content\/uploads\/2024\/10\/S1f31b5a1945e45aa8f4696f0c5e1a60bk-150x150.webp",150,150,true],"medium":["https:\/\/speedxperts.com\/wp-content\/uploads\/2024\/10\/S1f31b5a1945e45aa8f4696f0c5e1a60bk-300x300.webp",300,300,true],"medium_large":["https:\/\/speedxperts.com\/wp-content\/uploads\/2024\/10\/S1f31b5a1945e45aa8f4696f0c5e1a60bk-768x768.webp",768,768,true],"large":["https:\/\/speedxperts.com\/wp-content\/uploads\/2024\/10\/S1f31b5a1945e45aa8f4696f0c5e1a60bk.webp",1000,1000,false],"1536x1536":["https:\/\/speedxperts.com\/wp-content\/uploads\/2024\/10\/S1f31b5a1945e45aa8f4696f0c5e1a60bk.webp",1000,1000,false],"2048x2048":["https:\/\/speedxperts.com\/wp-content\/uploads\/2024\/10\/S1f31b5a1945e45aa8f4696f0c5e1a60bk.webp",1000,1000,false],"trp-custom-language-flag":["https:\/\/speedxperts.com\/wp-content\/uploads\/2024\/10\/S1f31b5a1945e45aa8f4696f0c5e1a60bk-12x12.webp",12,12,true],"woocommerce_thumbnail":["https:\/\/speedxperts.com\/wp-content\/uploads\/2024\/10\/S1f31b5a1945e45aa8f4696f0c5e1a60bk-300x300.webp",300,300,true],"woocommerce_single":["https:\/\/speedxperts.com\/wp-content\/uploads\/2024\/10\/S1f31b5a1945e45aa8f4696f0c5e1a60bk-600x600.webp",600,600,true],"woocommerce_gallery_thumbnail":["https:\/\/speedxperts.com\/wp-content\/uploads\/2024\/10\/S1f31b5a1945e45aa8f4696f0c5e1a60bk-100x100.webp",100,100,true]},"uagb_author_info":{"display_name":"Sebastian","author_link":"https:\/\/speedxperts.com\/fi\/author\/"},"uagb_comment_info":0,"uagb_excerpt":"This K+DCAN USB interface provides full diagnostics for BMW vehicles from 1998 to 2008, supporting all functions like the OMNITEC interface. Equipped with a switch function and FTDI chip, it simplifies the connection process for different car models, making diagnostics easier and more versatile.","jetpack_sharing_enabled":true,"_links":{"self":[{"href":"https:\/\/speedxperts.com\/fi\/wp-json\/wp\/v2\/product\/3413","targetHints":{"allow":["GET"]}}],"collection":[{"href":"https:\/\/speedxperts.com\/fi\/wp-json\/wp\/v2\/product"}],"about":[{"href":"https:\/\/speedxperts.com\/fi\/wp-json\/wp\/v2\/types\/product"}],"replies":[{"embeddable":true,"href":"https:\/\/speedxperts.com\/fi\/wp-json\/wp\/v2\/comments?post=3413"}],"wp:featuredmedia":[{"embeddable":true,"href":"https:\/\/speedxperts.com\/fi\/wp-json\/wp\/v2\/media\/3401"}],"wp:attachment":[{"href":"https:\/\/speedxperts.com\/fi\/wp-json\/wp\/v2\/media?parent=3413"}],"wp:term":[{"taxonomy":"product_brand","embeddable":true,"href":"https:\/\/speedxperts.com\/fi\/wp-json\/wp\/v2\/product_brand?post=3413"},{"taxonomy":"product_cat","embeddable":true,"href":"https:\/\/speedxperts.com\/fi\/wp-json\/wp\/v2\/product_cat?post=3413"},{"taxonomy":"product_tag","embeddable":true,"href":"https:\/\/speedxperts.com\/fi\/wp-json\/wp\/v2\/product_tag?post=3413"}],"curies":[{"name":"wp","href":"https:\/\/api.w.org\/{rel}","templated":true}]}}