{"id":3497,"date":"2024-11-13T11:09:49","date_gmt":"2024-11-13T10:09:49","guid":{"rendered":"https:\/\/speedxperts.com\/product\/12v-car-interior-heater\/"},"modified":"2025-01-31T11:40:47","modified_gmt":"2025-01-31T10:40:47","slug":"12v-auton-sisatilojen-lammitin","status":"publish","type":"product","link":"https:\/\/speedxperts.com\/fi\/tuote\/12v-auton-sisatilojen-lammitin\/","title":{"rendered":"12V auton sis\u00e4tilojen l\u00e4mmitin"},"content":{"rendered":"<h3>T\u00e4rkeimm\u00e4t ominaisuudet:<\/h3>\n<p><strong>1. Tehokas sulatus ja huurteenpoisto<\/strong><\/p>\n<ul>\n<li>Poistaa nopeasti huurteen, lumen ja sumun tuulilasista, jolloin voit ajaa luottavaisin mielin ja parantaa n\u00e4kyvyytt\u00e4.<\/li>\n<\/ul>\n<p><strong>2. Kaksoistoiminnallisuus<\/strong><\/p>\n<ul>\n<li>Varustettu kuuma- ja kylm\u00e4kytkimill\u00e4, jotka mahdollistavat ymp\u00e4rivuotisen k\u00e4yt\u00f6n sek\u00e4 l\u00e4mmittimen\u00e4 ett\u00e4 tuulettimena. Ihanteellinen k\u00e4ytett\u00e4v\u00e4ksi sek\u00e4 talvella ett\u00e4 kes\u00e4ll\u00e4.<\/li>\n<\/ul>\n<p><strong>3. Ilmanpuhdistus<\/strong><\/p>\n<ul>\n<li>Integroitu ilmanpuhdistusj\u00e4rjestelm\u00e4 parantaa ilmanlaatua autossasi samalla, kun sulatat tai poistat huurteen ikkunoista.<\/li>\n<\/ul>\n<p><strong>4. Turvallinen ja k\u00e4ytt\u00e4j\u00e4yst\u00e4v\u00e4llinen muotoilu<\/strong><\/p>\n<ul>\n<li>V\u00e4h\u00e4meluinen toiminta takaa minimaalisen h\u00e4iri\u00f6n ajon aikana. Rakennettu ilman avoliekki\u00e4 turvallisuuden takaamiseksi ja ajoneuvon akun vaurioitumisen est\u00e4miseksi.<\/li>\n<\/ul>\n<p><strong>5. Helppo asennus<\/strong><\/p>\n<ul>\n<li>Mukana on vahva kaksipuolinen teippi, joka mahdollistaa turvallisen ja yksinkertaisen asennuksen kojelautaan tai muihin sopiviin paikkoihin.<\/li>\n<\/ul>\n<h3>Tuotteen tekniset tiedot:<\/h3>\n<ul>\n<li><strong>Paino<\/strong>: Noin 330g (netto)<\/li>\n<li><strong>Materiaali<\/strong>: ABS Uusi materiaali kest\u00e4vyytt\u00e4 ja l\u00e4mm\u00f6nkest\u00e4vyytt\u00e4 varten<\/li>\n<li><strong>Koko<\/strong>: 18.7 x 8.7 cm<\/li>\n<li><strong>Teho<\/strong>: 12V\/150W, saatavana my\u00f6s 24V\/200W ajoneuvon erityistarpeisiin.<\/li>\n<li><strong>Virtajohdon pituus<\/strong>: 1.5m joustavaan sijoitteluun ajoneuvossasi<\/li>\n<li><strong>Sovelletaan<\/strong>: 12V ajoneuvot<\/li>\n<\/ul>\n<h3>Miksi valita t\u00e4m\u00e4 autonl\u00e4mmitin?<\/h3>\n<p>The <strong>12V autonl\u00e4mmitin Demister Defogger<\/strong> on t\u00e4ydellinen talvikaveri kuljettajille, jotka tarvitsevat luotettavaa sulatus- ja huurteenpoistoa. T\u00e4m\u00e4 laite takaa mukavuuden ja turvallisuuden tien p\u00e4\u00e4ll\u00e4, koska siin\u00e4 on muun muassa ilmanpuhdistus, hiljainen toiminta ja kaksi kuuma\/kylm\u00e4-toimintoa. Vahva ABS-materiaali ja tehokas muotoilu tekev\u00e4t siit\u00e4 k\u00e4yt\u00e4nn\u00f6llisen ja pitk\u00e4ik\u00e4isen lis\u00e4n autosi lis\u00e4varusteisiin.<\/p>\n<p><strong>Varmista selke\u00e4, turvallinen n\u00e4kym\u00e4 ja parempi matkustamomukavuus 12 V autonl\u00e4mmittimen huurteenpoistolaitteen avulla. Tilaa omasi jo t\u00e4n\u00e4\u00e4n ja koe huoleton talviajo!<\/strong><\/p>\n<p>&nbsp;<\/p>","protected":false},"excerpt":{"rendered":"<p>Pysy l\u00e4mpim\u00e4n\u00e4 ja pid\u00e4 tuulilasisi puhtaana t\u00e4n\u00e4 talvena k\u00e4ytt\u00e4m\u00e4ll\u00e4 <strong>12V auton sis\u00e4tilojen l\u00e4mmitin<\/strong>. T\u00e4m\u00e4 auton ikkunoiden huurteen- ja huurteenpoistoon sek\u00e4 huurteen ja lumen poistoon suunniteltu v\u00e4ltt\u00e4m\u00e4t\u00f6n lis\u00e4varuste takaa selke\u00e4n n\u00e4kyvyyden ja turvallisemman ajamisen kylm\u00e4ll\u00e4 s\u00e4\u00e4ll\u00e4.<\/p>","protected":false},"featured_media":3481,"comment_status":"open","ping_status":"closed","template":"","meta":{"_uag_custom_page_level_css":"","site-sidebar-layout":"default","site-content-layout":"","ast-site-content-layout":"default","site-content-style":"default","site-sidebar-style":"default","ast-global-header-display":"","ast-banner-title-visibility":"","ast-main-header-display":"","ast-hfb-above-header-display":"","ast-hfb-below-header-display":"","ast-hfb-mobile-header-display":"","site-post-title":"","ast-breadcrumbs-content":"","ast-featured-img":"","footer-sml-layout":"","ast-disable-related-posts":"","theme-transparent-header-meta":"default","adv-header-id-meta":"","stick-header-meta":"","header-above-stick-meta":"","header-main-stick-meta":"","header-below-stick-meta":"","astra-migrate-meta-layouts":"set","ast-page-background-enabled":"default","ast-page-background-meta":{"desktop":{"background-color":"","background-image":"","background-repeat":"repeat","background-position":"center center","background-size":"auto","background-attachment":"scroll","background-type":"","background-media":"","overlay-type":"","overlay-color":"","overlay-opacity":"","overlay-gradient":""},"tablet":{"background-color":"","background-image":"","background-repeat":"repeat","background-position":"center center","background-size":"auto","background-attachment":"scroll","background-type":"","background-media":"","overlay-type":"","overlay-color":"","overlay-opacity":"","overlay-gradient":""},"mobile":{"background-color":"","background-image":"","background-repeat":"repeat","background-position":"center center","background-size":"auto","background-attachment":"scroll","background-type":"","background-media":"","overlay-type":"","overlay-color":"","overlay-opacity":"","overlay-gradient":""}},"ast-content-background-meta":{"desktop":{"background-color":"var(--ast-global-color-5)","background-image":"","background-repeat":"repeat","background-position":"center center","background-size":"auto","background-attachment":"scroll","background-type":"","background-media":"","overlay-type":"","overlay-color":"","overlay-opacity":"","overlay-gradient":""},"tablet":{"background-color":"var(--ast-global-color-5)","background-image":"","background-repeat":"repeat","background-position":"center center","background-size":"auto","background-attachment":"scroll","background-type":"","background-media":"","overlay-type":"","overlay-color":"","overlay-opacity":"","overlay-gradient":""},"mobile":{"background-color":"var(--ast-global-color-5)","background-image":"","background-repeat":"repeat","background-position":"center center","background-size":"auto","background-attachment":"scroll","background-type":"","background-media":"","overlay-type":"","overlay-color":"","overlay-opacity":"","overlay-gradient":""}}},"product_brand":[],"product_cat":[227],"product_tag":[],"class_list":{"0":"post-3497","1":"product","2":"type-product","3":"status-publish","4":"has-post-thumbnail","6":"product_cat-winter-accessories","7":"desktop-align-left","8":"tablet-align-left","9":"mobile-align-left","10":"ast-product-gallery-layout-horizontal-slider","11":"ast-product-tabs-layout-horizontal","13":"first","14":"instock","15":"shipping-taxable","16":"purchasable","17":"product-type-simple"},"aioseo_notices":[],"uagb_featured_image_src":{"full":["https:\/\/speedxperts.com\/wp-content\/uploads\/2024\/11\/S4da775c331b54ba1a8364f1c6cbc5013U.webp",1000,1000,false],"thumbnail":["https:\/\/speedxperts.com\/wp-content\/uploads\/2024\/11\/S4da775c331b54ba1a8364f1c6cbc5013U-150x150.webp",150,150,true],"medium":["https:\/\/speedxperts.com\/wp-content\/uploads\/2024\/11\/S4da775c331b54ba1a8364f1c6cbc5013U-300x300.webp",300,300,true],"medium_large":["https:\/\/speedxperts.com\/wp-content\/uploads\/2024\/11\/S4da775c331b54ba1a8364f1c6cbc5013U-768x768.webp",768,768,true],"large":["https:\/\/speedxperts.com\/wp-content\/uploads\/2024\/11\/S4da775c331b54ba1a8364f1c6cbc5013U.webp",1000,1000,false],"1536x1536":["https:\/\/speedxperts.com\/wp-content\/uploads\/2024\/11\/S4da775c331b54ba1a8364f1c6cbc5013U.webp",1000,1000,false],"2048x2048":["https:\/\/speedxperts.com\/wp-content\/uploads\/2024\/11\/S4da775c331b54ba1a8364f1c6cbc5013U.webp",1000,1000,false],"trp-custom-language-flag":["https:\/\/speedxperts.com\/wp-content\/uploads\/2024\/11\/S4da775c331b54ba1a8364f1c6cbc5013U-12x12.webp",12,12,true],"woocommerce_thumbnail":["https:\/\/speedxperts.com\/wp-content\/uploads\/2024\/11\/S4da775c331b54ba1a8364f1c6cbc5013U-300x300.webp",300,300,true],"woocommerce_single":["https:\/\/speedxperts.com\/wp-content\/uploads\/2024\/11\/S4da775c331b54ba1a8364f1c6cbc5013U-600x600.webp",600,600,true],"woocommerce_gallery_thumbnail":["https:\/\/speedxperts.com\/wp-content\/uploads\/2024\/11\/S4da775c331b54ba1a8364f1c6cbc5013U-100x100.webp",100,100,true]},"uagb_author_info":{"display_name":"Sebastian","author_link":"https:\/\/speedxperts.com\/fi\/author\/"},"uagb_comment_info":0,"uagb_excerpt":"Stay warm and keep your windshield clear this winter with the 12V Car Interior Heater. Designed to defrost, defog, and remove frost or snow from your car\u2019s windows, this essential automotive accessory ensures clear visibility and safer driving in cold weather.","jetpack_sharing_enabled":true,"_links":{"self":[{"href":"https:\/\/speedxperts.com\/fi\/wp-json\/wp\/v2\/product\/3497","targetHints":{"allow":["GET"]}}],"collection":[{"href":"https:\/\/speedxperts.com\/fi\/wp-json\/wp\/v2\/product"}],"about":[{"href":"https:\/\/speedxperts.com\/fi\/wp-json\/wp\/v2\/types\/product"}],"replies":[{"embeddable":true,"href":"https:\/\/speedxperts.com\/fi\/wp-json\/wp\/v2\/comments?post=3497"}],"wp:featuredmedia":[{"embeddable":true,"href":"https:\/\/speedxperts.com\/fi\/wp-json\/wp\/v2\/media\/3481"}],"wp:attachment":[{"href":"https:\/\/speedxperts.com\/fi\/wp-json\/wp\/v2\/media?parent=3497"}],"wp:term":[{"taxonomy":"product_brand","embeddable":true,"href":"https:\/\/speedxperts.com\/fi\/wp-json\/wp\/v2\/product_brand?post=3497"},{"taxonomy":"product_cat","embeddable":true,"href":"https:\/\/speedxperts.com\/fi\/wp-json\/wp\/v2\/product_cat?post=3497"},{"taxonomy":"product_tag","embeddable":true,"href":"https:\/\/speedxperts.com\/fi\/wp-json\/wp\/v2\/product_tag?post=3497"}],"curies":[{"name":"wp","href":"https:\/\/api.w.org\/{rel}","templated":true}]}}