{"id":3511,"date":"2024-11-13T11:10:03","date_gmt":"2024-11-13T10:10:03","guid":{"rendered":"https:\/\/speedxperts.com\/product\/seametal-8pcs-anti-skid-tyre-chain\/"},"modified":"2025-02-04T15:24:56","modified_gmt":"2025-02-04T14:24:56","slug":"seametal-8kpl-liukuesteet-rengasketjuun","status":"publish","type":"product","link":"https:\/\/speedxperts.com\/fi\/tuote\/seametal-8kpl-liukuesteet-rengasketjuun\/","title":{"rendered":"SEAMETAL 8PCS liukuesteketju renkaaseen"},"content":{"rendered":"<p><strong>Liukkaudentorjuntaketjut - lopullinen vetoratkaisu talviajoon<\/strong><\/p>\n<h3>T\u00e4rkeimm\u00e4t ominaisuudet:<\/h3>\n<ul>\n<li><strong>Kest\u00e4v\u00e4 rakenne<\/strong>: Valmistettu kulutusta kest\u00e4vist\u00e4 materiaaleista pitk\u00e4aikaiseen k\u00e4ytt\u00f6\u00f6n kovissa talviolosuhteissa.<\/li>\n<li><strong>Pehme\u00e4t kumihampaat Design<\/strong>: Est\u00e4\u00e4 renkaiden vaurioitumisen ja s\u00e4ilytt\u00e4\u00e4 samalla vahvan pidon.<\/li>\n<li><strong>Anti-Slip Grip Partikkelit<\/strong>: Varustettu salaojitus- ja lumenpoisto-ominaisuuksilla, jotka takaavat erinomaisen tiekontaktin ja suorituskyvyn.<\/li>\n<li><strong>Tehokas mekaaninen rakenne<\/strong>: Innovatiivinen muotoilu, joka v\u00e4hent\u00e4\u00e4 liukastumista parantamalla pitoa kitkan ja paineen jakautumisen avulla.<\/li>\n<li><strong>Helppo asennus<\/strong>: Helppo ja yksinkertainen asennus ilman ty\u00f6kaluja - t\u00e4ydellinen nopeaan k\u00e4ytt\u00f6\u00f6n odottamattoman lumisateen sattuessa.<\/li>\n<\/ul>\n<h3>Tekniset tiedot:<\/h3>\n<ul>\n<li><strong>Materiaali<\/strong>: Laadukkaat, l\u00e4mp\u00f6tilan kest\u00e4v\u00e4t komponentit<\/li>\n<li><strong>Yhteensopivuus<\/strong>: Sopii useille rengaskokoluokille<\/li>\n<li><strong>Pakettivaihtoehdot<\/strong>: Saatavana 3 kappaleen sarjoina t\u00e4ydellist\u00e4 kattavuutta varten<\/li>\n<\/ul>\n<h3>Miksi valita n\u00e4m\u00e4 rengasketjut?<\/h3>\n<p>Navigoi talviteit\u00e4 luottavaisin mielin. Vankan luistonestomallin ja k\u00e4ytt\u00e4j\u00e4yst\u00e4v\u00e4llisen asennusprosessin yhdistelm\u00e4 tekee n\u00e4ist\u00e4 rengasketjuista jokaisen ajoneuvon omistajan v\u00e4ltt\u00e4m\u00e4tt\u00f6m\u00e4n tarvikkeen. Ole valmistautunut ja pysy turvassa - ajoitpa sitten j\u00e4isill\u00e4 kaupunkikaduilla tai lumen peitt\u00e4mill\u00e4 vuoristosolilla.<\/p>\n<p>Pysy varustautuneena mit\u00e4 tahansa talvi heitt\u00e4\u00e4 sinulle meid\u00e4n <strong>Liukkaudentorjuntaketjut<\/strong>. Tilaa nyt ja aja turvallisesti kaikissa olosuhteissa!<\/p>","protected":false},"excerpt":{"rendered":"<p>Varmista turvallinen ajaminen ankarissa talviolosuhteissa meid\u00e4n <strong>Liukkaudentorjuntaketjut<\/strong>, joka on suunniteltu maksimaalista suorituskyky\u00e4 ja mukavuutta varten. N\u00e4m\u00e4 ensiluokkaiset rengasketjut on suunniteltu tarjoamaan erinomaisen pidon ja vakauden lumisilla, j\u00e4isill\u00e4 tai mutaisilla teill\u00e4.<\/p>","protected":false},"featured_media":3494,"comment_status":"open","ping_status":"closed","template":"","meta":{"_uag_custom_page_level_css":"","site-sidebar-layout":"default","site-content-layout":"","ast-site-content-layout":"default","site-content-style":"default","site-sidebar-style":"default","ast-global-header-display":"","ast-banner-title-visibility":"","ast-main-header-display":"","ast-hfb-above-header-display":"","ast-hfb-below-header-display":"","ast-hfb-mobile-header-display":"","site-post-title":"","ast-breadcrumbs-content":"","ast-featured-img":"","footer-sml-layout":"","ast-disable-related-posts":"","theme-transparent-header-meta":"default","adv-header-id-meta":"","stick-header-meta":"","header-above-stick-meta":"","header-main-stick-meta":"","header-below-stick-meta":"","astra-migrate-meta-layouts":"set","ast-page-background-enabled":"default","ast-page-background-meta":{"desktop":{"background-color":"","background-image":"","background-repeat":"repeat","background-position":"center center","background-size":"auto","background-attachment":"scroll","background-type":"","background-media":"","overlay-type":"","overlay-color":"","overlay-opacity":"","overlay-gradient":""},"tablet":{"background-color":"","background-image":"","background-repeat":"repeat","background-position":"center center","background-size":"auto","background-attachment":"scroll","background-type":"","background-media":"","overlay-type":"","overlay-color":"","overlay-opacity":"","overlay-gradient":""},"mobile":{"background-color":"","background-image":"","background-repeat":"repeat","background-position":"center center","background-size":"auto","background-attachment":"scroll","background-type":"","background-media":"","overlay-type":"","overlay-color":"","overlay-opacity":"","overlay-gradient":""}},"ast-content-background-meta":{"desktop":{"background-color":"var(--ast-global-color-5)","background-image":"","background-repeat":"repeat","background-position":"center center","background-size":"auto","background-attachment":"scroll","background-type":"","background-media":"","overlay-type":"","overlay-color":"","overlay-opacity":"","overlay-gradient":""},"tablet":{"background-color":"var(--ast-global-color-5)","background-image":"","background-repeat":"repeat","background-position":"center center","background-size":"auto","background-attachment":"scroll","background-type":"","background-media":"","overlay-type":"","overlay-color":"","overlay-opacity":"","overlay-gradient":""},"mobile":{"background-color":"var(--ast-global-color-5)","background-image":"","background-repeat":"repeat","background-position":"center center","background-size":"auto","background-attachment":"scroll","background-type":"","background-media":"","overlay-type":"","overlay-color":"","overlay-opacity":"","overlay-gradient":""}}},"product_brand":[],"product_cat":[227],"product_tag":[],"class_list":{"0":"post-3511","1":"product","2":"type-product","3":"status-publish","4":"has-post-thumbnail","6":"product_cat-winter-accessories","7":"desktop-align-left","8":"tablet-align-left","9":"mobile-align-left","10":"ast-product-gallery-layout-horizontal-slider","11":"ast-product-single-variable","12":"ast-product-tabs-layout-horizontal","14":"first","15":"instock","16":"sale","17":"shipping-taxable","18":"purchasable","19":"product-type-variable","20":"has-default-attributes"},"aioseo_notices":[],"uagb_featured_image_src":{"full":["https:\/\/speedxperts.com\/wp-content\/uploads\/2024\/11\/Sa60efcaf4a564aaaafae26b9bcc5028fz.webp",800,800,false],"thumbnail":["https:\/\/speedxperts.com\/wp-content\/uploads\/2024\/11\/Sa60efcaf4a564aaaafae26b9bcc5028fz-150x150.webp",150,150,true],"medium":["https:\/\/speedxperts.com\/wp-content\/uploads\/2024\/11\/Sa60efcaf4a564aaaafae26b9bcc5028fz-300x300.webp",300,300,true],"medium_large":["https:\/\/speedxperts.com\/wp-content\/uploads\/2024\/11\/Sa60efcaf4a564aaaafae26b9bcc5028fz-768x768.webp",768,768,true],"large":["https:\/\/speedxperts.com\/wp-content\/uploads\/2024\/11\/Sa60efcaf4a564aaaafae26b9bcc5028fz.webp",800,800,false],"1536x1536":["https:\/\/speedxperts.com\/wp-content\/uploads\/2024\/11\/Sa60efcaf4a564aaaafae26b9bcc5028fz.webp",800,800,false],"2048x2048":["https:\/\/speedxperts.com\/wp-content\/uploads\/2024\/11\/Sa60efcaf4a564aaaafae26b9bcc5028fz.webp",800,800,false],"trp-custom-language-flag":["https:\/\/speedxperts.com\/wp-content\/uploads\/2024\/11\/Sa60efcaf4a564aaaafae26b9bcc5028fz-12x12.webp",12,12,true],"woocommerce_thumbnail":["https:\/\/speedxperts.com\/wp-content\/uploads\/2024\/11\/Sa60efcaf4a564aaaafae26b9bcc5028fz-300x300.webp",300,300,true],"woocommerce_single":["https:\/\/speedxperts.com\/wp-content\/uploads\/2024\/11\/Sa60efcaf4a564aaaafae26b9bcc5028fz-600x600.webp",600,600,true],"woocommerce_gallery_thumbnail":["https:\/\/speedxperts.com\/wp-content\/uploads\/2024\/11\/Sa60efcaf4a564aaaafae26b9bcc5028fz-100x100.webp",100,100,true]},"uagb_author_info":{"display_name":"Sebastian","author_link":"https:\/\/speedxperts.com\/fi\/author\/"},"uagb_comment_info":0,"uagb_excerpt":"Ensure safe driving in harsh winter conditions with our Anti-Skid Tire Chains, designed for maximum performance and convenience. These premium tire chains are engineered to provide outstanding grip and stability on snowy, icy, or muddy roads.","jetpack_sharing_enabled":true,"_links":{"self":[{"href":"https:\/\/speedxperts.com\/fi\/wp-json\/wp\/v2\/product\/3511","targetHints":{"allow":["GET"]}}],"collection":[{"href":"https:\/\/speedxperts.com\/fi\/wp-json\/wp\/v2\/product"}],"about":[{"href":"https:\/\/speedxperts.com\/fi\/wp-json\/wp\/v2\/types\/product"}],"replies":[{"embeddable":true,"href":"https:\/\/speedxperts.com\/fi\/wp-json\/wp\/v2\/comments?post=3511"}],"wp:featuredmedia":[{"embeddable":true,"href":"https:\/\/speedxperts.com\/fi\/wp-json\/wp\/v2\/media\/3494"}],"wp:attachment":[{"href":"https:\/\/speedxperts.com\/fi\/wp-json\/wp\/v2\/media?parent=3511"}],"wp:term":[{"taxonomy":"product_brand","embeddable":true,"href":"https:\/\/speedxperts.com\/fi\/wp-json\/wp\/v2\/product_brand?post=3511"},{"taxonomy":"product_cat","embeddable":true,"href":"https:\/\/speedxperts.com\/fi\/wp-json\/wp\/v2\/product_cat?post=3511"},{"taxonomy":"product_tag","embeddable":true,"href":"https:\/\/speedxperts.com\/fi\/wp-json\/wp\/v2\/product_tag?post=3511"}],"curies":[{"name":"wp","href":"https:\/\/api.w.org\/{rel}","templated":true}]}}