{"id":3521,"date":"2024-11-13T11:10:10","date_gmt":"2024-11-13T10:10:10","guid":{"rendered":"https:\/\/speedxperts.com\/product\/winter-car-shovel-and-ice-scraper-tool\/"},"modified":"2025-01-31T11:28:38","modified_gmt":"2025-01-31T10:28:38","slug":"talviauton-lapio-ja-jaakaavin-tyokalu","status":"publish","type":"product","link":"https:\/\/speedxperts.com\/fi\/tuote\/talviauton-lapio-ja-jaakaavin-tyokalu\/","title":{"rendered":"Talvella auton lapio ja j\u00e4\u00e4kaavin ty\u00f6kalu"},"content":{"rendered":"<h3>T\u00e4rkeimm\u00e4t ominaisuudet:<\/h3>\n<p><strong>1. Tehokas harjaus<\/strong><\/p>\n<ul>\n<li>Varustettu 4 rivill\u00e4 tiheit\u00e4 PP-kiharjaharjoja, jotka on erityisesti kiillotettu perusteelliseen lumen poistoon mahdollisimman v\u00e4h\u00e4ll\u00e4 vaivalla. Puhdista autosi tehokkaammin ja s\u00e4\u00e4st\u00e4 aikaa pakkasaamuisin.<\/li>\n<\/ul>\n<p><strong>2. Monipuolinen ja irrotettava muotoilu<\/strong><\/p>\n<ul>\n<li>Lapiossa on erillinen muotoilu t\u00e4ydellisen mukavuuden vuoksi. K\u00e4yt\u00e4 harjaa ja j\u00e4\u00e4kaapuria yhdess\u00e4 tai irrota ne joustavaa, kohdennettua k\u00e4ytt\u00f6\u00e4 varten.<\/li>\n<\/ul>\n<p><strong>3. Ergonominen EVA-vaahtokahva<\/strong><\/p>\n<ul>\n<li>Nauti mukavasta, luistamattomasta otteesta vaahtomuovikahvalla, joka on suunniteltu ergonomiaa ajatellen. Varmistaa maksimaalisen hallinnan ja helppok\u00e4ytt\u00f6isyyden my\u00f6s hanskat k\u00e4dess\u00e4.<\/li>\n<\/ul>\n<p><strong>4. Rakennettu kest\u00e4vyytt\u00e4 varten<\/strong><\/p>\n<ul>\n<li>T\u00e4m\u00e4 lumilapio on valmistettu tukevasta ABS- ja kulutusta kest\u00e4v\u00e4st\u00e4 EVA-materiaalista, joten se kest\u00e4\u00e4 k\u00e4ytt\u00f6\u00e4. Lumenohjauskouru parantaa tehokkuutta ja tekee prosessista ty\u00f6voimaa s\u00e4\u00e4st\u00e4v\u00e4mm\u00e4n.<\/li>\n<\/ul>\n<h3>Tekniset tiedot:<\/h3>\n<ul>\n<li><strong>V\u00e4rivaihtoehdot<\/strong>: Punainen, keltainen<\/li>\n<li><strong>Materiaali<\/strong>: ABS + kulutusta kest\u00e4v\u00e4 EVA + PP-harjakset<\/li>\n<li><strong>Mitat<\/strong>: 660<em>105mm (25.98<\/em>4.13 tuumaa)<\/li>\n<li><strong>K\u00e4ytt\u00e4\u00e4<\/strong>: J\u00e4\u00e4npoisto, lumen lapiointi, lumen lakaisu, pakkasrapautus.<\/li>\n<\/ul>\n<h3>Miksi valita t\u00e4m\u00e4 lumilapio?<\/h3>\n<p>Tee auton talvihoidosta nopeaa ja helppoa t\u00e4m\u00e4n monitoimity\u00f6kalun avulla. Olipa kyseess\u00e4 lumen siivoaminen, pakkasen raaputtaminen tai j\u00e4\u00e4n poistaminen tuulilasista, t\u00e4m\u00e4 pidennett\u00e4v\u00e4 ja irrotettava lumilapio tarjoaa t\u00e4ydellisen ratkaisun. Ihanteellinen kaikille, jotka etsiv\u00e4t kest\u00e4v\u00e4\u00e4, tehokasta ja helppok\u00e4ytt\u00f6ist\u00e4 talviauton lis\u00e4varustetta.<\/p>\n<p><strong>Huomautus<\/strong>: Monitoreiden ja valaistuksen vaihteluista johtuen tuotteen todellinen v\u00e4ri voi poiketa hieman n\u00e4ytetyist\u00e4 kuvista. Salli 1-3 cm:n poikkeama manuaalisista mittauksista.<\/p>\n<p>&nbsp;<\/p>","protected":false},"excerpt":{"rendered":"<p>Pysy valmistautuneena t\u00e4n\u00e4 talvena monipuolisilla tuotteillamme, <strong>Talvi Irrotettava auton lumen lakaisulapio EVA vaahtomuovikahvalla varustettuna<\/strong> - v\u00e4ltt\u00e4m\u00e4t\u00f6n lis\u00e4varuste lumen, pakkasen ja j\u00e4\u00e4n torjuntaan ajoneuvossasi. T\u00e4m\u00e4 ulosvedett\u00e4v\u00e4 lumen- ja j\u00e4\u00e4npoistoty\u00f6kalu on suunniteltu tekem\u00e4\u00e4n talviaamuistasi vaivattomia.<\/p>","protected":false},"featured_media":3503,"comment_status":"open","ping_status":"closed","template":"","meta":{"_uag_custom_page_level_css":"","site-sidebar-layout":"default","site-content-layout":"","ast-site-content-layout":"default","site-content-style":"default","site-sidebar-style":"default","ast-global-header-display":"","ast-banner-title-visibility":"","ast-main-header-display":"","ast-hfb-above-header-display":"","ast-hfb-below-header-display":"","ast-hfb-mobile-header-display":"","site-post-title":"","ast-breadcrumbs-content":"","ast-featured-img":"","footer-sml-layout":"","theme-transparent-header-meta":"default","adv-header-id-meta":"","stick-header-meta":"","header-above-stick-meta":"","header-main-stick-meta":"","header-below-stick-meta":"","astra-migrate-meta-layouts":"set","ast-page-background-enabled":"default","ast-page-background-meta":{"desktop":{"background-color":"","background-image":"","background-repeat":"repeat","background-position":"center center","background-size":"auto","background-attachment":"scroll","background-type":"","background-media":"","overlay-type":"","overlay-color":"","overlay-opacity":"","overlay-gradient":""},"tablet":{"background-color":"","background-image":"","background-repeat":"repeat","background-position":"center center","background-size":"auto","background-attachment":"scroll","background-type":"","background-media":"","overlay-type":"","overlay-color":"","overlay-opacity":"","overlay-gradient":""},"mobile":{"background-color":"","background-image":"","background-repeat":"repeat","background-position":"center center","background-size":"auto","background-attachment":"scroll","background-type":"","background-media":"","overlay-type":"","overlay-color":"","overlay-opacity":"","overlay-gradient":""}},"ast-content-background-meta":{"desktop":{"background-color":"var(--ast-global-color-5)","background-image":"","background-repeat":"repeat","background-position":"center center","background-size":"auto","background-attachment":"scroll","background-type":"","background-media":"","overlay-type":"","overlay-color":"","overlay-opacity":"","overlay-gradient":""},"tablet":{"background-color":"var(--ast-global-color-5)","background-image":"","background-repeat":"repeat","background-position":"center center","background-size":"auto","background-attachment":"scroll","background-type":"","background-media":"","overlay-type":"","overlay-color":"","overlay-opacity":"","overlay-gradient":""},"mobile":{"background-color":"var(--ast-global-color-5)","background-image":"","background-repeat":"repeat","background-position":"center center","background-size":"auto","background-attachment":"scroll","background-type":"","background-media":"","overlay-type":"","overlay-color":"","overlay-opacity":"","overlay-gradient":""}}},"product_brand":[],"product_cat":[227],"product_tag":[],"class_list":{"0":"post-3521","1":"product","2":"type-product","3":"status-publish","4":"has-post-thumbnail","6":"product_cat-winter-accessories","7":"desktop-align-left","8":"tablet-align-left","9":"mobile-align-left","10":"ast-product-gallery-layout-horizontal-slider","11":"ast-product-single-variable","12":"ast-product-tabs-layout-horizontal","14":"first","15":"instock","16":"sale","17":"shipping-taxable","18":"purchasable","19":"product-type-variable","20":"has-default-attributes"},"aioseo_notices":[],"uagb_featured_image_src":{"full":["https:\/\/speedxperts.com\/wp-content\/uploads\/2024\/11\/S20044379ec1947159aeefe24b4f46d521.webp",800,800,false],"thumbnail":["https:\/\/speedxperts.com\/wp-content\/uploads\/2024\/11\/S20044379ec1947159aeefe24b4f46d521-150x150.webp",150,150,true],"medium":["https:\/\/speedxperts.com\/wp-content\/uploads\/2024\/11\/S20044379ec1947159aeefe24b4f46d521-300x300.webp",300,300,true],"medium_large":["https:\/\/speedxperts.com\/wp-content\/uploads\/2024\/11\/S20044379ec1947159aeefe24b4f46d521-768x768.webp",768,768,true],"large":["https:\/\/speedxperts.com\/wp-content\/uploads\/2024\/11\/S20044379ec1947159aeefe24b4f46d521.webp",800,800,false],"1536x1536":["https:\/\/speedxperts.com\/wp-content\/uploads\/2024\/11\/S20044379ec1947159aeefe24b4f46d521.webp",800,800,false],"2048x2048":["https:\/\/speedxperts.com\/wp-content\/uploads\/2024\/11\/S20044379ec1947159aeefe24b4f46d521.webp",800,800,false],"trp-custom-language-flag":["https:\/\/speedxperts.com\/wp-content\/uploads\/2024\/11\/S20044379ec1947159aeefe24b4f46d521-12x12.webp",12,12,true],"woocommerce_thumbnail":["https:\/\/speedxperts.com\/wp-content\/uploads\/2024\/11\/S20044379ec1947159aeefe24b4f46d521-300x300.webp",300,300,true],"woocommerce_single":["https:\/\/speedxperts.com\/wp-content\/uploads\/2024\/11\/S20044379ec1947159aeefe24b4f46d521-600x600.webp",600,600,true],"woocommerce_gallery_thumbnail":["https:\/\/speedxperts.com\/wp-content\/uploads\/2024\/11\/S20044379ec1947159aeefe24b4f46d521-100x100.webp",100,100,true]},"uagb_author_info":{"display_name":"Sebastian","author_link":"https:\/\/speedxperts.com\/fi\/author\/"},"uagb_comment_info":0,"uagb_excerpt":"Stay prepared this winter with our versatile, Winter Detachable Car Snow Sweeping Shovel with EVA Foam Handle \u2013 the essential car accessory for tackling snow, frost, and ice on your vehicle. This extendable snow and ice removal tool is designed to make your winter mornings hassle-free.","jetpack_sharing_enabled":true,"_links":{"self":[{"href":"https:\/\/speedxperts.com\/fi\/wp-json\/wp\/v2\/product\/3521","targetHints":{"allow":["GET"]}}],"collection":[{"href":"https:\/\/speedxperts.com\/fi\/wp-json\/wp\/v2\/product"}],"about":[{"href":"https:\/\/speedxperts.com\/fi\/wp-json\/wp\/v2\/types\/product"}],"replies":[{"embeddable":true,"href":"https:\/\/speedxperts.com\/fi\/wp-json\/wp\/v2\/comments?post=3521"}],"wp:featuredmedia":[{"embeddable":true,"href":"https:\/\/speedxperts.com\/fi\/wp-json\/wp\/v2\/media\/3503"}],"wp:attachment":[{"href":"https:\/\/speedxperts.com\/fi\/wp-json\/wp\/v2\/media?parent=3521"}],"wp:term":[{"taxonomy":"product_brand","embeddable":true,"href":"https:\/\/speedxperts.com\/fi\/wp-json\/wp\/v2\/product_brand?post=3521"},{"taxonomy":"product_cat","embeddable":true,"href":"https:\/\/speedxperts.com\/fi\/wp-json\/wp\/v2\/product_cat?post=3521"},{"taxonomy":"product_tag","embeddable":true,"href":"https:\/\/speedxperts.com\/fi\/wp-json\/wp\/v2\/product_tag?post=3521"}],"curies":[{"name":"wp","href":"https:\/\/api.w.org\/{rel}","templated":true}]}}