{"id":3662,"date":"2024-12-10T10:50:57","date_gmt":"2024-12-10T09:50:57","guid":{"rendered":"https:\/\/speedxperts.com\/product\/multidiag-pro-v3-0-multi-brand-diagnostic-tool\/"},"modified":"2026-04-24T11:31:28","modified_gmt":"2026-04-24T10:31:28","slug":"multidiag-pro-v3-0-monimerkkinen-diagnostiikkatyokalu","status":"publish","type":"product","link":"https:\/\/speedxperts.com\/fi\/tuote\/multidiag-pro-v3-0-monimerkkinen-diagnostiikkatyokalu\/","title":{"rendered":"Multidiag Pro V3.0 Monimerkkinen diagnostiikkaty\u00f6kalu"},"content":{"rendered":"<p><strong>Sis\u00e4lt\u00e4\u00e4 Cars &amp; Trucks 2021 -ohjelmiston<\/strong>: Mukana on ohjelmisto, joka tarjoaa t\u00e4ydet diagnostiikkaominaisuudet henkil\u00f6- ja kuorma-autoille. Saat asennusoppaan ja <strong>latauslinkki <\/strong>PDF-tiedostona oston j\u00e4lkeen.<\/p>\n<p>T\u00e4rkeimm\u00e4t ominaisuudet:<\/p>\n<ul>\n<li><strong>Korkealaatuinen klooni<\/strong>: Tarjoaa samat kehittyneet diagnostiikkaominaisuudet kuin Delfi DS150 -laite edullisempaan hintaan.<\/li>\n<li><strong>Kaksinkertainen PCB-versio: <\/strong>Diagnostiikkaty\u00f6kalu on rakennettu kahdella korkealaatuisella piirilevyll\u00e4, jotka parantavat vakautta, parempaa l\u00e4mm\u00f6npoistoa ja luotettavampaa ajoneuvoyhteytt\u00e4.<\/li>\n<li><strong>Multibrand-yhteensopivuus<\/strong>: Toimii monenlaisten ajoneuvomerkkien ja -mallien kanssa, mukaan lukien henkil\u00f6- ja kuorma-autot.<\/li>\n<li><strong>Autot ja kuorma-autot 2021 Ohjelmisto sis\u00e4ltyy<\/strong>: Uusimmat ominaisuudet ja p\u00e4ivitykset kattavaan diagnostiikkaan useimpien ajoneuvomerkkien osalta.<\/li>\n<li><strong>Kattava toiminnallisuus<\/strong>:\n<ul>\n<li>Lue ja poista vikakoodit (DTC).<\/li>\n<li>Suorita anturien tarkastukset, ECU:n ohjelmointi ja komponenttien aktivointi.<\/li>\n<li>P\u00e4\u00e4set k\u00e4siksi huoltotoimintoihin, kuten huoltov\u00e4lien nollaamiseen, kalibrointeihin ja muuhun.<\/li>\n<\/ul>\n<\/li>\n<li><strong>OBD2-tuki<\/strong>: T\u00e4ysin yhteensopiva nykyaikaisten ajoneuvojen OBD2-protokollien kanssa.<\/li>\n<li><strong>Helppo asennus<\/strong>: Mukana tulee yksityiskohtainen vaiheittainen opas vaivatonta k\u00e4ytt\u00f6\u00f6nottoa varten.<\/li>\n<\/ul>\n<p>Tuetut ajoneuvot:<\/p>\n<ul>\n<li><strong>Autot<\/strong>: Kattaa useimmat eurooppalaiset, amerikkalaiset ja aasialaiset merkit vuodesta 1996 l\u00e4htien.<\/li>\n<li><strong>Kuorma-autot<\/strong>: Tukee useimpien kuorma-autojen diagnostiikkaa, mukaan lukien raskaat mallit.<\/li>\n<\/ul>\n<p><strong>Huomautus: T\u00e4m\u00e4 ty\u00f6kalu ei ehk\u00e4 tue joitakin autoja ja kuorma-autoja. Erityisesti autot vuoteen 2002 MY asti ja BMW E, F ja G-sarjan autot. Jotta yhteensopivuus olisi mahdollisimman hyv\u00e4, osta <a href=\"https:\/\/speedxperts.com\/fi\/tuote\/wurth-wow-snooper-premium-tyokalu-1pcb-versio-monimerkkinen-diagnostiikkatyokalu\/\">1PCB Premium-ty\u00f6kalu<\/a>.<\/strong><\/p>\n<p>Paketti sis\u00e4lt\u00e4\u00e4:<\/p>\n<ul>\n<li><strong>1 x Multidiag Pro v3.0 -diagnostiikkaskanneri<\/strong> (Valitse Multidiag Pro tai klassinen kuori).<\/li>\n<li><strong>1 x USB-kaapeli<\/strong>: Vakaat yhteydet diagnostiikan aikana.<\/li>\n<li><strong>1 x Autot ja kuorma-autot 2021 -ohjelmisto<\/strong>: Ohjelmisto sis\u00e4ltyy latauslinkin kautta.<\/li>\n<li><strong>1 x Asennusopas<\/strong>: Yksinkertaiset ohjeet, joiden avulla p\u00e4\u00e4set alkuun.<\/li>\n<\/ul>\n<p><strong>Ostoilmoitus:<\/strong><\/p>\n<p>Molemmat kuorimallit ovat toiminnallisesti identtisi\u00e4. Valitse mieleisesi kuori tiet\u00e4en, ett\u00e4 saat saman tehokkaan diagnostiikkaty\u00f6kalun.<\/p>\n<p>Miksi valita Multidiag Pro v3.0?<\/p>\n<p>The <strong>Multidiag Pro v3.0<\/strong> yhdistyv\u00e4t edullisuus ja ammattilaistason suorituskyky, mik\u00e4 tekee siit\u00e4 parhaan mahdollisen diagnostiikkaty\u00f6kalun erilaisiin ajoneuvoihin. Olitpa sitten DIY-harrastaja tai korjaamon ammattilainen, t\u00e4m\u00e4 skanneri tuottaa luotettavia tuloksia joka kerta.<\/p>\n<p>P\u00e4ivit\u00e4 diagnostiikkaominaisuutesi t\u00e4n\u00e4\u00e4n Multidiag Pro v3.0:lla!<\/p>\n<h4>Mukana videoasennusopas!<\/h4>","protected":false},"excerpt":{"rendered":"<p>The <strong>Multidiag Pro v3.0<\/strong> on monipuolinen ja edullinen diagnostiikkaty\u00f6kalu, joka on suunniteltu niin ammattilaisille kuin autoharrastajillekin. Toiminnallisesti identtinen tunnetun Delfi DS150:n kanssa, t\u00e4m\u00e4 laadukas klooni tarjoaa kattavan diagnostiikan henkil\u00f6- ja kuorma-autoille, ja mukana on uusin Cars &amp; Trucks 2021 -ohjelmisto. Voit valita kahden kuorimallin v\u00e4lill\u00e4 - modernin Multidiag Pro -mallin tai klassisen tyylin - ilman eroa suorituskyvyss\u00e4.<\/p>","protected":false},"featured_media":3633,"comment_status":"open","ping_status":"closed","template":"","meta":{"_uag_custom_page_level_css":"","site-sidebar-layout":"default","site-content-layout":"","ast-site-content-layout":"default","site-content-style":"default","site-sidebar-style":"default","ast-global-header-display":"","ast-banner-title-visibility":"","ast-main-header-display":"","ast-hfb-above-header-display":"","ast-hfb-below-header-display":"","ast-hfb-mobile-header-display":"","site-post-title":"","ast-breadcrumbs-content":"","ast-featured-img":"","footer-sml-layout":"","theme-transparent-header-meta":"default","adv-header-id-meta":"","stick-header-meta":"","header-above-stick-meta":"","header-main-stick-meta":"","header-below-stick-meta":"","astra-migrate-meta-layouts":"set","ast-page-background-enabled":"default","ast-page-background-meta":{"desktop":{"background-color":"","background-image":"","background-repeat":"repeat","background-position":"center center","background-size":"auto","background-attachment":"scroll","background-type":"","background-media":"","overlay-type":"","overlay-color":"","overlay-opacity":"","overlay-gradient":""},"tablet":{"background-color":"","background-image":"","background-repeat":"repeat","background-position":"center center","background-size":"auto","background-attachment":"scroll","background-type":"","background-media":"","overlay-type":"","overlay-color":"","overlay-opacity":"","overlay-gradient":""},"mobile":{"background-color":"","background-image":"","background-repeat":"repeat","background-position":"center center","background-size":"auto","background-attachment":"scroll","background-type":"","background-media":"","overlay-type":"","overlay-color":"","overlay-opacity":"","overlay-gradient":""}},"ast-content-background-meta":{"desktop":{"background-color":"var(--ast-global-color-5)","background-image":"","background-repeat":"repeat","background-position":"center center","background-size":"auto","background-attachment":"scroll","background-type":"","background-media":"","overlay-type":"","overlay-color":"","overlay-opacity":"","overlay-gradient":""},"tablet":{"background-color":"var(--ast-global-color-5)","background-image":"","background-repeat":"repeat","background-position":"center center","background-size":"auto","background-attachment":"scroll","background-type":"","background-media":"","overlay-type":"","overlay-color":"","overlay-opacity":"","overlay-gradient":""},"mobile":{"background-color":"var(--ast-global-color-5)","background-image":"","background-repeat":"repeat","background-position":"center center","background-size":"auto","background-attachment":"scroll","background-type":"","background-media":"","overlay-type":"","overlay-color":"","overlay-opacity":"","overlay-gradient":""}}},"product_brand":[],"product_cat":[70],"product_tag":[],"class_list":{"0":"post-3662","1":"product","2":"type-product","3":"status-publish","4":"has-post-thumbnail","6":"product_cat-diagnostic-tools","7":"desktop-align-left","8":"tablet-align-left","9":"mobile-align-left","10":"ast-product-gallery-layout-horizontal-slider","11":"ast-product-tabs-layout-horizontal","13":"first","14":"instock","15":"shipping-taxable","16":"purchasable","17":"product-type-simple"},"aioseo_notices":[],"uagb_featured_image_src":{"full":["https:\/\/speedxperts.com\/wp-content\/uploads\/2024\/12\/Sca1069f2beb249908f774294b27b4809k.webp",2000,2000,false],"thumbnail":["https:\/\/speedxperts.com\/wp-content\/uploads\/2024\/12\/Sca1069f2beb249908f774294b27b4809k-150x150.webp",150,150,true],"medium":["https:\/\/speedxperts.com\/wp-content\/uploads\/2024\/12\/Sca1069f2beb249908f774294b27b4809k-300x300.webp",300,300,true],"medium_large":["https:\/\/speedxperts.com\/wp-content\/uploads\/2024\/12\/Sca1069f2beb249908f774294b27b4809k-768x768.webp",768,768,true],"large":["https:\/\/speedxperts.com\/wp-content\/uploads\/2024\/12\/Sca1069f2beb249908f774294b27b4809k-1024x1024.webp",1024,1024,true],"1536x1536":["https:\/\/speedxperts.com\/wp-content\/uploads\/2024\/12\/Sca1069f2beb249908f774294b27b4809k-1536x1536.webp",1536,1536,true],"2048x2048":["https:\/\/speedxperts.com\/wp-content\/uploads\/2024\/12\/Sca1069f2beb249908f774294b27b4809k.webp",2000,2000,false],"trp-custom-language-flag":["https:\/\/speedxperts.com\/wp-content\/uploads\/2024\/12\/Sca1069f2beb249908f774294b27b4809k-12x12.webp",12,12,true],"woocommerce_thumbnail":["https:\/\/speedxperts.com\/wp-content\/uploads\/2024\/12\/Sca1069f2beb249908f774294b27b4809k-300x300.webp",300,300,true],"woocommerce_single":["https:\/\/speedxperts.com\/wp-content\/uploads\/2024\/12\/Sca1069f2beb249908f774294b27b4809k-600x600.webp",600,600,true],"woocommerce_gallery_thumbnail":["https:\/\/speedxperts.com\/wp-content\/uploads\/2024\/12\/Sca1069f2beb249908f774294b27b4809k-100x100.webp",100,100,true]},"uagb_author_info":{"display_name":"Sebastian","author_link":"https:\/\/speedxperts.com\/fi\/author\/"},"uagb_comment_info":0,"uagb_excerpt":"The Multidiag Pro v3.0 is a versatile and affordable diagnostic tool designed for professionals and car enthusiasts alike. Functionally identical to the renowned Delfi DS150, this high-quality clone offers comprehensive diagnostics for cars and trucks with the latest Cars &amp; Trucks 2021 software included. Choose between two shell designs \u2013 the modern Multidiag Pro or&hellip;","jetpack_sharing_enabled":true,"_links":{"self":[{"href":"https:\/\/speedxperts.com\/fi\/wp-json\/wp\/v2\/product\/3662","targetHints":{"allow":["GET"]}}],"collection":[{"href":"https:\/\/speedxperts.com\/fi\/wp-json\/wp\/v2\/product"}],"about":[{"href":"https:\/\/speedxperts.com\/fi\/wp-json\/wp\/v2\/types\/product"}],"replies":[{"embeddable":true,"href":"https:\/\/speedxperts.com\/fi\/wp-json\/wp\/v2\/comments?post=3662"}],"wp:featuredmedia":[{"embeddable":true,"href":"https:\/\/speedxperts.com\/fi\/wp-json\/wp\/v2\/media\/3633"}],"wp:attachment":[{"href":"https:\/\/speedxperts.com\/fi\/wp-json\/wp\/v2\/media?parent=3662"}],"wp:term":[{"taxonomy":"product_brand","embeddable":true,"href":"https:\/\/speedxperts.com\/fi\/wp-json\/wp\/v2\/product_brand?post=3662"},{"taxonomy":"product_cat","embeddable":true,"href":"https:\/\/speedxperts.com\/fi\/wp-json\/wp\/v2\/product_cat?post=3662"},{"taxonomy":"product_tag","embeddable":true,"href":"https:\/\/speedxperts.com\/fi\/wp-json\/wp\/v2\/product_tag?post=3662"}],"curies":[{"name":"wp","href":"https:\/\/api.w.org\/{rel}","templated":true}]}}