{"id":3861,"date":"2024-12-17T15:37:34","date_gmt":"2024-12-17T14:37:34","guid":{"rendered":"https:\/\/speedxperts.com\/product\/cute-car-gear-shift-knob-cover-4\/"},"modified":"2025-03-23T17:29:02","modified_gmt":"2025-03-23T16:29:02","slug":"sopo-auton-vaihdekepin-nupin-kansi-4","status":"publish","type":"product","link":"https:\/\/speedxperts.com\/fi\/tuote\/sopo-auton-vaihdekepin-nupin-kansi-4\/","title":{"rendered":"S\u00f6p\u00f6 auton vaihdekepin nupin kansi"},"content":{"rendered":"<p>Lis\u00e4\u00e4 s\u00f6p\u00f6ytt\u00e4 ja l\u00e4mp\u00f6\u00e4 autosi sis\u00e4tiloihin t\u00e4ll\u00e4 ihastuttavalla Cartoon Handbrake Grip Cover -k\u00e4sikahvan suojuksella ja Gear Shift Knob Plush Sleeve -vaihteenvaihtonupilla. T\u00e4m\u00e4 sek\u00e4 manuaali- ett\u00e4 automaattivaihteistoille suunniteltu pehmop\u00e4\u00e4llyste ei ainoastaan tarjoa mukavaa ja mukavaa otetta, vaan se my\u00f6s lis\u00e4\u00e4 vieh\u00e4tt\u00e4v\u00e4n leikkis\u00e4n elementin ajoneuvosi sis\u00e4tiloihin.<\/p>\n<hr \/>\n<h3><strong>T\u00e4rkeimm\u00e4t ominaisuudet:<\/strong><\/h3>\n<p>\u2705 <strong>Suloinen sarjakuva suunnittelu<\/strong><\/p>\n<ul>\n<li>S\u00f6p\u00f6, pehmoinen malli, jossa on hurmaava sarjakuvahahmo.<\/li>\n<li>T\u00e4ydellinen, kun haluat lis\u00e4t\u00e4 hauskan ja persoonallisen kosketuksen autosi sisustukseen.<\/li>\n<\/ul>\n<p>\u2705 <strong>Yleinen yhteensopivuus<\/strong><\/p>\n<ul>\n<li>Sopii sek\u00e4 manuaali- ett\u00e4 automaattivaihteistoille.<\/li>\n<li>Yhteensopiva soututankojen kanssa, joissa on pienemm\u00e4t py\u00f6re\u00e4t p\u00e4\u00e4t ja sivupainikkeet sek\u00e4 etup\u00e4\u00e4n painikkeet.<\/li>\n<\/ul>\n<p>\u2705 <strong>L\u00e4mmin ja pehme\u00e4 materiaali<\/strong><\/p>\n<ul>\n<li>Valmistettu <strong>muhkea kangas<\/strong> viihtyis\u00e4n tunnelman luomiseksi, erityisesti kylmempin\u00e4 kuukausina.<\/li>\n<li>Tarjoaa mukavan otteen ja pehme\u00e4n, l\u00e4mpim\u00e4n kosketuksen.<\/li>\n<\/ul>\n<p>\u2705 <strong>Helppo asennus<\/strong><\/p>\n<ul>\n<li>Helppo ja suoraviivainen asennus - liu'uta vain k\u00e4sijarrun tai vaihteenvalitsimen nupin p\u00e4\u00e4lle.<\/li>\n<li>Ei tarvita ty\u00f6kaluja tai lis\u00e4muutoksia.<\/li>\n<\/ul>\n<p>\u2705 <strong>Kest\u00e4v\u00e4 ja pitk\u00e4ik\u00e4inen<\/strong><\/p>\n<ul>\n<li>Valmistettu korkealaatuisista materiaaleista kest\u00e4vyytt\u00e4 ja pitk\u00e4aikaista k\u00e4ytt\u00f6\u00e4 varten.<\/li>\n<li>Suunniteltu s\u00e4ilytt\u00e4m\u00e4\u00e4n s\u00f6p\u00f6 ulkon\u00e4k\u00f6 ja pehme\u00e4 tuntuma ajan my\u00f6t\u00e4.<\/li>\n<\/ul>\n<hr \/>\n<h3><strong>Tekniset tiedot:<\/strong><\/h3>\n<ul>\n<li><strong>Mukana oleva m\u00e4\u00e4r\u00e4<\/strong>: 1 kpl<\/li>\n<li><strong>Materiaali<\/strong>: Pehme\u00e4 kangas<\/li>\n<li><strong>Yhteensopivuus<\/strong>: Soveltuu manuaali- ja automaattivaihteistoille, yhteensopiva pienemmill\u00e4 py\u00f6reill\u00e4 p\u00e4ill\u00e4 ja sivu\/etupainikkeilla varustettujen rivitankojen kanssa.<\/li>\n<li><strong>Asennus<\/strong>: Helppo asentaa ilman ty\u00f6kaluja.<\/li>\n<\/ul>\n<hr \/>\n<p><strong>P\u00e4ivit\u00e4 autosi t\u00e4ll\u00e4 s\u00f6p\u00f6ll\u00e4 ja k\u00e4yt\u00e4nn\u00f6llisell\u00e4 pehmoisella k\u00e4sijarrukahvan suojuksella - t\u00e4ydellinen autoharrastajille ja kaikille, jotka rakastavat hieman omituisuutta ajoneuvonsa muotoilussa!<\/strong><\/p>\n<p>&nbsp;<\/p>","protected":false},"excerpt":{"rendered":"<p>\u2714 <strong>Lis\u00e4\u00e4 hauskan elementin<\/strong> - Tuo ripauksen leikkisyytt\u00e4 autosi sis\u00e4tiloihin.<br \/>\n\u2714 <strong>Yleinen yhteensopivuus<\/strong> - Sopii monenlaisiin automalleihin ja voimansiirtotyyppeihin.<br \/>\n\u2714 <strong>Mukava ja l\u00e4mmin<\/strong> - Pehmoinen materiaali tarjoaa mukavan otteen erityisesti kylmemm\u00e4ll\u00e4 s\u00e4\u00e4ll\u00e4.<br \/>\n\u2714 <strong>Helppo asennus<\/strong> - Yksinkertainen liukuva muotoilu, ei vaivaudu.<\/p>","protected":false},"featured_media":3859,"comment_status":"open","ping_status":"closed","template":"","meta":{"_uag_custom_page_level_css":"","site-sidebar-layout":"default","site-content-layout":"","ast-site-content-layout":"default","site-content-style":"default","site-sidebar-style":"default","ast-global-header-display":"","ast-banner-title-visibility":"","ast-main-header-display":"","ast-hfb-above-header-display":"","ast-hfb-below-header-display":"","ast-hfb-mobile-header-display":"","site-post-title":"","ast-breadcrumbs-content":"","ast-featured-img":"","footer-sml-layout":"","theme-transparent-header-meta":"default","adv-header-id-meta":"","stick-header-meta":"","header-above-stick-meta":"","header-main-stick-meta":"","header-below-stick-meta":"","astra-migrate-meta-layouts":"set","ast-page-background-enabled":"default","ast-page-background-meta":{"desktop":{"background-color":"","background-image":"","background-repeat":"repeat","background-position":"center center","background-size":"auto","background-attachment":"scroll","background-type":"","background-media":"","overlay-type":"","overlay-color":"","overlay-opacity":"","overlay-gradient":""},"tablet":{"background-color":"","background-image":"","background-repeat":"repeat","background-position":"center center","background-size":"auto","background-attachment":"scroll","background-type":"","background-media":"","overlay-type":"","overlay-color":"","overlay-opacity":"","overlay-gradient":""},"mobile":{"background-color":"","background-image":"","background-repeat":"repeat","background-position":"center center","background-size":"auto","background-attachment":"scroll","background-type":"","background-media":"","overlay-type":"","overlay-color":"","overlay-opacity":"","overlay-gradient":""}},"ast-content-background-meta":{"desktop":{"background-color":"var(--ast-global-color-5)","background-image":"","background-repeat":"repeat","background-position":"center center","background-size":"auto","background-attachment":"scroll","background-type":"","background-media":"","overlay-type":"","overlay-color":"","overlay-opacity":"","overlay-gradient":""},"tablet":{"background-color":"var(--ast-global-color-5)","background-image":"","background-repeat":"repeat","background-position":"center center","background-size":"auto","background-attachment":"scroll","background-type":"","background-media":"","overlay-type":"","overlay-color":"","overlay-opacity":"","overlay-gradient":""},"mobile":{"background-color":"var(--ast-global-color-5)","background-image":"","background-repeat":"repeat","background-position":"center center","background-size":"auto","background-attachment":"scroll","background-type":"","background-media":"","overlay-type":"","overlay-color":"","overlay-opacity":"","overlay-gradient":""}}},"product_brand":[],"product_cat":[198],"product_tag":[],"class_list":{"0":"post-3861","1":"product","2":"type-product","3":"status-publish","4":"has-post-thumbnail","6":"product_cat-toy-accessories","7":"desktop-align-left","8":"tablet-align-left","9":"mobile-align-left","10":"ast-product-gallery-layout-horizontal-slider","11":"ast-product-tabs-layout-horizontal","13":"first","14":"instock","15":"shipping-taxable","16":"purchasable","17":"product-type-simple"},"aioseo_notices":[],"uagb_featured_image_src":{"full":["https:\/\/speedxperts.com\/wp-content\/uploads\/2024\/12\/S335b21feff844724975e8b635b14a530F.webp",600,600,false],"thumbnail":["https:\/\/speedxperts.com\/wp-content\/uploads\/2024\/12\/S335b21feff844724975e8b635b14a530F-150x150.webp",150,150,true],"medium":["https:\/\/speedxperts.com\/wp-content\/uploads\/2024\/12\/S335b21feff844724975e8b635b14a530F-300x300.webp",300,300,true],"medium_large":["https:\/\/speedxperts.com\/wp-content\/uploads\/2024\/12\/S335b21feff844724975e8b635b14a530F.webp",600,600,false],"large":["https:\/\/speedxperts.com\/wp-content\/uploads\/2024\/12\/S335b21feff844724975e8b635b14a530F.webp",600,600,false],"1536x1536":["https:\/\/speedxperts.com\/wp-content\/uploads\/2024\/12\/S335b21feff844724975e8b635b14a530F.webp",600,600,false],"2048x2048":["https:\/\/speedxperts.com\/wp-content\/uploads\/2024\/12\/S335b21feff844724975e8b635b14a530F.webp",600,600,false],"trp-custom-language-flag":["https:\/\/speedxperts.com\/wp-content\/uploads\/2024\/12\/S335b21feff844724975e8b635b14a530F-12x12.webp",12,12,true],"woocommerce_thumbnail":["https:\/\/speedxperts.com\/wp-content\/uploads\/2024\/12\/S335b21feff844724975e8b635b14a530F-300x300.webp",300,300,true],"woocommerce_single":["https:\/\/speedxperts.com\/wp-content\/uploads\/2024\/12\/S335b21feff844724975e8b635b14a530F.webp",600,600,false],"woocommerce_gallery_thumbnail":["https:\/\/speedxperts.com\/wp-content\/uploads\/2024\/12\/S335b21feff844724975e8b635b14a530F-100x100.webp",100,100,true]},"uagb_author_info":{"display_name":"Sebastian","author_link":"https:\/\/speedxperts.com\/fi\/author\/"},"uagb_comment_info":0,"uagb_excerpt":"\u2714 Adds a Fun Element \u2013 Brings a touch of playfulness to your car's interior. \u2714 Universal Compatibility \u2013 Fits a wide range of car models and transmission types. \u2714 Comfortable and Warm \u2013 Plush material offers a cozy grip, especially in colder weather. \u2714 Easy Installation \u2013 Simple slip-on design, no hassle required.","jetpack_sharing_enabled":true,"_links":{"self":[{"href":"https:\/\/speedxperts.com\/fi\/wp-json\/wp\/v2\/product\/3861","targetHints":{"allow":["GET"]}}],"collection":[{"href":"https:\/\/speedxperts.com\/fi\/wp-json\/wp\/v2\/product"}],"about":[{"href":"https:\/\/speedxperts.com\/fi\/wp-json\/wp\/v2\/types\/product"}],"replies":[{"embeddable":true,"href":"https:\/\/speedxperts.com\/fi\/wp-json\/wp\/v2\/comments?post=3861"}],"wp:featuredmedia":[{"embeddable":true,"href":"https:\/\/speedxperts.com\/fi\/wp-json\/wp\/v2\/media\/3859"}],"wp:attachment":[{"href":"https:\/\/speedxperts.com\/fi\/wp-json\/wp\/v2\/media?parent=3861"}],"wp:term":[{"taxonomy":"product_brand","embeddable":true,"href":"https:\/\/speedxperts.com\/fi\/wp-json\/wp\/v2\/product_brand?post=3861"},{"taxonomy":"product_cat","embeddable":true,"href":"https:\/\/speedxperts.com\/fi\/wp-json\/wp\/v2\/product_cat?post=3861"},{"taxonomy":"product_tag","embeddable":true,"href":"https:\/\/speedxperts.com\/fi\/wp-json\/wp\/v2\/product_tag?post=3861"}],"curies":[{"name":"wp","href":"https:\/\/api.w.org\/{rel}","templated":true}]}}