{"id":3894,"date":"2025-01-04T18:11:06","date_gmt":"2025-01-04T17:11:06","guid":{"rendered":"https:\/\/speedxperts.com\/?post_type=product&#038;p=3894"},"modified":"2025-02-04T15:23:34","modified_gmt":"2025-02-04T14:23:34","slug":"auton-akkulaturi-12v","status":"publish","type":"product","link":"https:\/\/speedxperts.com\/fi\/tuote\/auton-akkulaturi-12v\/","title":{"rendered":"Auton akkulaturi 12V"},"content":{"rendered":"<p>Pid\u00e4 akkusi optimaalisessa kunnossa <strong>\u00c4lyk\u00e4s pulssikorjausparistolaturi<\/strong>. Suunniteltu <strong>12V lyijyakut<\/strong>T\u00e4m\u00e4 t\u00e4ysin automaattinen laturi ei ainoastaan lataa vaan my\u00f6s korjaa tyhjentyneet ja sulfatoituneet akut ja pident\u00e4\u00e4 niiden k\u00e4ytt\u00f6ik\u00e4\u00e4 ja suorituskyky\u00e4.<\/p>\n<hr \/>\n<h3><strong>T\u00e4rkeimm\u00e4t ominaisuudet:<\/strong><\/h3>\n<p>\u2705 <strong>\u00c4lyk\u00e4s pulssikorjaustekniikka<\/strong><\/p>\n<ul>\n<li>Diagnosoi ja korjaa akkujen ongelmat, kuten sulfatoitumisen ja alhaisen j\u00e4nnitteen.<\/li>\n<li>Varmistaa auton, moottoripy\u00f6r\u00e4n tai muiden 12 V:n akkujen maksimaalisen suorituskyvyn.<\/li>\n<\/ul>\n<p>\u2705 <strong>LCD-n\u00e4ytt\u00f6 helpottaa seurantaa<\/strong><\/p>\n<ul>\n<li>Sis\u00e4\u00e4nrakennettu <strong>LCD-n\u00e4ytt\u00f6<\/strong> n\u00e4ytt\u00e4\u00e4 reaaliaikaisen lataustilan, akun varaustason ja korjauksen edistymisen.<\/li>\n<li>K\u00e4ytt\u00e4j\u00e4yst\u00e4v\u00e4llinen k\u00e4ytt\u00f6liittym\u00e4 vaivatonta k\u00e4ytt\u00f6\u00e4 varten.<\/li>\n<\/ul>\n<p>\u2705 <strong>T\u00e4ysin automaattinen lataus<\/strong><\/p>\n<ul>\n<li>Est\u00e4\u00e4 <strong>ylilataus<\/strong> ja pys\u00e4htyy automaattisesti, kun akku on ladattu t\u00e4yteen.<\/li>\n<li>Turvallinen j\u00e4tt\u00e4\u00e4 kytkettyn\u00e4 loputtomiin ilman akun vaurioitumisen vaaraa.<\/li>\n<\/ul>\n<p>\u2705 <strong>Laaja 12V yhteensopivuus<\/strong><\/p>\n<ul>\n<li>Sopii erilaisille <strong>lyijyakkutyypit<\/strong>:\n<ul>\n<li><strong>Kalsium-, geeli-, AGM-, m\u00e4rk\u00e4kenno- ja EFB-akut.<\/strong><\/li>\n<\/ul>\n<\/li>\n<li>T\u00e4ydellinen <strong>autot, moottoripy\u00f6r\u00e4t, maastoautot, veneet, asuntoautot ja paljon muuta<\/strong>.<\/li>\n<\/ul>\n<p>\u2705 <strong>Kehittyneet turvallisuusominaisuudet<\/strong><\/p>\n<ul>\n<li><strong>Napaisuuden suojaus<\/strong>: Est\u00e4\u00e4 virheelliset kytkenn\u00e4t.<\/li>\n<li><strong>Oikosulun suojaus<\/strong>: Varmistaa turvallisuuden k\u00e4yt\u00f6n aikana.<\/li>\n<li><strong>Ylij\u00e4nnite- ja ylikuumenemissuojaus<\/strong>: Sammuu automaattisesti vahingoittumisen est\u00e4miseksi.<\/li>\n<li><strong>Suojaus muilta kuin akkukytkenn\u00f6ilt\u00e4<\/strong>: Tunnistaa, jos akkua ei ole kytketty.<\/li>\n<\/ul>\n<p>\u2705 <strong>Korkea hy\u00f6tysuhde ja luotettava suorituskyky<\/strong><\/p>\n<ul>\n<li>Tuloj\u00e4nnite: <strong>100-240V AC, 50-60Hz<\/strong><\/li>\n<li>L\u00e4ht\u00f6: <strong>12V<\/strong> tehokkuus on <strong>85%<\/strong>.<\/li>\n<li>Akun kantama: Tukee <strong>6-100Ah<\/strong> paristot.<\/li>\n<li>L\u00e4mp\u00f6suojaus: Toimii jopa <strong>65\u00b0C \u00b1 5\u00b0C<\/strong> turvallista toimintaa varten.<\/li>\n<\/ul>\n<p>\u2705 <strong>Kompakti ja kevyt rakenne<\/strong><\/p>\n<ul>\n<li><strong>Mitat<\/strong>: 145 x 90 x 65mm<\/li>\n<li><strong>Paino<\/strong>: 480 g - helppo s\u00e4ilytt\u00e4\u00e4 ja kuljettaa mukana minne tahansa.<\/li>\n<li>Yhdenmukainen <strong>CE-standardit<\/strong> laadunvarmistusta varten.<\/li>\n<\/ul>\n<hr \/>\n<h3><strong>Tekniset tiedot:<\/strong><\/h3>\n<ul>\n<li><strong>Tuloj\u00e4nnite<\/strong>: 100-240V AC, 50-60Hz<\/li>\n<li><strong>L\u00e4ht\u00f6j\u00e4nnite<\/strong>: 12V<\/li>\n<li><strong>Akun kantama<\/strong>: 6-100Ah<\/li>\n<li><strong>Tehokkuus<\/strong>: 85%<\/li>\n<li><strong>L\u00e4mp\u00f6suojaus<\/strong>: 65\u00b0C \u00b1 5\u00b0C<\/li>\n<li><strong>Mitat<\/strong>: 145 x 90 x 65mm<\/li>\n<li><strong>Paino<\/strong>: 480g<\/li>\n<\/ul>\n<hr \/>\n<h3><strong>Paketti sis\u00e4lt\u00e4\u00e4:<\/strong><\/h3>\n<ul>\n<li>1 x \u00c4lyk\u00e4s pulssikorjausakun laturi<\/li>\n<li>1 x k\u00e4ytt\u00f6ohje<\/li>\n<\/ul>\n<hr \/>\n<p><strong>Elvyt\u00e4, lataa ja huolla auton tai moottoripy\u00f6r\u00e4n akkua vaivattomasti Intelligent Pulse Repair -laturilla. T\u00e4ydellinen kotitalliin, automatkoille ja h\u00e4t\u00e4tilanteisiin. Investoi akun terveyteen jo t\u00e4n\u00e4\u00e4n!<\/strong><\/p>","protected":false},"excerpt":{"rendered":"<h3><strong>Miksi valita t\u00e4m\u00e4 akkulaturi?<\/strong><\/h3>\n<p>\u2714 <strong>Automaattinen ja huoltovapaa<\/strong> - Turvallinen k\u00e4ytt\u00e4\u00e4 pitk\u00e4ll\u00e4 aikav\u00e4lill\u00e4.<br \/>\n\u2714 <strong>Monipuolinen yhteensopivuus<\/strong> - Toimii useiden lyijyakkutyyppien kanssa.<br \/>\n\u2714 <strong>Akun korjaustoiminto<\/strong> - Elvytt\u00e4\u00e4 tyhjentyneet paristot ja pident\u00e4\u00e4 niiden k\u00e4ytt\u00f6ik\u00e4\u00e4.<br \/>\n\u2714 <strong>Turvallisuus etusijalla<\/strong> - Useat suojausominaisuudet takaavat huolettoman k\u00e4yt\u00f6n.<\/p>","protected":false},"featured_media":3882,"comment_status":"open","ping_status":"closed","template":"","meta":{"_uag_custom_page_level_css":"","site-sidebar-layout":"default","site-content-layout":"","ast-site-content-layout":"default","site-content-style":"default","site-sidebar-style":"default","ast-global-header-display":"","ast-banner-title-visibility":"","ast-main-header-display":"","ast-hfb-above-header-display":"","ast-hfb-below-header-display":"","ast-hfb-mobile-header-display":"","site-post-title":"","ast-breadcrumbs-content":"","ast-featured-img":"","footer-sml-layout":"","ast-disable-related-posts":"","theme-transparent-header-meta":"default","adv-header-id-meta":"","stick-header-meta":"","header-above-stick-meta":"","header-main-stick-meta":"","header-below-stick-meta":"","astra-migrate-meta-layouts":"set","ast-page-background-enabled":"default","ast-page-background-meta":{"desktop":{"background-color":"","background-image":"","background-repeat":"repeat","background-position":"center center","background-size":"auto","background-attachment":"scroll","background-type":"","background-media":"","overlay-type":"","overlay-color":"","overlay-opacity":"","overlay-gradient":""},"tablet":{"background-color":"","background-image":"","background-repeat":"repeat","background-position":"center center","background-size":"auto","background-attachment":"scroll","background-type":"","background-media":"","overlay-type":"","overlay-color":"","overlay-opacity":"","overlay-gradient":""},"mobile":{"background-color":"","background-image":"","background-repeat":"repeat","background-position":"center center","background-size":"auto","background-attachment":"scroll","background-type":"","background-media":"","overlay-type":"","overlay-color":"","overlay-opacity":"","overlay-gradient":""}},"ast-content-background-meta":{"desktop":{"background-color":"var(--ast-global-color-5)","background-image":"","background-repeat":"repeat","background-position":"center center","background-size":"auto","background-attachment":"scroll","background-type":"","background-media":"","overlay-type":"","overlay-color":"","overlay-opacity":"","overlay-gradient":""},"tablet":{"background-color":"var(--ast-global-color-5)","background-image":"","background-repeat":"repeat","background-position":"center center","background-size":"auto","background-attachment":"scroll","background-type":"","background-media":"","overlay-type":"","overlay-color":"","overlay-opacity":"","overlay-gradient":""},"mobile":{"background-color":"var(--ast-global-color-5)","background-image":"","background-repeat":"repeat","background-position":"center center","background-size":"auto","background-attachment":"scroll","background-type":"","background-media":"","overlay-type":"","overlay-color":"","overlay-opacity":"","overlay-gradient":""}}},"product_brand":[],"product_cat":[226],"product_tag":[],"class_list":{"0":"post-3894","1":"product","2":"type-product","3":"status-publish","4":"has-post-thumbnail","6":"product_cat-electronics","7":"desktop-align-left","8":"tablet-align-left","9":"mobile-align-left","10":"ast-product-gallery-layout-horizontal-slider","11":"ast-product-single-variable","12":"ast-product-tabs-layout-horizontal","14":"first","15":"instock","16":"shipping-taxable","17":"purchasable","18":"product-type-variable"},"aioseo_notices":[],"uagb_featured_image_src":{"full":["https:\/\/speedxperts.com\/wp-content\/uploads\/2025\/01\/Sc1b8732fa3c24d6ab57e9edb11659235c.webp",1200,1200,false],"thumbnail":["https:\/\/speedxperts.com\/wp-content\/uploads\/2025\/01\/Sc1b8732fa3c24d6ab57e9edb11659235c-150x150.webp",150,150,true],"medium":["https:\/\/speedxperts.com\/wp-content\/uploads\/2025\/01\/Sc1b8732fa3c24d6ab57e9edb11659235c-300x300.webp",300,300,true],"medium_large":["https:\/\/speedxperts.com\/wp-content\/uploads\/2025\/01\/Sc1b8732fa3c24d6ab57e9edb11659235c-768x768.webp",768,768,true],"large":["https:\/\/speedxperts.com\/wp-content\/uploads\/2025\/01\/Sc1b8732fa3c24d6ab57e9edb11659235c-1024x1024.webp",1024,1024,true],"1536x1536":["https:\/\/speedxperts.com\/wp-content\/uploads\/2025\/01\/Sc1b8732fa3c24d6ab57e9edb11659235c.webp",1200,1200,false],"2048x2048":["https:\/\/speedxperts.com\/wp-content\/uploads\/2025\/01\/Sc1b8732fa3c24d6ab57e9edb11659235c.webp",1200,1200,false],"trp-custom-language-flag":["https:\/\/speedxperts.com\/wp-content\/uploads\/2025\/01\/Sc1b8732fa3c24d6ab57e9edb11659235c-12x12.webp",12,12,true],"woocommerce_thumbnail":["https:\/\/speedxperts.com\/wp-content\/uploads\/2025\/01\/Sc1b8732fa3c24d6ab57e9edb11659235c-300x300.webp",300,300,true],"woocommerce_single":["https:\/\/speedxperts.com\/wp-content\/uploads\/2025\/01\/Sc1b8732fa3c24d6ab57e9edb11659235c-600x600.webp",600,600,true],"woocommerce_gallery_thumbnail":["https:\/\/speedxperts.com\/wp-content\/uploads\/2025\/01\/Sc1b8732fa3c24d6ab57e9edb11659235c-100x100.webp",100,100,true]},"uagb_author_info":{"display_name":"Sebastian","author_link":"https:\/\/speedxperts.com\/fi\/author\/"},"uagb_comment_info":0,"uagb_excerpt":"Why Choose This Battery Charger? \u2714 Automatic &amp; Maintenance-Free \u2013 Safe to use long-term. \u2714 Versatile Compatibility \u2013 Works with multiple lead-acid battery types. \u2714 Battery Repair Function \u2013 Revives depleted batteries for longer life. \u2714 Safety First \u2013 Multiple protective features ensure worry-free use.","jetpack_sharing_enabled":true,"_links":{"self":[{"href":"https:\/\/speedxperts.com\/fi\/wp-json\/wp\/v2\/product\/3894","targetHints":{"allow":["GET"]}}],"collection":[{"href":"https:\/\/speedxperts.com\/fi\/wp-json\/wp\/v2\/product"}],"about":[{"href":"https:\/\/speedxperts.com\/fi\/wp-json\/wp\/v2\/types\/product"}],"replies":[{"embeddable":true,"href":"https:\/\/speedxperts.com\/fi\/wp-json\/wp\/v2\/comments?post=3894"}],"wp:featuredmedia":[{"embeddable":true,"href":"https:\/\/speedxperts.com\/fi\/wp-json\/wp\/v2\/media\/3882"}],"wp:attachment":[{"href":"https:\/\/speedxperts.com\/fi\/wp-json\/wp\/v2\/media?parent=3894"}],"wp:term":[{"taxonomy":"product_brand","embeddable":true,"href":"https:\/\/speedxperts.com\/fi\/wp-json\/wp\/v2\/product_brand?post=3894"},{"taxonomy":"product_cat","embeddable":true,"href":"https:\/\/speedxperts.com\/fi\/wp-json\/wp\/v2\/product_cat?post=3894"},{"taxonomy":"product_tag","embeddable":true,"href":"https:\/\/speedxperts.com\/fi\/wp-json\/wp\/v2\/product_tag?post=3894"}],"curies":[{"name":"wp","href":"https:\/\/api.w.org\/{rel}","templated":true}]}}