{"id":3910,"date":"2025-01-04T18:11:27","date_gmt":"2025-01-04T17:11:27","guid":{"rendered":"https:\/\/speedxperts.com\/?post_type=product&#038;p=3910"},"modified":"2025-02-04T15:23:25","modified_gmt":"2025-02-04T14:23:25","slug":"universaali-puhallettava-sanky-autoon-175x130cm","status":"publish","type":"product","link":"https:\/\/speedxperts.com\/fi\/tuote\/universaali-puhallettava-sanky-autoon-175x130cm\/","title":{"rendered":"Yleismaailmallinen puhallettava s\u00e4nky autoon - 175x130cm"},"content":{"rendered":"<p>Paranna matkakokemustasi <strong>Universal Car Travel puhallettava s\u00e4nky<\/strong>, joka on suunniteltu \u00e4\u00e4rimm\u00e4ist\u00e4 mukavuutta ja helppoutta varten. T\u00e4m\u00e4 monipuolinen ilmapatja sopii useimpiin autoihin, maastureihin ja asuntoautoihin, joten se on ihanteellinen automatkoille, perheretkille, telttailuun ja y\u00f6pymisiin.<\/p>\n<h3><strong>T\u00e4rkeimm\u00e4t ominaisuudet:<\/strong><\/h3>\n<p>\u2705 <strong>Premium-koko &amp; mukavuus<\/strong>:<\/p>\n<ul>\n<li>Mitat: <strong>175x130cm (68.9\u00d751.2 tuumaa)<\/strong><\/li>\n<li>Tilava ja tukeva muotoilu takaa levollisen unen kahdelle aikuiselle.<\/li>\n<\/ul>\n<p>\u2705 <strong>Kuusi riippumatonta ilmakammiota<\/strong>:<\/p>\n<ul>\n<li>Tukee erillist\u00e4 puhallusta, jotta voit mukauttaa lujuutta ja istuvuutta autosi takaistuimelle tai tavaratilaan.<\/li>\n<li>Kokoontaitettava ilmattomassa tilassa helppoa s\u00e4ilytyst\u00e4 varten.<\/li>\n<\/ul>\n<p>\u2705 <strong>Korkealaatuinen materiaali<\/strong>:<\/p>\n<ul>\n<li>Valmistettu <strong>flokkattu PVC<\/strong> kest\u00e4vyytt\u00e4, sileytt\u00e4 ja mukavuutta.<\/li>\n<li>Kammioitu muotoilu takaa paremman paineen jakautumisen ja lis\u00e4\u00e4 tukea.<\/li>\n<\/ul>\n<p>\u2705 <strong>Vuodonkest\u00e4v\u00e4 rakenne<\/strong>:<\/p>\n<ul>\n<li>Kaksirivinen saumareunatekniikka ja <strong>3-kerroksiset tiiviit venttiilit<\/strong> est\u00e4\u00e4 ilmavuodot.<\/li>\n<\/ul>\n<p>\u2705 <strong>Nopea ja helppo asennus<\/strong>:<\/p>\n<ul>\n<li>Mukana tulee <strong>12V ilmapumppu<\/strong> nopeaan t\u00e4ytt\u00f6\u00f6n muutamassa minuutissa (<em>Pumppu EI ole yhteensopiva renkaiden, joogapallojen tai uimarenkaiden kanssa.<\/em>)<\/li>\n<\/ul>\n<p>\u2705 <strong>K\u00e4tev\u00e4 &amp; kannettava<\/strong>:<\/p>\n<ul>\n<li>Sis\u00e4lt\u00e4\u00e4 <strong>s\u00e4ilytyspussi<\/strong> kompakti siirrett\u00e4vyys ja auton takaistuimen tuki, joka pit\u00e4\u00e4 s\u00e4ngyn vakaana k\u00e4yt\u00f6n aikana.<\/li>\n<\/ul>\n<p>\u2705 <strong>Monik\u00e4ytt\u00f6inen k\u00e4ytt\u00f6<\/strong>:<\/p>\n<ul>\n<li>T\u00e4ydellinen <strong>retkeilyyn, automatkoihin, piknikille, toimistotaukoihin ja vierasvuoteisiin.<\/strong> kotona.<\/li>\n<li>Yhteensopiva <strong>Maasturit, asuntoautot, tila-autot ja sedanit.<\/strong>.<\/li>\n<\/ul>\n<hr \/>\n<h3><strong>Paketti sis\u00e4lt\u00e4\u00e4<\/strong>:<\/h3>\n<ul>\n<li>1 x Puhallettava auton patja<\/li>\n<li>1 x tyyny<\/li>\n<li>1 x ilmapumppu (12V auton yhteensopiva)<\/li>\n<li>1 x s\u00e4ilytyspussi<\/li>\n<li>1 x S\u00e4ngyn tuki auton takaistuimelle<\/li>\n<\/ul>\n<hr \/>\n<h3><strong>Tekniset tiedot<\/strong>:<\/h3>\n<ul>\n<li><strong>Materiaali<\/strong>: Korkealaatuinen PVC + flokkauskangas<\/li>\n<li><strong>Puhallettu koko<\/strong>: 175x130cm \/ 68.9\u00d751.2 tuumaa.<\/li>\n<li><strong>Paino<\/strong>: Noin 2.5kg<\/li>\n<li><strong>Ilmapumppu<\/strong>: 12V Auto yhteensopiva<\/li>\n<\/ul>\n<p><strong>Huomautus<\/strong>: K\u00e4yt\u00e4 aina mukana tulevaa pumppua turvallisen ja tehokkaan ilmat\u00e4yt\u00f6n varmistamiseksi.<\/p>\n<p>&nbsp;<\/p>","protected":false},"excerpt":{"rendered":"<p><strong>Miksi valita t\u00e4m\u00e4 auton puhallettava s\u00e4nky?<\/strong><br \/>\n\u2714 <strong>Kannettava ja kevyt<\/strong> - Helppo kuljettaa ja s\u00e4ilytt\u00e4\u00e4.<br \/>\n\u2714 <strong>Mukavuutta liikkeell\u00e4<\/strong> - T\u00e4ydellinen automatkoille, telttailuun tai nopeille p\u00e4iv\u00e4unille pitkien ajomatkojen aikana.<br \/>\n\u2714 <strong>Universal Fit<\/strong> - Sopii yli 90% autoihin ja maastureihin.<\/p>\n<p><strong>Paranna matkojasi vertaansa vailla olevalla mukavuudella ja mukavuudella. Tilaa puhallettava Universal Car Travel -vuode jo t\u00e4n\u00e4\u00e4n!<\/strong><\/p>","protected":false},"featured_media":3885,"comment_status":"open","ping_status":"closed","template":"","meta":{"_uag_custom_page_level_css":"","site-sidebar-layout":"default","site-content-layout":"","ast-site-content-layout":"default","site-content-style":"default","site-sidebar-style":"default","ast-global-header-display":"","ast-banner-title-visibility":"","ast-main-header-display":"","ast-hfb-above-header-display":"","ast-hfb-below-header-display":"","ast-hfb-mobile-header-display":"","site-post-title":"","ast-breadcrumbs-content":"","ast-featured-img":"","footer-sml-layout":"","theme-transparent-header-meta":"default","adv-header-id-meta":"","stick-header-meta":"","header-above-stick-meta":"","header-main-stick-meta":"","header-below-stick-meta":"","astra-migrate-meta-layouts":"set","ast-page-background-enabled":"default","ast-page-background-meta":{"desktop":{"background-color":"","background-image":"","background-repeat":"repeat","background-position":"center center","background-size":"auto","background-attachment":"scroll","background-type":"","background-media":"","overlay-type":"","overlay-color":"","overlay-opacity":"","overlay-gradient":""},"tablet":{"background-color":"","background-image":"","background-repeat":"repeat","background-position":"center center","background-size":"auto","background-attachment":"scroll","background-type":"","background-media":"","overlay-type":"","overlay-color":"","overlay-opacity":"","overlay-gradient":""},"mobile":{"background-color":"","background-image":"","background-repeat":"repeat","background-position":"center center","background-size":"auto","background-attachment":"scroll","background-type":"","background-media":"","overlay-type":"","overlay-color":"","overlay-opacity":"","overlay-gradient":""}},"ast-content-background-meta":{"desktop":{"background-color":"var(--ast-global-color-5)","background-image":"","background-repeat":"repeat","background-position":"center center","background-size":"auto","background-attachment":"scroll","background-type":"","background-media":"","overlay-type":"","overlay-color":"","overlay-opacity":"","overlay-gradient":""},"tablet":{"background-color":"var(--ast-global-color-5)","background-image":"","background-repeat":"repeat","background-position":"center center","background-size":"auto","background-attachment":"scroll","background-type":"","background-media":"","overlay-type":"","overlay-color":"","overlay-opacity":"","overlay-gradient":""},"mobile":{"background-color":"var(--ast-global-color-5)","background-image":"","background-repeat":"repeat","background-position":"center center","background-size":"auto","background-attachment":"scroll","background-type":"","background-media":"","overlay-type":"","overlay-color":"","overlay-opacity":"","overlay-gradient":""}}},"product_brand":[],"product_cat":[72],"product_tag":[],"class_list":{"0":"post-3910","1":"product","2":"type-product","3":"status-publish","4":"has-post-thumbnail","6":"product_cat-interior-accessories","7":"desktop-align-left","8":"tablet-align-left","9":"mobile-align-left","10":"ast-product-gallery-layout-horizontal-slider","11":"ast-product-single-variable","12":"ast-product-tabs-layout-horizontal","14":"first","15":"instock","16":"shipping-taxable","17":"purchasable","18":"product-type-variable"},"aioseo_notices":[],"uagb_featured_image_src":{"full":["https:\/\/speedxperts.com\/wp-content\/uploads\/2025\/01\/S9437f98f663b4d7db4b40ac2774de330K.webp",1000,1000,false],"thumbnail":["https:\/\/speedxperts.com\/wp-content\/uploads\/2025\/01\/S9437f98f663b4d7db4b40ac2774de330K-150x150.webp",150,150,true],"medium":["https:\/\/speedxperts.com\/wp-content\/uploads\/2025\/01\/S9437f98f663b4d7db4b40ac2774de330K-300x300.webp",300,300,true],"medium_large":["https:\/\/speedxperts.com\/wp-content\/uploads\/2025\/01\/S9437f98f663b4d7db4b40ac2774de330K-768x768.webp",768,768,true],"large":["https:\/\/speedxperts.com\/wp-content\/uploads\/2025\/01\/S9437f98f663b4d7db4b40ac2774de330K.webp",1000,1000,false],"1536x1536":["https:\/\/speedxperts.com\/wp-content\/uploads\/2025\/01\/S9437f98f663b4d7db4b40ac2774de330K.webp",1000,1000,false],"2048x2048":["https:\/\/speedxperts.com\/wp-content\/uploads\/2025\/01\/S9437f98f663b4d7db4b40ac2774de330K.webp",1000,1000,false],"trp-custom-language-flag":["https:\/\/speedxperts.com\/wp-content\/uploads\/2025\/01\/S9437f98f663b4d7db4b40ac2774de330K-12x12.webp",12,12,true],"woocommerce_thumbnail":["https:\/\/speedxperts.com\/wp-content\/uploads\/2025\/01\/S9437f98f663b4d7db4b40ac2774de330K-300x300.webp",300,300,true],"woocommerce_single":["https:\/\/speedxperts.com\/wp-content\/uploads\/2025\/01\/S9437f98f663b4d7db4b40ac2774de330K-600x600.webp",600,600,true],"woocommerce_gallery_thumbnail":["https:\/\/speedxperts.com\/wp-content\/uploads\/2025\/01\/S9437f98f663b4d7db4b40ac2774de330K-100x100.webp",100,100,true]},"uagb_author_info":{"display_name":"Sebastian","author_link":"https:\/\/speedxperts.com\/fi\/author\/"},"uagb_comment_info":0,"uagb_excerpt":"Why Choose This Car Inflatable Bed? \u2714 Portable and Lightweight \u2013 Easy to carry and store. \u2714 Comfort on the Go \u2013 Perfect for road trips, camping, or a quick nap during long drives. \u2714 Universal Fit \u2013 Suitable for more than 90% of cars and SUVs. Upgrade your travels with unmatched comfort and convenience.&hellip;","jetpack_sharing_enabled":true,"_links":{"self":[{"href":"https:\/\/speedxperts.com\/fi\/wp-json\/wp\/v2\/product\/3910","targetHints":{"allow":["GET"]}}],"collection":[{"href":"https:\/\/speedxperts.com\/fi\/wp-json\/wp\/v2\/product"}],"about":[{"href":"https:\/\/speedxperts.com\/fi\/wp-json\/wp\/v2\/types\/product"}],"replies":[{"embeddable":true,"href":"https:\/\/speedxperts.com\/fi\/wp-json\/wp\/v2\/comments?post=3910"}],"wp:featuredmedia":[{"embeddable":true,"href":"https:\/\/speedxperts.com\/fi\/wp-json\/wp\/v2\/media\/3885"}],"wp:attachment":[{"href":"https:\/\/speedxperts.com\/fi\/wp-json\/wp\/v2\/media?parent=3910"}],"wp:term":[{"taxonomy":"product_brand","embeddable":true,"href":"https:\/\/speedxperts.com\/fi\/wp-json\/wp\/v2\/product_brand?post=3910"},{"taxonomy":"product_cat","embeddable":true,"href":"https:\/\/speedxperts.com\/fi\/wp-json\/wp\/v2\/product_cat?post=3910"},{"taxonomy":"product_tag","embeddable":true,"href":"https:\/\/speedxperts.com\/fi\/wp-json\/wp\/v2\/product_tag?post=3910"}],"curies":[{"name":"wp","href":"https:\/\/api.w.org\/{rel}","templated":true}]}}